{"id":148493,"date":"2025-03-24T09:16:25","date_gmt":"2025-03-24T08:16:25","guid":{"rendered":"https:\/\/depagterinterieurs.nl\/einstellungen-fuer-die-preisanzeige\/"},"modified":"2025-03-24T09:37:02","modified_gmt":"2025-03-24T08:37:02","slug":"einstellungen-fuer-die-preisanzeige","status":"publish","type":"page","link":"https:\/\/depagterinterieurs.nl\/de\/einstellungen-fuer-die-preisanzeige\/","title":{"rendered":"Einstellungen f\u00fcr die Preisanzeige"},"content":{"rendered":"<h1>\n<h1 style=\"font-size: 36px; color: #2c3e50; margin-bottom: 16px; font-weight: 700;\">Einstellungen f\u00fcr die Preisanzeige<\/h1>\n<p style=\"font-size: 18px; color: #6c757d; max-width: 700px; margin: 0 auto; line-height: 1.6;\">Passen Sie an, wie Produktpreise auf unserer Website angezeigt werden, wenn Sie als Gro\u00dfhandelskunde angemeldet sind.<\/p>\n<\/h1>\n<ul>\n<li>\n\t\t\t\t\t\t\t<svg aria-hidden=\"true\" viewBox=\"0 0 512 512\" xmlns=\"http:\/\/www.w3.org\/2000\/svg\"><path d=\"M507.73 109.1c-2.24-9.03-13.54-12.09-20.12-5.51l-74.36 74.36-67.88-11.31-11.31-67.88 74.36-74.36c6.62-6.62 3.43-17.9-5.66-20.16-47.38-11.74-99.55.91-136.58 37.93-39.64 39.64-50.55 97.1-34.05 147.2L18.74 402.76c-24.99 24.99-24.99 65.51 0 90.5 24.99 24.99 65.51 24.99 90.5 0l213.21-213.21c50.12 16.71 107.47 5.68 147.37-34.22 37.07-37.07 49.7-89.32 37.91-136.73zM64 472c-13.25 0-24-10.75-24-24 0-13.26 10.75-24 24-24s24 10.74 24 24c0 13.25-10.75 24-24 24z\"><\/path><\/svg><br \/>\n\t\t\t\t\t\t\t\t\t\tManuell\n\t\t\t\t\t\t\t\t\t<\/li>\n<\/ul>\n<p><b>Wie verwende ich diese Funktion?<\/b><\/p>\n<ol style=\"margin-top: 0cm;\" start=\"1\" type=\"1\">\n<li>Melden Sie sich bei Ihrem Gro\u00dfhandelskonto an<\/li>\n<li>Gehen Sie zu &#8220;Mein Konto&#8221; \u2192 &#8220;Preisanzeige&#8221;<\/li>\n<li>Stellen Sie den Schalter f\u00fcr die Preissichtbarkeit auf die gew\u00fcnschte Einstellung ein<\/li>\n<li>Klicken Sie auf &#8220;Einstellungen speichern&#8221;, um Ihre \u00c4nderungen zu \u00fcbernehmen<\/li>\n<li>Zeigen Sie den Webshop mit Ihren neuen Einstellungen f\u00fcr die Preisanzeige an<\/li>\n<\/ol>\n<p style=\"color: #333333; font-family: Arial, sans-serif; font-size: medium;\">\n<h3 style=\"margin-top: 0px; font-family: Arial, sans-serif; color: #333333;\">Was Sie sehen werden:<\/h3>\n<h4 style=\"text-align: center; margin-top: 0;\">Preise sichtbar<\/h4>\n<p>Produkt A \u20ac225<br \/>\nProdukt B \u20ac1.250<br \/>\nArtikel C \u20ac22,50<\/p>\n<h4 style=\"text-align: center; margin-top: 0;\">Versteckte Preise<\/h4>\n<p>Produkt A &#8211;<br \/>\nProdukt B &#8211;<br \/>\nProdukt C &#8211;<br \/>\n\t\t<p class=\"text-center\">Sie m\u00fcssen als Gro\u00dfhandelskunde angemeldet sein, um auf diese Funktion zugreifen zu k\u00f6nnen.<\/p>\t\t<\/p>\n<ul>\n<li>\n\t\t\t\t\t\t\t<svg aria-hidden=\"true\" viewBox=\"0 0 512 512\" xmlns=\"http:\/\/www.w3.org\/2000\/svg\"><path d=\"M256 8C119.043 8 8 119.083 8 256c0 136.997 111.043 248 248 248s248-111.003 248-248C504 119.083 392.957 8 256 8zm0 448c-110.532 0-200-89.431-200-200 0-110.495 89.472-200 200-200 110.491 0 200 89.471 200 200 0 110.53-89.431 200-200 200zm107.244-255.2c0 67.052-72.421 68.084-72.421 92.863V300c0 6.627-5.373 12-12 12h-45.647c-6.627 0-12-5.373-12-12v-8.659c0-35.745 27.1-50.034 47.579-61.516 17.561-9.845 28.324-16.541 28.324-29.579 0-17.246-21.999-28.693-39.784-28.693-23.189 0-33.894 10.977-48.942 29.969-4.057 5.12-11.46 6.071-16.666 2.124l-27.824-21.098c-5.107-3.872-6.251-11.066-2.644-16.363C184.846 131.491 214.94 112 261.794 112c49.071 0 101.45 38.304 101.45 88.8zM298 368c0 23.159-18.841 42-42 42s-42-18.841-42-42 18.841-42 42-42 42 18.841 42 42z\"><\/path><\/svg><br \/>\n\t\t\t\t\t\t\t\t\t\tH\u00e4ufig gestellte Fragen (FAQ)\n\t\t\t\t\t\t\t\t\t<\/li>\n<\/ul>\n<p>\t\t\t\t\t\t\t\t\t\t\t\t\t\t\t<svg viewBox=\"0 0 448 512\" xmlns=\"http:\/\/www.w3.org\/2000\/svg\"><path d=\"M416 208H272V64c0-17.67-14.33-32-32-32h-32c-17.67 0-32 14.33-32 32v144H32c-17.67 0-32 14.33-32 32v32c0 17.67 14.33 32 32 32h144v144c0 17.67 14.33 32 32 32h32c17.67 0 32-14.33 32-32V304h144c17.67 0 32-14.33 32-32v-32c0-17.67-14.33-32-32-32z\"><\/path><\/svg><br \/>\n\t\t\t\t\t\t\t\t<svg viewBox=\"0 0 448 512\" xmlns=\"http:\/\/www.w3.org\/2000\/svg\"><path d=\"M416 208H32c-17.67 0-32 14.33-32 32v32c0 17.67 14.33 32 32 32h384c17.67 0 32-14.33 32-32v-32c0-17.67-14.33-32-32-32z\"><\/path><\/svg><br \/>\n\t\t\t\t\t\t\t\t\t\t\t\t<a tabindex=\"0\">Warum sollte ich Preise verstecken wollen?<\/a><\/p>\n<p>Einige Kunden ziehen es vor, Preise auszublenden, wenn sie ihren Bildschirm mit Kunden teilen oder w\u00e4hrend Pr\u00e4sentationen.<\/p>\n<p>\t\t\t\t\t\t\t\t\t\t\t\t\t\t\t<svg viewBox=\"0 0 448 512\" xmlns=\"http:\/\/www.w3.org\/2000\/svg\"><path d=\"M416 208H272V64c0-17.67-14.33-32-32-32h-32c-17.67 0-32 14.33-32 32v144H32c-17.67 0-32 14.33-32 32v32c0 17.67 14.33 32 32 32h144v144c0 17.67 14.33 32 32 32h32c17.67 0 32-14.33 32-32V304h144c17.67 0 32-14.33 32-32v-32c0-17.67-14.33-32-32-32z\"><\/path><\/svg><br \/>\n\t\t\t\t\t\t\t\t<svg viewBox=\"0 0 448 512\" xmlns=\"http:\/\/www.w3.org\/2000\/svg\"><path d=\"M416 208H32c-17.67 0-32 14.33-32 32v32c0 17.67 14.33 32 32 32h384c17.67 0 32-14.33 32-32v-32c0-17.67-14.33-32-32-32z\"><\/path><\/svg><br \/>\n\t\t\t\t\t\t\t\t\t\t\t\t<a tabindex=\"0\">Wirkt sich dies auf meine F\u00e4higkeit aus, Bestellungen aufzugeben?<\/a><\/p>\n<p>Nein. Sie k\u00f6nnen weiterhin Produkte in Ihren Warenkorb legen und den Checkout abschlie\u00dfen, auch wenn die Preise ausgeblendet sind. Die Preise werden in den letzten Schritten des Bezahlvorgangs angezeigt. Oder Sie lassen sich die Preise f\u00fcr den Preis im Nachhinein noch einmal anzeigen.    <\/p>\n<p>\t\t\t\t\t\t\t\t\t\t\t\t\t\t\t<svg viewBox=\"0 0 448 512\" xmlns=\"http:\/\/www.w3.org\/2000\/svg\"><path d=\"M416 208H272V64c0-17.67-14.33-32-32-32h-32c-17.67 0-32 14.33-32 32v144H32c-17.67 0-32 14.33-32 32v32c0 17.67 14.33 32 32 32h144v144c0 17.67 14.33 32 32 32h32c17.67 0 32-14.33 32-32V304h144c17.67 0 32-14.33 32-32v-32c0-17.67-14.33-32-32-32z\"><\/path><\/svg><br \/>\n\t\t\t\t\t\t\t\t<svg viewBox=\"0 0 448 512\" xmlns=\"http:\/\/www.w3.org\/2000\/svg\"><path d=\"M416 208H32c-17.67 0-32 14.33-32 32v32c0 17.67 14.33 32 32 32h384c17.67 0 32-14.33 32-32v-32c0-17.67-14.33-32-32-32z\"><\/path><\/svg><br \/>\n\t\t\t\t\t\t\t\t\t\t\t\t<a tabindex=\"0\">Kann ich diese Einstellung jederzeit \u00e4ndern?<\/a><\/p>\n<p>Ja, Sie k\u00f6nnen jederzeit zwischen dem Ein- und Ausblenden von Preisen wechseln.<\/p>\n<p>\t\t\t\t\t\t\t\t\t\t\t\t\t\t\t<svg viewBox=\"0 0 448 512\" xmlns=\"http:\/\/www.w3.org\/2000\/svg\"><path d=\"M416 208H272V64c0-17.67-14.33-32-32-32h-32c-17.67 0-32 14.33-32 32v144H32c-17.67 0-32 14.33-32 32v32c0 17.67 14.33 32 32 32h144v144c0 17.67 14.33 32 32 32h32c17.67 0 32-14.33 32-32V304h144c17.67 0 32-14.33 32-32v-32c0-17.67-14.33-32-32-32z\"><\/path><\/svg><br \/>\n\t\t\t\t\t\t\t\t<svg viewBox=\"0 0 448 512\" xmlns=\"http:\/\/www.w3.org\/2000\/svg\"><path d=\"M416 208H32c-17.67 0-32 14.33-32 32v32c0 17.67 14.33 32 32 32h384c17.67 0 32-14.33 32-32v-32c0-17.67-14.33-32-32-32z\"><\/path><\/svg><br \/>\n\t\t\t\t\t\t\t\t\t\t\t\t<a tabindex=\"0\">Wenn ich mich auslogge, ist meine Preispr\u00e4ferenz weg?<\/a><\/p>\n<p>Nein, wenn Sie sich abmelden, speichert die Website Ihre letzte Wahl. Wenn Sie sich anmelden, sehen Sie Ihre letzte Auswahl.  <\/p>\n","protected":false},"excerpt":{"rendered":"<p>Einstellungen f\u00fcr die Preisanzeige Passen Sie an, wie Produktpreise auf unserer Website angezeigt werden, wenn Sie als Gro\u00dfhandelskunde angemeldet sind. Manuell Wie verwende ich diese Funktion? Melden Sie sich bei Ihrem Gro\u00dfhandelskonto an Gehen Sie zu &#8220;Mein Konto&#8221; \u2192 &#8220;Preisanzeige&#8221; Stellen Sie den Schalter f\u00fcr die Preissichtbarkeit auf die gew\u00fcnschte Einstellung ein Klicken Sie auf [&hellip;]<\/p>\n","protected":false},"author":936,"featured_media":0,"parent":0,"menu_order":0,"comment_status":"closed","ping_status":"closed","template":"","meta":{"footnotes":"","_wp_rev_ctl_limit":""},"class_list":["post-148493","page","type-page","status-publish","hentry"],"yoast_head":"<!-- This site is optimized with the Yoast SEO plugin v27.3 - https:\/\/yoast.com\/product\/yoast-seo-wordpress\/ -->\n<title>Einstellungen f\u00fcr die Preisanzeige - De Pagter Interieurs<\/title>\n<meta name=\"robots\" content=\"index, follow, max-snippet:-1, max-image-preview:large, max-video-preview:-1\" \/>\n<link rel=\"canonical\" href=\"https:\/\/depagterinterieurs.nl\/de\/einstellungen-fuer-die-preisanzeige\/\" \/>\n<meta property=\"og:locale\" content=\"de_DE\" \/>\n<meta property=\"og:type\" content=\"article\" \/>\n<meta property=\"og:title\" content=\"Einstellungen f\u00fcr die Preisanzeige - De Pagter Interieurs\" \/>\n<meta property=\"og:description\" content=\"Einstellungen f\u00fcr die Preisanzeige Passen Sie an, wie Produktpreise auf unserer Website angezeigt werden, wenn Sie als Gro\u00dfhandelskunde angemeldet sind. Manuell Wie verwende ich diese Funktion? Melden Sie sich bei Ihrem Gro\u00dfhandelskonto an Gehen Sie zu &#8220;Mein Konto&#8221; \u2192 &#8220;Preisanzeige&#8221; Stellen Sie den Schalter f\u00fcr die Preissichtbarkeit auf die gew\u00fcnschte Einstellung ein Klicken Sie auf [&hellip;]\" \/>\n<meta property=\"og:url\" content=\"https:\/\/depagterinterieurs.nl\/de\/einstellungen-fuer-die-preisanzeige\/\" \/>\n<meta property=\"og:site_name\" content=\"De Pagter Interieurs\" \/>\n<meta property=\"article:publisher\" content=\"https:\/\/www.facebook.com\/depagterinterieurs\/\" \/>\n<meta property=\"article:modified_time\" content=\"2025-03-24T08:37:02+00:00\" \/>\n<meta name=\"twitter:card\" content=\"summary_large_image\" \/>\n<meta name=\"twitter:label1\" content=\"Est. reading time\" \/>\n\t<meta name=\"twitter:data1\" content=\"1 minute\" \/>\n<script type=\"application\/ld+json\" class=\"yoast-schema-graph\">{\"@context\":\"https:\\\/\\\/schema.org\",\"@graph\":[{\"@type\":\"WebPage\",\"@id\":\"https:\\\/\\\/depagterinterieurs.nl\\\/de\\\/einstellungen-fuer-die-preisanzeige\\\/\",\"url\":\"https:\\\/\\\/depagterinterieurs.nl\\\/de\\\/einstellungen-fuer-die-preisanzeige\\\/\",\"name\":\"Einstellungen f\u00fcr die Preisanzeige - De Pagter Interieurs\",\"isPartOf\":{\"@id\":\"https:\\\/\\\/depagterinterieurs.nl\\\/de\\\/#website\"},\"datePublished\":\"2025-03-24T08:16:25+00:00\",\"dateModified\":\"2025-03-24T08:37:02+00:00\",\"breadcrumb\":{\"@id\":\"https:\\\/\\\/depagterinterieurs.nl\\\/de\\\/einstellungen-fuer-die-preisanzeige\\\/#breadcrumb\"},\"inLanguage\":\"de-DE\",\"potentialAction\":[{\"@type\":\"ReadAction\",\"target\":[\"https:\\\/\\\/depagterinterieurs.nl\\\/de\\\/einstellungen-fuer-die-preisanzeige\\\/\"]}]},{\"@type\":\"BreadcrumbList\",\"@id\":\"https:\\\/\\\/depagterinterieurs.nl\\\/de\\\/einstellungen-fuer-die-preisanzeige\\\/#breadcrumb\",\"itemListElement\":[{\"@type\":\"ListItem\",\"position\":1,\"name\":\"Home\",\"item\":\"https:\\\/\\\/depagterinterieurs.nl\\\/de\\\/homepagina-de\\\/\"},{\"@type\":\"ListItem\",\"position\":2,\"name\":\"Einstellungen f\u00fcr die Preisanzeige\"}]},{\"@type\":\"WebSite\",\"@id\":\"https:\\\/\\\/depagterinterieurs.nl\\\/de\\\/#website\",\"url\":\"https:\\\/\\\/depagterinterieurs.nl\\\/de\\\/\",\"name\":\"De Pagter Interieurs\",\"description\":\"M\u00f6belgesch\u00e4fte in Middelburg - Domburg - Veere\",\"potentialAction\":[{\"@type\":\"SearchAction\",\"target\":{\"@type\":\"EntryPoint\",\"urlTemplate\":\"https:\\\/\\\/depagterinterieurs.nl\\\/de\\\/?s={search_term_string}\"},\"query-input\":{\"@type\":\"PropertyValueSpecification\",\"valueRequired\":true,\"valueName\":\"search_term_string\"}}],\"inLanguage\":\"de-DE\"}]}<\/script>\n<!-- \/ Yoast SEO plugin. -->","yoast_head_json":{"title":"Einstellungen f\u00fcr die Preisanzeige - De Pagter Interieurs","robots":{"index":"index","follow":"follow","max-snippet":"max-snippet:-1","max-image-preview":"max-image-preview:large","max-video-preview":"max-video-preview:-1"},"canonical":"https:\/\/depagterinterieurs.nl\/de\/einstellungen-fuer-die-preisanzeige\/","og_locale":"de_DE","og_type":"article","og_title":"Einstellungen f\u00fcr die Preisanzeige - De Pagter Interieurs","og_description":"Einstellungen f\u00fcr die Preisanzeige Passen Sie an, wie Produktpreise auf unserer Website angezeigt werden, wenn Sie als Gro\u00dfhandelskunde angemeldet sind. Manuell Wie verwende ich diese Funktion? Melden Sie sich bei Ihrem Gro\u00dfhandelskonto an Gehen Sie zu &#8220;Mein Konto&#8221; \u2192 &#8220;Preisanzeige&#8221; Stellen Sie den Schalter f\u00fcr die Preissichtbarkeit auf die gew\u00fcnschte Einstellung ein Klicken Sie auf [&hellip;]","og_url":"https:\/\/depagterinterieurs.nl\/de\/einstellungen-fuer-die-preisanzeige\/","og_site_name":"De Pagter Interieurs","article_publisher":"https:\/\/www.facebook.com\/depagterinterieurs\/","article_modified_time":"2025-03-24T08:37:02+00:00","twitter_card":"summary_large_image","twitter_misc":{"Est. reading time":"1 minute"},"schema":{"@context":"https:\/\/schema.org","@graph":[{"@type":"WebPage","@id":"https:\/\/depagterinterieurs.nl\/de\/einstellungen-fuer-die-preisanzeige\/","url":"https:\/\/depagterinterieurs.nl\/de\/einstellungen-fuer-die-preisanzeige\/","name":"Einstellungen f\u00fcr die Preisanzeige - De Pagter Interieurs","isPartOf":{"@id":"https:\/\/depagterinterieurs.nl\/de\/#website"},"datePublished":"2025-03-24T08:16:25+00:00","dateModified":"2025-03-24T08:37:02+00:00","breadcrumb":{"@id":"https:\/\/depagterinterieurs.nl\/de\/einstellungen-fuer-die-preisanzeige\/#breadcrumb"},"inLanguage":"de-DE","potentialAction":[{"@type":"ReadAction","target":["https:\/\/depagterinterieurs.nl\/de\/einstellungen-fuer-die-preisanzeige\/"]}]},{"@type":"BreadcrumbList","@id":"https:\/\/depagterinterieurs.nl\/de\/einstellungen-fuer-die-preisanzeige\/#breadcrumb","itemListElement":[{"@type":"ListItem","position":1,"name":"Home","item":"https:\/\/depagterinterieurs.nl\/de\/homepagina-de\/"},{"@type":"ListItem","position":2,"name":"Einstellungen f\u00fcr die Preisanzeige"}]},{"@type":"WebSite","@id":"https:\/\/depagterinterieurs.nl\/de\/#website","url":"https:\/\/depagterinterieurs.nl\/de\/","name":"De Pagter Interieurs","description":"M\u00f6belgesch\u00e4fte in Middelburg - Domburg - Veere","potentialAction":[{"@type":"SearchAction","target":{"@type":"EntryPoint","urlTemplate":"https:\/\/depagterinterieurs.nl\/de\/?s={search_term_string}"},"query-input":{"@type":"PropertyValueSpecification","valueRequired":true,"valueName":"search_term_string"}}],"inLanguage":"de-DE"}]}},"_links":{"self":[{"href":"https:\/\/depagterinterieurs.nl\/de\/wp-json\/wp\/v2\/pages\/148493","targetHints":{"allow":["GET"]}}],"collection":[{"href":"https:\/\/depagterinterieurs.nl\/de\/wp-json\/wp\/v2\/pages"}],"about":[{"href":"https:\/\/depagterinterieurs.nl\/de\/wp-json\/wp\/v2\/types\/page"}],"author":[{"embeddable":true,"href":"https:\/\/depagterinterieurs.nl\/de\/wp-json\/wp\/v2\/users\/936"}],"replies":[{"embeddable":true,"href":"https:\/\/depagterinterieurs.nl\/de\/wp-json\/wp\/v2\/comments?post=148493"}],"version-history":[{"count":2,"href":"https:\/\/depagterinterieurs.nl\/de\/wp-json\/wp\/v2\/pages\/148493\/revisions"}],"predecessor-version":[{"id":148504,"href":"https:\/\/depagterinterieurs.nl\/de\/wp-json\/wp\/v2\/pages\/148493\/revisions\/148504"}],"wp:attachment":[{"href":"https:\/\/depagterinterieurs.nl\/de\/wp-json\/wp\/v2\/media?parent=148493"}],"curies":[{"name":"wp","href":"https:\/\/api.w.org\/{rel}","templated":true}]}}