{"id":34141,"date":"2020-12-14T15:43:46","date_gmt":"2020-12-14T13:43:46","guid":{"rendered":"https:\/\/depagterinterieurs.nl\/corona-updates\/"},"modified":"2021-04-26T14:33:41","modified_gmt":"2021-04-26T13:33:41","slug":"corona-updates","status":"publish","type":"page","link":"https:\/\/depagterinterieurs.nl\/de\/corona-updates\/","title":{"rendered":"Corona-updates"},"content":{"rendered":"<h2>CORONA UPDATES<\/h2>\n<p>Auf dieser Seite finden Sie alle unsere Updates zum Corona-Virus und den Ma\u00dfnahmen in unserem Unternehmen.<\/p>\n<h6>UPDATE 28. April 2021<\/h6>\n<p>Aufgrund der neuen staatlichen Ma\u00dfnahmen k\u00f6nnen wir die T\u00fcren unserer Inneneinrichtungsgesch\u00e4fte wieder \u00f6ffnen. <\/p>\n<p>Unsere Gesch\u00e4fte in Middelburg, Veere und Domburg sind <b>ab dem 28. April ge\u00f6ffnet<\/b>, sodass ein Termin <b>nicht<\/b> mehr erforderlich ist. Bitte beachten Sie, dass Sie in unseren Gesch\u00e4ften 1,5 Meter von anderen entfernt sind und eine Mundmaske tragen.<\/p>\n<p><b>Kontakt<\/b><br \/>\nPer Telefon: +31 118 63 41 33<br \/>\nE-mail: <a href=\"mailto:info@depagterinterieurs.nl\">info@depagterinterieurs.nl<\/a><\/p>\n","protected":false},"excerpt":{"rendered":"<p>CORONA UPDATES Auf dieser Seite finden Sie alle unsere Updates zum Corona-Virus und den Ma\u00dfnahmen in unserem Unternehmen. UPDATE 28. April 2021 Aufgrund der neuen staatlichen Ma\u00dfnahmen k\u00f6nnen wir die T\u00fcren unserer Inneneinrichtungsgesch\u00e4fte wieder \u00f6ffnen. Unsere Gesch\u00e4fte in Middelburg, Veere und Domburg sind ab dem 28. April ge\u00f6ffnet, sodass ein Termin nicht mehr erforderlich ist. [&hellip;]<\/p>\n","protected":false},"author":1,"featured_media":0,"parent":0,"menu_order":0,"comment_status":"closed","ping_status":"closed","template":"","meta":{"footnotes":"","_wp_rev_ctl_limit":""},"class_list":["post-34141","page","type-page","status-publish","hentry"],"yoast_head":"<!-- This site is optimized with the Yoast SEO plugin v27.3 - https:\/\/yoast.com\/product\/yoast-seo-wordpress\/ -->\n<title>Corona-updates - De Pagter Interieurs<\/title>\n<meta name=\"robots\" content=\"index, follow, max-snippet:-1, max-image-preview:large, max-video-preview:-1\" \/>\n<link rel=\"canonical\" href=\"https:\/\/depagterinterieurs.nl\/de\/corona-updates\/\" \/>\n<meta property=\"og:locale\" content=\"de_DE\" \/>\n<meta property=\"og:type\" content=\"article\" \/>\n<meta property=\"og:title\" content=\"Corona-updates - De Pagter Interieurs\" \/>\n<meta property=\"og:description\" content=\"CORONA UPDATES Auf dieser Seite finden Sie alle unsere Updates zum Corona-Virus und den Ma\u00dfnahmen in unserem Unternehmen. UPDATE 28. April 2021 Aufgrund der neuen staatlichen Ma\u00dfnahmen k\u00f6nnen wir die T\u00fcren unserer Inneneinrichtungsgesch\u00e4fte wieder \u00f6ffnen. Unsere Gesch\u00e4fte in Middelburg, Veere und Domburg sind ab dem 28. April ge\u00f6ffnet, sodass ein Termin nicht mehr erforderlich ist. [&hellip;]\" \/>\n<meta property=\"og:url\" content=\"https:\/\/depagterinterieurs.nl\/de\/corona-updates\/\" \/>\n<meta property=\"og:site_name\" content=\"De Pagter Interieurs\" \/>\n<meta property=\"article:publisher\" content=\"https:\/\/www.facebook.com\/depagterinterieurs\/\" \/>\n<meta property=\"article:modified_time\" content=\"2021-04-26T13:33:41+00:00\" \/>\n<meta name=\"twitter:card\" content=\"summary_large_image\" \/>\n<script type=\"application\/ld+json\" class=\"yoast-schema-graph\">{\"@context\":\"https:\\\/\\\/schema.org\",\"@graph\":[{\"@type\":\"WebPage\",\"@id\":\"https:\\\/\\\/depagterinterieurs.nl\\\/de\\\/corona-updates\\\/\",\"url\":\"https:\\\/\\\/depagterinterieurs.nl\\\/de\\\/corona-updates\\\/\",\"name\":\"Corona-updates - De Pagter Interieurs\",\"isPartOf\":{\"@id\":\"https:\\\/\\\/depagterinterieurs.nl\\\/de\\\/#website\"},\"datePublished\":\"2020-12-14T13:43:46+00:00\",\"dateModified\":\"2021-04-26T13:33:41+00:00\",\"breadcrumb\":{\"@id\":\"https:\\\/\\\/depagterinterieurs.nl\\\/de\\\/corona-updates\\\/#breadcrumb\"},\"inLanguage\":\"de-DE\",\"potentialAction\":[{\"@type\":\"ReadAction\",\"target\":[\"https:\\\/\\\/depagterinterieurs.nl\\\/de\\\/corona-updates\\\/\"]}]},{\"@type\":\"BreadcrumbList\",\"@id\":\"https:\\\/\\\/depagterinterieurs.nl\\\/de\\\/corona-updates\\\/#breadcrumb\",\"itemListElement\":[{\"@type\":\"ListItem\",\"position\":1,\"name\":\"Home\",\"item\":\"https:\\\/\\\/depagterinterieurs.nl\\\/de\\\/homepagina-de\\\/\"},{\"@type\":\"ListItem\",\"position\":2,\"name\":\"Corona-updates\"}]},{\"@type\":\"WebSite\",\"@id\":\"https:\\\/\\\/depagterinterieurs.nl\\\/de\\\/#website\",\"url\":\"https:\\\/\\\/depagterinterieurs.nl\\\/de\\\/\",\"name\":\"De Pagter Interieurs\",\"description\":\"M\u00f6belgesch\u00e4fte in Middelburg - Domburg - Veere\",\"potentialAction\":[{\"@type\":\"SearchAction\",\"target\":{\"@type\":\"EntryPoint\",\"urlTemplate\":\"https:\\\/\\\/depagterinterieurs.nl\\\/de\\\/?s={search_term_string}\"},\"query-input\":{\"@type\":\"PropertyValueSpecification\",\"valueRequired\":true,\"valueName\":\"search_term_string\"}}],\"inLanguage\":\"de-DE\"}]}<\/script>\n<!-- \/ Yoast SEO plugin. -->","yoast_head_json":{"title":"Corona-updates - De Pagter Interieurs","robots":{"index":"index","follow":"follow","max-snippet":"max-snippet:-1","max-image-preview":"max-image-preview:large","max-video-preview":"max-video-preview:-1"},"canonical":"https:\/\/depagterinterieurs.nl\/de\/corona-updates\/","og_locale":"de_DE","og_type":"article","og_title":"Corona-updates - De Pagter Interieurs","og_description":"CORONA UPDATES Auf dieser Seite finden Sie alle unsere Updates zum Corona-Virus und den Ma\u00dfnahmen in unserem Unternehmen. UPDATE 28. April 2021 Aufgrund der neuen staatlichen Ma\u00dfnahmen k\u00f6nnen wir die T\u00fcren unserer Inneneinrichtungsgesch\u00e4fte wieder \u00f6ffnen. Unsere Gesch\u00e4fte in Middelburg, Veere und Domburg sind ab dem 28. April ge\u00f6ffnet, sodass ein Termin nicht mehr erforderlich ist. [&hellip;]","og_url":"https:\/\/depagterinterieurs.nl\/de\/corona-updates\/","og_site_name":"De Pagter Interieurs","article_publisher":"https:\/\/www.facebook.com\/depagterinterieurs\/","article_modified_time":"2021-04-26T13:33:41+00:00","twitter_card":"summary_large_image","schema":{"@context":"https:\/\/schema.org","@graph":[{"@type":"WebPage","@id":"https:\/\/depagterinterieurs.nl\/de\/corona-updates\/","url":"https:\/\/depagterinterieurs.nl\/de\/corona-updates\/","name":"Corona-updates - De Pagter Interieurs","isPartOf":{"@id":"https:\/\/depagterinterieurs.nl\/de\/#website"},"datePublished":"2020-12-14T13:43:46+00:00","dateModified":"2021-04-26T13:33:41+00:00","breadcrumb":{"@id":"https:\/\/depagterinterieurs.nl\/de\/corona-updates\/#breadcrumb"},"inLanguage":"de-DE","potentialAction":[{"@type":"ReadAction","target":["https:\/\/depagterinterieurs.nl\/de\/corona-updates\/"]}]},{"@type":"BreadcrumbList","@id":"https:\/\/depagterinterieurs.nl\/de\/corona-updates\/#breadcrumb","itemListElement":[{"@type":"ListItem","position":1,"name":"Home","item":"https:\/\/depagterinterieurs.nl\/de\/homepagina-de\/"},{"@type":"ListItem","position":2,"name":"Corona-updates"}]},{"@type":"WebSite","@id":"https:\/\/depagterinterieurs.nl\/de\/#website","url":"https:\/\/depagterinterieurs.nl\/de\/","name":"De Pagter Interieurs","description":"M\u00f6belgesch\u00e4fte in Middelburg - Domburg - Veere","potentialAction":[{"@type":"SearchAction","target":{"@type":"EntryPoint","urlTemplate":"https:\/\/depagterinterieurs.nl\/de\/?s={search_term_string}"},"query-input":{"@type":"PropertyValueSpecification","valueRequired":true,"valueName":"search_term_string"}}],"inLanguage":"de-DE"}]}},"_links":{"self":[{"href":"https:\/\/depagterinterieurs.nl\/de\/wp-json\/wp\/v2\/pages\/34141","targetHints":{"allow":["GET"]}}],"collection":[{"href":"https:\/\/depagterinterieurs.nl\/de\/wp-json\/wp\/v2\/pages"}],"about":[{"href":"https:\/\/depagterinterieurs.nl\/de\/wp-json\/wp\/v2\/types\/page"}],"author":[{"embeddable":true,"href":"https:\/\/depagterinterieurs.nl\/de\/wp-json\/wp\/v2\/users\/1"}],"replies":[{"embeddable":true,"href":"https:\/\/depagterinterieurs.nl\/de\/wp-json\/wp\/v2\/comments?post=34141"}],"version-history":[{"count":5,"href":"https:\/\/depagterinterieurs.nl\/de\/wp-json\/wp\/v2\/pages\/34141\/revisions"}],"predecessor-version":[{"id":43952,"href":"https:\/\/depagterinterieurs.nl\/de\/wp-json\/wp\/v2\/pages\/34141\/revisions\/43952"}],"wp:attachment":[{"href":"https:\/\/depagterinterieurs.nl\/de\/wp-json\/wp\/v2\/media?parent=34141"}],"curies":[{"name":"wp","href":"https:\/\/api.w.org\/{rel}","templated":true}]}}