{"id":78113,"date":"2023-04-13T15:38:21","date_gmt":"2023-04-13T14:38:21","guid":{"rendered":"https:\/\/depagterinterieurs.nl\/philip-plein-x-eicholtz\/"},"modified":"2023-04-14T14:10:06","modified_gmt":"2023-04-14T13:10:06","slug":"philip-plein-x-eicholtz","status":"publish","type":"page","link":"https:\/\/depagterinterieurs.nl\/de\/philip-plein-x-eicholtz\/","title":{"rendered":"Philipp Plein x Eichholtz"},"content":{"rendered":"<p><img decoding=\"async\" width=\"991\" height=\"124\" src=\"https:\/\/depagterinterieurs.nl\/wp-content\/uploads\/2023\/04\/eigen-logo-pp-eicholtz.png\" alt=\"\" loading=\"lazy\" srcset=\"https:\/\/depagterinterieurs.nl\/wp-content\/uploads\/2023\/04\/eigen-logo-pp-eicholtz.png 991w, https:\/\/depagterinterieurs.nl\/wp-content\/uploads\/2023\/04\/eigen-logo-pp-eicholtz-300x38.png 300w, https:\/\/depagterinterieurs.nl\/wp-content\/uploads\/2023\/04\/eigen-logo-pp-eicholtz-768x96.png 768w, https:\/\/depagterinterieurs.nl\/wp-content\/uploads\/2023\/04\/eigen-logo-pp-eicholtz-400x50.png 400w, https:\/\/depagterinterieurs.nl\/wp-content\/uploads\/2023\/04\/eigen-logo-pp-eicholtz-64x8.png 64w\" sizes=\"auto, (max-width: 991px) 100vw, 991px\" \/>\t\t\t\t\t\t\t\t\t\t\t\t\t\t<\/p>\n<p>Eichholtz hat sich mit dem ikonischen Designer zusammengetan, um dieses Deb\u00fct zu enth\u00fcllen, das reich an Philipp Pleins charakteristischer Rock&#8217;n&#8217;Roll-Lifestyle-\u00c4sthetik und voller luxuri\u00f6ser Details ist. Zu Ehren des herrlich schamlosen Maximalismus des Designers dreht sich bei dem 160-teiligen Sortiment an M\u00f6beln, Leuchten und Accessoires alles um Dekadenz. Wir als De Pagter Interieurs sind H\u00e4ndler von Eichholtz und haben diese Kollektion auch in unserem Showroom in Middelburg. Um Ihnen einen guten Eindruck von der \u00fcppigen Sammlung zu geben:<\/p>\n<div style=\"width: 640px;\" class=\"wp-video\"><!--[if lt IE 9]><script>document.createElement('video');<\/script><![endif]-->\n<video class=\"wp-video-shortcode\" id=\"video-78113-1\" width=\"640\" height=\"360\" preload=\"metadata\" controls=\"controls\"><source type=\"video\/mp4\" src=\"https:\/\/depagterinterieurs.nl\/wp-content\/uploads\/2023\/04\/Not_your_parents_furniture_v3.mp4?_=1\" \/><a href=\"https:\/\/depagterinterieurs.nl\/wp-content\/uploads\/2023\/04\/Not_your_parents_furniture_v3.mp4\">https:\/\/depagterinterieurs.nl\/wp-content\/uploads\/2023\/04\/Not_your_parents_furniture_v3.mp4<\/a><\/video><\/div>\n<h2>*Nicht alle M\u00f6bel aus dem Video befinden sich in unserem Ausstellungsraum<\/h2>\n<h2>Ausstellungsraum<\/h2>\n<p>\t\t\t\t\t\t\t\t\t\t\t\t\t\tVoriger<br \/>\n\t\t\t\t\t\t\t\t\t\t\t\t\t\tN\u00e4chster<\/p>\n","protected":false},"excerpt":{"rendered":"<p>Eichholtz hat sich mit dem ikonischen Designer zusammengetan, um dieses Deb\u00fct zu enth\u00fcllen, das reich an Philipp Pleins charakteristischer Rock&#8217;n&#8217;Roll-Lifestyle-\u00c4sthetik und voller luxuri\u00f6ser Details ist. Zu Ehren des herrlich schamlosen Maximalismus des Designers dreht sich bei dem 160-teiligen Sortiment an M\u00f6beln, Leuchten und Accessoires alles um Dekadenz. Wir als De Pagter Interieurs sind H\u00e4ndler von [&hellip;]<\/p>\n","protected":false},"author":1,"featured_media":0,"parent":0,"menu_order":0,"comment_status":"closed","ping_status":"closed","template":"","meta":{"footnotes":"","_wp_rev_ctl_limit":""},"class_list":["post-78113","page","type-page","status-publish","hentry"],"yoast_head":"<!-- This site is optimized with the Yoast SEO plugin v27.3 - https:\/\/yoast.com\/product\/yoast-seo-wordpress\/ -->\n<title>Philipp Plein x Eichholtz - De Pagter Interieurs<\/title>\n<meta name=\"description\" content=\"Eichholtz hat sich mit dem ikonischen Designer zusammengetan, um dieses Deb\u00fct zu enth\u00fcllen, das reich an Philipp Pleins charakteristischer Rock&#039;n&#039;Roll-Lifestyle-\u00c4sthetik und voller luxuri\u00f6ser Details ist. Zu Ehren des herrlich schamlosen Maximalismus des Designers dreht sich bei dem 160-teiligen Sortiment an M\u00f6beln, Leuchten und Accessoires alles um Dekadenz. Wir als De Pagter Interieurs sind H\u00e4ndler von Eichholtz und haben diese Kollektion auch in unserem Showroom in Middelburg.\" \/>\n<meta name=\"robots\" content=\"index, follow, max-snippet:-1, max-image-preview:large, max-video-preview:-1\" \/>\n<link rel=\"canonical\" href=\"https:\/\/depagterinterieurs.nl\/de\/philip-plein-x-eicholtz\/\" \/>\n<meta property=\"og:locale\" content=\"de_DE\" \/>\n<meta property=\"og:type\" content=\"article\" \/>\n<meta property=\"og:title\" content=\"Philipp Plein x Eichholtz - De Pagter Interieurs\" \/>\n<meta property=\"og:description\" content=\"Eichholtz hat sich mit dem ikonischen Designer zusammengetan, um dieses Deb\u00fct zu enth\u00fcllen, das reich an Philipp Pleins charakteristischer Rock&#039;n&#039;Roll-Lifestyle-\u00c4sthetik und voller luxuri\u00f6ser Details ist. Zu Ehren des herrlich schamlosen Maximalismus des Designers dreht sich bei dem 160-teiligen Sortiment an M\u00f6beln, Leuchten und Accessoires alles um Dekadenz. Wir als De Pagter Interieurs sind H\u00e4ndler von Eichholtz und haben diese Kollektion auch in unserem Showroom in Middelburg.\" \/>\n<meta property=\"og:url\" content=\"https:\/\/depagterinterieurs.nl\/de\/philip-plein-x-eicholtz\/\" \/>\n<meta property=\"og:site_name\" content=\"De Pagter Interieurs\" \/>\n<meta property=\"article:publisher\" content=\"https:\/\/www.facebook.com\/depagterinterieurs\/\" \/>\n<meta property=\"article:modified_time\" content=\"2023-04-14T13:10:06+00:00\" \/>\n<meta property=\"og:image\" content=\"https:\/\/depagterinterieurs.nl\/wp-content\/uploads\/2023\/04\/eigen-logo-pp-eicholtz.png\" \/>\n<meta name=\"twitter:card\" content=\"summary_large_image\" \/>\n<meta name=\"twitter:label1\" content=\"Est. reading time\" \/>\n\t<meta name=\"twitter:data1\" content=\"3 minutes\" \/>\n<script type=\"application\/ld+json\" class=\"yoast-schema-graph\">{\"@context\":\"https:\\\/\\\/schema.org\",\"@graph\":[{\"@type\":\"WebPage\",\"@id\":\"https:\\\/\\\/depagterinterieurs.nl\\\/de\\\/philip-plein-x-eicholtz\\\/\",\"url\":\"https:\\\/\\\/depagterinterieurs.nl\\\/de\\\/philip-plein-x-eicholtz\\\/\",\"name\":\"Philipp Plein x Eichholtz - De Pagter Interieurs\",\"isPartOf\":{\"@id\":\"https:\\\/\\\/depagterinterieurs.nl\\\/de\\\/#website\"},\"primaryImageOfPage\":{\"@id\":\"https:\\\/\\\/depagterinterieurs.nl\\\/de\\\/philip-plein-x-eicholtz\\\/#primaryimage\"},\"image\":{\"@id\":\"https:\\\/\\\/depagterinterieurs.nl\\\/de\\\/philip-plein-x-eicholtz\\\/#primaryimage\"},\"thumbnailUrl\":\"https:\\\/\\\/depagterinterieurs.nl\\\/wp-content\\\/uploads\\\/2023\\\/04\\\/eigen-logo-pp-eicholtz.png\",\"datePublished\":\"2023-04-13T14:38:21+00:00\",\"dateModified\":\"2023-04-14T13:10:06+00:00\",\"description\":\"Eichholtz hat sich mit dem ikonischen Designer zusammengetan, um dieses Deb\u00fct zu enth\u00fcllen, das reich an Philipp Pleins charakteristischer Rock'n'Roll-Lifestyle-\u00c4sthetik und voller luxuri\u00f6ser Details ist. Zu Ehren des herrlich schamlosen Maximalismus des Designers dreht sich bei dem 160-teiligen Sortiment an M\u00f6beln, Leuchten und Accessoires alles um Dekadenz. Wir als De Pagter Interieurs sind H\u00e4ndler von Eichholtz und haben diese Kollektion auch in unserem Showroom in Middelburg.\",\"breadcrumb\":{\"@id\":\"https:\\\/\\\/depagterinterieurs.nl\\\/de\\\/philip-plein-x-eicholtz\\\/#breadcrumb\"},\"inLanguage\":\"de-DE\",\"potentialAction\":[{\"@type\":\"ReadAction\",\"target\":[\"https:\\\/\\\/depagterinterieurs.nl\\\/de\\\/philip-plein-x-eicholtz\\\/\"]}]},{\"@type\":\"ImageObject\",\"inLanguage\":\"de-DE\",\"@id\":\"https:\\\/\\\/depagterinterieurs.nl\\\/de\\\/philip-plein-x-eicholtz\\\/#primaryimage\",\"url\":\"https:\\\/\\\/depagterinterieurs.nl\\\/wp-content\\\/uploads\\\/2023\\\/04\\\/eigen-logo-pp-eicholtz.png\",\"contentUrl\":\"https:\\\/\\\/depagterinterieurs.nl\\\/wp-content\\\/uploads\\\/2023\\\/04\\\/eigen-logo-pp-eicholtz.png\"},{\"@type\":\"BreadcrumbList\",\"@id\":\"https:\\\/\\\/depagterinterieurs.nl\\\/de\\\/philip-plein-x-eicholtz\\\/#breadcrumb\",\"itemListElement\":[{\"@type\":\"ListItem\",\"position\":1,\"name\":\"Home\",\"item\":\"https:\\\/\\\/depagterinterieurs.nl\\\/de\\\/homepagina-de\\\/\"},{\"@type\":\"ListItem\",\"position\":2,\"name\":\"Philipp Plein x Eichholtz\"}]},{\"@type\":\"WebSite\",\"@id\":\"https:\\\/\\\/depagterinterieurs.nl\\\/de\\\/#website\",\"url\":\"https:\\\/\\\/depagterinterieurs.nl\\\/de\\\/\",\"name\":\"De Pagter Interieurs\",\"description\":\"M\u00f6belgesch\u00e4fte in Middelburg - Domburg - Veere\",\"potentialAction\":[{\"@type\":\"SearchAction\",\"target\":{\"@type\":\"EntryPoint\",\"urlTemplate\":\"https:\\\/\\\/depagterinterieurs.nl\\\/de\\\/?s={search_term_string}\"},\"query-input\":{\"@type\":\"PropertyValueSpecification\",\"valueRequired\":true,\"valueName\":\"search_term_string\"}}],\"inLanguage\":\"de-DE\"}]}<\/script>\n<!-- \/ Yoast SEO plugin. -->","yoast_head_json":{"title":"Philipp Plein x Eichholtz - De Pagter Interieurs","description":"Eichholtz hat sich mit dem ikonischen Designer zusammengetan, um dieses Deb\u00fct zu enth\u00fcllen, das reich an Philipp Pleins charakteristischer Rock'n'Roll-Lifestyle-\u00c4sthetik und voller luxuri\u00f6ser Details ist. Zu Ehren des herrlich schamlosen Maximalismus des Designers dreht sich bei dem 160-teiligen Sortiment an M\u00f6beln, Leuchten und Accessoires alles um Dekadenz. Wir als De Pagter Interieurs sind H\u00e4ndler von Eichholtz und haben diese Kollektion auch in unserem Showroom in Middelburg.","robots":{"index":"index","follow":"follow","max-snippet":"max-snippet:-1","max-image-preview":"max-image-preview:large","max-video-preview":"max-video-preview:-1"},"canonical":"https:\/\/depagterinterieurs.nl\/de\/philip-plein-x-eicholtz\/","og_locale":"de_DE","og_type":"article","og_title":"Philipp Plein x Eichholtz - De Pagter Interieurs","og_description":"Eichholtz hat sich mit dem ikonischen Designer zusammengetan, um dieses Deb\u00fct zu enth\u00fcllen, das reich an Philipp Pleins charakteristischer Rock'n'Roll-Lifestyle-\u00c4sthetik und voller luxuri\u00f6ser Details ist. Zu Ehren des herrlich schamlosen Maximalismus des Designers dreht sich bei dem 160-teiligen Sortiment an M\u00f6beln, Leuchten und Accessoires alles um Dekadenz. Wir als De Pagter Interieurs sind H\u00e4ndler von Eichholtz und haben diese Kollektion auch in unserem Showroom in Middelburg.","og_url":"https:\/\/depagterinterieurs.nl\/de\/philip-plein-x-eicholtz\/","og_site_name":"De Pagter Interieurs","article_publisher":"https:\/\/www.facebook.com\/depagterinterieurs\/","article_modified_time":"2023-04-14T13:10:06+00:00","og_image":[{"url":"https:\/\/depagterinterieurs.nl\/wp-content\/uploads\/2023\/04\/eigen-logo-pp-eicholtz.png","type":"","width":"","height":""}],"twitter_card":"summary_large_image","twitter_misc":{"Est. reading time":"3 minutes"},"schema":{"@context":"https:\/\/schema.org","@graph":[{"@type":"WebPage","@id":"https:\/\/depagterinterieurs.nl\/de\/philip-plein-x-eicholtz\/","url":"https:\/\/depagterinterieurs.nl\/de\/philip-plein-x-eicholtz\/","name":"Philipp Plein x Eichholtz - De Pagter Interieurs","isPartOf":{"@id":"https:\/\/depagterinterieurs.nl\/de\/#website"},"primaryImageOfPage":{"@id":"https:\/\/depagterinterieurs.nl\/de\/philip-plein-x-eicholtz\/#primaryimage"},"image":{"@id":"https:\/\/depagterinterieurs.nl\/de\/philip-plein-x-eicholtz\/#primaryimage"},"thumbnailUrl":"https:\/\/depagterinterieurs.nl\/wp-content\/uploads\/2023\/04\/eigen-logo-pp-eicholtz.png","datePublished":"2023-04-13T14:38:21+00:00","dateModified":"2023-04-14T13:10:06+00:00","description":"Eichholtz hat sich mit dem ikonischen Designer zusammengetan, um dieses Deb\u00fct zu enth\u00fcllen, das reich an Philipp Pleins charakteristischer Rock'n'Roll-Lifestyle-\u00c4sthetik und voller luxuri\u00f6ser Details ist. Zu Ehren des herrlich schamlosen Maximalismus des Designers dreht sich bei dem 160-teiligen Sortiment an M\u00f6beln, Leuchten und Accessoires alles um Dekadenz. Wir als De Pagter Interieurs sind H\u00e4ndler von Eichholtz und haben diese Kollektion auch in unserem Showroom in Middelburg.","breadcrumb":{"@id":"https:\/\/depagterinterieurs.nl\/de\/philip-plein-x-eicholtz\/#breadcrumb"},"inLanguage":"de-DE","potentialAction":[{"@type":"ReadAction","target":["https:\/\/depagterinterieurs.nl\/de\/philip-plein-x-eicholtz\/"]}]},{"@type":"ImageObject","inLanguage":"de-DE","@id":"https:\/\/depagterinterieurs.nl\/de\/philip-plein-x-eicholtz\/#primaryimage","url":"https:\/\/depagterinterieurs.nl\/wp-content\/uploads\/2023\/04\/eigen-logo-pp-eicholtz.png","contentUrl":"https:\/\/depagterinterieurs.nl\/wp-content\/uploads\/2023\/04\/eigen-logo-pp-eicholtz.png"},{"@type":"BreadcrumbList","@id":"https:\/\/depagterinterieurs.nl\/de\/philip-plein-x-eicholtz\/#breadcrumb","itemListElement":[{"@type":"ListItem","position":1,"name":"Home","item":"https:\/\/depagterinterieurs.nl\/de\/homepagina-de\/"},{"@type":"ListItem","position":2,"name":"Philipp Plein x Eichholtz"}]},{"@type":"WebSite","@id":"https:\/\/depagterinterieurs.nl\/de\/#website","url":"https:\/\/depagterinterieurs.nl\/de\/","name":"De Pagter Interieurs","description":"M\u00f6belgesch\u00e4fte in Middelburg - Domburg - Veere","potentialAction":[{"@type":"SearchAction","target":{"@type":"EntryPoint","urlTemplate":"https:\/\/depagterinterieurs.nl\/de\/?s={search_term_string}"},"query-input":{"@type":"PropertyValueSpecification","valueRequired":true,"valueName":"search_term_string"}}],"inLanguage":"de-DE"}]}},"_links":{"self":[{"href":"https:\/\/depagterinterieurs.nl\/de\/wp-json\/wp\/v2\/pages\/78113","targetHints":{"allow":["GET"]}}],"collection":[{"href":"https:\/\/depagterinterieurs.nl\/de\/wp-json\/wp\/v2\/pages"}],"about":[{"href":"https:\/\/depagterinterieurs.nl\/de\/wp-json\/wp\/v2\/types\/page"}],"author":[{"embeddable":true,"href":"https:\/\/depagterinterieurs.nl\/de\/wp-json\/wp\/v2\/users\/1"}],"replies":[{"embeddable":true,"href":"https:\/\/depagterinterieurs.nl\/de\/wp-json\/wp\/v2\/comments?post=78113"}],"version-history":[{"count":5,"href":"https:\/\/depagterinterieurs.nl\/de\/wp-json\/wp\/v2\/pages\/78113\/revisions"}],"predecessor-version":[{"id":78188,"href":"https:\/\/depagterinterieurs.nl\/de\/wp-json\/wp\/v2\/pages\/78113\/revisions\/78188"}],"wp:attachment":[{"href":"https:\/\/depagterinterieurs.nl\/de\/wp-json\/wp\/v2\/media?parent=78113"}],"curies":[{"name":"wp","href":"https:\/\/api.w.org\/{rel}","templated":true}]}}