{"id":869,"date":"2019-03-05T18:47:08","date_gmt":"2019-03-05T18:47:08","guid":{"rendered":"http:\/\/antiekhandeldepagter.nl\/allgemeine-geschaftsbedingungen\/"},"modified":"2020-04-09T14:06:12","modified_gmt":"2020-04-09T12:06:12","slug":"allgemeine-geschaftsbedingungen","status":"publish","type":"page","link":"https:\/\/depagterinterieurs.nl\/de\/allgemeine-geschaftsbedingungen\/","title":{"rendered":"Allgemeine Gesch\u00e4ftsbedingungen"},"content":{"rendered":"<p><b>Allgemeine Verkaufs- und Lieferbedingungen<\/b><\/p>\n<p>De Pagter Interieurs b.v.<\/p>\n<p><b>General<br \/><\/b>Diese Allgemeinen Verkaufs- und Lieferbedingungen gelten f\u00fcr alle unsere Angebote und f\u00fcr alle mit Dritten geschlossenen Vereinbarungen.<\/p>\n<p>Indem Sie auf diese Gesch\u00e4ftsbedingungen in Angeboten, Auftragsbest\u00e4tigungen, Rechnungen usw. verweisen sowie einfach eine Bestellung aufgeben und \/ oder die gelieferte Ware entgegennehmen (m\u00fcndlich, telefonisch, per Fax oder per E-Mail). stillschweigend diese Bedingungen akzeptiert zu haben.<\/p>\n<p><b>Angebote und Aktionen<br \/><\/b>Unsere Angebote sind freibleibend. Rabattaktionen sind in Kombination mit anderen Aktionen nicht g\u00fcltig und gelten nicht f\u00fcr bereits get\u00e4tigte Eink\u00e4ufe.<\/p>\n<p><b>Preise<\/b><\/p>\n<ol>\n<li>\n<p>Angegebene Preise gelten, sofern nicht anders angegeben, inklusive Umsatzsteuer und zuz\u00fcglich Versand- und Transportkosten. Wenn Sie als Kunde angemeldet sind, verstehen sich die Preise zuz\u00fcglich Umsatzsteuer, Versand- und Transportkosten.<\/p>\n<\/li>\n<li>Die vereinbarten Preise basieren auf den zum Zeitpunkt des Vertragsabschlusses geltenden Kostenfaktoren. Wir behalten uns vor, dem K\u00e4ufer bei Preiserh\u00f6hungen durch unsere Lieferanten und sonstigen \u00c4nderungen preisbestimmender Faktoren eine anteilige Preiserh\u00f6hung in Rechnung zu stellen.<\/li>\n<\/ol>\n<p><b>Versanden<br \/><\/b><\/p>\n<ol>\n<li>Der Versand erfolgt stets, auch bei frachtfreier Lieferung, auf Gefahr des K\u00e4ufers.<\/li>\n<li>Die Wahl von Versand und Verpackung liegt bei uns.<\/li>\n<\/ol>\n<p><b>Lieferung<\/b><\/p>\n<ol>\n<li>Sofern nicht anders vereinbart, erfolgt die Lieferung per Nachnahme an die vom K\u00e4ufer angegebene Adresse.<\/li>\n<li>Angegebene Lieferzeiten k\u00f6nnen als Zielzeiten angesehen werden.<\/li>\n<li>Erfolgt die Lieferung der Ware nicht zum angegebenen Zeitpunkt, steht uns eine Nachfrist von 30 Tagen zu. Diese Frist beginnt am Tag des Eingangs eines Einschreibebriefs des K\u00e4ufers.<\/li>\n<li>Erfolgt auch nach Inverzugsetzung keine Lieferung, ist der K\u00e4ufer nur berechtigt, vom Vertrag schriftlich zur\u00fcckzutreten. Bei Nichtlieferung haben wir auch nach Inverzugsetzung keinen Anspruch auf Schadensersatz.<\/li>\n<\/ol>\n<p><strong>H\u00f6here Gewalt<\/strong><\/p>\n<ol>\n<li>Im Falle h\u00f6herer Gewalt, die die Ausf\u00fchrung des Vertrages verz\u00f6gert oder verhindert, sind wir berechtigt, vom Vertrag zur\u00fcckzutreten, ohne dem K\u00e4ufer einen Anspruch auf Schadensersatz einzur\u00e4umen.<\/li>\n<li>Unter h\u00f6herer Gewalt versteht man auch, dass die von unseren Lieferanten zur Erf\u00fcllung unserer Verpflichtungen, zum Streik und zur Behinderung staatlicher Ma\u00dfnahmen erforderlichen Waren nicht oder nicht rechtzeitig eingehen.<\/li>\n<\/ol>\n<p><strong>Haftung und Werbung<\/strong><\/p>\n<ol>\n<li>Beanstandungen von Lieferungen m\u00fcssen innerhalb von 8 (acht) Tagen nach Eintreffen der Ware beim K\u00e4ufer schriftlich bei uns eingehen. Andernfalls gelten wir als gem\u00e4\u00df unseren Verpflichtungen geliefert.<\/li>\n<li>Wenn eine Reklamation rechtzeitig erfolgt und die gelieferte Ware nicht vertragsgem\u00e4\u00df ist, veranlassen wir nach unserer Wahl und gegen R\u00fcckgabe der gelieferten Ware eine kostenlose Nachlieferung oder schreiben dem K\u00e4ufer die zur\u00fcckgesandte Ware gut. Wir sind zu keiner weiteren Verpflichtung, insbesondere zur Leistung von Schadensersatz, verpflichtet.<\/li>\n<li>Wir haften niemals f\u00fcr Sch\u00e4den, die durch Temperatur- und \/ oder Feuchtigkeitseinfl\u00fcsse und Insekten verursacht werden.<\/li>\n<\/ol>\n<p><strong>Bezahlung<\/strong><\/p>\n<ol>\n<li>Sofern nichts anderes schriftlich vereinbart ist, hat die Zahlung nur bei Lieferung der Ware netto in bar ohne Abzug zu erfolgen.<\/li>\n<li>Wenn vereinbart wurde, dass keine Barzahlung erfolgt, hat die Zahlung netto ohne Abzug innerhalb von 14 (vierzehn) Tagen nach Rechnungsdatum zu erfolgen, sofern nicht ausdr\u00fccklich schriftlich eine andere Frist vereinbart wurde, durch \u00dcberweisung an eine der Bank- oder Girokonten, die auf der Rechnung angegeben sind.<\/li>\n<li>Bei \u00dcberschreitung der Zahlungsfrist werden die gesetzlichen Zinsen f\u00fcr jeden Monat oder einen Teil davon f\u00e4llig, der sp\u00e4ter gezahlt wird. Die Werbung setzt die Zahlungsverpflichtung nicht aus.<\/li>\n<li>Ein Schuldenvergleich ist niemals m\u00f6glich.<\/li>\n<li>Alle gerichtlichen und au\u00dfergerichtlichen Inkassokosten gehen zu Lasten des K\u00e4ufers. Die au\u00dfergerichtlichen Inkassokosten betragen mindestens 15% des \u00fcberf\u00e4lligen Betrags mit einem Mindestbetrag von 45,00 \u20ac (f\u00fcnfundvierzig Euro) und sind ohne weitere Ank\u00fcndigung zu zahlen, sobald wir die Forderung an Dritte zum Inkasso abgegeben haben.<\/li>\n<\/ol>\n<p><b>Gewissheit<\/b><\/p>\n<ol>\n<li>Bei Nichtzahlung eines R\u00fcckzahlungsbetrags, bei Zahlungsaufschub und bei schwerwiegenden Zweifeln an der ordnungsgem\u00e4\u00dfen Erf\u00fcllung seiner Verpflichtungen nach Vertragsschluss ist der K\u00e4ufer verpflichtet, auf erstes Anfordern Vorkasse zu leisten oder Sicherheit zu leisten. Die Nichterf\u00fcllung dieser Verpflichtungen gilt als Vertragsverletzung und berechtigt uns, den Vertrag ohne weitere Inverzugsetzung und \/ oder gerichtliche Intervention ganz oder teilweise aufzul\u00f6sen, wobei wir Schadensersatz in H\u00f6he des Betrags verlangen k\u00f6nnen, den der K\u00e4ufer im Rahmen des Vertrages hat lag an uns.<\/li>\n<li>Alle gelieferten und noch zu liefernden Waren bleiben bis zur vollst\u00e4ndigen Bezahlung s\u00e4mtlicher Forderungen, die wir aus welchen Gr\u00fcnden auch immer gegen den K\u00e4ufer haben oder haben werden, unser Eigentum. Kommt der K\u00e4ufer unserer Verpflichtung aus dem Vertrag nicht nach, sind wir berechtigt, die Ware ohne Inverzugsetzung zur\u00fcckzunehmen. In diesem Fall wird der Vertrag auch ohne gerichtliches Eingreifen aufgel\u00f6st, unbeschadet unseres Rechts auf Schadensersatz.<\/li>\n<\/ol>\n<p><b>Streitigkeiten<\/b><\/p>\n<ol>\n<li>F\u00fcr alle unsere Vereinbarungen gilt niederl\u00e4ndisches Recht.<\/li>\n<li>Alle Streitigkeiten werden vor den zust\u00e4ndigen Richter des Ortes gebracht, an dem wir berechtigt sind, dem Richter eine Streitigkeit vorzulegen, der befugt w\u00e4re, diese Klage ohne die oben genannte Bestimmung zu erheben.<\/li>\n<\/ol>\n<p>Gespeichert bei der Handelskammer in Middelburg, Hinterlegungsnummer 22049481<\/p>\n","protected":false},"excerpt":{"rendered":"<p>Allgemeine Verkaufs- und Lieferbedingungen De Pagter Interieurs b.v. GeneralDiese Allgemeinen Verkaufs- und Lieferbedingungen gelten f\u00fcr alle unsere Angebote und f\u00fcr alle mit Dritten geschlossenen Vereinbarungen. Indem Sie auf diese Gesch\u00e4ftsbedingungen in Angeboten, Auftragsbest\u00e4tigungen, Rechnungen usw. verweisen sowie einfach eine Bestellung aufgeben und \/ oder die gelieferte Ware entgegennehmen (m\u00fcndlich, telefonisch, per Fax oder per E-Mail). [&hellip;]<\/p>\n","protected":false},"author":1,"featured_media":0,"parent":0,"menu_order":0,"comment_status":"closed","ping_status":"closed","template":"","meta":{"footnotes":"","_wp_rev_ctl_limit":""},"class_list":["post-869","page","type-page","status-publish","hentry"],"yoast_head":"<!-- This site is optimized with the Yoast SEO plugin v27.3 - https:\/\/yoast.com\/product\/yoast-seo-wordpress\/ -->\n<title>De Pagter Interieurs - Allgemeine Gesch\u00e4ftsbedingungen<\/title>\n<meta name=\"robots\" content=\"index, follow, max-snippet:-1, max-image-preview:large, max-video-preview:-1\" \/>\n<link rel=\"canonical\" href=\"https:\/\/depagterinterieurs.nl\/de\/allgemeine-geschaftsbedingungen\/\" \/>\n<meta property=\"og:locale\" content=\"de_DE\" \/>\n<meta property=\"og:type\" content=\"article\" \/>\n<meta property=\"og:title\" content=\"De Pagter Interieurs - Allgemeine Gesch\u00e4ftsbedingungen\" \/>\n<meta property=\"og:description\" content=\"Allgemeine Verkaufs- und Lieferbedingungen De Pagter Interieurs b.v. GeneralDiese Allgemeinen Verkaufs- und Lieferbedingungen gelten f\u00fcr alle unsere Angebote und f\u00fcr alle mit Dritten geschlossenen Vereinbarungen. Indem Sie auf diese Gesch\u00e4ftsbedingungen in Angeboten, Auftragsbest\u00e4tigungen, Rechnungen usw. verweisen sowie einfach eine Bestellung aufgeben und \/ oder die gelieferte Ware entgegennehmen (m\u00fcndlich, telefonisch, per Fax oder per E-Mail). [&hellip;]\" \/>\n<meta property=\"og:url\" content=\"https:\/\/depagterinterieurs.nl\/de\/allgemeine-geschaftsbedingungen\/\" \/>\n<meta property=\"og:site_name\" content=\"De Pagter Interieurs\" \/>\n<meta property=\"article:publisher\" content=\"https:\/\/www.facebook.com\/depagterinterieurs\/\" \/>\n<meta property=\"article:modified_time\" content=\"2020-04-09T12:06:12+00:00\" \/>\n<meta name=\"twitter:card\" content=\"summary_large_image\" \/>\n<meta name=\"twitter:label1\" content=\"Est. reading time\" \/>\n\t<meta name=\"twitter:data1\" content=\"4 minutes\" \/>\n<script type=\"application\/ld+json\" class=\"yoast-schema-graph\">{\"@context\":\"https:\\\/\\\/schema.org\",\"@graph\":[{\"@type\":\"WebPage\",\"@id\":\"https:\\\/\\\/depagterinterieurs.nl\\\/de\\\/allgemeine-geschaftsbedingungen\\\/\",\"url\":\"https:\\\/\\\/depagterinterieurs.nl\\\/de\\\/allgemeine-geschaftsbedingungen\\\/\",\"name\":\"De Pagter Interieurs - Allgemeine Gesch\u00e4ftsbedingungen\",\"isPartOf\":{\"@id\":\"https:\\\/\\\/depagterinterieurs.nl\\\/de\\\/#website\"},\"datePublished\":\"2019-03-05T18:47:08+00:00\",\"dateModified\":\"2020-04-09T12:06:12+00:00\",\"breadcrumb\":{\"@id\":\"https:\\\/\\\/depagterinterieurs.nl\\\/de\\\/allgemeine-geschaftsbedingungen\\\/#breadcrumb\"},\"inLanguage\":\"de-DE\",\"potentialAction\":[{\"@type\":\"ReadAction\",\"target\":[\"https:\\\/\\\/depagterinterieurs.nl\\\/de\\\/allgemeine-geschaftsbedingungen\\\/\"]}]},{\"@type\":\"BreadcrumbList\",\"@id\":\"https:\\\/\\\/depagterinterieurs.nl\\\/de\\\/allgemeine-geschaftsbedingungen\\\/#breadcrumb\",\"itemListElement\":[{\"@type\":\"ListItem\",\"position\":1,\"name\":\"Home\",\"item\":\"https:\\\/\\\/depagterinterieurs.nl\\\/de\\\/homepagina-de\\\/\"},{\"@type\":\"ListItem\",\"position\":2,\"name\":\"Allgemeine Gesch\u00e4ftsbedingungen\"}]},{\"@type\":\"WebSite\",\"@id\":\"https:\\\/\\\/depagterinterieurs.nl\\\/de\\\/#website\",\"url\":\"https:\\\/\\\/depagterinterieurs.nl\\\/de\\\/\",\"name\":\"De Pagter Interieurs\",\"description\":\"M\u00f6belgesch\u00e4fte in Middelburg - Domburg - Veere\",\"potentialAction\":[{\"@type\":\"SearchAction\",\"target\":{\"@type\":\"EntryPoint\",\"urlTemplate\":\"https:\\\/\\\/depagterinterieurs.nl\\\/de\\\/?s={search_term_string}\"},\"query-input\":{\"@type\":\"PropertyValueSpecification\",\"valueRequired\":true,\"valueName\":\"search_term_string\"}}],\"inLanguage\":\"de-DE\"}]}<\/script>\n<!-- \/ Yoast SEO plugin. -->","yoast_head_json":{"title":"De Pagter Interieurs - Allgemeine Gesch\u00e4ftsbedingungen","robots":{"index":"index","follow":"follow","max-snippet":"max-snippet:-1","max-image-preview":"max-image-preview:large","max-video-preview":"max-video-preview:-1"},"canonical":"https:\/\/depagterinterieurs.nl\/de\/allgemeine-geschaftsbedingungen\/","og_locale":"de_DE","og_type":"article","og_title":"De Pagter Interieurs - Allgemeine Gesch\u00e4ftsbedingungen","og_description":"Allgemeine Verkaufs- und Lieferbedingungen De Pagter Interieurs b.v. GeneralDiese Allgemeinen Verkaufs- und Lieferbedingungen gelten f\u00fcr alle unsere Angebote und f\u00fcr alle mit Dritten geschlossenen Vereinbarungen. Indem Sie auf diese Gesch\u00e4ftsbedingungen in Angeboten, Auftragsbest\u00e4tigungen, Rechnungen usw. verweisen sowie einfach eine Bestellung aufgeben und \/ oder die gelieferte Ware entgegennehmen (m\u00fcndlich, telefonisch, per Fax oder per E-Mail). [&hellip;]","og_url":"https:\/\/depagterinterieurs.nl\/de\/allgemeine-geschaftsbedingungen\/","og_site_name":"De Pagter Interieurs","article_publisher":"https:\/\/www.facebook.com\/depagterinterieurs\/","article_modified_time":"2020-04-09T12:06:12+00:00","twitter_card":"summary_large_image","twitter_misc":{"Est. reading time":"4 minutes"},"schema":{"@context":"https:\/\/schema.org","@graph":[{"@type":"WebPage","@id":"https:\/\/depagterinterieurs.nl\/de\/allgemeine-geschaftsbedingungen\/","url":"https:\/\/depagterinterieurs.nl\/de\/allgemeine-geschaftsbedingungen\/","name":"De Pagter Interieurs - Allgemeine Gesch\u00e4ftsbedingungen","isPartOf":{"@id":"https:\/\/depagterinterieurs.nl\/de\/#website"},"datePublished":"2019-03-05T18:47:08+00:00","dateModified":"2020-04-09T12:06:12+00:00","breadcrumb":{"@id":"https:\/\/depagterinterieurs.nl\/de\/allgemeine-geschaftsbedingungen\/#breadcrumb"},"inLanguage":"de-DE","potentialAction":[{"@type":"ReadAction","target":["https:\/\/depagterinterieurs.nl\/de\/allgemeine-geschaftsbedingungen\/"]}]},{"@type":"BreadcrumbList","@id":"https:\/\/depagterinterieurs.nl\/de\/allgemeine-geschaftsbedingungen\/#breadcrumb","itemListElement":[{"@type":"ListItem","position":1,"name":"Home","item":"https:\/\/depagterinterieurs.nl\/de\/homepagina-de\/"},{"@type":"ListItem","position":2,"name":"Allgemeine Gesch\u00e4ftsbedingungen"}]},{"@type":"WebSite","@id":"https:\/\/depagterinterieurs.nl\/de\/#website","url":"https:\/\/depagterinterieurs.nl\/de\/","name":"De Pagter Interieurs","description":"M\u00f6belgesch\u00e4fte in Middelburg - Domburg - Veere","potentialAction":[{"@type":"SearchAction","target":{"@type":"EntryPoint","urlTemplate":"https:\/\/depagterinterieurs.nl\/de\/?s={search_term_string}"},"query-input":{"@type":"PropertyValueSpecification","valueRequired":true,"valueName":"search_term_string"}}],"inLanguage":"de-DE"}]}},"_links":{"self":[{"href":"https:\/\/depagterinterieurs.nl\/de\/wp-json\/wp\/v2\/pages\/869","targetHints":{"allow":["GET"]}}],"collection":[{"href":"https:\/\/depagterinterieurs.nl\/de\/wp-json\/wp\/v2\/pages"}],"about":[{"href":"https:\/\/depagterinterieurs.nl\/de\/wp-json\/wp\/v2\/types\/page"}],"author":[{"embeddable":true,"href":"https:\/\/depagterinterieurs.nl\/de\/wp-json\/wp\/v2\/users\/1"}],"replies":[{"embeddable":true,"href":"https:\/\/depagterinterieurs.nl\/de\/wp-json\/wp\/v2\/comments?post=869"}],"version-history":[{"count":0,"href":"https:\/\/depagterinterieurs.nl\/de\/wp-json\/wp\/v2\/pages\/869\/revisions"}],"wp:attachment":[{"href":"https:\/\/depagterinterieurs.nl\/de\/wp-json\/wp\/v2\/media?parent=869"}],"curies":[{"name":"wp","href":"https:\/\/api.w.org\/{rel}","templated":true}]}}