{"id":883,"date":"2019-03-05T19:08:14","date_gmt":"2019-03-05T19:08:14","guid":{"rendered":"http:\/\/antiekhandeldepagter.nl\/datenschutzrichtlinie\/"},"modified":"2020-01-29T18:28:39","modified_gmt":"2020-01-29T16:28:39","slug":"datenschutzrichtlinie","status":"publish","type":"page","link":"https:\/\/depagterinterieurs.nl\/de\/datenschutzrichtlinie\/","title":{"rendered":"Datenschutzerkl\u00e4rung"},"content":{"rendered":"<p>De Pagter Interieurs in der Segeersstraat 8 4331 JS Middelburg ist f\u00fcr die Verarbeitung personenbezogener Daten gem\u00e4\u00df dieser Datenschutzerkl\u00e4rung verantwortlich.<\/p>\n<p><b>Kontaktinformationen<br \/><\/b>De Pagter Interieurs B.V.<br \/>Segeersstraat 8 <br \/>4331 JS Middelburg <br \/>+31 118 634133<br \/>info@depagterinterieurs.nl<br \/>https:\/\/www.depagterinterieurs.nl <\/p>\n<p><b>Pers\u00f6nliche Daten, die wir verarbeiten<br \/><\/b>De Pagter Interieurs verarbeitet Ihre personenbezogenen Daten, weil Sie unsere Dienste nutzen und \/ oder uns diese selbst zur Verf\u00fcgung stellen. Nachfolgend finden Sie eine \u00dcbersicht \u00fcber die von uns verarbeiteten personenbezogenen Daten:<\/p>\n<ul>\n<li>Vor- und Nachname<\/li>\n<li>Adressdaten<\/li>\n<li>Telefonnummer<\/li>\n<li>E-Mail-Adresse<\/li>\n<li>Standortinformationen<\/li>\n<\/ul>\n<p><b>Spezielle und \/ oder sensible personenbezogene Daten, die wir verarbeiten<\/b><br \/>Unsere Website und \/ oder unser Service beabsichtigen nicht, Daten \u00fcber Website-Besucher unter 16 Jahren zu sammeln. Es sei denn, sie haben die Erlaubnis der Eltern oder Erziehungsberechtigten. Wir k\u00f6nnen jedoch nicht pr\u00fcfen, ob ein Besucher \u00e4lter als 16 Jahre ist. Wir empfehlen daher Eltern, sich an den Online-Aktivit\u00e4ten ihrer Kinder zu beteiligen, um zu verhindern, dass Daten \u00fcber Kinder ohne Zustimmung der Eltern gesammelt werden. Wenn Sie davon \u00fcberzeugt sind, dass wir ohne diese Erlaubnis pers\u00f6nliche Informationen \u00fcber Minderj\u00e4hrige gesammelt haben, kontaktieren Sie uns bitte \u00fcber info@depagterinterieurs.nl und wir werden diese Informationen entfernen.<\/p>\n<p><b>Zu welchem Zweck und auf welcher Grundlage verarbeiten wir personenbezogene Daten<br \/><\/b>De Pagter Interieurs verarbeitet Ihre personenbezogenen Daten zu folgenden Zwecken:<\/p>\n<ul>\n<li>Abwicklung Ihrer Zahlung<\/li>\n<li>Versand unseres Newsletters und \/ oder unserer Werbebrosch\u00fcre<\/li>\n<li>Um Sie anrufen oder eine E-Mail senden zu k\u00f6nnen, wenn dies erforderlich ist, um unsere Dienstleistungen erbringen zu k\u00f6nnen<\/li>\n<li>Informieren Sie sich \u00fcber \u00c4nderungen unserer Dienstleistungen und Produkte<\/li>\n<li>Bieten Sie die M\u00f6glichkeit, ein Konto zu erstellen<\/li>\n<li>Um Ihnen Waren und Dienstleistungen zu liefern<\/li>\n<li>Zur Verbesserung unserer Dienstleistungen<\/li>\n<\/ul>\n<p>De Pagter Interieurs verarbeitet personenbezogene Daten auch dann, wenn wir gesetzlich dazu verpflichtet sind, beispielsweise Daten, die wir f\u00fcr unsere Steuererkl\u00e4rung ben\u00f6tigen.<\/p>\n<p><b>Automatisierte Entscheidungsfindung<\/b><br \/>De Pagter Interieurs trifft Entscheidungen (ob oder nicht) auf der Grundlage einer automatisierten Verarbeitung von Angelegenheiten, die (signifikante) Konsequenzen f\u00fcr die Menschen haben k\u00f6nnen. Hierbei handelt es sich um Entscheidungen, die von Computerprogrammen oder -systemen getroffen werden, ohne dass ein Mensch (z. B. ein Mitarbeiter von De Pagter Interieurs) darunter ist. De Pagter Interieurs verwendet die folgenden Computerprogramme oder -systeme: [Name des Systems, Verwendungszweck, zugrunde liegende Logik, Bedeutung und erwartete Konsequenzen f\u00fcr die betroffene Person]<\/p>\n<p><b>Wie lange werden personenbezogene Daten gespeichert?<\/b><br \/>Die Pagter Interieurs speichert Ihre personenbezogenen Daten nicht l\u00e4nger als unbedingt erforderlich, um die Zwecke zu erreichen, f\u00fcr die Ihre Daten erhoben werden. Wir verwenden die folgenden Aufbewahrungsfristen f\u00fcr die folgenden (Kategorien) personenbezogener Daten: (Kategorie) personenbezogene Daten &gt; Aufbewahrungsfrist &gt; Grund&gt; Pers\u00f6nliche Angaben &gt; Aufbewahrungsfrist &gt; Grund Adresse &gt; Aufbewahrungsfrist &gt; Grund und so weiter &gt; Aufbewahrungsfrist &gt; Grund<\/p>\n<p><b>Weitergabe personenbezogener Daten an Dritte<br \/><\/b>De Pagter Interieurs liefert nur an Dritte und nur dann, wenn dies zur Durchf\u00fchrung unseres Vertrages mit Ihnen oder zur Einhaltung einer gesetzlichen Verpflichtung erforderlich ist.<\/p>\n<p><b>Von uns verwendete Cookies oder \u00e4hnliche Techniken<\/b><br \/>De Pagter Interieurs verwendet nur technische und funktionale Cookies. Und analytische Cookies, die Ihre Privatsph\u00e4re nicht verletzen. Ein Cookie ist eine kleine Textdatei, die beim ersten Besuch dieser Website auf Ihrem Computer, Tablet oder Smartphone gespeichert wird. Die von uns verwendeten Cookies sind f\u00fcr den technischen Betrieb der Website und Ihre Benutzerfreundlichkeit erforderlich. Sie stellen sicher, dass die Website ordnungsgem\u00e4\u00df funktioniert, und speichern beispielsweise Ihre Einstellungen. Wir k\u00f6nnen dies auch nutzen, um unsere Website zu optimieren. Sie k\u00f6nnen Cookies deaktivieren, indem Sie Ihren Internetbrowser so einstellen, dass keine Cookies mehr gespeichert werden. Dar\u00fcber hinaus k\u00f6nnen Sie auch alle Informationen l\u00f6schen, die zuvor \u00fcber die Einstellungen Ihres Browsers gespeichert wurden.<\/p>\n<p><b>Daten anzeigen, \u00e4ndern oder l\u00f6schen<br \/><\/b>Sie haben das Recht, Ihre personenbezogenen Daten einzusehen, zu berichtigen oder zu l\u00f6schen. Dar\u00fcber hinaus haben Sie das Recht, Ihre Einwilligung zur Datenverarbeitung zu widerrufen oder der Verarbeitung Ihrer personenbezogenen Daten durch De Pagter Interieurs zu widersprechen, und Sie haben das Recht auf Daten\u00fcbertragbarkeit. Dies bedeutet, dass Sie eine Anfrage an uns senden k\u00f6nnen, um die pers\u00f6nlichen Daten, die wir \u00fcber Sie in einer Computerdatei gespeichert haben, an Sie oder eine andere von Ihnen genannte Organisation zu senden. Sie k\u00f6nnen einen Antrag auf Einsichtnahme, Berichtigung, L\u00f6schung, Daten\u00fcbertragung Ihrer pers\u00f6nlichen Daten oder einen Antrag auf Widerruf Ihrer Einwilligung oder Widerspruch gegen die Verarbeitung Ihrer pers\u00f6nlichen Daten an info@depagterinterieurs.nl senden. <\/p>\n<p>Um sicherzustellen, dass der Antrag auf Einsichtnahme von Ihnen gestellt wurde, bitten wir Sie, eine Kopie Ihres Identit\u00e4tsnachweises mit dem Antrag zu senden. Machen Sie in dieser Kopie Ihr Passfoto, MRZ (maschinenlesbare Zone, der Streifen mit den Nummern am unteren Rand des Passes), Passnummer und B\u00fcrgerservicenummer (BSN) schwarz. Dies dient dem Schutz Ihrer Privatsph\u00e4re. Wir werden Ihre Anfrage so schnell wie m\u00f6glich, jedoch innerhalb von vier Wochen, beantworten. De Pagter Interieurs weist au\u00dferdem darauf hin, dass Sie die M\u00f6glichkeit haben, eine Beschwerde bei der nationalen Datenschutzbeh\u00f6rde, der niederl\u00e4ndischen Datenschutzbeh\u00f6rde, einzureichen. Sie k\u00f6nnen dies \u00fcber den folgenden Link tun: https:\/\/autoriteitIndividuelle Daten.nl\/nl\/contact-with-de-autoriteitIndividuelle Daten \/ tip-ons<\/p>\n<p><b>Wie wir personenbezogene Daten sch\u00fctzen<\/b><br \/>De Pagter Interieurs nimmt den Schutz Ihrer Daten ernst und ergreift geeignete Ma\u00dfnahmen, um Missbrauch, Verlust, unbefugten Zugriff, unerw\u00fcnschte Offenlegung und unbefugte \u00c4nderungen zu verhindern. Wenn Sie den Eindruck haben, dass Ihre Daten nicht gut gesch\u00fctzt sind oder Anzeichen von Missbrauch vorliegen, wenden Sie sich bitte an unseren Kundenservice oder an info@depagterinterieurs.nl<\/p><\/p>\n","protected":false},"excerpt":{"rendered":"<p>De Pagter Interieurs in der Segeersstraat 8 4331 JS Middelburg ist f\u00fcr die Verarbeitung personenbezogener Daten gem\u00e4\u00df dieser Datenschutzerkl\u00e4rung verantwortlich. KontaktinformationenDe Pagter Interieurs B.V.Segeersstraat 8 4331 JS Middelburg +31 118 634133info@depagterinterieurs.nlhttps:\/\/www.depagterinterieurs.nl Pers\u00f6nliche Daten, die wir verarbeitenDe Pagter Interieurs verarbeitet Ihre personenbezogenen Daten, weil Sie unsere Dienste nutzen und \/ oder uns diese selbst zur Verf\u00fcgung [&hellip;]<\/p>\n","protected":false},"author":1,"featured_media":0,"parent":0,"menu_order":0,"comment_status":"closed","ping_status":"closed","template":"","meta":{"footnotes":"","_wp_rev_ctl_limit":""},"class_list":["post-883","page","type-page","status-publish","hentry"],"yoast_head":"<!-- This site is optimized with the Yoast SEO plugin v27.5 - https:\/\/yoast.com\/product\/yoast-seo-wordpress\/ -->\n<title>De Pagter Interieurs - Datenschutzerkl\u00e4rung<\/title>\n<meta name=\"robots\" content=\"index, follow, max-snippet:-1, max-image-preview:large, max-video-preview:-1\" \/>\n<link rel=\"canonical\" href=\"https:\/\/depagterinterieurs.nl\/de\/datenschutzrichtlinie\/\" \/>\n<meta property=\"og:locale\" content=\"de_DE\" \/>\n<meta property=\"og:type\" content=\"article\" \/>\n<meta property=\"og:title\" content=\"De Pagter Interieurs - Datenschutzerkl\u00e4rung\" \/>\n<meta property=\"og:description\" content=\"De Pagter Interieurs in der Segeersstraat 8 4331 JS Middelburg ist f\u00fcr die Verarbeitung personenbezogener Daten gem\u00e4\u00df dieser Datenschutzerkl\u00e4rung verantwortlich. KontaktinformationenDe Pagter Interieurs B.V.Segeersstraat 8 4331 JS Middelburg +31 118 634133info@depagterinterieurs.nlhttps:\/\/www.depagterinterieurs.nl Pers\u00f6nliche Daten, die wir verarbeitenDe Pagter Interieurs verarbeitet Ihre personenbezogenen Daten, weil Sie unsere Dienste nutzen und \/ oder uns diese selbst zur Verf\u00fcgung [&hellip;]\" \/>\n<meta property=\"og:url\" content=\"https:\/\/depagterinterieurs.nl\/de\/datenschutzrichtlinie\/\" \/>\n<meta property=\"og:site_name\" content=\"De Pagter Interieurs\" \/>\n<meta property=\"article:publisher\" content=\"https:\/\/www.facebook.com\/depagterinterieurs\/\" \/>\n<meta property=\"article:modified_time\" content=\"2020-01-29T16:28:39+00:00\" \/>\n<meta name=\"twitter:card\" content=\"summary_large_image\" \/>\n<meta name=\"twitter:label1\" content=\"Est. reading time\" \/>\n\t<meta name=\"twitter:data1\" content=\"4 minutes\" \/>\n<script type=\"application\/ld+json\" class=\"yoast-schema-graph\">{\"@context\":\"https:\\\/\\\/schema.org\",\"@graph\":[{\"@type\":\"WebPage\",\"@id\":\"https:\\\/\\\/depagterinterieurs.nl\\\/de\\\/datenschutzrichtlinie\\\/\",\"url\":\"https:\\\/\\\/depagterinterieurs.nl\\\/de\\\/datenschutzrichtlinie\\\/\",\"name\":\"De Pagter Interieurs - Datenschutzerkl\u00e4rung\",\"isPartOf\":{\"@id\":\"https:\\\/\\\/depagterinterieurs.nl\\\/de\\\/#website\"},\"datePublished\":\"2019-03-05T19:08:14+00:00\",\"dateModified\":\"2020-01-29T16:28:39+00:00\",\"breadcrumb\":{\"@id\":\"https:\\\/\\\/depagterinterieurs.nl\\\/de\\\/datenschutzrichtlinie\\\/#breadcrumb\"},\"inLanguage\":\"de-DE\",\"potentialAction\":[{\"@type\":\"ReadAction\",\"target\":[\"https:\\\/\\\/depagterinterieurs.nl\\\/de\\\/datenschutzrichtlinie\\\/\"]}]},{\"@type\":\"BreadcrumbList\",\"@id\":\"https:\\\/\\\/depagterinterieurs.nl\\\/de\\\/datenschutzrichtlinie\\\/#breadcrumb\",\"itemListElement\":[{\"@type\":\"ListItem\",\"position\":1,\"name\":\"Home\",\"item\":\"https:\\\/\\\/depagterinterieurs.nl\\\/de\\\/homepagina-de\\\/\"},{\"@type\":\"ListItem\",\"position\":2,\"name\":\"Datenschutzerkl\u00e4rung\"}]},{\"@type\":\"WebSite\",\"@id\":\"https:\\\/\\\/depagterinterieurs.nl\\\/de\\\/#website\",\"url\":\"https:\\\/\\\/depagterinterieurs.nl\\\/de\\\/\",\"name\":\"De Pagter Interieurs\",\"description\":\"M\u00f6belgesch\u00e4fte in Middelburg - Domburg - Veere\",\"potentialAction\":[{\"@type\":\"SearchAction\",\"target\":{\"@type\":\"EntryPoint\",\"urlTemplate\":\"https:\\\/\\\/depagterinterieurs.nl\\\/de\\\/?s={search_term_string}\"},\"query-input\":{\"@type\":\"PropertyValueSpecification\",\"valueRequired\":true,\"valueName\":\"search_term_string\"}}],\"inLanguage\":\"de-DE\"}]}<\/script>\n<!-- \/ Yoast SEO plugin. -->","yoast_head_json":{"title":"De Pagter Interieurs - Datenschutzerkl\u00e4rung","robots":{"index":"index","follow":"follow","max-snippet":"max-snippet:-1","max-image-preview":"max-image-preview:large","max-video-preview":"max-video-preview:-1"},"canonical":"https:\/\/depagterinterieurs.nl\/de\/datenschutzrichtlinie\/","og_locale":"de_DE","og_type":"article","og_title":"De Pagter Interieurs - Datenschutzerkl\u00e4rung","og_description":"De Pagter Interieurs in der Segeersstraat 8 4331 JS Middelburg ist f\u00fcr die Verarbeitung personenbezogener Daten gem\u00e4\u00df dieser Datenschutzerkl\u00e4rung verantwortlich. KontaktinformationenDe Pagter Interieurs B.V.Segeersstraat 8 4331 JS Middelburg +31 118 634133info@depagterinterieurs.nlhttps:\/\/www.depagterinterieurs.nl Pers\u00f6nliche Daten, die wir verarbeitenDe Pagter Interieurs verarbeitet Ihre personenbezogenen Daten, weil Sie unsere Dienste nutzen und \/ oder uns diese selbst zur Verf\u00fcgung [&hellip;]","og_url":"https:\/\/depagterinterieurs.nl\/de\/datenschutzrichtlinie\/","og_site_name":"De Pagter Interieurs","article_publisher":"https:\/\/www.facebook.com\/depagterinterieurs\/","article_modified_time":"2020-01-29T16:28:39+00:00","twitter_card":"summary_large_image","twitter_misc":{"Est. reading time":"4 minutes"},"schema":{"@context":"https:\/\/schema.org","@graph":[{"@type":"WebPage","@id":"https:\/\/depagterinterieurs.nl\/de\/datenschutzrichtlinie\/","url":"https:\/\/depagterinterieurs.nl\/de\/datenschutzrichtlinie\/","name":"De Pagter Interieurs - Datenschutzerkl\u00e4rung","isPartOf":{"@id":"https:\/\/depagterinterieurs.nl\/de\/#website"},"datePublished":"2019-03-05T19:08:14+00:00","dateModified":"2020-01-29T16:28:39+00:00","breadcrumb":{"@id":"https:\/\/depagterinterieurs.nl\/de\/datenschutzrichtlinie\/#breadcrumb"},"inLanguage":"de-DE","potentialAction":[{"@type":"ReadAction","target":["https:\/\/depagterinterieurs.nl\/de\/datenschutzrichtlinie\/"]}]},{"@type":"BreadcrumbList","@id":"https:\/\/depagterinterieurs.nl\/de\/datenschutzrichtlinie\/#breadcrumb","itemListElement":[{"@type":"ListItem","position":1,"name":"Home","item":"https:\/\/depagterinterieurs.nl\/de\/homepagina-de\/"},{"@type":"ListItem","position":2,"name":"Datenschutzerkl\u00e4rung"}]},{"@type":"WebSite","@id":"https:\/\/depagterinterieurs.nl\/de\/#website","url":"https:\/\/depagterinterieurs.nl\/de\/","name":"De Pagter Interieurs","description":"M\u00f6belgesch\u00e4fte in Middelburg - Domburg - Veere","potentialAction":[{"@type":"SearchAction","target":{"@type":"EntryPoint","urlTemplate":"https:\/\/depagterinterieurs.nl\/de\/?s={search_term_string}"},"query-input":{"@type":"PropertyValueSpecification","valueRequired":true,"valueName":"search_term_string"}}],"inLanguage":"de-DE"}]}},"_links":{"self":[{"href":"https:\/\/depagterinterieurs.nl\/de\/wp-json\/wp\/v2\/pages\/883","targetHints":{"allow":["GET"]}}],"collection":[{"href":"https:\/\/depagterinterieurs.nl\/de\/wp-json\/wp\/v2\/pages"}],"about":[{"href":"https:\/\/depagterinterieurs.nl\/de\/wp-json\/wp\/v2\/types\/page"}],"author":[{"embeddable":true,"href":"https:\/\/depagterinterieurs.nl\/de\/wp-json\/wp\/v2\/users\/1"}],"replies":[{"embeddable":true,"href":"https:\/\/depagterinterieurs.nl\/de\/wp-json\/wp\/v2\/comments?post=883"}],"version-history":[{"count":0,"href":"https:\/\/depagterinterieurs.nl\/de\/wp-json\/wp\/v2\/pages\/883\/revisions"}],"wp:attachment":[{"href":"https:\/\/depagterinterieurs.nl\/de\/wp-json\/wp\/v2\/media?parent=883"}],"curies":[{"name":"wp","href":"https:\/\/api.w.org\/{rel}","templated":true}]}}