{"id":101375,"date":"2024-04-10T13:46:27","date_gmt":"2024-04-11T11:07:55","guid":{"rendered":"https:\/\/depagterinterieurs.nl\/collectie\/unkategorisiert\/teppich-lago\/"},"modified":"2024-04-11T12:07:55","modified_gmt":"2024-04-11T11:07:55","slug":"teppich-lago","status":"publish","type":"product","link":"https:\/\/depagterinterieurs.nl\/de\/collectie\/marke\/karpi-de\/teppich-lago\/","title":{"rendered":"Teppich Lago"},"content":{"rendered":"","protected":false},"excerpt":{"rendered":"<p>Teppich Lago, der Marke Karpi, ist der weichste und flauschigste Teppich der Kollektion!<\/p>\n<p>Dieser rechteckige Teppich hat eine warme Ausstrahlung. Wenn Sie auf der Suche nach einem Teppich sind, der Ihr Interieur versch\u00f6nert, ist dies der richtige Teppich f\u00fcr Sie. Dieser weiche, hochflorige Teppich hat einen hohen Kuschelanteil und macht Lust, den ganzen Tag auf diesem Teppich zu sitzen, so weich!<\/p>\n<p>Dieser Teppich ist auch als Ma\u00dfanfertigung erh\u00e4ltlich, der Preis betr\u00e4gt 139 \u20ac pro Quadratmeter.<\/p>\n","protected":false},"featured_media":100517,"template":"","meta":[],"product_brand":[],"product_cat":[545,399,225],"product_tag":[],"class_list":{"0":"post-101375","1":"product","2":"type-product","3":"status-publish","4":"has-post-thumbnail","6":"product_cat-karpi-de","7":"product_cat-marke","8":"product_cat-teppiche","10":"first","11":"instock","12":"shipping-taxable","13":"purchasable","14":"product-type-variable"},"yoast_head":"<!-- This site is optimized with the Yoast SEO plugin v27.3 - https:\/\/yoast.com\/product\/yoast-seo-wordpress\/ -->\n<title>Teppich Lago - De Pagter Interieurs<\/title>\n<meta name=\"robots\" content=\"index, follow, max-snippet:-1, max-image-preview:large, max-video-preview:-1\" \/>\n<link rel=\"canonical\" href=\"https:\/\/depagterinterieurs.nl\/de\/collectie\/marke\/karpi-de\/teppich-lago\/\" \/>\n<meta property=\"og:locale\" content=\"de_DE\" \/>\n<meta property=\"og:type\" content=\"article\" \/>\n<meta property=\"og:title\" content=\"Teppich Lago - De Pagter Interieurs\" \/>\n<meta property=\"og:description\" content=\"Teppich Lago, der Marke Karpi, ist der weichste und flauschigste Teppich der Kollektion! Dieser rechteckige Teppich hat eine warme Ausstrahlung. Wenn Sie auf der Suche nach einem Teppich sind, der Ihr Interieur versch\u00f6nert, ist dies der richtige Teppich f\u00fcr Sie. Dieser weiche, hochflorige Teppich hat einen hohen Kuschelanteil und macht Lust, den ganzen Tag auf diesem Teppich zu sitzen, so weich! Dieser Teppich ist auch als Ma\u00dfanfertigung erh\u00e4ltlich, der Preis betr\u00e4gt 139 \u20ac pro Quadratmeter.\" \/>\n<meta property=\"og:url\" content=\"https:\/\/depagterinterieurs.nl\/de\/collectie\/marke\/karpi-de\/teppich-lago\/\" \/>\n<meta property=\"og:site_name\" content=\"De Pagter Interieurs\" \/>\n<meta property=\"article:publisher\" content=\"https:\/\/www.facebook.com\/depagterinterieurs\/\" \/>\n<meta property=\"og:image\" content=\"https:\/\/depagterinterieurs.nl\/wp-content\/uploads\/2024\/04\/Lago_21-02_1300x867.webp\" \/>\n\t<meta property=\"og:image:width\" content=\"1300\" \/>\n\t<meta property=\"og:image:height\" content=\"867\" \/>\n\t<meta property=\"og:image:type\" content=\"image\/webp\" \/>\n<meta name=\"twitter:card\" content=\"summary_large_image\" \/>\n<script type=\"application\/ld+json\" class=\"yoast-schema-graph\">{\"@context\":\"https:\\\/\\\/schema.org\",\"@graph\":[{\"@type\":\"WebPage\",\"@id\":\"https:\\\/\\\/depagterinterieurs.nl\\\/de\\\/collectie\\\/marke\\\/karpi-de\\\/teppich-lago\\\/\",\"url\":\"https:\\\/\\\/depagterinterieurs.nl\\\/de\\\/collectie\\\/marke\\\/karpi-de\\\/teppich-lago\\\/\",\"name\":\"Teppich Lago - De Pagter Interieurs\",\"isPartOf\":{\"@id\":\"https:\\\/\\\/depagterinterieurs.nl\\\/de\\\/#website\"},\"primaryImageOfPage\":{\"@id\":\"https:\\\/\\\/depagterinterieurs.nl\\\/de\\\/collectie\\\/marke\\\/karpi-de\\\/teppich-lago\\\/#primaryimage\"},\"image\":{\"@id\":\"https:\\\/\\\/depagterinterieurs.nl\\\/de\\\/collectie\\\/marke\\\/karpi-de\\\/teppich-lago\\\/#primaryimage\"},\"thumbnailUrl\":\"https:\\\/\\\/depagterinterieurs.nl\\\/wp-content\\\/uploads\\\/2024\\\/04\\\/Lago_21-02_1300x867.webp\",\"datePublished\":\"2024-04-11T11:07:55+00:00\",\"breadcrumb\":{\"@id\":\"https:\\\/\\\/depagterinterieurs.nl\\\/de\\\/collectie\\\/marke\\\/karpi-de\\\/teppich-lago\\\/#breadcrumb\"},\"inLanguage\":\"de-DE\",\"potentialAction\":[{\"@type\":\"ReadAction\",\"target\":[\"https:\\\/\\\/depagterinterieurs.nl\\\/de\\\/collectie\\\/marke\\\/karpi-de\\\/teppich-lago\\\/\"]}]},{\"@type\":\"ImageObject\",\"inLanguage\":\"de-DE\",\"@id\":\"https:\\\/\\\/depagterinterieurs.nl\\\/de\\\/collectie\\\/marke\\\/karpi-de\\\/teppich-lago\\\/#primaryimage\",\"url\":\"https:\\\/\\\/depagterinterieurs.nl\\\/wp-content\\\/uploads\\\/2024\\\/04\\\/Lago_21-02_1300x867.webp\",\"contentUrl\":\"https:\\\/\\\/depagterinterieurs.nl\\\/wp-content\\\/uploads\\\/2024\\\/04\\\/Lago_21-02_1300x867.webp\",\"width\":1300,\"height\":867},{\"@type\":\"BreadcrumbList\",\"@id\":\"https:\\\/\\\/depagterinterieurs.nl\\\/de\\\/collectie\\\/marke\\\/karpi-de\\\/teppich-lago\\\/#breadcrumb\",\"itemListElement\":[{\"@type\":\"ListItem\",\"position\":1,\"name\":\"Home\",\"item\":\"https:\\\/\\\/depagterinterieurs.nl\\\/de\\\/homepagina-de\\\/\"},{\"@type\":\"ListItem\",\"position\":2,\"name\":\"Kollektion\",\"item\":\"https:\\\/\\\/depagterinterieurs.nl\\\/de\\\/kollektion\\\/\"},{\"@type\":\"ListItem\",\"position\":3,\"name\":\"Teppich Lago\"}]},{\"@type\":\"WebSite\",\"@id\":\"https:\\\/\\\/depagterinterieurs.nl\\\/de\\\/#website\",\"url\":\"https:\\\/\\\/depagterinterieurs.nl\\\/de\\\/\",\"name\":\"De Pagter Interieurs\",\"description\":\"M\u00f6belgesch\u00e4fte in Middelburg - Domburg - Veere\",\"potentialAction\":[{\"@type\":\"SearchAction\",\"target\":{\"@type\":\"EntryPoint\",\"urlTemplate\":\"https:\\\/\\\/depagterinterieurs.nl\\\/de\\\/?s={search_term_string}\"},\"query-input\":{\"@type\":\"PropertyValueSpecification\",\"valueRequired\":true,\"valueName\":\"search_term_string\"}}],\"inLanguage\":\"de-DE\"}]}<\/script>\n<!-- \/ Yoast SEO plugin. -->","yoast_head_json":{"title":"Teppich Lago - De Pagter Interieurs","robots":{"index":"index","follow":"follow","max-snippet":"max-snippet:-1","max-image-preview":"max-image-preview:large","max-video-preview":"max-video-preview:-1"},"canonical":"https:\/\/depagterinterieurs.nl\/de\/collectie\/marke\/karpi-de\/teppich-lago\/","og_locale":"de_DE","og_type":"article","og_title":"Teppich Lago - De Pagter Interieurs","og_description":"Teppich Lago, der Marke Karpi, ist der weichste und flauschigste Teppich der Kollektion! Dieser rechteckige Teppich hat eine warme Ausstrahlung. Wenn Sie auf der Suche nach einem Teppich sind, der Ihr Interieur versch\u00f6nert, ist dies der richtige Teppich f\u00fcr Sie. Dieser weiche, hochflorige Teppich hat einen hohen Kuschelanteil und macht Lust, den ganzen Tag auf diesem Teppich zu sitzen, so weich! Dieser Teppich ist auch als Ma\u00dfanfertigung erh\u00e4ltlich, der Preis betr\u00e4gt 139 \u20ac pro Quadratmeter.","og_url":"https:\/\/depagterinterieurs.nl\/de\/collectie\/marke\/karpi-de\/teppich-lago\/","og_site_name":"De Pagter Interieurs","article_publisher":"https:\/\/www.facebook.com\/depagterinterieurs\/","og_image":[{"width":1300,"height":867,"url":"https:\/\/depagterinterieurs.nl\/wp-content\/uploads\/2024\/04\/Lago_21-02_1300x867.webp","type":"image\/webp"}],"twitter_card":"summary_large_image","schema":{"@context":"https:\/\/schema.org","@graph":[{"@type":"WebPage","@id":"https:\/\/depagterinterieurs.nl\/de\/collectie\/marke\/karpi-de\/teppich-lago\/","url":"https:\/\/depagterinterieurs.nl\/de\/collectie\/marke\/karpi-de\/teppich-lago\/","name":"Teppich Lago - De Pagter Interieurs","isPartOf":{"@id":"https:\/\/depagterinterieurs.nl\/de\/#website"},"primaryImageOfPage":{"@id":"https:\/\/depagterinterieurs.nl\/de\/collectie\/marke\/karpi-de\/teppich-lago\/#primaryimage"},"image":{"@id":"https:\/\/depagterinterieurs.nl\/de\/collectie\/marke\/karpi-de\/teppich-lago\/#primaryimage"},"thumbnailUrl":"https:\/\/depagterinterieurs.nl\/wp-content\/uploads\/2024\/04\/Lago_21-02_1300x867.webp","datePublished":"2024-04-11T11:07:55+00:00","breadcrumb":{"@id":"https:\/\/depagterinterieurs.nl\/de\/collectie\/marke\/karpi-de\/teppich-lago\/#breadcrumb"},"inLanguage":"de-DE","potentialAction":[{"@type":"ReadAction","target":["https:\/\/depagterinterieurs.nl\/de\/collectie\/marke\/karpi-de\/teppich-lago\/"]}]},{"@type":"ImageObject","inLanguage":"de-DE","@id":"https:\/\/depagterinterieurs.nl\/de\/collectie\/marke\/karpi-de\/teppich-lago\/#primaryimage","url":"https:\/\/depagterinterieurs.nl\/wp-content\/uploads\/2024\/04\/Lago_21-02_1300x867.webp","contentUrl":"https:\/\/depagterinterieurs.nl\/wp-content\/uploads\/2024\/04\/Lago_21-02_1300x867.webp","width":1300,"height":867},{"@type":"BreadcrumbList","@id":"https:\/\/depagterinterieurs.nl\/de\/collectie\/marke\/karpi-de\/teppich-lago\/#breadcrumb","itemListElement":[{"@type":"ListItem","position":1,"name":"Home","item":"https:\/\/depagterinterieurs.nl\/de\/homepagina-de\/"},{"@type":"ListItem","position":2,"name":"Kollektion","item":"https:\/\/depagterinterieurs.nl\/de\/kollektion\/"},{"@type":"ListItem","position":3,"name":"Teppich Lago"}]},{"@type":"WebSite","@id":"https:\/\/depagterinterieurs.nl\/de\/#website","url":"https:\/\/depagterinterieurs.nl\/de\/","name":"De Pagter Interieurs","description":"M\u00f6belgesch\u00e4fte in Middelburg - Domburg - Veere","potentialAction":[{"@type":"SearchAction","target":{"@type":"EntryPoint","urlTemplate":"https:\/\/depagterinterieurs.nl\/de\/?s={search_term_string}"},"query-input":{"@type":"PropertyValueSpecification","valueRequired":true,"valueName":"search_term_string"}}],"inLanguage":"de-DE"}]}},"_links":{"self":[{"href":"https:\/\/depagterinterieurs.nl\/de\/wp-json\/wp\/v2\/product\/101375","targetHints":{"allow":["GET"]}}],"collection":[{"href":"https:\/\/depagterinterieurs.nl\/de\/wp-json\/wp\/v2\/product"}],"about":[{"href":"https:\/\/depagterinterieurs.nl\/de\/wp-json\/wp\/v2\/types\/product"}],"wp:featuredmedia":[{"embeddable":true,"href":"https:\/\/depagterinterieurs.nl\/de\/wp-json\/wp\/v2\/media\/100517"}],"wp:attachment":[{"href":"https:\/\/depagterinterieurs.nl\/de\/wp-json\/wp\/v2\/media?parent=101375"}],"wp:term":[{"taxonomy":"product_brand","embeddable":true,"href":"https:\/\/depagterinterieurs.nl\/de\/wp-json\/wp\/v2\/product_brand?post=101375"},{"taxonomy":"product_cat","embeddable":true,"href":"https:\/\/depagterinterieurs.nl\/de\/wp-json\/wp\/v2\/product_cat?post=101375"},{"taxonomy":"product_tag","embeddable":true,"href":"https:\/\/depagterinterieurs.nl\/de\/wp-json\/wp\/v2\/product_tag?post=101375"}],"curies":[{"name":"wp","href":"https:\/\/api.w.org\/{rel}","templated":true}]}}