{"id":101832,"date":"2024-04-11T14:01:50","date_gmt":"2024-04-12T12:49:51","guid":{"rendered":"https:\/\/depagterinterieurs.nl\/collectie\/unkategorisiert\/teppich-velvet-touch-mart-visser\/"},"modified":"2024-04-12T13:49:51","modified_gmt":"2024-04-12T12:49:51","slug":"teppich-velvet-touch-mart-visser","status":"publish","type":"product","link":"https:\/\/depagterinterieurs.nl\/de\/collectie\/marke\/karpi-de\/teppich-velvet-touch-mart-visser\/","title":{"rendered":"Teppich Velvet Touch &#8211; Mart Visser"},"content":{"rendered":"","protected":false},"excerpt":{"rendered":"<p>Dieser auff\u00e4llige Teppich ist ein Spiegelbild der k\u00fcnstlerischen Vision von Mart Visser.<\/p>\n<p>Dieses Design strahlt Eleganz und Originalit\u00e4t aus, mit wundersch\u00f6nen Farbkombinationen und kr\u00e4ftigen Mustern, die in jedem Raum ein Hingucker sind.<\/p>\n<p>Dieser Teppich ist auch als Ma\u00dfanfertigung erh\u00e4ltlich, der Preis betr\u00e4gt 139 \u20ac pro Quadratmeter.<\/p>\n","protected":false},"featured_media":101473,"template":"","meta":[],"product_brand":[],"product_cat":[545,399,225],"product_tag":[],"class_list":{"0":"post-101832","1":"product","2":"type-product","3":"status-publish","4":"has-post-thumbnail","6":"product_cat-karpi-de","7":"product_cat-marke","8":"product_cat-teppiche","10":"first","11":"instock","12":"shipping-taxable","13":"purchasable","14":"product-type-variable"},"yoast_head":"<!-- This site is optimized with the Yoast SEO plugin v27.3 - https:\/\/yoast.com\/product\/yoast-seo-wordpress\/ -->\n<title>Teppich Velvet Touch - Mart Visser - De Pagter Interieurs<\/title>\n<meta name=\"description\" content=\"Dieser auff\u00e4llige Teppich ist ein Spiegelbild der k\u00fcnstlerischen Vision von Mart Visser. Dieses Design strahlt Eleganz und Originalit\u00e4t aus, mit wundersch\u00f6nen Farbkombinationen und kr\u00e4ftigen Mustern, die in jedem Raum ein Hingucker sind.\" \/>\n<meta name=\"robots\" content=\"index, follow, max-snippet:-1, max-image-preview:large, max-video-preview:-1\" \/>\n<link rel=\"canonical\" href=\"https:\/\/depagterinterieurs.nl\/de\/collectie\/marke\/karpi-de\/teppich-velvet-touch-mart-visser\/\" \/>\n<meta property=\"og:locale\" content=\"de_DE\" \/>\n<meta property=\"og:type\" content=\"article\" \/>\n<meta property=\"og:title\" content=\"Teppich Velvet Touch - Mart Visser - De Pagter Interieurs\" \/>\n<meta property=\"og:description\" content=\"Dieser auff\u00e4llige Teppich ist ein Spiegelbild der k\u00fcnstlerischen Vision von Mart Visser. Dieses Design strahlt Eleganz und Originalit\u00e4t aus, mit wundersch\u00f6nen Farbkombinationen und kr\u00e4ftigen Mustern, die in jedem Raum ein Hingucker sind.\" \/>\n<meta property=\"og:url\" content=\"https:\/\/depagterinterieurs.nl\/de\/collectie\/marke\/karpi-de\/teppich-velvet-touch-mart-visser\/\" \/>\n<meta property=\"og:site_name\" content=\"De Pagter Interieurs\" \/>\n<meta property=\"article:publisher\" content=\"https:\/\/www.facebook.com\/depagterinterieurs\/\" \/>\n<meta property=\"og:image\" content=\"https:\/\/depagterinterieurs.nl\/wp-content\/uploads\/2024\/04\/Velver-Touch15-02_1800x1201-1.webp\" \/>\n\t<meta property=\"og:image:width\" content=\"1799\" \/>\n\t<meta property=\"og:image:height\" content=\"1201\" \/>\n\t<meta property=\"og:image:type\" content=\"image\/webp\" \/>\n<meta name=\"twitter:card\" content=\"summary_large_image\" \/>\n<script type=\"application\/ld+json\" class=\"yoast-schema-graph\">{\"@context\":\"https:\\\/\\\/schema.org\",\"@graph\":[{\"@type\":\"WebPage\",\"@id\":\"https:\\\/\\\/depagterinterieurs.nl\\\/de\\\/collectie\\\/marke\\\/karpi-de\\\/teppich-velvet-touch-mart-visser\\\/\",\"url\":\"https:\\\/\\\/depagterinterieurs.nl\\\/de\\\/collectie\\\/marke\\\/karpi-de\\\/teppich-velvet-touch-mart-visser\\\/\",\"name\":\"Teppich Velvet Touch - Mart Visser - De Pagter Interieurs\",\"isPartOf\":{\"@id\":\"https:\\\/\\\/depagterinterieurs.nl\\\/de\\\/#website\"},\"primaryImageOfPage\":{\"@id\":\"https:\\\/\\\/depagterinterieurs.nl\\\/de\\\/collectie\\\/marke\\\/karpi-de\\\/teppich-velvet-touch-mart-visser\\\/#primaryimage\"},\"image\":{\"@id\":\"https:\\\/\\\/depagterinterieurs.nl\\\/de\\\/collectie\\\/marke\\\/karpi-de\\\/teppich-velvet-touch-mart-visser\\\/#primaryimage\"},\"thumbnailUrl\":\"https:\\\/\\\/depagterinterieurs.nl\\\/wp-content\\\/uploads\\\/2024\\\/04\\\/Velver-Touch15-02_1800x1201-1.webp\",\"datePublished\":\"2024-04-12T12:49:51+00:00\",\"description\":\"Dieser auff\u00e4llige Teppich ist ein Spiegelbild der k\u00fcnstlerischen Vision von Mart Visser. Dieses Design strahlt Eleganz und Originalit\u00e4t aus, mit wundersch\u00f6nen Farbkombinationen und kr\u00e4ftigen Mustern, die in jedem Raum ein Hingucker sind.\",\"breadcrumb\":{\"@id\":\"https:\\\/\\\/depagterinterieurs.nl\\\/de\\\/collectie\\\/marke\\\/karpi-de\\\/teppich-velvet-touch-mart-visser\\\/#breadcrumb\"},\"inLanguage\":\"de-DE\",\"potentialAction\":[{\"@type\":\"ReadAction\",\"target\":[\"https:\\\/\\\/depagterinterieurs.nl\\\/de\\\/collectie\\\/marke\\\/karpi-de\\\/teppich-velvet-touch-mart-visser\\\/\"]}]},{\"@type\":\"ImageObject\",\"inLanguage\":\"de-DE\",\"@id\":\"https:\\\/\\\/depagterinterieurs.nl\\\/de\\\/collectie\\\/marke\\\/karpi-de\\\/teppich-velvet-touch-mart-visser\\\/#primaryimage\",\"url\":\"https:\\\/\\\/depagterinterieurs.nl\\\/wp-content\\\/uploads\\\/2024\\\/04\\\/Velver-Touch15-02_1800x1201-1.webp\",\"contentUrl\":\"https:\\\/\\\/depagterinterieurs.nl\\\/wp-content\\\/uploads\\\/2024\\\/04\\\/Velver-Touch15-02_1800x1201-1.webp\",\"width\":1799,\"height\":1201},{\"@type\":\"BreadcrumbList\",\"@id\":\"https:\\\/\\\/depagterinterieurs.nl\\\/de\\\/collectie\\\/marke\\\/karpi-de\\\/teppich-velvet-touch-mart-visser\\\/#breadcrumb\",\"itemListElement\":[{\"@type\":\"ListItem\",\"position\":1,\"name\":\"Home\",\"item\":\"https:\\\/\\\/depagterinterieurs.nl\\\/de\\\/homepagina-de\\\/\"},{\"@type\":\"ListItem\",\"position\":2,\"name\":\"Kollektion\",\"item\":\"https:\\\/\\\/depagterinterieurs.nl\\\/de\\\/kollektion\\\/\"},{\"@type\":\"ListItem\",\"position\":3,\"name\":\"Teppich Velvet Touch &#8211; Mart Visser\"}]},{\"@type\":\"WebSite\",\"@id\":\"https:\\\/\\\/depagterinterieurs.nl\\\/de\\\/#website\",\"url\":\"https:\\\/\\\/depagterinterieurs.nl\\\/de\\\/\",\"name\":\"De Pagter Interieurs\",\"description\":\"M\u00f6belgesch\u00e4fte in Middelburg - Domburg - Veere\",\"potentialAction\":[{\"@type\":\"SearchAction\",\"target\":{\"@type\":\"EntryPoint\",\"urlTemplate\":\"https:\\\/\\\/depagterinterieurs.nl\\\/de\\\/?s={search_term_string}\"},\"query-input\":{\"@type\":\"PropertyValueSpecification\",\"valueRequired\":true,\"valueName\":\"search_term_string\"}}],\"inLanguage\":\"de-DE\"}]}<\/script>\n<!-- \/ Yoast SEO plugin. -->","yoast_head_json":{"title":"Teppich Velvet Touch - Mart Visser - De Pagter Interieurs","description":"Dieser auff\u00e4llige Teppich ist ein Spiegelbild der k\u00fcnstlerischen Vision von Mart Visser. Dieses Design strahlt Eleganz und Originalit\u00e4t aus, mit wundersch\u00f6nen Farbkombinationen und kr\u00e4ftigen Mustern, die in jedem Raum ein Hingucker sind.","robots":{"index":"index","follow":"follow","max-snippet":"max-snippet:-1","max-image-preview":"max-image-preview:large","max-video-preview":"max-video-preview:-1"},"canonical":"https:\/\/depagterinterieurs.nl\/de\/collectie\/marke\/karpi-de\/teppich-velvet-touch-mart-visser\/","og_locale":"de_DE","og_type":"article","og_title":"Teppich Velvet Touch - Mart Visser - De Pagter Interieurs","og_description":"Dieser auff\u00e4llige Teppich ist ein Spiegelbild der k\u00fcnstlerischen Vision von Mart Visser. Dieses Design strahlt Eleganz und Originalit\u00e4t aus, mit wundersch\u00f6nen Farbkombinationen und kr\u00e4ftigen Mustern, die in jedem Raum ein Hingucker sind.","og_url":"https:\/\/depagterinterieurs.nl\/de\/collectie\/marke\/karpi-de\/teppich-velvet-touch-mart-visser\/","og_site_name":"De Pagter Interieurs","article_publisher":"https:\/\/www.facebook.com\/depagterinterieurs\/","og_image":[{"width":1799,"height":1201,"url":"https:\/\/depagterinterieurs.nl\/wp-content\/uploads\/2024\/04\/Velver-Touch15-02_1800x1201-1.webp","type":"image\/webp"}],"twitter_card":"summary_large_image","schema":{"@context":"https:\/\/schema.org","@graph":[{"@type":"WebPage","@id":"https:\/\/depagterinterieurs.nl\/de\/collectie\/marke\/karpi-de\/teppich-velvet-touch-mart-visser\/","url":"https:\/\/depagterinterieurs.nl\/de\/collectie\/marke\/karpi-de\/teppich-velvet-touch-mart-visser\/","name":"Teppich Velvet Touch - Mart Visser - De Pagter Interieurs","isPartOf":{"@id":"https:\/\/depagterinterieurs.nl\/de\/#website"},"primaryImageOfPage":{"@id":"https:\/\/depagterinterieurs.nl\/de\/collectie\/marke\/karpi-de\/teppich-velvet-touch-mart-visser\/#primaryimage"},"image":{"@id":"https:\/\/depagterinterieurs.nl\/de\/collectie\/marke\/karpi-de\/teppich-velvet-touch-mart-visser\/#primaryimage"},"thumbnailUrl":"https:\/\/depagterinterieurs.nl\/wp-content\/uploads\/2024\/04\/Velver-Touch15-02_1800x1201-1.webp","datePublished":"2024-04-12T12:49:51+00:00","description":"Dieser auff\u00e4llige Teppich ist ein Spiegelbild der k\u00fcnstlerischen Vision von Mart Visser. Dieses Design strahlt Eleganz und Originalit\u00e4t aus, mit wundersch\u00f6nen Farbkombinationen und kr\u00e4ftigen Mustern, die in jedem Raum ein Hingucker sind.","breadcrumb":{"@id":"https:\/\/depagterinterieurs.nl\/de\/collectie\/marke\/karpi-de\/teppich-velvet-touch-mart-visser\/#breadcrumb"},"inLanguage":"de-DE","potentialAction":[{"@type":"ReadAction","target":["https:\/\/depagterinterieurs.nl\/de\/collectie\/marke\/karpi-de\/teppich-velvet-touch-mart-visser\/"]}]},{"@type":"ImageObject","inLanguage":"de-DE","@id":"https:\/\/depagterinterieurs.nl\/de\/collectie\/marke\/karpi-de\/teppich-velvet-touch-mart-visser\/#primaryimage","url":"https:\/\/depagterinterieurs.nl\/wp-content\/uploads\/2024\/04\/Velver-Touch15-02_1800x1201-1.webp","contentUrl":"https:\/\/depagterinterieurs.nl\/wp-content\/uploads\/2024\/04\/Velver-Touch15-02_1800x1201-1.webp","width":1799,"height":1201},{"@type":"BreadcrumbList","@id":"https:\/\/depagterinterieurs.nl\/de\/collectie\/marke\/karpi-de\/teppich-velvet-touch-mart-visser\/#breadcrumb","itemListElement":[{"@type":"ListItem","position":1,"name":"Home","item":"https:\/\/depagterinterieurs.nl\/de\/homepagina-de\/"},{"@type":"ListItem","position":2,"name":"Kollektion","item":"https:\/\/depagterinterieurs.nl\/de\/kollektion\/"},{"@type":"ListItem","position":3,"name":"Teppich Velvet Touch &#8211; Mart Visser"}]},{"@type":"WebSite","@id":"https:\/\/depagterinterieurs.nl\/de\/#website","url":"https:\/\/depagterinterieurs.nl\/de\/","name":"De Pagter Interieurs","description":"M\u00f6belgesch\u00e4fte in Middelburg - Domburg - Veere","potentialAction":[{"@type":"SearchAction","target":{"@type":"EntryPoint","urlTemplate":"https:\/\/depagterinterieurs.nl\/de\/?s={search_term_string}"},"query-input":{"@type":"PropertyValueSpecification","valueRequired":true,"valueName":"search_term_string"}}],"inLanguage":"de-DE"}]}},"_links":{"self":[{"href":"https:\/\/depagterinterieurs.nl\/de\/wp-json\/wp\/v2\/product\/101832","targetHints":{"allow":["GET"]}}],"collection":[{"href":"https:\/\/depagterinterieurs.nl\/de\/wp-json\/wp\/v2\/product"}],"about":[{"href":"https:\/\/depagterinterieurs.nl\/de\/wp-json\/wp\/v2\/types\/product"}],"wp:featuredmedia":[{"embeddable":true,"href":"https:\/\/depagterinterieurs.nl\/de\/wp-json\/wp\/v2\/media\/101473"}],"wp:attachment":[{"href":"https:\/\/depagterinterieurs.nl\/de\/wp-json\/wp\/v2\/media?parent=101832"}],"wp:term":[{"taxonomy":"product_brand","embeddable":true,"href":"https:\/\/depagterinterieurs.nl\/de\/wp-json\/wp\/v2\/product_brand?post=101832"},{"taxonomy":"product_cat","embeddable":true,"href":"https:\/\/depagterinterieurs.nl\/de\/wp-json\/wp\/v2\/product_cat?post=101832"},{"taxonomy":"product_tag","embeddable":true,"href":"https:\/\/depagterinterieurs.nl\/de\/wp-json\/wp\/v2\/product_tag?post=101832"}],"curies":[{"name":"wp","href":"https:\/\/api.w.org\/{rel}","templated":true}]}}