{"id":122473,"date":"2024-08-09T15:42:25","date_gmt":"2024-09-17T15:21:16","guid":{"rendered":"https:\/\/depagterinterieurs.nl\/?post_type=product&#038;p=122473"},"modified":"2024-09-17T16:21:16","modified_gmt":"2024-09-17T15:21:16","slug":"coffee-table-falcon-view-kopie","status":"publish","type":"product","link":"https:\/\/depagterinterieurs.nl\/de\/collectie\/marke\/marke-eichholtz-zeeland\/coffee-table-falcon-view-kopie\/","title":{"rendered":"COFFEE TABLE FALCON VIEW&#x2122;"},"content":{"rendered":"","protected":false},"excerpt":{"rendered":"<p>Mit Ankl\u00e4ngen an den italienischen Vintage-Stil der 70er Jahre ist der Couchtisch Falcon View mit seiner abgeschr\u00e4gten, mit schwarzem Marmor geschliffenen Glasplatte der ultimative Couchtisch f\u00fcr Sie. Die charakteristische sechseckige Silhouette von Philipp Plein ist ikonisch und rundet den Tisch ab.  &nbsp;<\/p>\n","protected":false},"featured_media":77908,"template":"","meta":[],"product_brand":[],"product_cat":[271,342,398,399,361,101],"product_tag":[],"class_list":{"0":"post-122473","1":"product","2":"type-product","3":"status-publish","4":"has-post-thumbnail","6":"product_cat-angebot","7":"product_cat-couchtische","8":"product_cat-marke-eichholtz-zeeland","9":"product_cat-marke","10":"product_cat-philipp-plein-x-eichholtz","11":"product_cat-wand-und-couchtische","13":"first","14":"instock","15":"sale","16":"shipping-taxable","17":"purchasable","18":"product-type-simple"},"yoast_head":"<!-- This site is optimized with the Yoast SEO plugin v27.3 - https:\/\/yoast.com\/product\/yoast-seo-wordpress\/ -->\n<title>COFFEE TABLE FALCON VIEW&#x2122; - De Pagter Interieurs<\/title>\n<meta name=\"description\" content=\"Mit Ankl\u00e4ngen an den italienischen Vintage-Stil der 1970er Jahre ist der Falcon View Couchtisch mit seiner abgeschr\u00e4gten Glasplatte, die mit schwarzem Marmor geschliffen ist, der ultimative Couchtisch f\u00fcr SIE.Philipp Pleins charakteristische sechseckige Silhouette ist ikonisch und vervollst\u00e4ndigt den Tisch wirklich.\" \/>\n<meta name=\"robots\" content=\"index, follow, max-snippet:-1, max-image-preview:large, max-video-preview:-1\" \/>\n<link rel=\"canonical\" href=\"https:\/\/depagterinterieurs.nl\/de\/collectie\/marke\/marke-eichholtz-zeeland\/coffee-table-falcon-view-kopie\/\" \/>\n<meta property=\"og:locale\" content=\"de_DE\" \/>\n<meta property=\"og:type\" content=\"article\" \/>\n<meta property=\"og:title\" content=\"COFFEE TABLE FALCON VIEW&#x2122; - De Pagter Interieurs\" \/>\n<meta property=\"og:description\" content=\"Mit Ankl\u00e4ngen an den italienischen Vintage-Stil der 1970er Jahre ist der Falcon View Couchtisch mit seiner abgeschr\u00e4gten Glasplatte, die mit schwarzem Marmor geschliffen ist, der ultimative Couchtisch f\u00fcr SIE.Philipp Pleins charakteristische sechseckige Silhouette ist ikonisch und vervollst\u00e4ndigt den Tisch wirklich.\" \/>\n<meta property=\"og:url\" content=\"https:\/\/depagterinterieurs.nl\/de\/collectie\/marke\/marke-eichholtz-zeeland\/coffee-table-falcon-view-kopie\/\" \/>\n<meta property=\"og:site_name\" content=\"De Pagter Interieurs\" \/>\n<meta property=\"article:publisher\" content=\"https:\/\/www.facebook.com\/depagterinterieurs\/\" \/>\n<meta property=\"og:image\" content=\"https:\/\/depagterinterieurs.nl\/wp-content\/uploads\/2023\/04\/Coffee-Table-PP-groot.jpg\" \/>\n\t<meta property=\"og:image:width\" content=\"1080\" \/>\n\t<meta property=\"og:image:height\" content=\"1080\" \/>\n\t<meta property=\"og:image:type\" content=\"image\/jpeg\" \/>\n<meta name=\"twitter:card\" content=\"summary_large_image\" \/>\n<script type=\"application\/ld+json\" class=\"yoast-schema-graph\">{\"@context\":\"https:\\\/\\\/schema.org\",\"@graph\":[{\"@type\":\"WebPage\",\"@id\":\"https:\\\/\\\/depagterinterieurs.nl\\\/de\\\/collectie\\\/marke\\\/marke-eichholtz-zeeland\\\/coffee-table-falcon-view-kopie\\\/\",\"url\":\"https:\\\/\\\/depagterinterieurs.nl\\\/de\\\/collectie\\\/marke\\\/marke-eichholtz-zeeland\\\/coffee-table-falcon-view-kopie\\\/\",\"name\":\"COFFEE TABLE FALCON VIEW&#x2122; - De Pagter Interieurs\",\"isPartOf\":{\"@id\":\"https:\\\/\\\/depagterinterieurs.nl\\\/de\\\/#website\"},\"primaryImageOfPage\":{\"@id\":\"https:\\\/\\\/depagterinterieurs.nl\\\/de\\\/collectie\\\/marke\\\/marke-eichholtz-zeeland\\\/coffee-table-falcon-view-kopie\\\/#primaryimage\"},\"image\":{\"@id\":\"https:\\\/\\\/depagterinterieurs.nl\\\/de\\\/collectie\\\/marke\\\/marke-eichholtz-zeeland\\\/coffee-table-falcon-view-kopie\\\/#primaryimage\"},\"thumbnailUrl\":\"https:\\\/\\\/depagterinterieurs.nl\\\/wp-content\\\/uploads\\\/2023\\\/04\\\/Coffee-Table-PP-groot.jpg\",\"datePublished\":\"2024-09-17T15:21:16+00:00\",\"description\":\"Mit Ankl\u00e4ngen an den italienischen Vintage-Stil der 1970er Jahre ist der Falcon View Couchtisch mit seiner abgeschr\u00e4gten Glasplatte, die mit schwarzem Marmor geschliffen ist, der ultimative Couchtisch f\u00fcr SIE.Philipp Pleins charakteristische sechseckige Silhouette ist ikonisch und vervollst\u00e4ndigt den Tisch wirklich.\",\"breadcrumb\":{\"@id\":\"https:\\\/\\\/depagterinterieurs.nl\\\/de\\\/collectie\\\/marke\\\/marke-eichholtz-zeeland\\\/coffee-table-falcon-view-kopie\\\/#breadcrumb\"},\"inLanguage\":\"de-DE\",\"potentialAction\":[{\"@type\":\"ReadAction\",\"target\":[\"https:\\\/\\\/depagterinterieurs.nl\\\/de\\\/collectie\\\/marke\\\/marke-eichholtz-zeeland\\\/coffee-table-falcon-view-kopie\\\/\"]}]},{\"@type\":\"ImageObject\",\"inLanguage\":\"de-DE\",\"@id\":\"https:\\\/\\\/depagterinterieurs.nl\\\/de\\\/collectie\\\/marke\\\/marke-eichholtz-zeeland\\\/coffee-table-falcon-view-kopie\\\/#primaryimage\",\"url\":\"https:\\\/\\\/depagterinterieurs.nl\\\/wp-content\\\/uploads\\\/2023\\\/04\\\/Coffee-Table-PP-groot.jpg\",\"contentUrl\":\"https:\\\/\\\/depagterinterieurs.nl\\\/wp-content\\\/uploads\\\/2023\\\/04\\\/Coffee-Table-PP-groot.jpg\",\"width\":1080,\"height\":1080},{\"@type\":\"BreadcrumbList\",\"@id\":\"https:\\\/\\\/depagterinterieurs.nl\\\/de\\\/collectie\\\/marke\\\/marke-eichholtz-zeeland\\\/coffee-table-falcon-view-kopie\\\/#breadcrumb\",\"itemListElement\":[{\"@type\":\"ListItem\",\"position\":1,\"name\":\"Home\",\"item\":\"https:\\\/\\\/depagterinterieurs.nl\\\/de\\\/homepagina-de\\\/\"},{\"@type\":\"ListItem\",\"position\":2,\"name\":\"Kollektion\",\"item\":\"https:\\\/\\\/depagterinterieurs.nl\\\/de\\\/kollektion\\\/\"},{\"@type\":\"ListItem\",\"position\":3,\"name\":\"COFFEE TABLE FALCON VIEW&#x2122;\"}]},{\"@type\":\"WebSite\",\"@id\":\"https:\\\/\\\/depagterinterieurs.nl\\\/de\\\/#website\",\"url\":\"https:\\\/\\\/depagterinterieurs.nl\\\/de\\\/\",\"name\":\"De Pagter Interieurs\",\"description\":\"M\u00f6belgesch\u00e4fte in Middelburg - Domburg - Veere\",\"potentialAction\":[{\"@type\":\"SearchAction\",\"target\":{\"@type\":\"EntryPoint\",\"urlTemplate\":\"https:\\\/\\\/depagterinterieurs.nl\\\/de\\\/?s={search_term_string}\"},\"query-input\":{\"@type\":\"PropertyValueSpecification\",\"valueRequired\":true,\"valueName\":\"search_term_string\"}}],\"inLanguage\":\"de-DE\"}]}<\/script>\n<!-- \/ Yoast SEO plugin. -->","yoast_head_json":{"title":"COFFEE TABLE FALCON VIEW&#x2122; - De Pagter Interieurs","description":"Mit Ankl\u00e4ngen an den italienischen Vintage-Stil der 1970er Jahre ist der Falcon View Couchtisch mit seiner abgeschr\u00e4gten Glasplatte, die mit schwarzem Marmor geschliffen ist, der ultimative Couchtisch f\u00fcr SIE.Philipp Pleins charakteristische sechseckige Silhouette ist ikonisch und vervollst\u00e4ndigt den Tisch wirklich.","robots":{"index":"index","follow":"follow","max-snippet":"max-snippet:-1","max-image-preview":"max-image-preview:large","max-video-preview":"max-video-preview:-1"},"canonical":"https:\/\/depagterinterieurs.nl\/de\/collectie\/marke\/marke-eichholtz-zeeland\/coffee-table-falcon-view-kopie\/","og_locale":"de_DE","og_type":"article","og_title":"COFFEE TABLE FALCON VIEW&#x2122; - De Pagter Interieurs","og_description":"Mit Ankl\u00e4ngen an den italienischen Vintage-Stil der 1970er Jahre ist der Falcon View Couchtisch mit seiner abgeschr\u00e4gten Glasplatte, die mit schwarzem Marmor geschliffen ist, der ultimative Couchtisch f\u00fcr SIE.Philipp Pleins charakteristische sechseckige Silhouette ist ikonisch und vervollst\u00e4ndigt den Tisch wirklich.","og_url":"https:\/\/depagterinterieurs.nl\/de\/collectie\/marke\/marke-eichholtz-zeeland\/coffee-table-falcon-view-kopie\/","og_site_name":"De Pagter Interieurs","article_publisher":"https:\/\/www.facebook.com\/depagterinterieurs\/","og_image":[{"width":1080,"height":1080,"url":"https:\/\/depagterinterieurs.nl\/wp-content\/uploads\/2023\/04\/Coffee-Table-PP-groot.jpg","type":"image\/jpeg"}],"twitter_card":"summary_large_image","schema":{"@context":"https:\/\/schema.org","@graph":[{"@type":"WebPage","@id":"https:\/\/depagterinterieurs.nl\/de\/collectie\/marke\/marke-eichholtz-zeeland\/coffee-table-falcon-view-kopie\/","url":"https:\/\/depagterinterieurs.nl\/de\/collectie\/marke\/marke-eichholtz-zeeland\/coffee-table-falcon-view-kopie\/","name":"COFFEE TABLE FALCON VIEW&#x2122; - De Pagter Interieurs","isPartOf":{"@id":"https:\/\/depagterinterieurs.nl\/de\/#website"},"primaryImageOfPage":{"@id":"https:\/\/depagterinterieurs.nl\/de\/collectie\/marke\/marke-eichholtz-zeeland\/coffee-table-falcon-view-kopie\/#primaryimage"},"image":{"@id":"https:\/\/depagterinterieurs.nl\/de\/collectie\/marke\/marke-eichholtz-zeeland\/coffee-table-falcon-view-kopie\/#primaryimage"},"thumbnailUrl":"https:\/\/depagterinterieurs.nl\/wp-content\/uploads\/2023\/04\/Coffee-Table-PP-groot.jpg","datePublished":"2024-09-17T15:21:16+00:00","description":"Mit Ankl\u00e4ngen an den italienischen Vintage-Stil der 1970er Jahre ist der Falcon View Couchtisch mit seiner abgeschr\u00e4gten Glasplatte, die mit schwarzem Marmor geschliffen ist, der ultimative Couchtisch f\u00fcr SIE.Philipp Pleins charakteristische sechseckige Silhouette ist ikonisch und vervollst\u00e4ndigt den Tisch wirklich.","breadcrumb":{"@id":"https:\/\/depagterinterieurs.nl\/de\/collectie\/marke\/marke-eichholtz-zeeland\/coffee-table-falcon-view-kopie\/#breadcrumb"},"inLanguage":"de-DE","potentialAction":[{"@type":"ReadAction","target":["https:\/\/depagterinterieurs.nl\/de\/collectie\/marke\/marke-eichholtz-zeeland\/coffee-table-falcon-view-kopie\/"]}]},{"@type":"ImageObject","inLanguage":"de-DE","@id":"https:\/\/depagterinterieurs.nl\/de\/collectie\/marke\/marke-eichholtz-zeeland\/coffee-table-falcon-view-kopie\/#primaryimage","url":"https:\/\/depagterinterieurs.nl\/wp-content\/uploads\/2023\/04\/Coffee-Table-PP-groot.jpg","contentUrl":"https:\/\/depagterinterieurs.nl\/wp-content\/uploads\/2023\/04\/Coffee-Table-PP-groot.jpg","width":1080,"height":1080},{"@type":"BreadcrumbList","@id":"https:\/\/depagterinterieurs.nl\/de\/collectie\/marke\/marke-eichholtz-zeeland\/coffee-table-falcon-view-kopie\/#breadcrumb","itemListElement":[{"@type":"ListItem","position":1,"name":"Home","item":"https:\/\/depagterinterieurs.nl\/de\/homepagina-de\/"},{"@type":"ListItem","position":2,"name":"Kollektion","item":"https:\/\/depagterinterieurs.nl\/de\/kollektion\/"},{"@type":"ListItem","position":3,"name":"COFFEE TABLE FALCON VIEW&#x2122;"}]},{"@type":"WebSite","@id":"https:\/\/depagterinterieurs.nl\/de\/#website","url":"https:\/\/depagterinterieurs.nl\/de\/","name":"De Pagter Interieurs","description":"M\u00f6belgesch\u00e4fte in Middelburg - Domburg - Veere","potentialAction":[{"@type":"SearchAction","target":{"@type":"EntryPoint","urlTemplate":"https:\/\/depagterinterieurs.nl\/de\/?s={search_term_string}"},"query-input":{"@type":"PropertyValueSpecification","valueRequired":true,"valueName":"search_term_string"}}],"inLanguage":"de-DE"}]}},"_links":{"self":[{"href":"https:\/\/depagterinterieurs.nl\/de\/wp-json\/wp\/v2\/product\/122473","targetHints":{"allow":["GET"]}}],"collection":[{"href":"https:\/\/depagterinterieurs.nl\/de\/wp-json\/wp\/v2\/product"}],"about":[{"href":"https:\/\/depagterinterieurs.nl\/de\/wp-json\/wp\/v2\/types\/product"}],"wp:featuredmedia":[{"embeddable":true,"href":"https:\/\/depagterinterieurs.nl\/de\/wp-json\/wp\/v2\/media\/77908"}],"wp:attachment":[{"href":"https:\/\/depagterinterieurs.nl\/de\/wp-json\/wp\/v2\/media?parent=122473"}],"wp:term":[{"taxonomy":"product_brand","embeddable":true,"href":"https:\/\/depagterinterieurs.nl\/de\/wp-json\/wp\/v2\/product_brand?post=122473"},{"taxonomy":"product_cat","embeddable":true,"href":"https:\/\/depagterinterieurs.nl\/de\/wp-json\/wp\/v2\/product_cat?post=122473"},{"taxonomy":"product_tag","embeddable":true,"href":"https:\/\/depagterinterieurs.nl\/de\/wp-json\/wp\/v2\/product_tag?post=122473"}],"curies":[{"name":"wp","href":"https:\/\/api.w.org\/{rel}","templated":true}]}}