{"id":122691,"date":"2024-08-10T13:55:25","date_gmt":"2024-08-10T13:43:05","guid":{"rendered":"https:\/\/depagterinterieurs.nl\/collectie\/unkategorisiert\/coffee-table-falcon-view\/"},"modified":"2024-08-10T14:43:05","modified_gmt":"2024-08-10T13:43:05","slug":"coffee-table-falcon-view","status":"publish","type":"product","link":"https:\/\/depagterinterieurs.nl\/de\/collectie\/marke\/marke-eichholtz-zeeland\/coffee-table-falcon-view\/","title":{"rendered":"COFFEE TABLE FALCON VIEW&#x2122;"},"content":{"rendered":"","protected":false},"excerpt":{"rendered":"<p>Mit Ankl\u00e4ngen an den italienischen Vintage-Stil der 70er Jahre ist der Couchtisch Falcon View mit seiner abgeschr\u00e4gten, mit schwarzem Marmor geschliffenen Glasplatte der ultimative Couchtisch f\u00fcr Sie. Die charakteristische sechseckige Silhouette von Philipp Plein ist ikonisch und rundet den Tisch ab.<\/p>\n","protected":false},"featured_media":122593,"template":"","meta":[],"product_brand":[],"product_cat":[271,342,398,399,361,101],"product_tag":[],"class_list":{"0":"post-122691","1":"product","2":"type-product","3":"status-publish","4":"has-post-thumbnail","6":"product_cat-angebot","7":"product_cat-couchtische","8":"product_cat-marke-eichholtz-zeeland","9":"product_cat-marke","10":"product_cat-philipp-plein-x-eichholtz","11":"product_cat-wand-und-couchtische","13":"first","14":"instock","15":"sale","16":"shipping-taxable","17":"purchasable","18":"product-type-simple"},"yoast_head":"<!-- This site is optimized with the Yoast SEO plugin v27.3 - https:\/\/yoast.com\/product\/yoast-seo-wordpress\/ -->\n<title>COFFEE TABLE FALCON VIEW&#x2122; - De Pagter Interieurs<\/title>\n<meta name=\"description\" content=\"Mit Ankl\u00e4ngen an den italienischen Vintage-Stil der 70er Jahre ist der Couchtisch Falcon View mit seiner abgeschr\u00e4gten, mit schwarzem Marmor geschliffenen Glasplatte der ultimative Couchtisch f\u00fcr Sie. Die charakteristische sechseckige Silhouette von Philipp Plein ist ikonisch und rundet den Tisch ab.\" \/>\n<meta name=\"robots\" content=\"index, follow, max-snippet:-1, max-image-preview:large, max-video-preview:-1\" \/>\n<link rel=\"canonical\" href=\"https:\/\/depagterinterieurs.nl\/de\/collectie\/marke\/marke-eichholtz-zeeland\/coffee-table-falcon-view\/\" \/>\n<meta property=\"og:locale\" content=\"de_DE\" \/>\n<meta property=\"og:type\" content=\"article\" \/>\n<meta property=\"og:title\" content=\"COFFEE TABLE FALCON VIEW&#x2122; - De Pagter Interieurs\" \/>\n<meta property=\"og:description\" content=\"Mit Ankl\u00e4ngen an den italienischen Vintage-Stil der 70er Jahre ist der Couchtisch Falcon View mit seiner abgeschr\u00e4gten, mit schwarzem Marmor geschliffenen Glasplatte der ultimative Couchtisch f\u00fcr Sie. Die charakteristische sechseckige Silhouette von Philipp Plein ist ikonisch und rundet den Tisch ab.\" \/>\n<meta property=\"og:url\" content=\"https:\/\/depagterinterieurs.nl\/de\/collectie\/marke\/marke-eichholtz-zeeland\/coffee-table-falcon-view\/\" \/>\n<meta property=\"og:site_name\" content=\"De Pagter Interieurs\" \/>\n<meta property=\"article:publisher\" content=\"https:\/\/www.facebook.com\/depagterinterieurs\/\" \/>\n<meta property=\"og:image\" content=\"https:\/\/depagterinterieurs.nl\/wp-content\/uploads\/2024\/08\/PP0197_0_1_1.jpg\" \/>\n\t<meta property=\"og:image:width\" content=\"768\" \/>\n\t<meta property=\"og:image:height\" content=\"768\" \/>\n\t<meta property=\"og:image:type\" content=\"image\/jpeg\" \/>\n<meta name=\"twitter:card\" content=\"summary_large_image\" \/>\n<script type=\"application\/ld+json\" class=\"yoast-schema-graph\">{\"@context\":\"https:\\\/\\\/schema.org\",\"@graph\":[{\"@type\":\"WebPage\",\"@id\":\"https:\\\/\\\/depagterinterieurs.nl\\\/de\\\/collectie\\\/marke\\\/marke-eichholtz-zeeland\\\/coffee-table-falcon-view\\\/\",\"url\":\"https:\\\/\\\/depagterinterieurs.nl\\\/de\\\/collectie\\\/marke\\\/marke-eichholtz-zeeland\\\/coffee-table-falcon-view\\\/\",\"name\":\"COFFEE TABLE FALCON VIEW&#x2122; - De Pagter Interieurs\",\"isPartOf\":{\"@id\":\"https:\\\/\\\/depagterinterieurs.nl\\\/de\\\/#website\"},\"primaryImageOfPage\":{\"@id\":\"https:\\\/\\\/depagterinterieurs.nl\\\/de\\\/collectie\\\/marke\\\/marke-eichholtz-zeeland\\\/coffee-table-falcon-view\\\/#primaryimage\"},\"image\":{\"@id\":\"https:\\\/\\\/depagterinterieurs.nl\\\/de\\\/collectie\\\/marke\\\/marke-eichholtz-zeeland\\\/coffee-table-falcon-view\\\/#primaryimage\"},\"thumbnailUrl\":\"https:\\\/\\\/depagterinterieurs.nl\\\/wp-content\\\/uploads\\\/2024\\\/08\\\/PP0197_0_1_1.jpg\",\"datePublished\":\"2024-08-10T13:43:05+00:00\",\"description\":\"Mit Ankl\u00e4ngen an den italienischen Vintage-Stil der 70er Jahre ist der Couchtisch Falcon View mit seiner abgeschr\u00e4gten, mit schwarzem Marmor geschliffenen Glasplatte der ultimative Couchtisch f\u00fcr Sie. Die charakteristische sechseckige Silhouette von Philipp Plein ist ikonisch und rundet den Tisch ab.\",\"breadcrumb\":{\"@id\":\"https:\\\/\\\/depagterinterieurs.nl\\\/de\\\/collectie\\\/marke\\\/marke-eichholtz-zeeland\\\/coffee-table-falcon-view\\\/#breadcrumb\"},\"inLanguage\":\"de-DE\",\"potentialAction\":[{\"@type\":\"ReadAction\",\"target\":[\"https:\\\/\\\/depagterinterieurs.nl\\\/de\\\/collectie\\\/marke\\\/marke-eichholtz-zeeland\\\/coffee-table-falcon-view\\\/\"]}]},{\"@type\":\"ImageObject\",\"inLanguage\":\"de-DE\",\"@id\":\"https:\\\/\\\/depagterinterieurs.nl\\\/de\\\/collectie\\\/marke\\\/marke-eichholtz-zeeland\\\/coffee-table-falcon-view\\\/#primaryimage\",\"url\":\"https:\\\/\\\/depagterinterieurs.nl\\\/wp-content\\\/uploads\\\/2024\\\/08\\\/PP0197_0_1_1.jpg\",\"contentUrl\":\"https:\\\/\\\/depagterinterieurs.nl\\\/wp-content\\\/uploads\\\/2024\\\/08\\\/PP0197_0_1_1.jpg\",\"width\":768,\"height\":768},{\"@type\":\"BreadcrumbList\",\"@id\":\"https:\\\/\\\/depagterinterieurs.nl\\\/de\\\/collectie\\\/marke\\\/marke-eichholtz-zeeland\\\/coffee-table-falcon-view\\\/#breadcrumb\",\"itemListElement\":[{\"@type\":\"ListItem\",\"position\":1,\"name\":\"Home\",\"item\":\"https:\\\/\\\/depagterinterieurs.nl\\\/de\\\/homepagina-de\\\/\"},{\"@type\":\"ListItem\",\"position\":2,\"name\":\"Kollektion\",\"item\":\"https:\\\/\\\/depagterinterieurs.nl\\\/de\\\/kollektion\\\/\"},{\"@type\":\"ListItem\",\"position\":3,\"name\":\"COFFEE TABLE FALCON VIEW&#x2122;\"}]},{\"@type\":\"WebSite\",\"@id\":\"https:\\\/\\\/depagterinterieurs.nl\\\/de\\\/#website\",\"url\":\"https:\\\/\\\/depagterinterieurs.nl\\\/de\\\/\",\"name\":\"De Pagter Interieurs\",\"description\":\"M\u00f6belgesch\u00e4fte in Middelburg - Domburg - Veere\",\"potentialAction\":[{\"@type\":\"SearchAction\",\"target\":{\"@type\":\"EntryPoint\",\"urlTemplate\":\"https:\\\/\\\/depagterinterieurs.nl\\\/de\\\/?s={search_term_string}\"},\"query-input\":{\"@type\":\"PropertyValueSpecification\",\"valueRequired\":true,\"valueName\":\"search_term_string\"}}],\"inLanguage\":\"de-DE\"}]}<\/script>\n<!-- \/ Yoast SEO plugin. -->","yoast_head_json":{"title":"COFFEE TABLE FALCON VIEW&#x2122; - De Pagter Interieurs","description":"Mit Ankl\u00e4ngen an den italienischen Vintage-Stil der 70er Jahre ist der Couchtisch Falcon View mit seiner abgeschr\u00e4gten, mit schwarzem Marmor geschliffenen Glasplatte der ultimative Couchtisch f\u00fcr Sie. Die charakteristische sechseckige Silhouette von Philipp Plein ist ikonisch und rundet den Tisch ab.","robots":{"index":"index","follow":"follow","max-snippet":"max-snippet:-1","max-image-preview":"max-image-preview:large","max-video-preview":"max-video-preview:-1"},"canonical":"https:\/\/depagterinterieurs.nl\/de\/collectie\/marke\/marke-eichholtz-zeeland\/coffee-table-falcon-view\/","og_locale":"de_DE","og_type":"article","og_title":"COFFEE TABLE FALCON VIEW&#x2122; - De Pagter Interieurs","og_description":"Mit Ankl\u00e4ngen an den italienischen Vintage-Stil der 70er Jahre ist der Couchtisch Falcon View mit seiner abgeschr\u00e4gten, mit schwarzem Marmor geschliffenen Glasplatte der ultimative Couchtisch f\u00fcr Sie. Die charakteristische sechseckige Silhouette von Philipp Plein ist ikonisch und rundet den Tisch ab.","og_url":"https:\/\/depagterinterieurs.nl\/de\/collectie\/marke\/marke-eichholtz-zeeland\/coffee-table-falcon-view\/","og_site_name":"De Pagter Interieurs","article_publisher":"https:\/\/www.facebook.com\/depagterinterieurs\/","og_image":[{"width":768,"height":768,"url":"https:\/\/depagterinterieurs.nl\/wp-content\/uploads\/2024\/08\/PP0197_0_1_1.jpg","type":"image\/jpeg"}],"twitter_card":"summary_large_image","schema":{"@context":"https:\/\/schema.org","@graph":[{"@type":"WebPage","@id":"https:\/\/depagterinterieurs.nl\/de\/collectie\/marke\/marke-eichholtz-zeeland\/coffee-table-falcon-view\/","url":"https:\/\/depagterinterieurs.nl\/de\/collectie\/marke\/marke-eichholtz-zeeland\/coffee-table-falcon-view\/","name":"COFFEE TABLE FALCON VIEW&#x2122; - De Pagter Interieurs","isPartOf":{"@id":"https:\/\/depagterinterieurs.nl\/de\/#website"},"primaryImageOfPage":{"@id":"https:\/\/depagterinterieurs.nl\/de\/collectie\/marke\/marke-eichholtz-zeeland\/coffee-table-falcon-view\/#primaryimage"},"image":{"@id":"https:\/\/depagterinterieurs.nl\/de\/collectie\/marke\/marke-eichholtz-zeeland\/coffee-table-falcon-view\/#primaryimage"},"thumbnailUrl":"https:\/\/depagterinterieurs.nl\/wp-content\/uploads\/2024\/08\/PP0197_0_1_1.jpg","datePublished":"2024-08-10T13:43:05+00:00","description":"Mit Ankl\u00e4ngen an den italienischen Vintage-Stil der 70er Jahre ist der Couchtisch Falcon View mit seiner abgeschr\u00e4gten, mit schwarzem Marmor geschliffenen Glasplatte der ultimative Couchtisch f\u00fcr Sie. Die charakteristische sechseckige Silhouette von Philipp Plein ist ikonisch und rundet den Tisch ab.","breadcrumb":{"@id":"https:\/\/depagterinterieurs.nl\/de\/collectie\/marke\/marke-eichholtz-zeeland\/coffee-table-falcon-view\/#breadcrumb"},"inLanguage":"de-DE","potentialAction":[{"@type":"ReadAction","target":["https:\/\/depagterinterieurs.nl\/de\/collectie\/marke\/marke-eichholtz-zeeland\/coffee-table-falcon-view\/"]}]},{"@type":"ImageObject","inLanguage":"de-DE","@id":"https:\/\/depagterinterieurs.nl\/de\/collectie\/marke\/marke-eichholtz-zeeland\/coffee-table-falcon-view\/#primaryimage","url":"https:\/\/depagterinterieurs.nl\/wp-content\/uploads\/2024\/08\/PP0197_0_1_1.jpg","contentUrl":"https:\/\/depagterinterieurs.nl\/wp-content\/uploads\/2024\/08\/PP0197_0_1_1.jpg","width":768,"height":768},{"@type":"BreadcrumbList","@id":"https:\/\/depagterinterieurs.nl\/de\/collectie\/marke\/marke-eichholtz-zeeland\/coffee-table-falcon-view\/#breadcrumb","itemListElement":[{"@type":"ListItem","position":1,"name":"Home","item":"https:\/\/depagterinterieurs.nl\/de\/homepagina-de\/"},{"@type":"ListItem","position":2,"name":"Kollektion","item":"https:\/\/depagterinterieurs.nl\/de\/kollektion\/"},{"@type":"ListItem","position":3,"name":"COFFEE TABLE FALCON VIEW&#x2122;"}]},{"@type":"WebSite","@id":"https:\/\/depagterinterieurs.nl\/de\/#website","url":"https:\/\/depagterinterieurs.nl\/de\/","name":"De Pagter Interieurs","description":"M\u00f6belgesch\u00e4fte in Middelburg - Domburg - Veere","potentialAction":[{"@type":"SearchAction","target":{"@type":"EntryPoint","urlTemplate":"https:\/\/depagterinterieurs.nl\/de\/?s={search_term_string}"},"query-input":{"@type":"PropertyValueSpecification","valueRequired":true,"valueName":"search_term_string"}}],"inLanguage":"de-DE"}]}},"_links":{"self":[{"href":"https:\/\/depagterinterieurs.nl\/de\/wp-json\/wp\/v2\/product\/122691","targetHints":{"allow":["GET"]}}],"collection":[{"href":"https:\/\/depagterinterieurs.nl\/de\/wp-json\/wp\/v2\/product"}],"about":[{"href":"https:\/\/depagterinterieurs.nl\/de\/wp-json\/wp\/v2\/types\/product"}],"wp:featuredmedia":[{"embeddable":true,"href":"https:\/\/depagterinterieurs.nl\/de\/wp-json\/wp\/v2\/media\/122593"}],"wp:attachment":[{"href":"https:\/\/depagterinterieurs.nl\/de\/wp-json\/wp\/v2\/media?parent=122691"}],"wp:term":[{"taxonomy":"product_brand","embeddable":true,"href":"https:\/\/depagterinterieurs.nl\/de\/wp-json\/wp\/v2\/product_brand?post=122691"},{"taxonomy":"product_cat","embeddable":true,"href":"https:\/\/depagterinterieurs.nl\/de\/wp-json\/wp\/v2\/product_cat?post=122691"},{"taxonomy":"product_tag","embeddable":true,"href":"https:\/\/depagterinterieurs.nl\/de\/wp-json\/wp\/v2\/product_tag?post=122691"}],"curies":[{"name":"wp","href":"https:\/\/api.w.org\/{rel}","templated":true}]}}