{"id":122693,"date":"2024-08-10T14:12:23","date_gmt":"2024-08-10T13:46:26","guid":{"rendered":"https:\/\/depagterinterieurs.nl\/collectie\/unkategorisiert\/cushion-silk-jungle\/"},"modified":"2024-08-10T14:46:26","modified_gmt":"2024-08-10T13:46:26","slug":"cushion-silk-jungle","status":"publish","type":"product","link":"https:\/\/depagterinterieurs.nl\/de\/collectie\/marke\/marke-eichholtz-zeeland\/cushion-silk-jungle\/","title":{"rendered":"CUSHION SILK JUNGLE&#x2122;"},"content":{"rendered":"","protected":false},"excerpt":{"rendered":"<p>Mit seinen gro\u00dfz\u00fcgigen Ma\u00dfen von 70&#215;70 cm und made in Italy, f\u00fchlt sich das mit Seide bedruckte Dschungelkissen mit seinem speziell entworfenen Druck mit Dschungeltieren und \u00fcppiger Tierwelt, der mit einer goldenen Plein-Signatur versehen ist, sch\u00f6n und wild an.<\/p>\n","protected":false},"featured_media":122517,"template":"","meta":[],"product_brand":[],"product_cat":[271,398,399,361,102],"product_tag":[],"class_list":{"0":"post-122693","1":"product","2":"type-product","3":"status-publish","4":"has-post-thumbnail","6":"product_cat-angebot","7":"product_cat-marke-eichholtz-zeeland","8":"product_cat-marke","9":"product_cat-philipp-plein-x-eichholtz","10":"product_cat-wohnaccesssoires","12":"first","13":"instock","14":"sale","15":"shipping-taxable","16":"purchasable","17":"product-type-simple"},"yoast_head":"<!-- This site is optimized with the Yoast SEO plugin v27.3 - https:\/\/yoast.com\/product\/yoast-seo-wordpress\/ -->\n<title>CUSHION SILK JUNGLE&#x2122; - De Pagter Interieurs<\/title>\n<meta name=\"description\" content=\"Mit seinen gro\u00dfz\u00fcgigen Ma\u00dfen von 70x70 cm und made in Italy, f\u00fchlt sich das mit Seide bedruckte Dschungelkissen mit seinem speziell entworfenen Druck mit Dschungeltieren und \u00fcppiger Tierwelt, der mit einer goldenen Plein-Signatur versehen ist, sch\u00f6n und wild an.\" \/>\n<meta name=\"robots\" content=\"index, follow, max-snippet:-1, max-image-preview:large, max-video-preview:-1\" \/>\n<link rel=\"canonical\" href=\"https:\/\/depagterinterieurs.nl\/de\/collectie\/marke\/marke-eichholtz-zeeland\/cushion-silk-jungle\/\" \/>\n<meta property=\"og:locale\" content=\"de_DE\" \/>\n<meta property=\"og:type\" content=\"article\" \/>\n<meta property=\"og:title\" content=\"CUSHION SILK JUNGLE&#x2122; - De Pagter Interieurs\" \/>\n<meta property=\"og:description\" content=\"Mit seinen gro\u00dfz\u00fcgigen Ma\u00dfen von 70x70 cm und made in Italy, f\u00fchlt sich das mit Seide bedruckte Dschungelkissen mit seinem speziell entworfenen Druck mit Dschungeltieren und \u00fcppiger Tierwelt, der mit einer goldenen Plein-Signatur versehen ist, sch\u00f6n und wild an.\" \/>\n<meta property=\"og:url\" content=\"https:\/\/depagterinterieurs.nl\/de\/collectie\/marke\/marke-eichholtz-zeeland\/cushion-silk-jungle\/\" \/>\n<meta property=\"og:site_name\" content=\"De Pagter Interieurs\" \/>\n<meta property=\"article:publisher\" content=\"https:\/\/www.facebook.com\/depagterinterieurs\/\" \/>\n<meta property=\"og:image\" content=\"https:\/\/depagterinterieurs.nl\/wp-content\/uploads\/2024\/08\/PP0028_0_1_1-1.jpg\" \/>\n\t<meta property=\"og:image:width\" content=\"768\" \/>\n\t<meta property=\"og:image:height\" content=\"768\" \/>\n\t<meta property=\"og:image:type\" content=\"image\/jpeg\" \/>\n<meta name=\"twitter:card\" content=\"summary_large_image\" \/>\n<script type=\"application\/ld+json\" class=\"yoast-schema-graph\">{\"@context\":\"https:\\\/\\\/schema.org\",\"@graph\":[{\"@type\":\"WebPage\",\"@id\":\"https:\\\/\\\/depagterinterieurs.nl\\\/de\\\/collectie\\\/marke\\\/marke-eichholtz-zeeland\\\/cushion-silk-jungle\\\/\",\"url\":\"https:\\\/\\\/depagterinterieurs.nl\\\/de\\\/collectie\\\/marke\\\/marke-eichholtz-zeeland\\\/cushion-silk-jungle\\\/\",\"name\":\"CUSHION SILK JUNGLE&#x2122; - De Pagter Interieurs\",\"isPartOf\":{\"@id\":\"https:\\\/\\\/depagterinterieurs.nl\\\/de\\\/#website\"},\"primaryImageOfPage\":{\"@id\":\"https:\\\/\\\/depagterinterieurs.nl\\\/de\\\/collectie\\\/marke\\\/marke-eichholtz-zeeland\\\/cushion-silk-jungle\\\/#primaryimage\"},\"image\":{\"@id\":\"https:\\\/\\\/depagterinterieurs.nl\\\/de\\\/collectie\\\/marke\\\/marke-eichholtz-zeeland\\\/cushion-silk-jungle\\\/#primaryimage\"},\"thumbnailUrl\":\"https:\\\/\\\/depagterinterieurs.nl\\\/wp-content\\\/uploads\\\/2024\\\/08\\\/PP0028_0_1_1-1.jpg\",\"datePublished\":\"2024-08-10T13:46:26+00:00\",\"description\":\"Mit seinen gro\u00dfz\u00fcgigen Ma\u00dfen von 70x70 cm und made in Italy, f\u00fchlt sich das mit Seide bedruckte Dschungelkissen mit seinem speziell entworfenen Druck mit Dschungeltieren und \u00fcppiger Tierwelt, der mit einer goldenen Plein-Signatur versehen ist, sch\u00f6n und wild an.\",\"breadcrumb\":{\"@id\":\"https:\\\/\\\/depagterinterieurs.nl\\\/de\\\/collectie\\\/marke\\\/marke-eichholtz-zeeland\\\/cushion-silk-jungle\\\/#breadcrumb\"},\"inLanguage\":\"de-DE\",\"potentialAction\":[{\"@type\":\"ReadAction\",\"target\":[\"https:\\\/\\\/depagterinterieurs.nl\\\/de\\\/collectie\\\/marke\\\/marke-eichholtz-zeeland\\\/cushion-silk-jungle\\\/\"]}]},{\"@type\":\"ImageObject\",\"inLanguage\":\"de-DE\",\"@id\":\"https:\\\/\\\/depagterinterieurs.nl\\\/de\\\/collectie\\\/marke\\\/marke-eichholtz-zeeland\\\/cushion-silk-jungle\\\/#primaryimage\",\"url\":\"https:\\\/\\\/depagterinterieurs.nl\\\/wp-content\\\/uploads\\\/2024\\\/08\\\/PP0028_0_1_1-1.jpg\",\"contentUrl\":\"https:\\\/\\\/depagterinterieurs.nl\\\/wp-content\\\/uploads\\\/2024\\\/08\\\/PP0028_0_1_1-1.jpg\",\"width\":768,\"height\":768},{\"@type\":\"BreadcrumbList\",\"@id\":\"https:\\\/\\\/depagterinterieurs.nl\\\/de\\\/collectie\\\/marke\\\/marke-eichholtz-zeeland\\\/cushion-silk-jungle\\\/#breadcrumb\",\"itemListElement\":[{\"@type\":\"ListItem\",\"position\":1,\"name\":\"Home\",\"item\":\"https:\\\/\\\/depagterinterieurs.nl\\\/de\\\/homepagina-de\\\/\"},{\"@type\":\"ListItem\",\"position\":2,\"name\":\"Kollektion\",\"item\":\"https:\\\/\\\/depagterinterieurs.nl\\\/de\\\/kollektion\\\/\"},{\"@type\":\"ListItem\",\"position\":3,\"name\":\"CUSHION SILK JUNGLE&#x2122;\"}]},{\"@type\":\"WebSite\",\"@id\":\"https:\\\/\\\/depagterinterieurs.nl\\\/de\\\/#website\",\"url\":\"https:\\\/\\\/depagterinterieurs.nl\\\/de\\\/\",\"name\":\"De Pagter Interieurs\",\"description\":\"M\u00f6belgesch\u00e4fte in Middelburg - Domburg - Veere\",\"potentialAction\":[{\"@type\":\"SearchAction\",\"target\":{\"@type\":\"EntryPoint\",\"urlTemplate\":\"https:\\\/\\\/depagterinterieurs.nl\\\/de\\\/?s={search_term_string}\"},\"query-input\":{\"@type\":\"PropertyValueSpecification\",\"valueRequired\":true,\"valueName\":\"search_term_string\"}}],\"inLanguage\":\"de-DE\"}]}<\/script>\n<!-- \/ Yoast SEO plugin. -->","yoast_head_json":{"title":"CUSHION SILK JUNGLE&#x2122; - De Pagter Interieurs","description":"Mit seinen gro\u00dfz\u00fcgigen Ma\u00dfen von 70x70 cm und made in Italy, f\u00fchlt sich das mit Seide bedruckte Dschungelkissen mit seinem speziell entworfenen Druck mit Dschungeltieren und \u00fcppiger Tierwelt, der mit einer goldenen Plein-Signatur versehen ist, sch\u00f6n und wild an.","robots":{"index":"index","follow":"follow","max-snippet":"max-snippet:-1","max-image-preview":"max-image-preview:large","max-video-preview":"max-video-preview:-1"},"canonical":"https:\/\/depagterinterieurs.nl\/de\/collectie\/marke\/marke-eichholtz-zeeland\/cushion-silk-jungle\/","og_locale":"de_DE","og_type":"article","og_title":"CUSHION SILK JUNGLE&#x2122; - De Pagter Interieurs","og_description":"Mit seinen gro\u00dfz\u00fcgigen Ma\u00dfen von 70x70 cm und made in Italy, f\u00fchlt sich das mit Seide bedruckte Dschungelkissen mit seinem speziell entworfenen Druck mit Dschungeltieren und \u00fcppiger Tierwelt, der mit einer goldenen Plein-Signatur versehen ist, sch\u00f6n und wild an.","og_url":"https:\/\/depagterinterieurs.nl\/de\/collectie\/marke\/marke-eichholtz-zeeland\/cushion-silk-jungle\/","og_site_name":"De Pagter Interieurs","article_publisher":"https:\/\/www.facebook.com\/depagterinterieurs\/","og_image":[{"width":768,"height":768,"url":"https:\/\/depagterinterieurs.nl\/wp-content\/uploads\/2024\/08\/PP0028_0_1_1-1.jpg","type":"image\/jpeg"}],"twitter_card":"summary_large_image","schema":{"@context":"https:\/\/schema.org","@graph":[{"@type":"WebPage","@id":"https:\/\/depagterinterieurs.nl\/de\/collectie\/marke\/marke-eichholtz-zeeland\/cushion-silk-jungle\/","url":"https:\/\/depagterinterieurs.nl\/de\/collectie\/marke\/marke-eichholtz-zeeland\/cushion-silk-jungle\/","name":"CUSHION SILK JUNGLE&#x2122; - De Pagter Interieurs","isPartOf":{"@id":"https:\/\/depagterinterieurs.nl\/de\/#website"},"primaryImageOfPage":{"@id":"https:\/\/depagterinterieurs.nl\/de\/collectie\/marke\/marke-eichholtz-zeeland\/cushion-silk-jungle\/#primaryimage"},"image":{"@id":"https:\/\/depagterinterieurs.nl\/de\/collectie\/marke\/marke-eichholtz-zeeland\/cushion-silk-jungle\/#primaryimage"},"thumbnailUrl":"https:\/\/depagterinterieurs.nl\/wp-content\/uploads\/2024\/08\/PP0028_0_1_1-1.jpg","datePublished":"2024-08-10T13:46:26+00:00","description":"Mit seinen gro\u00dfz\u00fcgigen Ma\u00dfen von 70x70 cm und made in Italy, f\u00fchlt sich das mit Seide bedruckte Dschungelkissen mit seinem speziell entworfenen Druck mit Dschungeltieren und \u00fcppiger Tierwelt, der mit einer goldenen Plein-Signatur versehen ist, sch\u00f6n und wild an.","breadcrumb":{"@id":"https:\/\/depagterinterieurs.nl\/de\/collectie\/marke\/marke-eichholtz-zeeland\/cushion-silk-jungle\/#breadcrumb"},"inLanguage":"de-DE","potentialAction":[{"@type":"ReadAction","target":["https:\/\/depagterinterieurs.nl\/de\/collectie\/marke\/marke-eichholtz-zeeland\/cushion-silk-jungle\/"]}]},{"@type":"ImageObject","inLanguage":"de-DE","@id":"https:\/\/depagterinterieurs.nl\/de\/collectie\/marke\/marke-eichholtz-zeeland\/cushion-silk-jungle\/#primaryimage","url":"https:\/\/depagterinterieurs.nl\/wp-content\/uploads\/2024\/08\/PP0028_0_1_1-1.jpg","contentUrl":"https:\/\/depagterinterieurs.nl\/wp-content\/uploads\/2024\/08\/PP0028_0_1_1-1.jpg","width":768,"height":768},{"@type":"BreadcrumbList","@id":"https:\/\/depagterinterieurs.nl\/de\/collectie\/marke\/marke-eichholtz-zeeland\/cushion-silk-jungle\/#breadcrumb","itemListElement":[{"@type":"ListItem","position":1,"name":"Home","item":"https:\/\/depagterinterieurs.nl\/de\/homepagina-de\/"},{"@type":"ListItem","position":2,"name":"Kollektion","item":"https:\/\/depagterinterieurs.nl\/de\/kollektion\/"},{"@type":"ListItem","position":3,"name":"CUSHION SILK JUNGLE&#x2122;"}]},{"@type":"WebSite","@id":"https:\/\/depagterinterieurs.nl\/de\/#website","url":"https:\/\/depagterinterieurs.nl\/de\/","name":"De Pagter Interieurs","description":"M\u00f6belgesch\u00e4fte in Middelburg - Domburg - Veere","potentialAction":[{"@type":"SearchAction","target":{"@type":"EntryPoint","urlTemplate":"https:\/\/depagterinterieurs.nl\/de\/?s={search_term_string}"},"query-input":{"@type":"PropertyValueSpecification","valueRequired":true,"valueName":"search_term_string"}}],"inLanguage":"de-DE"}]}},"_links":{"self":[{"href":"https:\/\/depagterinterieurs.nl\/de\/wp-json\/wp\/v2\/product\/122693","targetHints":{"allow":["GET"]}}],"collection":[{"href":"https:\/\/depagterinterieurs.nl\/de\/wp-json\/wp\/v2\/product"}],"about":[{"href":"https:\/\/depagterinterieurs.nl\/de\/wp-json\/wp\/v2\/types\/product"}],"wp:featuredmedia":[{"embeddable":true,"href":"https:\/\/depagterinterieurs.nl\/de\/wp-json\/wp\/v2\/media\/122517"}],"wp:attachment":[{"href":"https:\/\/depagterinterieurs.nl\/de\/wp-json\/wp\/v2\/media?parent=122693"}],"wp:term":[{"taxonomy":"product_brand","embeddable":true,"href":"https:\/\/depagterinterieurs.nl\/de\/wp-json\/wp\/v2\/product_brand?post=122693"},{"taxonomy":"product_cat","embeddable":true,"href":"https:\/\/depagterinterieurs.nl\/de\/wp-json\/wp\/v2\/product_cat?post=122693"},{"taxonomy":"product_tag","embeddable":true,"href":"https:\/\/depagterinterieurs.nl\/de\/wp-json\/wp\/v2\/product_tag?post=122693"}],"curies":[{"name":"wp","href":"https:\/\/api.w.org\/{rel}","templated":true}]}}