{"id":122694,"date":"2024-08-10T14:07:03","date_gmt":"2024-08-10T13:07:03","guid":{"rendered":"https:\/\/depagterinterieurs.nl\/collectie\/unkategorisiert\/side-table-skeleton\/"},"modified":"2024-08-10T14:46:28","modified_gmt":"2024-08-10T13:46:28","slug":"side-table-skeleton","status":"publish","type":"product","link":"https:\/\/depagterinterieurs.nl\/de\/collectie\/marke\/marke-eichholtz-zeeland\/side-table-skeleton\/","title":{"rendered":"SIDE TABLE SKELETON&#x2122;"},"content":{"rendered":"","protected":false},"excerpt":{"rendered":"<p>Der 61 x 61 cm gro\u00dfe Beistelltisch Skeleton mit seinem komplizierten geometrischen Gestell aus poliertem Nickel, der Glasplatte, dem sechseckigen Motiv und dem Philipp Plein-Branding verleiht dem luxuri\u00f6sen Wohnen eine zeitgem\u00e4\u00dfe und glitzernde Note.<\/p>\n","protected":false},"featured_media":122641,"template":"","meta":[],"product_brand":[],"product_cat":[271,377,398,96,399,361],"product_tag":[],"class_list":{"0":"post-122694","1":"product","2":"type-product","3":"status-publish","4":"has-post-thumbnail","6":"product_cat-angebot","7":"product_cat-beistelltisch","8":"product_cat-marke-eichholtz-zeeland","9":"product_cat-kleine-mobel","10":"product_cat-marke","11":"product_cat-philipp-plein-x-eichholtz","13":"first","14":"instock","15":"sale","16":"shipping-taxable","17":"purchasable","18":"product-type-simple"},"yoast_head":"<!-- This site is optimized with the Yoast SEO plugin v27.3 - https:\/\/yoast.com\/product\/yoast-seo-wordpress\/ -->\n<title>SIDE TABLE SKELETON&#x2122; - De Pagter Interieurs<\/title>\n<meta name=\"description\" content=\"Der 61 x 61 cm gro\u00dfe Beistelltisch Skeleton mit seinem komplizierten geometrischen Gestell aus poliertem Nickel, der Glasplatte, dem sechseckigen Motiv und dem Philipp Plein-Branding verleiht dem luxuri\u00f6sen Wohnen eine zeitgem\u00e4\u00dfe und glitzernde Note.\" \/>\n<meta name=\"robots\" content=\"index, follow, max-snippet:-1, max-image-preview:large, max-video-preview:-1\" \/>\n<link rel=\"canonical\" href=\"https:\/\/depagterinterieurs.nl\/de\/collectie\/marke\/marke-eichholtz-zeeland\/side-table-skeleton\/\" \/>\n<meta property=\"og:locale\" content=\"de_DE\" \/>\n<meta property=\"og:type\" content=\"article\" \/>\n<meta property=\"og:title\" content=\"SIDE TABLE SKELETON&#x2122; - De Pagter Interieurs\" \/>\n<meta property=\"og:description\" content=\"Der 61 x 61 cm gro\u00dfe Beistelltisch Skeleton mit seinem komplizierten geometrischen Gestell aus poliertem Nickel, der Glasplatte, dem sechseckigen Motiv und dem Philipp Plein-Branding verleiht dem luxuri\u00f6sen Wohnen eine zeitgem\u00e4\u00dfe und glitzernde Note.\" \/>\n<meta property=\"og:url\" content=\"https:\/\/depagterinterieurs.nl\/de\/collectie\/marke\/marke-eichholtz-zeeland\/side-table-skeleton\/\" \/>\n<meta property=\"og:site_name\" content=\"De Pagter Interieurs\" \/>\n<meta property=\"article:publisher\" content=\"https:\/\/www.facebook.com\/depagterinterieurs\/\" \/>\n<meta property=\"article:modified_time\" content=\"2024-08-10T13:46:28+00:00\" \/>\n<meta property=\"og:image\" content=\"https:\/\/depagterinterieurs.nl\/wp-content\/uploads\/2024\/08\/PP0269_3_1_1.jpg\" \/>\n\t<meta property=\"og:image:width\" content=\"768\" \/>\n\t<meta property=\"og:image:height\" content=\"768\" \/>\n\t<meta property=\"og:image:type\" content=\"image\/jpeg\" \/>\n<meta name=\"twitter:card\" content=\"summary_large_image\" \/>\n<script type=\"application\/ld+json\" class=\"yoast-schema-graph\">{\"@context\":\"https:\\\/\\\/schema.org\",\"@graph\":[{\"@type\":\"WebPage\",\"@id\":\"https:\\\/\\\/depagterinterieurs.nl\\\/de\\\/collectie\\\/marke\\\/marke-eichholtz-zeeland\\\/side-table-skeleton\\\/\",\"url\":\"https:\\\/\\\/depagterinterieurs.nl\\\/de\\\/collectie\\\/marke\\\/marke-eichholtz-zeeland\\\/side-table-skeleton\\\/\",\"name\":\"SIDE TABLE SKELETON&#x2122; - De Pagter Interieurs\",\"isPartOf\":{\"@id\":\"https:\\\/\\\/depagterinterieurs.nl\\\/de\\\/#website\"},\"primaryImageOfPage\":{\"@id\":\"https:\\\/\\\/depagterinterieurs.nl\\\/de\\\/collectie\\\/marke\\\/marke-eichholtz-zeeland\\\/side-table-skeleton\\\/#primaryimage\"},\"image\":{\"@id\":\"https:\\\/\\\/depagterinterieurs.nl\\\/de\\\/collectie\\\/marke\\\/marke-eichholtz-zeeland\\\/side-table-skeleton\\\/#primaryimage\"},\"thumbnailUrl\":\"https:\\\/\\\/depagterinterieurs.nl\\\/wp-content\\\/uploads\\\/2024\\\/08\\\/PP0269_3_1_1.jpg\",\"datePublished\":\"2024-08-10T13:07:03+00:00\",\"dateModified\":\"2024-08-10T13:46:28+00:00\",\"description\":\"Der 61 x 61 cm gro\u00dfe Beistelltisch Skeleton mit seinem komplizierten geometrischen Gestell aus poliertem Nickel, der Glasplatte, dem sechseckigen Motiv und dem Philipp Plein-Branding verleiht dem luxuri\u00f6sen Wohnen eine zeitgem\u00e4\u00dfe und glitzernde Note.\",\"breadcrumb\":{\"@id\":\"https:\\\/\\\/depagterinterieurs.nl\\\/de\\\/collectie\\\/marke\\\/marke-eichholtz-zeeland\\\/side-table-skeleton\\\/#breadcrumb\"},\"inLanguage\":\"de-DE\",\"potentialAction\":[{\"@type\":\"ReadAction\",\"target\":[\"https:\\\/\\\/depagterinterieurs.nl\\\/de\\\/collectie\\\/marke\\\/marke-eichholtz-zeeland\\\/side-table-skeleton\\\/\"]}]},{\"@type\":\"ImageObject\",\"inLanguage\":\"de-DE\",\"@id\":\"https:\\\/\\\/depagterinterieurs.nl\\\/de\\\/collectie\\\/marke\\\/marke-eichholtz-zeeland\\\/side-table-skeleton\\\/#primaryimage\",\"url\":\"https:\\\/\\\/depagterinterieurs.nl\\\/wp-content\\\/uploads\\\/2024\\\/08\\\/PP0269_3_1_1.jpg\",\"contentUrl\":\"https:\\\/\\\/depagterinterieurs.nl\\\/wp-content\\\/uploads\\\/2024\\\/08\\\/PP0269_3_1_1.jpg\",\"width\":768,\"height\":768},{\"@type\":\"BreadcrumbList\",\"@id\":\"https:\\\/\\\/depagterinterieurs.nl\\\/de\\\/collectie\\\/marke\\\/marke-eichholtz-zeeland\\\/side-table-skeleton\\\/#breadcrumb\",\"itemListElement\":[{\"@type\":\"ListItem\",\"position\":1,\"name\":\"Home\",\"item\":\"https:\\\/\\\/depagterinterieurs.nl\\\/de\\\/homepagina-de\\\/\"},{\"@type\":\"ListItem\",\"position\":2,\"name\":\"Kollektion\",\"item\":\"https:\\\/\\\/depagterinterieurs.nl\\\/de\\\/kollektion\\\/\"},{\"@type\":\"ListItem\",\"position\":3,\"name\":\"SIDE TABLE SKELETON&#x2122;\"}]},{\"@type\":\"WebSite\",\"@id\":\"https:\\\/\\\/depagterinterieurs.nl\\\/de\\\/#website\",\"url\":\"https:\\\/\\\/depagterinterieurs.nl\\\/de\\\/\",\"name\":\"De Pagter Interieurs\",\"description\":\"M\u00f6belgesch\u00e4fte in Middelburg - Domburg - Veere\",\"potentialAction\":[{\"@type\":\"SearchAction\",\"target\":{\"@type\":\"EntryPoint\",\"urlTemplate\":\"https:\\\/\\\/depagterinterieurs.nl\\\/de\\\/?s={search_term_string}\"},\"query-input\":{\"@type\":\"PropertyValueSpecification\",\"valueRequired\":true,\"valueName\":\"search_term_string\"}}],\"inLanguage\":\"de-DE\"}]}<\/script>\n<!-- \/ Yoast SEO plugin. -->","yoast_head_json":{"title":"SIDE TABLE SKELETON&#x2122; - De Pagter Interieurs","description":"Der 61 x 61 cm gro\u00dfe Beistelltisch Skeleton mit seinem komplizierten geometrischen Gestell aus poliertem Nickel, der Glasplatte, dem sechseckigen Motiv und dem Philipp Plein-Branding verleiht dem luxuri\u00f6sen Wohnen eine zeitgem\u00e4\u00dfe und glitzernde Note.","robots":{"index":"index","follow":"follow","max-snippet":"max-snippet:-1","max-image-preview":"max-image-preview:large","max-video-preview":"max-video-preview:-1"},"canonical":"https:\/\/depagterinterieurs.nl\/de\/collectie\/marke\/marke-eichholtz-zeeland\/side-table-skeleton\/","og_locale":"de_DE","og_type":"article","og_title":"SIDE TABLE SKELETON&#x2122; - De Pagter Interieurs","og_description":"Der 61 x 61 cm gro\u00dfe Beistelltisch Skeleton mit seinem komplizierten geometrischen Gestell aus poliertem Nickel, der Glasplatte, dem sechseckigen Motiv und dem Philipp Plein-Branding verleiht dem luxuri\u00f6sen Wohnen eine zeitgem\u00e4\u00dfe und glitzernde Note.","og_url":"https:\/\/depagterinterieurs.nl\/de\/collectie\/marke\/marke-eichholtz-zeeland\/side-table-skeleton\/","og_site_name":"De Pagter Interieurs","article_publisher":"https:\/\/www.facebook.com\/depagterinterieurs\/","article_modified_time":"2024-08-10T13:46:28+00:00","og_image":[{"width":768,"height":768,"url":"https:\/\/depagterinterieurs.nl\/wp-content\/uploads\/2024\/08\/PP0269_3_1_1.jpg","type":"image\/jpeg"}],"twitter_card":"summary_large_image","schema":{"@context":"https:\/\/schema.org","@graph":[{"@type":"WebPage","@id":"https:\/\/depagterinterieurs.nl\/de\/collectie\/marke\/marke-eichholtz-zeeland\/side-table-skeleton\/","url":"https:\/\/depagterinterieurs.nl\/de\/collectie\/marke\/marke-eichholtz-zeeland\/side-table-skeleton\/","name":"SIDE TABLE SKELETON&#x2122; - De Pagter Interieurs","isPartOf":{"@id":"https:\/\/depagterinterieurs.nl\/de\/#website"},"primaryImageOfPage":{"@id":"https:\/\/depagterinterieurs.nl\/de\/collectie\/marke\/marke-eichholtz-zeeland\/side-table-skeleton\/#primaryimage"},"image":{"@id":"https:\/\/depagterinterieurs.nl\/de\/collectie\/marke\/marke-eichholtz-zeeland\/side-table-skeleton\/#primaryimage"},"thumbnailUrl":"https:\/\/depagterinterieurs.nl\/wp-content\/uploads\/2024\/08\/PP0269_3_1_1.jpg","datePublished":"2024-08-10T13:07:03+00:00","dateModified":"2024-08-10T13:46:28+00:00","description":"Der 61 x 61 cm gro\u00dfe Beistelltisch Skeleton mit seinem komplizierten geometrischen Gestell aus poliertem Nickel, der Glasplatte, dem sechseckigen Motiv und dem Philipp Plein-Branding verleiht dem luxuri\u00f6sen Wohnen eine zeitgem\u00e4\u00dfe und glitzernde Note.","breadcrumb":{"@id":"https:\/\/depagterinterieurs.nl\/de\/collectie\/marke\/marke-eichholtz-zeeland\/side-table-skeleton\/#breadcrumb"},"inLanguage":"de-DE","potentialAction":[{"@type":"ReadAction","target":["https:\/\/depagterinterieurs.nl\/de\/collectie\/marke\/marke-eichholtz-zeeland\/side-table-skeleton\/"]}]},{"@type":"ImageObject","inLanguage":"de-DE","@id":"https:\/\/depagterinterieurs.nl\/de\/collectie\/marke\/marke-eichholtz-zeeland\/side-table-skeleton\/#primaryimage","url":"https:\/\/depagterinterieurs.nl\/wp-content\/uploads\/2024\/08\/PP0269_3_1_1.jpg","contentUrl":"https:\/\/depagterinterieurs.nl\/wp-content\/uploads\/2024\/08\/PP0269_3_1_1.jpg","width":768,"height":768},{"@type":"BreadcrumbList","@id":"https:\/\/depagterinterieurs.nl\/de\/collectie\/marke\/marke-eichholtz-zeeland\/side-table-skeleton\/#breadcrumb","itemListElement":[{"@type":"ListItem","position":1,"name":"Home","item":"https:\/\/depagterinterieurs.nl\/de\/homepagina-de\/"},{"@type":"ListItem","position":2,"name":"Kollektion","item":"https:\/\/depagterinterieurs.nl\/de\/kollektion\/"},{"@type":"ListItem","position":3,"name":"SIDE TABLE SKELETON&#x2122;"}]},{"@type":"WebSite","@id":"https:\/\/depagterinterieurs.nl\/de\/#website","url":"https:\/\/depagterinterieurs.nl\/de\/","name":"De Pagter Interieurs","description":"M\u00f6belgesch\u00e4fte in Middelburg - Domburg - Veere","potentialAction":[{"@type":"SearchAction","target":{"@type":"EntryPoint","urlTemplate":"https:\/\/depagterinterieurs.nl\/de\/?s={search_term_string}"},"query-input":{"@type":"PropertyValueSpecification","valueRequired":true,"valueName":"search_term_string"}}],"inLanguage":"de-DE"}]}},"_links":{"self":[{"href":"https:\/\/depagterinterieurs.nl\/de\/wp-json\/wp\/v2\/product\/122694","targetHints":{"allow":["GET"]}}],"collection":[{"href":"https:\/\/depagterinterieurs.nl\/de\/wp-json\/wp\/v2\/product"}],"about":[{"href":"https:\/\/depagterinterieurs.nl\/de\/wp-json\/wp\/v2\/types\/product"}],"wp:featuredmedia":[{"embeddable":true,"href":"https:\/\/depagterinterieurs.nl\/de\/wp-json\/wp\/v2\/media\/122641"}],"wp:attachment":[{"href":"https:\/\/depagterinterieurs.nl\/de\/wp-json\/wp\/v2\/media?parent=122694"}],"wp:term":[{"taxonomy":"product_brand","embeddable":true,"href":"https:\/\/depagterinterieurs.nl\/de\/wp-json\/wp\/v2\/product_brand?post=122694"},{"taxonomy":"product_cat","embeddable":true,"href":"https:\/\/depagterinterieurs.nl\/de\/wp-json\/wp\/v2\/product_cat?post=122694"},{"taxonomy":"product_tag","embeddable":true,"href":"https:\/\/depagterinterieurs.nl\/de\/wp-json\/wp\/v2\/product_tag?post=122694"}],"curies":[{"name":"wp","href":"https:\/\/api.w.org\/{rel}","templated":true}]}}