{"id":128143,"date":"2024-10-08T20:05:08","date_gmt":"2024-10-08T19:26:14","guid":{"rendered":"https:\/\/depagterinterieurs.nl\/collectie\/unkategorisiert\/tuerkis-lackierter-nachttisch\/"},"modified":"2024-10-08T20:26:14","modified_gmt":"2024-10-08T19:26:14","slug":"tuerkis-lackierter-nachttisch","status":"publish","type":"product","link":"https:\/\/depagterinterieurs.nl\/de\/collectie\/marke\/de-pagter-interieurs\/tuerkis-lackierter-nachttisch\/","title":{"rendered":"T\u00fcrkis Lackierter Nachttisch"},"content":{"rendered":"","protected":false},"excerpt":{"rendered":"<p>T\u00fcrkis lackierter Nachttisch mit 2 T\u00fcren und 1 Schublade aus altem Kiefernholz.<\/p>\n","protected":false},"featured_media":127700,"template":"","meta":[],"product_brand":[],"product_cat":[409,96,94,399,383],"product_tag":[],"class_list":{"0":"post-128143","1":"product","2":"type-product","3":"status-publish","4":"has-post-thumbnail","6":"product_cat-de-pagter-interieurs","7":"product_cat-kleine-mobel","8":"product_cat-lackierte-moebel","9":"product_cat-marke","10":"product_cat-nachttische","12":"first","13":"instock","14":"shipping-taxable","15":"purchasable","16":"product-type-simple"},"yoast_head":"<!-- This site is optimized with the Yoast SEO plugin v27.3 - https:\/\/yoast.com\/product\/yoast-seo-wordpress\/ -->\n<title>T\u00fcrkis Lackierter Nachttisch - De Pagter Interieurs<\/title>\n<meta name=\"description\" content=\"T\u00fcrkis lackierter Nachttisch mit 2 T\u00fcren und 1 Schublade aus altem Kiefernholz.\" \/>\n<meta name=\"robots\" content=\"index, follow, max-snippet:-1, max-image-preview:large, max-video-preview:-1\" \/>\n<link rel=\"canonical\" href=\"https:\/\/depagterinterieurs.nl\/de\/collectie\/marke\/de-pagter-interieurs\/tuerkis-lackierter-nachttisch\/\" \/>\n<meta property=\"og:locale\" content=\"de_DE\" \/>\n<meta property=\"og:type\" content=\"article\" \/>\n<meta property=\"og:title\" content=\"T\u00fcrkis Lackierter Nachttisch - De Pagter Interieurs\" \/>\n<meta property=\"og:description\" content=\"T\u00fcrkis lackierter Nachttisch mit 2 T\u00fcren und 1 Schublade aus altem Kiefernholz.\" \/>\n<meta property=\"og:url\" content=\"https:\/\/depagterinterieurs.nl\/de\/collectie\/marke\/de-pagter-interieurs\/tuerkis-lackierter-nachttisch\/\" \/>\n<meta property=\"og:site_name\" content=\"De Pagter Interieurs\" \/>\n<meta property=\"article:publisher\" content=\"https:\/\/www.facebook.com\/depagterinterieurs\/\" \/>\n<meta property=\"og:image\" content=\"https:\/\/depagterinterieurs.nl\/wp-content\/uploads\/2024\/10\/IMG_0544.jpeg\" \/>\n\t<meta property=\"og:image:width\" content=\"1024\" \/>\n\t<meta property=\"og:image:height\" content=\"768\" \/>\n\t<meta property=\"og:image:type\" content=\"image\/jpeg\" \/>\n<meta name=\"twitter:card\" content=\"summary_large_image\" \/>\n<script type=\"application\/ld+json\" class=\"yoast-schema-graph\">{\"@context\":\"https:\\\/\\\/schema.org\",\"@graph\":[{\"@type\":\"WebPage\",\"@id\":\"https:\\\/\\\/depagterinterieurs.nl\\\/de\\\/collectie\\\/marke\\\/de-pagter-interieurs\\\/tuerkis-lackierter-nachttisch\\\/\",\"url\":\"https:\\\/\\\/depagterinterieurs.nl\\\/de\\\/collectie\\\/marke\\\/de-pagter-interieurs\\\/tuerkis-lackierter-nachttisch\\\/\",\"name\":\"T\u00fcrkis Lackierter Nachttisch - De Pagter Interieurs\",\"isPartOf\":{\"@id\":\"https:\\\/\\\/depagterinterieurs.nl\\\/de\\\/#website\"},\"primaryImageOfPage\":{\"@id\":\"https:\\\/\\\/depagterinterieurs.nl\\\/de\\\/collectie\\\/marke\\\/de-pagter-interieurs\\\/tuerkis-lackierter-nachttisch\\\/#primaryimage\"},\"image\":{\"@id\":\"https:\\\/\\\/depagterinterieurs.nl\\\/de\\\/collectie\\\/marke\\\/de-pagter-interieurs\\\/tuerkis-lackierter-nachttisch\\\/#primaryimage\"},\"thumbnailUrl\":\"https:\\\/\\\/depagterinterieurs.nl\\\/wp-content\\\/uploads\\\/2024\\\/10\\\/IMG_0544.jpeg\",\"datePublished\":\"2024-10-08T19:26:14+00:00\",\"description\":\"T\u00fcrkis lackierter Nachttisch mit 2 T\u00fcren und 1 Schublade aus altem Kiefernholz.\",\"breadcrumb\":{\"@id\":\"https:\\\/\\\/depagterinterieurs.nl\\\/de\\\/collectie\\\/marke\\\/de-pagter-interieurs\\\/tuerkis-lackierter-nachttisch\\\/#breadcrumb\"},\"inLanguage\":\"de-DE\",\"potentialAction\":[{\"@type\":\"ReadAction\",\"target\":[\"https:\\\/\\\/depagterinterieurs.nl\\\/de\\\/collectie\\\/marke\\\/de-pagter-interieurs\\\/tuerkis-lackierter-nachttisch\\\/\"]}]},{\"@type\":\"ImageObject\",\"inLanguage\":\"de-DE\",\"@id\":\"https:\\\/\\\/depagterinterieurs.nl\\\/de\\\/collectie\\\/marke\\\/de-pagter-interieurs\\\/tuerkis-lackierter-nachttisch\\\/#primaryimage\",\"url\":\"https:\\\/\\\/depagterinterieurs.nl\\\/wp-content\\\/uploads\\\/2024\\\/10\\\/IMG_0544.jpeg\",\"contentUrl\":\"https:\\\/\\\/depagterinterieurs.nl\\\/wp-content\\\/uploads\\\/2024\\\/10\\\/IMG_0544.jpeg\",\"width\":1024,\"height\":768},{\"@type\":\"BreadcrumbList\",\"@id\":\"https:\\\/\\\/depagterinterieurs.nl\\\/de\\\/collectie\\\/marke\\\/de-pagter-interieurs\\\/tuerkis-lackierter-nachttisch\\\/#breadcrumb\",\"itemListElement\":[{\"@type\":\"ListItem\",\"position\":1,\"name\":\"Home\",\"item\":\"https:\\\/\\\/depagterinterieurs.nl\\\/de\\\/homepagina-de\\\/\"},{\"@type\":\"ListItem\",\"position\":2,\"name\":\"Kollektion\",\"item\":\"https:\\\/\\\/depagterinterieurs.nl\\\/de\\\/kollektion\\\/\"},{\"@type\":\"ListItem\",\"position\":3,\"name\":\"T\u00fcrkis Lackierter Nachttisch\"}]},{\"@type\":\"WebSite\",\"@id\":\"https:\\\/\\\/depagterinterieurs.nl\\\/de\\\/#website\",\"url\":\"https:\\\/\\\/depagterinterieurs.nl\\\/de\\\/\",\"name\":\"De Pagter Interieurs\",\"description\":\"M\u00f6belgesch\u00e4fte in Middelburg - Domburg - Veere\",\"potentialAction\":[{\"@type\":\"SearchAction\",\"target\":{\"@type\":\"EntryPoint\",\"urlTemplate\":\"https:\\\/\\\/depagterinterieurs.nl\\\/de\\\/?s={search_term_string}\"},\"query-input\":{\"@type\":\"PropertyValueSpecification\",\"valueRequired\":true,\"valueName\":\"search_term_string\"}}],\"inLanguage\":\"de-DE\"}]}<\/script>\n<!-- \/ Yoast SEO plugin. -->","yoast_head_json":{"title":"T\u00fcrkis Lackierter Nachttisch - De Pagter Interieurs","description":"T\u00fcrkis lackierter Nachttisch mit 2 T\u00fcren und 1 Schublade aus altem Kiefernholz.","robots":{"index":"index","follow":"follow","max-snippet":"max-snippet:-1","max-image-preview":"max-image-preview:large","max-video-preview":"max-video-preview:-1"},"canonical":"https:\/\/depagterinterieurs.nl\/de\/collectie\/marke\/de-pagter-interieurs\/tuerkis-lackierter-nachttisch\/","og_locale":"de_DE","og_type":"article","og_title":"T\u00fcrkis Lackierter Nachttisch - De Pagter Interieurs","og_description":"T\u00fcrkis lackierter Nachttisch mit 2 T\u00fcren und 1 Schublade aus altem Kiefernholz.","og_url":"https:\/\/depagterinterieurs.nl\/de\/collectie\/marke\/de-pagter-interieurs\/tuerkis-lackierter-nachttisch\/","og_site_name":"De Pagter Interieurs","article_publisher":"https:\/\/www.facebook.com\/depagterinterieurs\/","og_image":[{"width":1024,"height":768,"url":"https:\/\/depagterinterieurs.nl\/wp-content\/uploads\/2024\/10\/IMG_0544.jpeg","type":"image\/jpeg"}],"twitter_card":"summary_large_image","schema":{"@context":"https:\/\/schema.org","@graph":[{"@type":"WebPage","@id":"https:\/\/depagterinterieurs.nl\/de\/collectie\/marke\/de-pagter-interieurs\/tuerkis-lackierter-nachttisch\/","url":"https:\/\/depagterinterieurs.nl\/de\/collectie\/marke\/de-pagter-interieurs\/tuerkis-lackierter-nachttisch\/","name":"T\u00fcrkis Lackierter Nachttisch - De Pagter Interieurs","isPartOf":{"@id":"https:\/\/depagterinterieurs.nl\/de\/#website"},"primaryImageOfPage":{"@id":"https:\/\/depagterinterieurs.nl\/de\/collectie\/marke\/de-pagter-interieurs\/tuerkis-lackierter-nachttisch\/#primaryimage"},"image":{"@id":"https:\/\/depagterinterieurs.nl\/de\/collectie\/marke\/de-pagter-interieurs\/tuerkis-lackierter-nachttisch\/#primaryimage"},"thumbnailUrl":"https:\/\/depagterinterieurs.nl\/wp-content\/uploads\/2024\/10\/IMG_0544.jpeg","datePublished":"2024-10-08T19:26:14+00:00","description":"T\u00fcrkis lackierter Nachttisch mit 2 T\u00fcren und 1 Schublade aus altem Kiefernholz.","breadcrumb":{"@id":"https:\/\/depagterinterieurs.nl\/de\/collectie\/marke\/de-pagter-interieurs\/tuerkis-lackierter-nachttisch\/#breadcrumb"},"inLanguage":"de-DE","potentialAction":[{"@type":"ReadAction","target":["https:\/\/depagterinterieurs.nl\/de\/collectie\/marke\/de-pagter-interieurs\/tuerkis-lackierter-nachttisch\/"]}]},{"@type":"ImageObject","inLanguage":"de-DE","@id":"https:\/\/depagterinterieurs.nl\/de\/collectie\/marke\/de-pagter-interieurs\/tuerkis-lackierter-nachttisch\/#primaryimage","url":"https:\/\/depagterinterieurs.nl\/wp-content\/uploads\/2024\/10\/IMG_0544.jpeg","contentUrl":"https:\/\/depagterinterieurs.nl\/wp-content\/uploads\/2024\/10\/IMG_0544.jpeg","width":1024,"height":768},{"@type":"BreadcrumbList","@id":"https:\/\/depagterinterieurs.nl\/de\/collectie\/marke\/de-pagter-interieurs\/tuerkis-lackierter-nachttisch\/#breadcrumb","itemListElement":[{"@type":"ListItem","position":1,"name":"Home","item":"https:\/\/depagterinterieurs.nl\/de\/homepagina-de\/"},{"@type":"ListItem","position":2,"name":"Kollektion","item":"https:\/\/depagterinterieurs.nl\/de\/kollektion\/"},{"@type":"ListItem","position":3,"name":"T\u00fcrkis Lackierter Nachttisch"}]},{"@type":"WebSite","@id":"https:\/\/depagterinterieurs.nl\/de\/#website","url":"https:\/\/depagterinterieurs.nl\/de\/","name":"De Pagter Interieurs","description":"M\u00f6belgesch\u00e4fte in Middelburg - Domburg - Veere","potentialAction":[{"@type":"SearchAction","target":{"@type":"EntryPoint","urlTemplate":"https:\/\/depagterinterieurs.nl\/de\/?s={search_term_string}"},"query-input":{"@type":"PropertyValueSpecification","valueRequired":true,"valueName":"search_term_string"}}],"inLanguage":"de-DE"}]}},"_links":{"self":[{"href":"https:\/\/depagterinterieurs.nl\/de\/wp-json\/wp\/v2\/product\/128143","targetHints":{"allow":["GET"]}}],"collection":[{"href":"https:\/\/depagterinterieurs.nl\/de\/wp-json\/wp\/v2\/product"}],"about":[{"href":"https:\/\/depagterinterieurs.nl\/de\/wp-json\/wp\/v2\/types\/product"}],"wp:featuredmedia":[{"embeddable":true,"href":"https:\/\/depagterinterieurs.nl\/de\/wp-json\/wp\/v2\/media\/127700"}],"wp:attachment":[{"href":"https:\/\/depagterinterieurs.nl\/de\/wp-json\/wp\/v2\/media?parent=128143"}],"wp:term":[{"taxonomy":"product_brand","embeddable":true,"href":"https:\/\/depagterinterieurs.nl\/de\/wp-json\/wp\/v2\/product_brand?post=128143"},{"taxonomy":"product_cat","embeddable":true,"href":"https:\/\/depagterinterieurs.nl\/de\/wp-json\/wp\/v2\/product_cat?post=128143"},{"taxonomy":"product_tag","embeddable":true,"href":"https:\/\/depagterinterieurs.nl\/de\/wp-json\/wp\/v2\/product_tag?post=128143"}],"curies":[{"name":"wp","href":"https:\/\/api.w.org\/{rel}","templated":true}]}}