{"id":137179,"date":"2024-12-16T16:29:01","date_gmt":"2024-12-16T15:54:30","guid":{"rendered":"https:\/\/depagterinterieurs.nl\/collectie\/unkategorisiert\/elmwood-bartisch-quadratisch\/"},"modified":"2024-12-16T16:54:30","modified_gmt":"2024-12-16T15:54:30","slug":"elmwood-bartisch-quadratisch","status":"publish","type":"product","link":"https:\/\/depagterinterieurs.nl\/de\/collectie\/marke\/de-pagter-interieurs\/elmwood-bartisch-quadratisch\/","title":{"rendered":"Elmwood Bartisch quadratisch"},"content":{"rendered":"","protected":false},"excerpt":{"rendered":"<p>Quadratischer Stehtisch aus einer Tischplatte aus Ulmenholz und einem Gestell aus pulverbeschichtetem Metall. Hier gibt es ihn als halbhohen Stehtisch (95 cm hoch), aber auch als hohen Stehtisch (105 cm hoch). <\/p>\n<p>Auch in anderen Gr\u00f6\u00dfen erh\u00e4ltlich.<\/p>\n","protected":false},"featured_media":137118,"template":"","meta":[],"product_brand":[],"product_cat":[409,93,372,399,99],"product_tag":[],"class_list":{"0":"post-137179","1":"product","2":"type-product","3":"status-publish","4":"has-post-thumbnail","6":"product_cat-de-pagter-interieurs","7":"product_cat-elmwood-old-pine-de","8":"product_cat-esstische","9":"product_cat-marke","10":"product_cat-tische","12":"first","13":"instock","14":"shipping-taxable","15":"purchasable","16":"product-type-simple"},"yoast_head":"<!-- This site is optimized with the Yoast SEO plugin v27.3 - https:\/\/yoast.com\/product\/yoast-seo-wordpress\/ -->\n<title>Elmwood Bartisch quadratisch - De Pagter Interieurs<\/title>\n<meta name=\"description\" content=\"Quadratischer Stehtisch aus einer Tischplatte aus Ulmenholz und einem Gestell aus pulverbeschichtetem Metall. Hier gibt es ihn als halbhohen Stehtisch (95 cm hoch), aber auch als hohen Stehtisch (105 cm hoch).\" \/>\n<meta name=\"robots\" content=\"index, follow, max-snippet:-1, max-image-preview:large, max-video-preview:-1\" \/>\n<link rel=\"canonical\" href=\"https:\/\/depagterinterieurs.nl\/de\/collectie\/marke\/de-pagter-interieurs\/elmwood-bartisch-quadratisch\/\" \/>\n<meta property=\"og:locale\" content=\"de_DE\" \/>\n<meta property=\"og:type\" content=\"article\" \/>\n<meta property=\"og:title\" content=\"Elmwood Bartisch quadratisch - De Pagter Interieurs\" \/>\n<meta property=\"og:description\" content=\"Quadratischer Stehtisch aus einer Tischplatte aus Ulmenholz und einem Gestell aus pulverbeschichtetem Metall. Hier gibt es ihn als halbhohen Stehtisch (95 cm hoch), aber auch als hohen Stehtisch (105 cm hoch).\" \/>\n<meta property=\"og:url\" content=\"https:\/\/depagterinterieurs.nl\/de\/collectie\/marke\/de-pagter-interieurs\/elmwood-bartisch-quadratisch\/\" \/>\n<meta property=\"og:site_name\" content=\"De Pagter Interieurs\" \/>\n<meta property=\"article:publisher\" content=\"https:\/\/www.facebook.com\/depagterinterieurs\/\" \/>\n<meta property=\"og:image\" content=\"https:\/\/depagterinterieurs.nl\/wp-content\/uploads\/2024\/12\/IMG_2673.jpeg\" \/>\n\t<meta property=\"og:image:width\" content=\"1024\" \/>\n\t<meta property=\"og:image:height\" content=\"768\" \/>\n\t<meta property=\"og:image:type\" content=\"image\/jpeg\" \/>\n<meta name=\"twitter:card\" content=\"summary_large_image\" \/>\n<script type=\"application\/ld+json\" class=\"yoast-schema-graph\">{\"@context\":\"https:\\\/\\\/schema.org\",\"@graph\":[{\"@type\":\"WebPage\",\"@id\":\"https:\\\/\\\/depagterinterieurs.nl\\\/de\\\/collectie\\\/marke\\\/de-pagter-interieurs\\\/elmwood-bartisch-quadratisch\\\/\",\"url\":\"https:\\\/\\\/depagterinterieurs.nl\\\/de\\\/collectie\\\/marke\\\/de-pagter-interieurs\\\/elmwood-bartisch-quadratisch\\\/\",\"name\":\"Elmwood Bartisch quadratisch - De Pagter Interieurs\",\"isPartOf\":{\"@id\":\"https:\\\/\\\/depagterinterieurs.nl\\\/de\\\/#website\"},\"primaryImageOfPage\":{\"@id\":\"https:\\\/\\\/depagterinterieurs.nl\\\/de\\\/collectie\\\/marke\\\/de-pagter-interieurs\\\/elmwood-bartisch-quadratisch\\\/#primaryimage\"},\"image\":{\"@id\":\"https:\\\/\\\/depagterinterieurs.nl\\\/de\\\/collectie\\\/marke\\\/de-pagter-interieurs\\\/elmwood-bartisch-quadratisch\\\/#primaryimage\"},\"thumbnailUrl\":\"https:\\\/\\\/depagterinterieurs.nl\\\/wp-content\\\/uploads\\\/2024\\\/12\\\/IMG_2673.jpeg\",\"datePublished\":\"2024-12-16T15:54:30+00:00\",\"description\":\"Quadratischer Stehtisch aus einer Tischplatte aus Ulmenholz und einem Gestell aus pulverbeschichtetem Metall. Hier gibt es ihn als halbhohen Stehtisch (95 cm hoch), aber auch als hohen Stehtisch (105 cm hoch).\",\"breadcrumb\":{\"@id\":\"https:\\\/\\\/depagterinterieurs.nl\\\/de\\\/collectie\\\/marke\\\/de-pagter-interieurs\\\/elmwood-bartisch-quadratisch\\\/#breadcrumb\"},\"inLanguage\":\"de-DE\",\"potentialAction\":[{\"@type\":\"ReadAction\",\"target\":[\"https:\\\/\\\/depagterinterieurs.nl\\\/de\\\/collectie\\\/marke\\\/de-pagter-interieurs\\\/elmwood-bartisch-quadratisch\\\/\"]}]},{\"@type\":\"ImageObject\",\"inLanguage\":\"de-DE\",\"@id\":\"https:\\\/\\\/depagterinterieurs.nl\\\/de\\\/collectie\\\/marke\\\/de-pagter-interieurs\\\/elmwood-bartisch-quadratisch\\\/#primaryimage\",\"url\":\"https:\\\/\\\/depagterinterieurs.nl\\\/wp-content\\\/uploads\\\/2024\\\/12\\\/IMG_2673.jpeg\",\"contentUrl\":\"https:\\\/\\\/depagterinterieurs.nl\\\/wp-content\\\/uploads\\\/2024\\\/12\\\/IMG_2673.jpeg\",\"width\":1024,\"height\":768},{\"@type\":\"BreadcrumbList\",\"@id\":\"https:\\\/\\\/depagterinterieurs.nl\\\/de\\\/collectie\\\/marke\\\/de-pagter-interieurs\\\/elmwood-bartisch-quadratisch\\\/#breadcrumb\",\"itemListElement\":[{\"@type\":\"ListItem\",\"position\":1,\"name\":\"Home\",\"item\":\"https:\\\/\\\/depagterinterieurs.nl\\\/de\\\/homepagina-de\\\/\"},{\"@type\":\"ListItem\",\"position\":2,\"name\":\"Kollektion\",\"item\":\"https:\\\/\\\/depagterinterieurs.nl\\\/de\\\/kollektion\\\/\"},{\"@type\":\"ListItem\",\"position\":3,\"name\":\"Elmwood Bartisch quadratisch\"}]},{\"@type\":\"WebSite\",\"@id\":\"https:\\\/\\\/depagterinterieurs.nl\\\/de\\\/#website\",\"url\":\"https:\\\/\\\/depagterinterieurs.nl\\\/de\\\/\",\"name\":\"De Pagter Interieurs\",\"description\":\"M\u00f6belgesch\u00e4fte in Middelburg - Domburg - Veere\",\"potentialAction\":[{\"@type\":\"SearchAction\",\"target\":{\"@type\":\"EntryPoint\",\"urlTemplate\":\"https:\\\/\\\/depagterinterieurs.nl\\\/de\\\/?s={search_term_string}\"},\"query-input\":{\"@type\":\"PropertyValueSpecification\",\"valueRequired\":true,\"valueName\":\"search_term_string\"}}],\"inLanguage\":\"de-DE\"}]}<\/script>\n<!-- \/ Yoast SEO plugin. -->","yoast_head_json":{"title":"Elmwood Bartisch quadratisch - De Pagter Interieurs","description":"Quadratischer Stehtisch aus einer Tischplatte aus Ulmenholz und einem Gestell aus pulverbeschichtetem Metall. Hier gibt es ihn als halbhohen Stehtisch (95 cm hoch), aber auch als hohen Stehtisch (105 cm hoch).","robots":{"index":"index","follow":"follow","max-snippet":"max-snippet:-1","max-image-preview":"max-image-preview:large","max-video-preview":"max-video-preview:-1"},"canonical":"https:\/\/depagterinterieurs.nl\/de\/collectie\/marke\/de-pagter-interieurs\/elmwood-bartisch-quadratisch\/","og_locale":"de_DE","og_type":"article","og_title":"Elmwood Bartisch quadratisch - De Pagter Interieurs","og_description":"Quadratischer Stehtisch aus einer Tischplatte aus Ulmenholz und einem Gestell aus pulverbeschichtetem Metall. Hier gibt es ihn als halbhohen Stehtisch (95 cm hoch), aber auch als hohen Stehtisch (105 cm hoch).","og_url":"https:\/\/depagterinterieurs.nl\/de\/collectie\/marke\/de-pagter-interieurs\/elmwood-bartisch-quadratisch\/","og_site_name":"De Pagter Interieurs","article_publisher":"https:\/\/www.facebook.com\/depagterinterieurs\/","og_image":[{"width":1024,"height":768,"url":"https:\/\/depagterinterieurs.nl\/wp-content\/uploads\/2024\/12\/IMG_2673.jpeg","type":"image\/jpeg"}],"twitter_card":"summary_large_image","schema":{"@context":"https:\/\/schema.org","@graph":[{"@type":"WebPage","@id":"https:\/\/depagterinterieurs.nl\/de\/collectie\/marke\/de-pagter-interieurs\/elmwood-bartisch-quadratisch\/","url":"https:\/\/depagterinterieurs.nl\/de\/collectie\/marke\/de-pagter-interieurs\/elmwood-bartisch-quadratisch\/","name":"Elmwood Bartisch quadratisch - De Pagter Interieurs","isPartOf":{"@id":"https:\/\/depagterinterieurs.nl\/de\/#website"},"primaryImageOfPage":{"@id":"https:\/\/depagterinterieurs.nl\/de\/collectie\/marke\/de-pagter-interieurs\/elmwood-bartisch-quadratisch\/#primaryimage"},"image":{"@id":"https:\/\/depagterinterieurs.nl\/de\/collectie\/marke\/de-pagter-interieurs\/elmwood-bartisch-quadratisch\/#primaryimage"},"thumbnailUrl":"https:\/\/depagterinterieurs.nl\/wp-content\/uploads\/2024\/12\/IMG_2673.jpeg","datePublished":"2024-12-16T15:54:30+00:00","description":"Quadratischer Stehtisch aus einer Tischplatte aus Ulmenholz und einem Gestell aus pulverbeschichtetem Metall. Hier gibt es ihn als halbhohen Stehtisch (95 cm hoch), aber auch als hohen Stehtisch (105 cm hoch).","breadcrumb":{"@id":"https:\/\/depagterinterieurs.nl\/de\/collectie\/marke\/de-pagter-interieurs\/elmwood-bartisch-quadratisch\/#breadcrumb"},"inLanguage":"de-DE","potentialAction":[{"@type":"ReadAction","target":["https:\/\/depagterinterieurs.nl\/de\/collectie\/marke\/de-pagter-interieurs\/elmwood-bartisch-quadratisch\/"]}]},{"@type":"ImageObject","inLanguage":"de-DE","@id":"https:\/\/depagterinterieurs.nl\/de\/collectie\/marke\/de-pagter-interieurs\/elmwood-bartisch-quadratisch\/#primaryimage","url":"https:\/\/depagterinterieurs.nl\/wp-content\/uploads\/2024\/12\/IMG_2673.jpeg","contentUrl":"https:\/\/depagterinterieurs.nl\/wp-content\/uploads\/2024\/12\/IMG_2673.jpeg","width":1024,"height":768},{"@type":"BreadcrumbList","@id":"https:\/\/depagterinterieurs.nl\/de\/collectie\/marke\/de-pagter-interieurs\/elmwood-bartisch-quadratisch\/#breadcrumb","itemListElement":[{"@type":"ListItem","position":1,"name":"Home","item":"https:\/\/depagterinterieurs.nl\/de\/homepagina-de\/"},{"@type":"ListItem","position":2,"name":"Kollektion","item":"https:\/\/depagterinterieurs.nl\/de\/kollektion\/"},{"@type":"ListItem","position":3,"name":"Elmwood Bartisch quadratisch"}]},{"@type":"WebSite","@id":"https:\/\/depagterinterieurs.nl\/de\/#website","url":"https:\/\/depagterinterieurs.nl\/de\/","name":"De Pagter Interieurs","description":"M\u00f6belgesch\u00e4fte in Middelburg - Domburg - Veere","potentialAction":[{"@type":"SearchAction","target":{"@type":"EntryPoint","urlTemplate":"https:\/\/depagterinterieurs.nl\/de\/?s={search_term_string}"},"query-input":{"@type":"PropertyValueSpecification","valueRequired":true,"valueName":"search_term_string"}}],"inLanguage":"de-DE"}]}},"_links":{"self":[{"href":"https:\/\/depagterinterieurs.nl\/de\/wp-json\/wp\/v2\/product\/137179","targetHints":{"allow":["GET"]}}],"collection":[{"href":"https:\/\/depagterinterieurs.nl\/de\/wp-json\/wp\/v2\/product"}],"about":[{"href":"https:\/\/depagterinterieurs.nl\/de\/wp-json\/wp\/v2\/types\/product"}],"wp:featuredmedia":[{"embeddable":true,"href":"https:\/\/depagterinterieurs.nl\/de\/wp-json\/wp\/v2\/media\/137118"}],"wp:attachment":[{"href":"https:\/\/depagterinterieurs.nl\/de\/wp-json\/wp\/v2\/media?parent=137179"}],"wp:term":[{"taxonomy":"product_brand","embeddable":true,"href":"https:\/\/depagterinterieurs.nl\/de\/wp-json\/wp\/v2\/product_brand?post=137179"},{"taxonomy":"product_cat","embeddable":true,"href":"https:\/\/depagterinterieurs.nl\/de\/wp-json\/wp\/v2\/product_cat?post=137179"},{"taxonomy":"product_tag","embeddable":true,"href":"https:\/\/depagterinterieurs.nl\/de\/wp-json\/wp\/v2\/product_tag?post=137179"}],"curies":[{"name":"wp","href":"https:\/\/api.w.org\/{rel}","templated":true}]}}