{"id":148539,"date":"2025-03-24T13:03:00","date_gmt":"2025-03-24T12:10:50","guid":{"rendered":"https:\/\/depagterinterieurs.nl\/collectie\/unkategorisiert\/bartisch-buddha\/"},"modified":"2025-03-24T13:10:50","modified_gmt":"2025-03-24T12:10:50","slug":"bartisch-buddha","status":"publish","type":"product","link":"https:\/\/depagterinterieurs.nl\/de\/collectie\/marke\/passe-partout-de\/bartisch-buddha\/","title":{"rendered":"Bartisch Buddha"},"content":{"rendered":"","protected":false},"excerpt":{"rendered":"<p>Moderner Stehtisch aus massiver und geb\u00fcrsteter schwarzer Eiche, getragen von einer stehenden schwarzen Metalls\u00e4ule auf einer schwarzen Metallgrundplatte.<br \/>\nDie Tischplatte hat einen Durchmesser von 160CM.<\/p>\n<p>Der Preis gilt f\u00fcr das abgebildete Modell.<\/p>\n<p>Der Stehtisch ist nur in diesem Modell erh\u00e4ltlich.<\/p>\n","protected":false},"featured_media":148385,"template":"","meta":[],"product_brand":[],"product_cat":[399,421,390,99],"product_tag":[],"class_list":{"0":"post-148539","1":"product","2":"type-product","3":"status-publish","4":"has-post-thumbnail","6":"product_cat-marke","7":"product_cat-passe-partout-de","8":"product_cat-stehtische","9":"product_cat-tische","11":"first","12":"instock","13":"shipping-taxable","14":"purchasable","15":"product-type-simple"},"yoast_head":"<!-- This site is optimized with the Yoast SEO plugin v27.3 - https:\/\/yoast.com\/product\/yoast-seo-wordpress\/ -->\n<title>Bartisch Buddha - De Pagter Interieurs<\/title>\n<meta name=\"description\" content=\"Moderner Stehtisch aus massiver und geb\u00fcrsteter schwarzer Eiche, getragen von einer stehenden schwarzen Metalls\u00e4ule auf einer schwarzen Metallgrundplatte. Die Tischplatte hat einen Durchmesser von 160CM. Der Preis gilt f\u00fcr das abgebildete Modell. Der Stehtisch ist nur in diesem Modell erh\u00e4ltlich.\" \/>\n<meta name=\"robots\" content=\"index, follow, max-snippet:-1, max-image-preview:large, max-video-preview:-1\" \/>\n<link rel=\"canonical\" href=\"https:\/\/depagterinterieurs.nl\/de\/collectie\/marke\/passe-partout-de\/bartisch-buddha\/\" \/>\n<meta property=\"og:locale\" content=\"de_DE\" \/>\n<meta property=\"og:type\" content=\"article\" \/>\n<meta property=\"og:title\" content=\"Bartisch Buddha - De Pagter Interieurs\" \/>\n<meta property=\"og:description\" content=\"Moderner Stehtisch aus massiver und geb\u00fcrsteter schwarzer Eiche, getragen von einer stehenden schwarzen Metalls\u00e4ule auf einer schwarzen Metallgrundplatte. Die Tischplatte hat einen Durchmesser von 160CM. Der Preis gilt f\u00fcr das abgebildete Modell. Der Stehtisch ist nur in diesem Modell erh\u00e4ltlich.\" \/>\n<meta property=\"og:url\" content=\"https:\/\/depagterinterieurs.nl\/de\/collectie\/marke\/passe-partout-de\/bartisch-buddha\/\" \/>\n<meta property=\"og:site_name\" content=\"De Pagter Interieurs\" \/>\n<meta property=\"article:publisher\" content=\"https:\/\/www.facebook.com\/depagterinterieurs\/\" \/>\n<meta property=\"og:image\" content=\"https:\/\/depagterinterieurs.nl\/wp-content\/uploads\/2025\/03\/IMG_5029.jpeg\" \/>\n\t<meta property=\"og:image:width\" content=\"1024\" \/>\n\t<meta property=\"og:image:height\" content=\"768\" \/>\n\t<meta property=\"og:image:type\" content=\"image\/jpeg\" \/>\n<meta name=\"twitter:card\" content=\"summary_large_image\" \/>\n<script type=\"application\/ld+json\" class=\"yoast-schema-graph\">{\"@context\":\"https:\\\/\\\/schema.org\",\"@graph\":[{\"@type\":\"WebPage\",\"@id\":\"https:\\\/\\\/depagterinterieurs.nl\\\/de\\\/collectie\\\/marke\\\/passe-partout-de\\\/bartisch-buddha\\\/\",\"url\":\"https:\\\/\\\/depagterinterieurs.nl\\\/de\\\/collectie\\\/marke\\\/passe-partout-de\\\/bartisch-buddha\\\/\",\"name\":\"Bartisch Buddha - De Pagter Interieurs\",\"isPartOf\":{\"@id\":\"https:\\\/\\\/depagterinterieurs.nl\\\/de\\\/#website\"},\"primaryImageOfPage\":{\"@id\":\"https:\\\/\\\/depagterinterieurs.nl\\\/de\\\/collectie\\\/marke\\\/passe-partout-de\\\/bartisch-buddha\\\/#primaryimage\"},\"image\":{\"@id\":\"https:\\\/\\\/depagterinterieurs.nl\\\/de\\\/collectie\\\/marke\\\/passe-partout-de\\\/bartisch-buddha\\\/#primaryimage\"},\"thumbnailUrl\":\"https:\\\/\\\/depagterinterieurs.nl\\\/wp-content\\\/uploads\\\/2025\\\/03\\\/IMG_5029.jpeg\",\"datePublished\":\"2025-03-24T12:10:50+00:00\",\"description\":\"Moderner Stehtisch aus massiver und geb\u00fcrsteter schwarzer Eiche, getragen von einer stehenden schwarzen Metalls\u00e4ule auf einer schwarzen Metallgrundplatte. Die Tischplatte hat einen Durchmesser von 160CM. Der Preis gilt f\u00fcr das abgebildete Modell. Der Stehtisch ist nur in diesem Modell erh\u00e4ltlich.\",\"breadcrumb\":{\"@id\":\"https:\\\/\\\/depagterinterieurs.nl\\\/de\\\/collectie\\\/marke\\\/passe-partout-de\\\/bartisch-buddha\\\/#breadcrumb\"},\"inLanguage\":\"de-DE\",\"potentialAction\":[{\"@type\":\"ReadAction\",\"target\":[\"https:\\\/\\\/depagterinterieurs.nl\\\/de\\\/collectie\\\/marke\\\/passe-partout-de\\\/bartisch-buddha\\\/\"]}]},{\"@type\":\"ImageObject\",\"inLanguage\":\"de-DE\",\"@id\":\"https:\\\/\\\/depagterinterieurs.nl\\\/de\\\/collectie\\\/marke\\\/passe-partout-de\\\/bartisch-buddha\\\/#primaryimage\",\"url\":\"https:\\\/\\\/depagterinterieurs.nl\\\/wp-content\\\/uploads\\\/2025\\\/03\\\/IMG_5029.jpeg\",\"contentUrl\":\"https:\\\/\\\/depagterinterieurs.nl\\\/wp-content\\\/uploads\\\/2025\\\/03\\\/IMG_5029.jpeg\",\"width\":1024,\"height\":768},{\"@type\":\"BreadcrumbList\",\"@id\":\"https:\\\/\\\/depagterinterieurs.nl\\\/de\\\/collectie\\\/marke\\\/passe-partout-de\\\/bartisch-buddha\\\/#breadcrumb\",\"itemListElement\":[{\"@type\":\"ListItem\",\"position\":1,\"name\":\"Home\",\"item\":\"https:\\\/\\\/depagterinterieurs.nl\\\/de\\\/homepagina-de\\\/\"},{\"@type\":\"ListItem\",\"position\":2,\"name\":\"Kollektion\",\"item\":\"https:\\\/\\\/depagterinterieurs.nl\\\/de\\\/kollektion\\\/\"},{\"@type\":\"ListItem\",\"position\":3,\"name\":\"Bartisch Buddha\"}]},{\"@type\":\"WebSite\",\"@id\":\"https:\\\/\\\/depagterinterieurs.nl\\\/de\\\/#website\",\"url\":\"https:\\\/\\\/depagterinterieurs.nl\\\/de\\\/\",\"name\":\"De Pagter Interieurs\",\"description\":\"M\u00f6belgesch\u00e4fte in Middelburg - Domburg - Veere\",\"potentialAction\":[{\"@type\":\"SearchAction\",\"target\":{\"@type\":\"EntryPoint\",\"urlTemplate\":\"https:\\\/\\\/depagterinterieurs.nl\\\/de\\\/?s={search_term_string}\"},\"query-input\":{\"@type\":\"PropertyValueSpecification\",\"valueRequired\":true,\"valueName\":\"search_term_string\"}}],\"inLanguage\":\"de-DE\"}]}<\/script>\n<!-- \/ Yoast SEO plugin. -->","yoast_head_json":{"title":"Bartisch Buddha - De Pagter Interieurs","description":"Moderner Stehtisch aus massiver und geb\u00fcrsteter schwarzer Eiche, getragen von einer stehenden schwarzen Metalls\u00e4ule auf einer schwarzen Metallgrundplatte. Die Tischplatte hat einen Durchmesser von 160CM. Der Preis gilt f\u00fcr das abgebildete Modell. Der Stehtisch ist nur in diesem Modell erh\u00e4ltlich.","robots":{"index":"index","follow":"follow","max-snippet":"max-snippet:-1","max-image-preview":"max-image-preview:large","max-video-preview":"max-video-preview:-1"},"canonical":"https:\/\/depagterinterieurs.nl\/de\/collectie\/marke\/passe-partout-de\/bartisch-buddha\/","og_locale":"de_DE","og_type":"article","og_title":"Bartisch Buddha - De Pagter Interieurs","og_description":"Moderner Stehtisch aus massiver und geb\u00fcrsteter schwarzer Eiche, getragen von einer stehenden schwarzen Metalls\u00e4ule auf einer schwarzen Metallgrundplatte. Die Tischplatte hat einen Durchmesser von 160CM. Der Preis gilt f\u00fcr das abgebildete Modell. Der Stehtisch ist nur in diesem Modell erh\u00e4ltlich.","og_url":"https:\/\/depagterinterieurs.nl\/de\/collectie\/marke\/passe-partout-de\/bartisch-buddha\/","og_site_name":"De Pagter Interieurs","article_publisher":"https:\/\/www.facebook.com\/depagterinterieurs\/","og_image":[{"width":1024,"height":768,"url":"https:\/\/depagterinterieurs.nl\/wp-content\/uploads\/2025\/03\/IMG_5029.jpeg","type":"image\/jpeg"}],"twitter_card":"summary_large_image","schema":{"@context":"https:\/\/schema.org","@graph":[{"@type":"WebPage","@id":"https:\/\/depagterinterieurs.nl\/de\/collectie\/marke\/passe-partout-de\/bartisch-buddha\/","url":"https:\/\/depagterinterieurs.nl\/de\/collectie\/marke\/passe-partout-de\/bartisch-buddha\/","name":"Bartisch Buddha - De Pagter Interieurs","isPartOf":{"@id":"https:\/\/depagterinterieurs.nl\/de\/#website"},"primaryImageOfPage":{"@id":"https:\/\/depagterinterieurs.nl\/de\/collectie\/marke\/passe-partout-de\/bartisch-buddha\/#primaryimage"},"image":{"@id":"https:\/\/depagterinterieurs.nl\/de\/collectie\/marke\/passe-partout-de\/bartisch-buddha\/#primaryimage"},"thumbnailUrl":"https:\/\/depagterinterieurs.nl\/wp-content\/uploads\/2025\/03\/IMG_5029.jpeg","datePublished":"2025-03-24T12:10:50+00:00","description":"Moderner Stehtisch aus massiver und geb\u00fcrsteter schwarzer Eiche, getragen von einer stehenden schwarzen Metalls\u00e4ule auf einer schwarzen Metallgrundplatte. Die Tischplatte hat einen Durchmesser von 160CM. Der Preis gilt f\u00fcr das abgebildete Modell. Der Stehtisch ist nur in diesem Modell erh\u00e4ltlich.","breadcrumb":{"@id":"https:\/\/depagterinterieurs.nl\/de\/collectie\/marke\/passe-partout-de\/bartisch-buddha\/#breadcrumb"},"inLanguage":"de-DE","potentialAction":[{"@type":"ReadAction","target":["https:\/\/depagterinterieurs.nl\/de\/collectie\/marke\/passe-partout-de\/bartisch-buddha\/"]}]},{"@type":"ImageObject","inLanguage":"de-DE","@id":"https:\/\/depagterinterieurs.nl\/de\/collectie\/marke\/passe-partout-de\/bartisch-buddha\/#primaryimage","url":"https:\/\/depagterinterieurs.nl\/wp-content\/uploads\/2025\/03\/IMG_5029.jpeg","contentUrl":"https:\/\/depagterinterieurs.nl\/wp-content\/uploads\/2025\/03\/IMG_5029.jpeg","width":1024,"height":768},{"@type":"BreadcrumbList","@id":"https:\/\/depagterinterieurs.nl\/de\/collectie\/marke\/passe-partout-de\/bartisch-buddha\/#breadcrumb","itemListElement":[{"@type":"ListItem","position":1,"name":"Home","item":"https:\/\/depagterinterieurs.nl\/de\/homepagina-de\/"},{"@type":"ListItem","position":2,"name":"Kollektion","item":"https:\/\/depagterinterieurs.nl\/de\/kollektion\/"},{"@type":"ListItem","position":3,"name":"Bartisch Buddha"}]},{"@type":"WebSite","@id":"https:\/\/depagterinterieurs.nl\/de\/#website","url":"https:\/\/depagterinterieurs.nl\/de\/","name":"De Pagter Interieurs","description":"M\u00f6belgesch\u00e4fte in Middelburg - Domburg - Veere","potentialAction":[{"@type":"SearchAction","target":{"@type":"EntryPoint","urlTemplate":"https:\/\/depagterinterieurs.nl\/de\/?s={search_term_string}"},"query-input":{"@type":"PropertyValueSpecification","valueRequired":true,"valueName":"search_term_string"}}],"inLanguage":"de-DE"}]}},"_links":{"self":[{"href":"https:\/\/depagterinterieurs.nl\/de\/wp-json\/wp\/v2\/product\/148539","targetHints":{"allow":["GET"]}}],"collection":[{"href":"https:\/\/depagterinterieurs.nl\/de\/wp-json\/wp\/v2\/product"}],"about":[{"href":"https:\/\/depagterinterieurs.nl\/de\/wp-json\/wp\/v2\/types\/product"}],"wp:featuredmedia":[{"embeddable":true,"href":"https:\/\/depagterinterieurs.nl\/de\/wp-json\/wp\/v2\/media\/148385"}],"wp:attachment":[{"href":"https:\/\/depagterinterieurs.nl\/de\/wp-json\/wp\/v2\/media?parent=148539"}],"wp:term":[{"taxonomy":"product_brand","embeddable":true,"href":"https:\/\/depagterinterieurs.nl\/de\/wp-json\/wp\/v2\/product_brand?post=148539"},{"taxonomy":"product_cat","embeddable":true,"href":"https:\/\/depagterinterieurs.nl\/de\/wp-json\/wp\/v2\/product_cat?post=148539"},{"taxonomy":"product_tag","embeddable":true,"href":"https:\/\/depagterinterieurs.nl\/de\/wp-json\/wp\/v2\/product_tag?post=148539"}],"curies":[{"name":"wp","href":"https:\/\/api.w.org\/{rel}","templated":true}]}}