{"id":158374,"date":"2025-07-02T14:06:25","date_gmt":"2025-07-02T13:06:25","guid":{"rendered":"https:\/\/depagterinterieurs.nl\/?post_type=product&#038;p=158374"},"modified":"2026-04-02T12:22:15","modified_gmt":"2026-04-02T11:22:15","slug":"tisch-monza-schwarz-150cm-kopie","status":"publish","type":"product","link":"https:\/\/depagterinterieurs.nl\/de\/collectie\/marke\/de-pagter-interieurs\/tisch-monza-schwarz-150cm-kopie\/","title":{"rendered":"Tisch Monza Schwarz 150CM"},"content":{"rendered":"","protected":false},"excerpt":{"rendered":"<p>Landstil, rRdie Seite der Tischplatte sind schwarz lackiert, aber der Tisch ist ebenfalls vollst\u00e4ndig in klarer Farbe erh\u00e4ltlich. <\/p>\n<p>Erh\u00e4ltlich ab Lager in dieser Gr\u00f6\u00dfe. In anderen Ma\u00dfen hat die Tabelle eine Lieferzeit von ca. 5 Monaten. <\/p>\n<p><strong>Bitte beachten Sie: Derzeit nicht vorr\u00e4tig. Wieder ab ca. August 2026 verf\u00fcgbar.<\/strong><\/p>\n","protected":false},"featured_media":131916,"template":"","meta":[],"product_brand":[],"product_cat":[409,93,372,399,99],"product_tag":[],"class_list":{"0":"post-158374","1":"product","2":"type-product","3":"status-publish","4":"has-post-thumbnail","6":"product_cat-de-pagter-interieurs","7":"product_cat-elmwood-old-pine-de","8":"product_cat-esstische","9":"product_cat-marke","10":"product_cat-tische","12":"first","13":"instock","14":"shipping-taxable","15":"purchasable","16":"product-type-simple"},"yoast_head":"<!-- This site is optimized with the Yoast SEO plugin v27.3 - https:\/\/yoast.com\/product\/yoast-seo-wordpress\/ -->\n<title>Tisch Monza Schwarz 150CM - De Pagter Interieurs<\/title>\n<meta name=\"description\" content=\"Landstil, runder Tisch &#039;Monza&#039; mit einem dekorativen, h\u00f6lzernen Bein, gefertigt aus altem Kiefernholz. Das Bein und die Seite der Tischplatte sind schwarz lackiert, aber der Tisch ist ebenfalls vollst\u00e4ndig in klarer Farbe erh\u00e4ltlich.\" \/>\n<meta name=\"robots\" content=\"index, follow, max-snippet:-1, max-image-preview:large, max-video-preview:-1\" \/>\n<link rel=\"canonical\" href=\"https:\/\/depagterinterieurs.nl\/de\/collectie\/marke\/de-pagter-interieurs\/tisch-monza-schwarz-150cm-kopie\/\" \/>\n<meta property=\"og:locale\" content=\"de_DE\" \/>\n<meta property=\"og:type\" content=\"article\" \/>\n<meta property=\"og:title\" content=\"Tisch Monza Schwarz 150CM - De Pagter Interieurs\" \/>\n<meta property=\"og:description\" content=\"Landstil, runder Tisch &#039;Monza&#039; mit einem dekorativen, h\u00f6lzernen Bein, gefertigt aus altem Kiefernholz. Das Bein und die Seite der Tischplatte sind schwarz lackiert, aber der Tisch ist ebenfalls vollst\u00e4ndig in klarer Farbe erh\u00e4ltlich.\" \/>\n<meta property=\"og:url\" content=\"https:\/\/depagterinterieurs.nl\/de\/collectie\/marke\/de-pagter-interieurs\/tisch-monza-schwarz-150cm-kopie\/\" \/>\n<meta property=\"og:site_name\" content=\"De Pagter Interieurs\" \/>\n<meta property=\"article:publisher\" content=\"https:\/\/www.facebook.com\/depagterinterieurs\/\" \/>\n<meta property=\"article:modified_time\" content=\"2026-04-02T11:22:15+00:00\" \/>\n<meta property=\"og:image\" content=\"https:\/\/depagterinterieurs.nl\/wp-content\/uploads\/2024\/11\/IMG_1714.jpeg\" \/>\n\t<meta property=\"og:image:width\" content=\"1024\" \/>\n\t<meta property=\"og:image:height\" content=\"768\" \/>\n\t<meta property=\"og:image:type\" content=\"image\/jpeg\" \/>\n<meta name=\"twitter:card\" content=\"summary_large_image\" \/>\n<script type=\"application\/ld+json\" class=\"yoast-schema-graph\">{\"@context\":\"https:\\\/\\\/schema.org\",\"@graph\":[{\"@type\":\"WebPage\",\"@id\":\"https:\\\/\\\/depagterinterieurs.nl\\\/de\\\/collectie\\\/marke\\\/de-pagter-interieurs\\\/tisch-monza-schwarz-150cm-kopie\\\/\",\"url\":\"https:\\\/\\\/depagterinterieurs.nl\\\/de\\\/collectie\\\/marke\\\/de-pagter-interieurs\\\/tisch-monza-schwarz-150cm-kopie\\\/\",\"name\":\"Tisch Monza Schwarz 150CM - De Pagter Interieurs\",\"isPartOf\":{\"@id\":\"https:\\\/\\\/depagterinterieurs.nl\\\/de\\\/#website\"},\"primaryImageOfPage\":{\"@id\":\"https:\\\/\\\/depagterinterieurs.nl\\\/de\\\/collectie\\\/marke\\\/de-pagter-interieurs\\\/tisch-monza-schwarz-150cm-kopie\\\/#primaryimage\"},\"image\":{\"@id\":\"https:\\\/\\\/depagterinterieurs.nl\\\/de\\\/collectie\\\/marke\\\/de-pagter-interieurs\\\/tisch-monza-schwarz-150cm-kopie\\\/#primaryimage\"},\"thumbnailUrl\":\"https:\\\/\\\/depagterinterieurs.nl\\\/wp-content\\\/uploads\\\/2024\\\/11\\\/IMG_1714.jpeg\",\"datePublished\":\"2025-07-02T13:06:25+00:00\",\"dateModified\":\"2026-04-02T11:22:15+00:00\",\"description\":\"Landstil, runder Tisch 'Monza' mit einem dekorativen, h\u00f6lzernen Bein, gefertigt aus altem Kiefernholz. Das Bein und die Seite der Tischplatte sind schwarz lackiert, aber der Tisch ist ebenfalls vollst\u00e4ndig in klarer Farbe erh\u00e4ltlich.\",\"breadcrumb\":{\"@id\":\"https:\\\/\\\/depagterinterieurs.nl\\\/de\\\/collectie\\\/marke\\\/de-pagter-interieurs\\\/tisch-monza-schwarz-150cm-kopie\\\/#breadcrumb\"},\"inLanguage\":\"de-DE\",\"potentialAction\":[{\"@type\":\"ReadAction\",\"target\":[\"https:\\\/\\\/depagterinterieurs.nl\\\/de\\\/collectie\\\/marke\\\/de-pagter-interieurs\\\/tisch-monza-schwarz-150cm-kopie\\\/\"]}]},{\"@type\":\"ImageObject\",\"inLanguage\":\"de-DE\",\"@id\":\"https:\\\/\\\/depagterinterieurs.nl\\\/de\\\/collectie\\\/marke\\\/de-pagter-interieurs\\\/tisch-monza-schwarz-150cm-kopie\\\/#primaryimage\",\"url\":\"https:\\\/\\\/depagterinterieurs.nl\\\/wp-content\\\/uploads\\\/2024\\\/11\\\/IMG_1714.jpeg\",\"contentUrl\":\"https:\\\/\\\/depagterinterieurs.nl\\\/wp-content\\\/uploads\\\/2024\\\/11\\\/IMG_1714.jpeg\",\"width\":1024,\"height\":768},{\"@type\":\"BreadcrumbList\",\"@id\":\"https:\\\/\\\/depagterinterieurs.nl\\\/de\\\/collectie\\\/marke\\\/de-pagter-interieurs\\\/tisch-monza-schwarz-150cm-kopie\\\/#breadcrumb\",\"itemListElement\":[{\"@type\":\"ListItem\",\"position\":1,\"name\":\"Home\",\"item\":\"https:\\\/\\\/depagterinterieurs.nl\\\/de\\\/homepagina-de\\\/\"},{\"@type\":\"ListItem\",\"position\":2,\"name\":\"Kollektion\",\"item\":\"https:\\\/\\\/depagterinterieurs.nl\\\/de\\\/kollektion\\\/\"},{\"@type\":\"ListItem\",\"position\":3,\"name\":\"Tisch Monza Schwarz 150CM\"}]},{\"@type\":\"WebSite\",\"@id\":\"https:\\\/\\\/depagterinterieurs.nl\\\/de\\\/#website\",\"url\":\"https:\\\/\\\/depagterinterieurs.nl\\\/de\\\/\",\"name\":\"De Pagter Interieurs\",\"description\":\"M\u00f6belgesch\u00e4fte in Middelburg - Domburg - Veere\",\"potentialAction\":[{\"@type\":\"SearchAction\",\"target\":{\"@type\":\"EntryPoint\",\"urlTemplate\":\"https:\\\/\\\/depagterinterieurs.nl\\\/de\\\/?s={search_term_string}\"},\"query-input\":{\"@type\":\"PropertyValueSpecification\",\"valueRequired\":true,\"valueName\":\"search_term_string\"}}],\"inLanguage\":\"de-DE\"}]}<\/script>\n<!-- \/ Yoast SEO plugin. -->","yoast_head_json":{"title":"Tisch Monza Schwarz 150CM - De Pagter Interieurs","description":"Landstil, runder Tisch 'Monza' mit einem dekorativen, h\u00f6lzernen Bein, gefertigt aus altem Kiefernholz. Das Bein und die Seite der Tischplatte sind schwarz lackiert, aber der Tisch ist ebenfalls vollst\u00e4ndig in klarer Farbe erh\u00e4ltlich.","robots":{"index":"index","follow":"follow","max-snippet":"max-snippet:-1","max-image-preview":"max-image-preview:large","max-video-preview":"max-video-preview:-1"},"canonical":"https:\/\/depagterinterieurs.nl\/de\/collectie\/marke\/de-pagter-interieurs\/tisch-monza-schwarz-150cm-kopie\/","og_locale":"de_DE","og_type":"article","og_title":"Tisch Monza Schwarz 150CM - De Pagter Interieurs","og_description":"Landstil, runder Tisch 'Monza' mit einem dekorativen, h\u00f6lzernen Bein, gefertigt aus altem Kiefernholz. Das Bein und die Seite der Tischplatte sind schwarz lackiert, aber der Tisch ist ebenfalls vollst\u00e4ndig in klarer Farbe erh\u00e4ltlich.","og_url":"https:\/\/depagterinterieurs.nl\/de\/collectie\/marke\/de-pagter-interieurs\/tisch-monza-schwarz-150cm-kopie\/","og_site_name":"De Pagter Interieurs","article_publisher":"https:\/\/www.facebook.com\/depagterinterieurs\/","article_modified_time":"2026-04-02T11:22:15+00:00","og_image":[{"width":1024,"height":768,"url":"https:\/\/depagterinterieurs.nl\/wp-content\/uploads\/2024\/11\/IMG_1714.jpeg","type":"image\/jpeg"}],"twitter_card":"summary_large_image","schema":{"@context":"https:\/\/schema.org","@graph":[{"@type":"WebPage","@id":"https:\/\/depagterinterieurs.nl\/de\/collectie\/marke\/de-pagter-interieurs\/tisch-monza-schwarz-150cm-kopie\/","url":"https:\/\/depagterinterieurs.nl\/de\/collectie\/marke\/de-pagter-interieurs\/tisch-monza-schwarz-150cm-kopie\/","name":"Tisch Monza Schwarz 150CM - De Pagter Interieurs","isPartOf":{"@id":"https:\/\/depagterinterieurs.nl\/de\/#website"},"primaryImageOfPage":{"@id":"https:\/\/depagterinterieurs.nl\/de\/collectie\/marke\/de-pagter-interieurs\/tisch-monza-schwarz-150cm-kopie\/#primaryimage"},"image":{"@id":"https:\/\/depagterinterieurs.nl\/de\/collectie\/marke\/de-pagter-interieurs\/tisch-monza-schwarz-150cm-kopie\/#primaryimage"},"thumbnailUrl":"https:\/\/depagterinterieurs.nl\/wp-content\/uploads\/2024\/11\/IMG_1714.jpeg","datePublished":"2025-07-02T13:06:25+00:00","dateModified":"2026-04-02T11:22:15+00:00","description":"Landstil, runder Tisch 'Monza' mit einem dekorativen, h\u00f6lzernen Bein, gefertigt aus altem Kiefernholz. Das Bein und die Seite der Tischplatte sind schwarz lackiert, aber der Tisch ist ebenfalls vollst\u00e4ndig in klarer Farbe erh\u00e4ltlich.","breadcrumb":{"@id":"https:\/\/depagterinterieurs.nl\/de\/collectie\/marke\/de-pagter-interieurs\/tisch-monza-schwarz-150cm-kopie\/#breadcrumb"},"inLanguage":"de-DE","potentialAction":[{"@type":"ReadAction","target":["https:\/\/depagterinterieurs.nl\/de\/collectie\/marke\/de-pagter-interieurs\/tisch-monza-schwarz-150cm-kopie\/"]}]},{"@type":"ImageObject","inLanguage":"de-DE","@id":"https:\/\/depagterinterieurs.nl\/de\/collectie\/marke\/de-pagter-interieurs\/tisch-monza-schwarz-150cm-kopie\/#primaryimage","url":"https:\/\/depagterinterieurs.nl\/wp-content\/uploads\/2024\/11\/IMG_1714.jpeg","contentUrl":"https:\/\/depagterinterieurs.nl\/wp-content\/uploads\/2024\/11\/IMG_1714.jpeg","width":1024,"height":768},{"@type":"BreadcrumbList","@id":"https:\/\/depagterinterieurs.nl\/de\/collectie\/marke\/de-pagter-interieurs\/tisch-monza-schwarz-150cm-kopie\/#breadcrumb","itemListElement":[{"@type":"ListItem","position":1,"name":"Home","item":"https:\/\/depagterinterieurs.nl\/de\/homepagina-de\/"},{"@type":"ListItem","position":2,"name":"Kollektion","item":"https:\/\/depagterinterieurs.nl\/de\/kollektion\/"},{"@type":"ListItem","position":3,"name":"Tisch Monza Schwarz 150CM"}]},{"@type":"WebSite","@id":"https:\/\/depagterinterieurs.nl\/de\/#website","url":"https:\/\/depagterinterieurs.nl\/de\/","name":"De Pagter Interieurs","description":"M\u00f6belgesch\u00e4fte in Middelburg - Domburg - Veere","potentialAction":[{"@type":"SearchAction","target":{"@type":"EntryPoint","urlTemplate":"https:\/\/depagterinterieurs.nl\/de\/?s={search_term_string}"},"query-input":{"@type":"PropertyValueSpecification","valueRequired":true,"valueName":"search_term_string"}}],"inLanguage":"de-DE"}]}},"_links":{"self":[{"href":"https:\/\/depagterinterieurs.nl\/de\/wp-json\/wp\/v2\/product\/158374","targetHints":{"allow":["GET"]}}],"collection":[{"href":"https:\/\/depagterinterieurs.nl\/de\/wp-json\/wp\/v2\/product"}],"about":[{"href":"https:\/\/depagterinterieurs.nl\/de\/wp-json\/wp\/v2\/types\/product"}],"wp:featuredmedia":[{"embeddable":true,"href":"https:\/\/depagterinterieurs.nl\/de\/wp-json\/wp\/v2\/media\/131916"}],"wp:attachment":[{"href":"https:\/\/depagterinterieurs.nl\/de\/wp-json\/wp\/v2\/media?parent=158374"}],"wp:term":[{"taxonomy":"product_brand","embeddable":true,"href":"https:\/\/depagterinterieurs.nl\/de\/wp-json\/wp\/v2\/product_brand?post=158374"},{"taxonomy":"product_cat","embeddable":true,"href":"https:\/\/depagterinterieurs.nl\/de\/wp-json\/wp\/v2\/product_cat?post=158374"},{"taxonomy":"product_tag","embeddable":true,"href":"https:\/\/depagterinterieurs.nl\/de\/wp-json\/wp\/v2\/product_tag?post=158374"}],"curies":[{"name":"wp","href":"https:\/\/api.w.org\/{rel}","templated":true}]}}