{"id":187450,"date":"2026-03-03T16:40:24","date_gmt":"2026-03-03T15:40:24","guid":{"rendered":"https:\/\/depagterinterieurs.nl\/collectie\/uncategorized\/schrank-sarajevo\/"},"modified":"2026-04-03T08:43:24","modified_gmt":"2026-04-03T07:43:24","slug":"schrank-sarajevo","status":"publish","type":"product","link":"https:\/\/depagterinterieurs.nl\/de\/collectie\/marke\/de-pagter-interieurs\/schrank-sarajevo\/","title":{"rendered":"Schrank Sarajevo"},"content":{"rendered":"","protected":false},"excerpt":{"rendered":"<p>Schrank &#8216;Sarajevo&#8217; mit einer T\u00fcr und einem offenen Oberschrank mit 3 F\u00e4chern, gefertigt aus altem Kiefernholz.<\/p>\n<p>Erh\u00e4ltlich mit links oder rechts schlie\u00dfender T\u00fcr, aber noch besser als Zweier-Set. Der Preis ist pro St\u00fcck.<\/p>\n","protected":false},"featured_media":187387,"template":"","meta":[],"product_brand":[],"product_cat":[409,93,352,399,95],"product_tag":[],"class_list":{"0":"post-187450","1":"product","2":"type-product","3":"status-publish","4":"has-post-thumbnail","6":"product_cat-de-pagter-interieurs","7":"product_cat-elmwood-old-pine-de","8":"product_cat-lagerschranke","9":"product_cat-marke","10":"product_cat-schranke-sideboards","12":"first","13":"instock","14":"shipping-taxable","15":"purchasable","16":"product-type-simple"},"yoast_head":"<!-- This site is optimized with the Yoast SEO plugin v27.3 - https:\/\/yoast.com\/product\/yoast-seo-wordpress\/ -->\n<title>Schrank Sarajevo - De Pagter Interieurs<\/title>\n<meta name=\"description\" content=\"Schrank &#039;Sarajevo&#039; mit einer T\u00fcr und einem offenen Oberschrank mit 3 F\u00e4chern, gefertigt aus altem Kiefernholz. Erh\u00e4ltlich mit links oder rechts schlie\u00dfender T\u00fcr, aber noch besser als Zweier-Set. Der Preis ist pro St\u00fcck.\" \/>\n<meta name=\"robots\" content=\"index, follow, max-snippet:-1, max-image-preview:large, max-video-preview:-1\" \/>\n<link rel=\"canonical\" href=\"https:\/\/depagterinterieurs.nl\/de\/collectie\/marke\/de-pagter-interieurs\/schrank-sarajevo\/\" \/>\n<meta property=\"og:locale\" content=\"de_DE\" \/>\n<meta property=\"og:type\" content=\"article\" \/>\n<meta property=\"og:title\" content=\"Schrank Sarajevo - De Pagter Interieurs\" \/>\n<meta property=\"og:description\" content=\"Schrank &#039;Sarajevo&#039; mit einer T\u00fcr und einem offenen Oberschrank mit 3 F\u00e4chern, gefertigt aus altem Kiefernholz. Erh\u00e4ltlich mit links oder rechts schlie\u00dfender T\u00fcr, aber noch besser als Zweier-Set. Der Preis ist pro St\u00fcck.\" \/>\n<meta property=\"og:url\" content=\"https:\/\/depagterinterieurs.nl\/de\/collectie\/marke\/de-pagter-interieurs\/schrank-sarajevo\/\" \/>\n<meta property=\"og:site_name\" content=\"De Pagter Interieurs\" \/>\n<meta property=\"article:publisher\" content=\"https:\/\/www.facebook.com\/depagterinterieurs\/\" \/>\n<meta property=\"article:modified_time\" content=\"2026-04-03T07:43:24+00:00\" \/>\n<meta property=\"og:image\" content=\"https:\/\/depagterinterieurs.nl\/wp-content\/uploads\/2026\/03\/IMG_4475.jpg\" \/>\n\t<meta property=\"og:image:width\" content=\"1024\" \/>\n\t<meta property=\"og:image:height\" content=\"768\" \/>\n\t<meta property=\"og:image:type\" content=\"image\/jpeg\" \/>\n<meta name=\"twitter:card\" content=\"summary_large_image\" \/>\n<script type=\"application\/ld+json\" class=\"yoast-schema-graph\">{\"@context\":\"https:\\\/\\\/schema.org\",\"@graph\":[{\"@type\":\"WebPage\",\"@id\":\"https:\\\/\\\/depagterinterieurs.nl\\\/de\\\/collectie\\\/marke\\\/de-pagter-interieurs\\\/schrank-sarajevo\\\/\",\"url\":\"https:\\\/\\\/depagterinterieurs.nl\\\/de\\\/collectie\\\/marke\\\/de-pagter-interieurs\\\/schrank-sarajevo\\\/\",\"name\":\"Schrank Sarajevo - De Pagter Interieurs\",\"isPartOf\":{\"@id\":\"https:\\\/\\\/depagterinterieurs.nl\\\/de\\\/#website\"},\"primaryImageOfPage\":{\"@id\":\"https:\\\/\\\/depagterinterieurs.nl\\\/de\\\/collectie\\\/marke\\\/de-pagter-interieurs\\\/schrank-sarajevo\\\/#primaryimage\"},\"image\":{\"@id\":\"https:\\\/\\\/depagterinterieurs.nl\\\/de\\\/collectie\\\/marke\\\/de-pagter-interieurs\\\/schrank-sarajevo\\\/#primaryimage\"},\"thumbnailUrl\":\"https:\\\/\\\/depagterinterieurs.nl\\\/wp-content\\\/uploads\\\/2026\\\/03\\\/IMG_4475.jpg\",\"datePublished\":\"2026-03-03T15:40:24+00:00\",\"dateModified\":\"2026-04-03T07:43:24+00:00\",\"description\":\"Schrank 'Sarajevo' mit einer T\u00fcr und einem offenen Oberschrank mit 3 F\u00e4chern, gefertigt aus altem Kiefernholz. Erh\u00e4ltlich mit links oder rechts schlie\u00dfender T\u00fcr, aber noch besser als Zweier-Set. Der Preis ist pro St\u00fcck.\",\"breadcrumb\":{\"@id\":\"https:\\\/\\\/depagterinterieurs.nl\\\/de\\\/collectie\\\/marke\\\/de-pagter-interieurs\\\/schrank-sarajevo\\\/#breadcrumb\"},\"inLanguage\":\"de-DE\",\"potentialAction\":[{\"@type\":\"ReadAction\",\"target\":[\"https:\\\/\\\/depagterinterieurs.nl\\\/de\\\/collectie\\\/marke\\\/de-pagter-interieurs\\\/schrank-sarajevo\\\/\"]}]},{\"@type\":\"ImageObject\",\"inLanguage\":\"de-DE\",\"@id\":\"https:\\\/\\\/depagterinterieurs.nl\\\/de\\\/collectie\\\/marke\\\/de-pagter-interieurs\\\/schrank-sarajevo\\\/#primaryimage\",\"url\":\"https:\\\/\\\/depagterinterieurs.nl\\\/wp-content\\\/uploads\\\/2026\\\/03\\\/IMG_4475.jpg\",\"contentUrl\":\"https:\\\/\\\/depagterinterieurs.nl\\\/wp-content\\\/uploads\\\/2026\\\/03\\\/IMG_4475.jpg\",\"width\":1024,\"height\":768},{\"@type\":\"BreadcrumbList\",\"@id\":\"https:\\\/\\\/depagterinterieurs.nl\\\/de\\\/collectie\\\/marke\\\/de-pagter-interieurs\\\/schrank-sarajevo\\\/#breadcrumb\",\"itemListElement\":[{\"@type\":\"ListItem\",\"position\":1,\"name\":\"Home\",\"item\":\"https:\\\/\\\/depagterinterieurs.nl\\\/de\\\/homepagina-de\\\/\"},{\"@type\":\"ListItem\",\"position\":2,\"name\":\"Kollektion\",\"item\":\"https:\\\/\\\/depagterinterieurs.nl\\\/de\\\/kollektion\\\/\"},{\"@type\":\"ListItem\",\"position\":3,\"name\":\"Schrank Sarajevo\"}]},{\"@type\":\"WebSite\",\"@id\":\"https:\\\/\\\/depagterinterieurs.nl\\\/de\\\/#website\",\"url\":\"https:\\\/\\\/depagterinterieurs.nl\\\/de\\\/\",\"name\":\"De Pagter Interieurs\",\"description\":\"M\u00f6belgesch\u00e4fte in Middelburg - Domburg - Veere\",\"potentialAction\":[{\"@type\":\"SearchAction\",\"target\":{\"@type\":\"EntryPoint\",\"urlTemplate\":\"https:\\\/\\\/depagterinterieurs.nl\\\/de\\\/?s={search_term_string}\"},\"query-input\":{\"@type\":\"PropertyValueSpecification\",\"valueRequired\":true,\"valueName\":\"search_term_string\"}}],\"inLanguage\":\"de-DE\"}]}<\/script>\n<!-- \/ Yoast SEO plugin. -->","yoast_head_json":{"title":"Schrank Sarajevo - De Pagter Interieurs","description":"Schrank 'Sarajevo' mit einer T\u00fcr und einem offenen Oberschrank mit 3 F\u00e4chern, gefertigt aus altem Kiefernholz. Erh\u00e4ltlich mit links oder rechts schlie\u00dfender T\u00fcr, aber noch besser als Zweier-Set. Der Preis ist pro St\u00fcck.","robots":{"index":"index","follow":"follow","max-snippet":"max-snippet:-1","max-image-preview":"max-image-preview:large","max-video-preview":"max-video-preview:-1"},"canonical":"https:\/\/depagterinterieurs.nl\/de\/collectie\/marke\/de-pagter-interieurs\/schrank-sarajevo\/","og_locale":"de_DE","og_type":"article","og_title":"Schrank Sarajevo - De Pagter Interieurs","og_description":"Schrank 'Sarajevo' mit einer T\u00fcr und einem offenen Oberschrank mit 3 F\u00e4chern, gefertigt aus altem Kiefernholz. Erh\u00e4ltlich mit links oder rechts schlie\u00dfender T\u00fcr, aber noch besser als Zweier-Set. Der Preis ist pro St\u00fcck.","og_url":"https:\/\/depagterinterieurs.nl\/de\/collectie\/marke\/de-pagter-interieurs\/schrank-sarajevo\/","og_site_name":"De Pagter Interieurs","article_publisher":"https:\/\/www.facebook.com\/depagterinterieurs\/","article_modified_time":"2026-04-03T07:43:24+00:00","og_image":[{"width":1024,"height":768,"url":"https:\/\/depagterinterieurs.nl\/wp-content\/uploads\/2026\/03\/IMG_4475.jpg","type":"image\/jpeg"}],"twitter_card":"summary_large_image","schema":{"@context":"https:\/\/schema.org","@graph":[{"@type":"WebPage","@id":"https:\/\/depagterinterieurs.nl\/de\/collectie\/marke\/de-pagter-interieurs\/schrank-sarajevo\/","url":"https:\/\/depagterinterieurs.nl\/de\/collectie\/marke\/de-pagter-interieurs\/schrank-sarajevo\/","name":"Schrank Sarajevo - De Pagter Interieurs","isPartOf":{"@id":"https:\/\/depagterinterieurs.nl\/de\/#website"},"primaryImageOfPage":{"@id":"https:\/\/depagterinterieurs.nl\/de\/collectie\/marke\/de-pagter-interieurs\/schrank-sarajevo\/#primaryimage"},"image":{"@id":"https:\/\/depagterinterieurs.nl\/de\/collectie\/marke\/de-pagter-interieurs\/schrank-sarajevo\/#primaryimage"},"thumbnailUrl":"https:\/\/depagterinterieurs.nl\/wp-content\/uploads\/2026\/03\/IMG_4475.jpg","datePublished":"2026-03-03T15:40:24+00:00","dateModified":"2026-04-03T07:43:24+00:00","description":"Schrank 'Sarajevo' mit einer T\u00fcr und einem offenen Oberschrank mit 3 F\u00e4chern, gefertigt aus altem Kiefernholz. Erh\u00e4ltlich mit links oder rechts schlie\u00dfender T\u00fcr, aber noch besser als Zweier-Set. Der Preis ist pro St\u00fcck.","breadcrumb":{"@id":"https:\/\/depagterinterieurs.nl\/de\/collectie\/marke\/de-pagter-interieurs\/schrank-sarajevo\/#breadcrumb"},"inLanguage":"de-DE","potentialAction":[{"@type":"ReadAction","target":["https:\/\/depagterinterieurs.nl\/de\/collectie\/marke\/de-pagter-interieurs\/schrank-sarajevo\/"]}]},{"@type":"ImageObject","inLanguage":"de-DE","@id":"https:\/\/depagterinterieurs.nl\/de\/collectie\/marke\/de-pagter-interieurs\/schrank-sarajevo\/#primaryimage","url":"https:\/\/depagterinterieurs.nl\/wp-content\/uploads\/2026\/03\/IMG_4475.jpg","contentUrl":"https:\/\/depagterinterieurs.nl\/wp-content\/uploads\/2026\/03\/IMG_4475.jpg","width":1024,"height":768},{"@type":"BreadcrumbList","@id":"https:\/\/depagterinterieurs.nl\/de\/collectie\/marke\/de-pagter-interieurs\/schrank-sarajevo\/#breadcrumb","itemListElement":[{"@type":"ListItem","position":1,"name":"Home","item":"https:\/\/depagterinterieurs.nl\/de\/homepagina-de\/"},{"@type":"ListItem","position":2,"name":"Kollektion","item":"https:\/\/depagterinterieurs.nl\/de\/kollektion\/"},{"@type":"ListItem","position":3,"name":"Schrank Sarajevo"}]},{"@type":"WebSite","@id":"https:\/\/depagterinterieurs.nl\/de\/#website","url":"https:\/\/depagterinterieurs.nl\/de\/","name":"De Pagter Interieurs","description":"M\u00f6belgesch\u00e4fte in Middelburg - Domburg - Veere","potentialAction":[{"@type":"SearchAction","target":{"@type":"EntryPoint","urlTemplate":"https:\/\/depagterinterieurs.nl\/de\/?s={search_term_string}"},"query-input":{"@type":"PropertyValueSpecification","valueRequired":true,"valueName":"search_term_string"}}],"inLanguage":"de-DE"}]}},"_links":{"self":[{"href":"https:\/\/depagterinterieurs.nl\/de\/wp-json\/wp\/v2\/product\/187450","targetHints":{"allow":["GET"]}}],"collection":[{"href":"https:\/\/depagterinterieurs.nl\/de\/wp-json\/wp\/v2\/product"}],"about":[{"href":"https:\/\/depagterinterieurs.nl\/de\/wp-json\/wp\/v2\/types\/product"}],"wp:featuredmedia":[{"embeddable":true,"href":"https:\/\/depagterinterieurs.nl\/de\/wp-json\/wp\/v2\/media\/187387"}],"wp:attachment":[{"href":"https:\/\/depagterinterieurs.nl\/de\/wp-json\/wp\/v2\/media?parent=187450"}],"wp:term":[{"taxonomy":"product_brand","embeddable":true,"href":"https:\/\/depagterinterieurs.nl\/de\/wp-json\/wp\/v2\/product_brand?post=187450"},{"taxonomy":"product_cat","embeddable":true,"href":"https:\/\/depagterinterieurs.nl\/de\/wp-json\/wp\/v2\/product_cat?post=187450"},{"taxonomy":"product_tag","embeddable":true,"href":"https:\/\/depagterinterieurs.nl\/de\/wp-json\/wp\/v2\/product_tag?post=187450"}],"curies":[{"name":"wp","href":"https:\/\/api.w.org\/{rel}","templated":true}]}}