{"id":49092,"date":"2021-07-26T15:01:59","date_gmt":"2021-07-26T14:29:34","guid":{"rendered":"https:\/\/depagterinterieurs.nl\/collectie\/unkategorisiert\/coatrack-hudson-s\/"},"modified":"2022-03-28T09:31:35","modified_gmt":"2022-03-28T08:31:35","slug":"coatrack-hudson-s-2","status":"publish","type":"product","link":"https:\/\/depagterinterieurs.nl\/de\/collectie\/verschiedene-mobel\/coatrack-hudson-s-2\/","title":{"rendered":"Coatrack Hudson S"},"content":{"rendered":"","protected":false},"excerpt":{"rendered":"<p>Der vernickelte Hudson S Coatrack erinnert an die Gep\u00e4ckablagen in alten Dampfz\u00fcgen. Diese nostalgische Wandgarderobe hat 13 Haken zum Aufh\u00e4ngen von M\u00e4nteln und Jacken und eine obere Ablage f\u00fcr Handschuhe, M\u00fctzen und \u00e4hnliches.<\/p>\n","protected":false},"featured_media":62024,"template":"","meta":[],"product_brand":[],"product_cat":[92,102],"product_tag":[],"class_list":{"0":"post-49092","1":"product","2":"type-product","3":"status-publish","4":"has-post-thumbnail","6":"product_cat-verschiedene-mobel","7":"product_cat-wohnaccesssoires","9":"first","10":"instock","11":"shipping-taxable","12":"purchasable","13":"product-type-simple"},"yoast_head":"<!-- This site is optimized with the Yoast SEO plugin v27.3 - https:\/\/yoast.com\/product\/yoast-seo-wordpress\/ -->\n<title>Coatrack Hudson S - De Pagter Interieurs<\/title>\n<meta name=\"description\" content=\"Die messingveredelte Hudson S Coatrack erinnert an die Gep\u00e4ckablagen in alten Dampflokomotiven. Hat 13 Haken.\" \/>\n<meta name=\"robots\" content=\"index, follow, max-snippet:-1, max-image-preview:large, max-video-preview:-1\" \/>\n<link rel=\"canonical\" href=\"https:\/\/depagterinterieurs.nl\/de\/collectie\/verschiedene-mobel\/coatrack-hudson-s-2\/\" \/>\n<meta property=\"og:locale\" content=\"de_DE\" \/>\n<meta property=\"og:type\" content=\"article\" \/>\n<meta property=\"og:title\" content=\"Coatrack Hudson S - De Pagter Interieurs\" \/>\n<meta property=\"og:description\" content=\"Die messingveredelte Hudson S Coatrack erinnert an die Gep\u00e4ckablagen in alten Dampflokomotiven. Hat 13 Haken.\" \/>\n<meta property=\"og:url\" content=\"https:\/\/depagterinterieurs.nl\/de\/collectie\/verschiedene-mobel\/coatrack-hudson-s-2\/\" \/>\n<meta property=\"og:site_name\" content=\"De Pagter Interieurs\" \/>\n<meta property=\"article:publisher\" content=\"https:\/\/www.facebook.com\/depagterinterieurs\/\" \/>\n<meta property=\"article:modified_time\" content=\"2022-03-28T08:31:35+00:00\" \/>\n<meta property=\"og:image\" content=\"https:\/\/depagterinterieurs.nl\/wp-content\/uploads\/2021\/07\/Hudson-silver1.jpg\" \/>\n\t<meta property=\"og:image:width\" content=\"797\" \/>\n\t<meta property=\"og:image:height\" content=\"782\" \/>\n\t<meta property=\"og:image:type\" content=\"image\/jpeg\" \/>\n<meta name=\"twitter:card\" content=\"summary_large_image\" \/>\n<script type=\"application\/ld+json\" class=\"yoast-schema-graph\">{\"@context\":\"https:\\\/\\\/schema.org\",\"@graph\":[{\"@type\":\"WebPage\",\"@id\":\"https:\\\/\\\/depagterinterieurs.nl\\\/de\\\/collectie\\\/verschiedene-mobel\\\/coatrack-hudson-s-2\\\/\",\"url\":\"https:\\\/\\\/depagterinterieurs.nl\\\/de\\\/collectie\\\/verschiedene-mobel\\\/coatrack-hudson-s-2\\\/\",\"name\":\"Coatrack Hudson S - De Pagter Interieurs\",\"isPartOf\":{\"@id\":\"https:\\\/\\\/depagterinterieurs.nl\\\/de\\\/#website\"},\"primaryImageOfPage\":{\"@id\":\"https:\\\/\\\/depagterinterieurs.nl\\\/de\\\/collectie\\\/verschiedene-mobel\\\/coatrack-hudson-s-2\\\/#primaryimage\"},\"image\":{\"@id\":\"https:\\\/\\\/depagterinterieurs.nl\\\/de\\\/collectie\\\/verschiedene-mobel\\\/coatrack-hudson-s-2\\\/#primaryimage\"},\"thumbnailUrl\":\"https:\\\/\\\/depagterinterieurs.nl\\\/wp-content\\\/uploads\\\/2021\\\/07\\\/Hudson-silver1.jpg\",\"datePublished\":\"2021-07-26T14:29:34+00:00\",\"dateModified\":\"2022-03-28T08:31:35+00:00\",\"description\":\"Die messingveredelte Hudson S Coatrack erinnert an die Gep\u00e4ckablagen in alten Dampflokomotiven. Hat 13 Haken.\",\"breadcrumb\":{\"@id\":\"https:\\\/\\\/depagterinterieurs.nl\\\/de\\\/collectie\\\/verschiedene-mobel\\\/coatrack-hudson-s-2\\\/#breadcrumb\"},\"inLanguage\":\"de-DE\",\"potentialAction\":[{\"@type\":\"ReadAction\",\"target\":[\"https:\\\/\\\/depagterinterieurs.nl\\\/de\\\/collectie\\\/verschiedene-mobel\\\/coatrack-hudson-s-2\\\/\"]}]},{\"@type\":\"ImageObject\",\"inLanguage\":\"de-DE\",\"@id\":\"https:\\\/\\\/depagterinterieurs.nl\\\/de\\\/collectie\\\/verschiedene-mobel\\\/coatrack-hudson-s-2\\\/#primaryimage\",\"url\":\"https:\\\/\\\/depagterinterieurs.nl\\\/wp-content\\\/uploads\\\/2021\\\/07\\\/Hudson-silver1.jpg\",\"contentUrl\":\"https:\\\/\\\/depagterinterieurs.nl\\\/wp-content\\\/uploads\\\/2021\\\/07\\\/Hudson-silver1.jpg\",\"width\":797,\"height\":782},{\"@type\":\"BreadcrumbList\",\"@id\":\"https:\\\/\\\/depagterinterieurs.nl\\\/de\\\/collectie\\\/verschiedene-mobel\\\/coatrack-hudson-s-2\\\/#breadcrumb\",\"itemListElement\":[{\"@type\":\"ListItem\",\"position\":1,\"name\":\"Home\",\"item\":\"https:\\\/\\\/depagterinterieurs.nl\\\/de\\\/homepagina-de\\\/\"},{\"@type\":\"ListItem\",\"position\":2,\"name\":\"Kollektion\",\"item\":\"https:\\\/\\\/depagterinterieurs.nl\\\/de\\\/kollektion\\\/\"},{\"@type\":\"ListItem\",\"position\":3,\"name\":\"Coatrack Hudson S\"}]},{\"@type\":\"WebSite\",\"@id\":\"https:\\\/\\\/depagterinterieurs.nl\\\/de\\\/#website\",\"url\":\"https:\\\/\\\/depagterinterieurs.nl\\\/de\\\/\",\"name\":\"De Pagter Interieurs\",\"description\":\"M\u00f6belgesch\u00e4fte in Middelburg - Domburg - Veere\",\"potentialAction\":[{\"@type\":\"SearchAction\",\"target\":{\"@type\":\"EntryPoint\",\"urlTemplate\":\"https:\\\/\\\/depagterinterieurs.nl\\\/de\\\/?s={search_term_string}\"},\"query-input\":{\"@type\":\"PropertyValueSpecification\",\"valueRequired\":true,\"valueName\":\"search_term_string\"}}],\"inLanguage\":\"de-DE\"}]}<\/script>\n<!-- \/ Yoast SEO plugin. -->","yoast_head_json":{"title":"Coatrack Hudson S - De Pagter Interieurs","description":"Die messingveredelte Hudson S Coatrack erinnert an die Gep\u00e4ckablagen in alten Dampflokomotiven. Hat 13 Haken.","robots":{"index":"index","follow":"follow","max-snippet":"max-snippet:-1","max-image-preview":"max-image-preview:large","max-video-preview":"max-video-preview:-1"},"canonical":"https:\/\/depagterinterieurs.nl\/de\/collectie\/verschiedene-mobel\/coatrack-hudson-s-2\/","og_locale":"de_DE","og_type":"article","og_title":"Coatrack Hudson S - De Pagter Interieurs","og_description":"Die messingveredelte Hudson S Coatrack erinnert an die Gep\u00e4ckablagen in alten Dampflokomotiven. Hat 13 Haken.","og_url":"https:\/\/depagterinterieurs.nl\/de\/collectie\/verschiedene-mobel\/coatrack-hudson-s-2\/","og_site_name":"De Pagter Interieurs","article_publisher":"https:\/\/www.facebook.com\/depagterinterieurs\/","article_modified_time":"2022-03-28T08:31:35+00:00","og_image":[{"width":797,"height":782,"url":"https:\/\/depagterinterieurs.nl\/wp-content\/uploads\/2021\/07\/Hudson-silver1.jpg","type":"image\/jpeg"}],"twitter_card":"summary_large_image","schema":{"@context":"https:\/\/schema.org","@graph":[{"@type":"WebPage","@id":"https:\/\/depagterinterieurs.nl\/de\/collectie\/verschiedene-mobel\/coatrack-hudson-s-2\/","url":"https:\/\/depagterinterieurs.nl\/de\/collectie\/verschiedene-mobel\/coatrack-hudson-s-2\/","name":"Coatrack Hudson S - De Pagter Interieurs","isPartOf":{"@id":"https:\/\/depagterinterieurs.nl\/de\/#website"},"primaryImageOfPage":{"@id":"https:\/\/depagterinterieurs.nl\/de\/collectie\/verschiedene-mobel\/coatrack-hudson-s-2\/#primaryimage"},"image":{"@id":"https:\/\/depagterinterieurs.nl\/de\/collectie\/verschiedene-mobel\/coatrack-hudson-s-2\/#primaryimage"},"thumbnailUrl":"https:\/\/depagterinterieurs.nl\/wp-content\/uploads\/2021\/07\/Hudson-silver1.jpg","datePublished":"2021-07-26T14:29:34+00:00","dateModified":"2022-03-28T08:31:35+00:00","description":"Die messingveredelte Hudson S Coatrack erinnert an die Gep\u00e4ckablagen in alten Dampflokomotiven. Hat 13 Haken.","breadcrumb":{"@id":"https:\/\/depagterinterieurs.nl\/de\/collectie\/verschiedene-mobel\/coatrack-hudson-s-2\/#breadcrumb"},"inLanguage":"de-DE","potentialAction":[{"@type":"ReadAction","target":["https:\/\/depagterinterieurs.nl\/de\/collectie\/verschiedene-mobel\/coatrack-hudson-s-2\/"]}]},{"@type":"ImageObject","inLanguage":"de-DE","@id":"https:\/\/depagterinterieurs.nl\/de\/collectie\/verschiedene-mobel\/coatrack-hudson-s-2\/#primaryimage","url":"https:\/\/depagterinterieurs.nl\/wp-content\/uploads\/2021\/07\/Hudson-silver1.jpg","contentUrl":"https:\/\/depagterinterieurs.nl\/wp-content\/uploads\/2021\/07\/Hudson-silver1.jpg","width":797,"height":782},{"@type":"BreadcrumbList","@id":"https:\/\/depagterinterieurs.nl\/de\/collectie\/verschiedene-mobel\/coatrack-hudson-s-2\/#breadcrumb","itemListElement":[{"@type":"ListItem","position":1,"name":"Home","item":"https:\/\/depagterinterieurs.nl\/de\/homepagina-de\/"},{"@type":"ListItem","position":2,"name":"Kollektion","item":"https:\/\/depagterinterieurs.nl\/de\/kollektion\/"},{"@type":"ListItem","position":3,"name":"Coatrack Hudson S"}]},{"@type":"WebSite","@id":"https:\/\/depagterinterieurs.nl\/de\/#website","url":"https:\/\/depagterinterieurs.nl\/de\/","name":"De Pagter Interieurs","description":"M\u00f6belgesch\u00e4fte in Middelburg - Domburg - Veere","potentialAction":[{"@type":"SearchAction","target":{"@type":"EntryPoint","urlTemplate":"https:\/\/depagterinterieurs.nl\/de\/?s={search_term_string}"},"query-input":{"@type":"PropertyValueSpecification","valueRequired":true,"valueName":"search_term_string"}}],"inLanguage":"de-DE"}]}},"_links":{"self":[{"href":"https:\/\/depagterinterieurs.nl\/de\/wp-json\/wp\/v2\/product\/49092","targetHints":{"allow":["GET"]}}],"collection":[{"href":"https:\/\/depagterinterieurs.nl\/de\/wp-json\/wp\/v2\/product"}],"about":[{"href":"https:\/\/depagterinterieurs.nl\/de\/wp-json\/wp\/v2\/types\/product"}],"wp:featuredmedia":[{"embeddable":true,"href":"https:\/\/depagterinterieurs.nl\/de\/wp-json\/wp\/v2\/media\/62024"}],"wp:attachment":[{"href":"https:\/\/depagterinterieurs.nl\/de\/wp-json\/wp\/v2\/media?parent=49092"}],"wp:term":[{"taxonomy":"product_brand","embeddable":true,"href":"https:\/\/depagterinterieurs.nl\/de\/wp-json\/wp\/v2\/product_brand?post=49092"},{"taxonomy":"product_cat","embeddable":true,"href":"https:\/\/depagterinterieurs.nl\/de\/wp-json\/wp\/v2\/product_cat?post=49092"},{"taxonomy":"product_tag","embeddable":true,"href":"https:\/\/depagterinterieurs.nl\/de\/wp-json\/wp\/v2\/product_tag?post=49092"}],"curies":[{"name":"wp","href":"https:\/\/api.w.org\/{rel}","templated":true}]}}