{"id":51870,"date":"2021-09-02T14:09:02","date_gmt":"2021-09-02T13:09:02","guid":{"rendered":"https:\/\/depagterinterieurs.nl\/collectie\/unkategorisiert\/vitrine-monaco\/"},"modified":"2021-09-02T14:59:47","modified_gmt":"2021-09-02T13:59:47","slug":"vitrine-monaco","status":"publish","type":"product","link":"https:\/\/depagterinterieurs.nl\/de\/collectie\/schranke-sideboards\/vitrinen\/vitrine-monaco\/","title":{"rendered":"Vitrine Monaco"},"content":{"rendered":"","protected":false},"excerpt":{"rendered":"<p><strong>MONACO KOLLEKTION<\/strong><\/p>\n<p>Diese Vitrine hat 4 Glast\u00fcren in Metallrahmen. Der Schrank hat unten 4 Holzt\u00fcren.<br \/>\nAlle T\u00fcren werden mit einem Klicksystem mit kleinen Magneten bedient. Die T\u00fcren werden ge\u00f6ffnet, indem Sie mit der Hand auf die T\u00fcrseite dr\u00fccken.<br \/>\nDer Schrank ist mit schwarz lackiertem Eichenfurnier veredelt.<\/p>\n<p>Die Schr\u00e4nke aus der Monaco-Kollektion sind auf Bestellung erh\u00e4ltlich. Die Lieferzeit betr\u00e4gt ca. 10-12 Wochen.<\/p>\n","protected":false},"featured_media":51804,"template":"","meta":[],"product_brand":[],"product_cat":[95,380],"product_tag":[],"class_list":{"0":"post-51870","1":"product","2":"type-product","3":"status-publish","4":"has-post-thumbnail","6":"product_cat-schranke-sideboards","7":"product_cat-vitrinen","9":"first","10":"instock","11":"shipping-taxable","12":"purchasable","13":"product-type-simple"},"yoast_head":"<!-- This site is optimized with the Yoast SEO plugin v27.3 - https:\/\/yoast.com\/product\/yoast-seo-wordpress\/ -->\n<title>Vitrine Monaco - De Pagter Interieurs<\/title>\n<meta name=\"description\" content=\"Die Vitrine der Monaco-Kollektion ist eine stabile Vitrine mit schwarzem Eichenfurnier. Auf Bestellung erh\u00e4ltlich.\" \/>\n<meta name=\"robots\" content=\"index, follow, max-snippet:-1, max-image-preview:large, max-video-preview:-1\" \/>\n<link rel=\"canonical\" href=\"https:\/\/depagterinterieurs.nl\/de\/collectie\/schranke-sideboards\/vitrinen\/vitrine-monaco\/\" \/>\n<meta property=\"og:locale\" content=\"de_DE\" \/>\n<meta property=\"og:type\" content=\"article\" \/>\n<meta property=\"og:title\" content=\"Vitrine Monaco - De Pagter Interieurs\" \/>\n<meta property=\"og:description\" content=\"Die Vitrine der Monaco-Kollektion ist eine stabile Vitrine mit schwarzem Eichenfurnier. Auf Bestellung erh\u00e4ltlich.\" \/>\n<meta property=\"og:url\" content=\"https:\/\/depagterinterieurs.nl\/de\/collectie\/schranke-sideboards\/vitrinen\/vitrine-monaco\/\" \/>\n<meta property=\"og:site_name\" content=\"De Pagter Interieurs\" \/>\n<meta property=\"article:publisher\" content=\"https:\/\/www.facebook.com\/depagterinterieurs\/\" \/>\n<meta property=\"article:modified_time\" content=\"2021-09-02T13:59:47+00:00\" \/>\n<meta property=\"og:image\" content=\"https:\/\/depagterinterieurs.nl\/wp-content\/uploads\/2021\/09\/IMG_9078.jpg\" \/>\n\t<meta property=\"og:image:width\" content=\"1024\" \/>\n\t<meta property=\"og:image:height\" content=\"768\" \/>\n\t<meta property=\"og:image:type\" content=\"image\/jpeg\" \/>\n<meta name=\"twitter:card\" content=\"summary_large_image\" \/>\n<script type=\"application\/ld+json\" class=\"yoast-schema-graph\">{\"@context\":\"https:\\\/\\\/schema.org\",\"@graph\":[{\"@type\":\"WebPage\",\"@id\":\"https:\\\/\\\/depagterinterieurs.nl\\\/de\\\/collectie\\\/schranke-sideboards\\\/vitrinen\\\/vitrine-monaco\\\/\",\"url\":\"https:\\\/\\\/depagterinterieurs.nl\\\/de\\\/collectie\\\/schranke-sideboards\\\/vitrinen\\\/vitrine-monaco\\\/\",\"name\":\"Vitrine Monaco - De Pagter Interieurs\",\"isPartOf\":{\"@id\":\"https:\\\/\\\/depagterinterieurs.nl\\\/de\\\/#website\"},\"primaryImageOfPage\":{\"@id\":\"https:\\\/\\\/depagterinterieurs.nl\\\/de\\\/collectie\\\/schranke-sideboards\\\/vitrinen\\\/vitrine-monaco\\\/#primaryimage\"},\"image\":{\"@id\":\"https:\\\/\\\/depagterinterieurs.nl\\\/de\\\/collectie\\\/schranke-sideboards\\\/vitrinen\\\/vitrine-monaco\\\/#primaryimage\"},\"thumbnailUrl\":\"https:\\\/\\\/depagterinterieurs.nl\\\/wp-content\\\/uploads\\\/2021\\\/09\\\/IMG_9078.jpg\",\"datePublished\":\"2021-09-02T13:09:02+00:00\",\"dateModified\":\"2021-09-02T13:59:47+00:00\",\"description\":\"Die Vitrine der Monaco-Kollektion ist eine stabile Vitrine mit schwarzem Eichenfurnier. Auf Bestellung erh\u00e4ltlich.\",\"breadcrumb\":{\"@id\":\"https:\\\/\\\/depagterinterieurs.nl\\\/de\\\/collectie\\\/schranke-sideboards\\\/vitrinen\\\/vitrine-monaco\\\/#breadcrumb\"},\"inLanguage\":\"de-DE\",\"potentialAction\":[{\"@type\":\"ReadAction\",\"target\":[\"https:\\\/\\\/depagterinterieurs.nl\\\/de\\\/collectie\\\/schranke-sideboards\\\/vitrinen\\\/vitrine-monaco\\\/\"]}]},{\"@type\":\"ImageObject\",\"inLanguage\":\"de-DE\",\"@id\":\"https:\\\/\\\/depagterinterieurs.nl\\\/de\\\/collectie\\\/schranke-sideboards\\\/vitrinen\\\/vitrine-monaco\\\/#primaryimage\",\"url\":\"https:\\\/\\\/depagterinterieurs.nl\\\/wp-content\\\/uploads\\\/2021\\\/09\\\/IMG_9078.jpg\",\"contentUrl\":\"https:\\\/\\\/depagterinterieurs.nl\\\/wp-content\\\/uploads\\\/2021\\\/09\\\/IMG_9078.jpg\",\"width\":1024,\"height\":768},{\"@type\":\"BreadcrumbList\",\"@id\":\"https:\\\/\\\/depagterinterieurs.nl\\\/de\\\/collectie\\\/schranke-sideboards\\\/vitrinen\\\/vitrine-monaco\\\/#breadcrumb\",\"itemListElement\":[{\"@type\":\"ListItem\",\"position\":1,\"name\":\"Home\",\"item\":\"https:\\\/\\\/depagterinterieurs.nl\\\/de\\\/homepagina-de\\\/\"},{\"@type\":\"ListItem\",\"position\":2,\"name\":\"Kollektion\",\"item\":\"https:\\\/\\\/depagterinterieurs.nl\\\/de\\\/kollektion\\\/\"},{\"@type\":\"ListItem\",\"position\":3,\"name\":\"Vitrine Monaco\"}]},{\"@type\":\"WebSite\",\"@id\":\"https:\\\/\\\/depagterinterieurs.nl\\\/de\\\/#website\",\"url\":\"https:\\\/\\\/depagterinterieurs.nl\\\/de\\\/\",\"name\":\"De Pagter Interieurs\",\"description\":\"M\u00f6belgesch\u00e4fte in Middelburg - Domburg - Veere\",\"potentialAction\":[{\"@type\":\"SearchAction\",\"target\":{\"@type\":\"EntryPoint\",\"urlTemplate\":\"https:\\\/\\\/depagterinterieurs.nl\\\/de\\\/?s={search_term_string}\"},\"query-input\":{\"@type\":\"PropertyValueSpecification\",\"valueRequired\":true,\"valueName\":\"search_term_string\"}}],\"inLanguage\":\"de-DE\"}]}<\/script>\n<!-- \/ Yoast SEO plugin. -->","yoast_head_json":{"title":"Vitrine Monaco - De Pagter Interieurs","description":"Die Vitrine der Monaco-Kollektion ist eine stabile Vitrine mit schwarzem Eichenfurnier. Auf Bestellung erh\u00e4ltlich.","robots":{"index":"index","follow":"follow","max-snippet":"max-snippet:-1","max-image-preview":"max-image-preview:large","max-video-preview":"max-video-preview:-1"},"canonical":"https:\/\/depagterinterieurs.nl\/de\/collectie\/schranke-sideboards\/vitrinen\/vitrine-monaco\/","og_locale":"de_DE","og_type":"article","og_title":"Vitrine Monaco - De Pagter Interieurs","og_description":"Die Vitrine der Monaco-Kollektion ist eine stabile Vitrine mit schwarzem Eichenfurnier. Auf Bestellung erh\u00e4ltlich.","og_url":"https:\/\/depagterinterieurs.nl\/de\/collectie\/schranke-sideboards\/vitrinen\/vitrine-monaco\/","og_site_name":"De Pagter Interieurs","article_publisher":"https:\/\/www.facebook.com\/depagterinterieurs\/","article_modified_time":"2021-09-02T13:59:47+00:00","og_image":[{"width":1024,"height":768,"url":"https:\/\/depagterinterieurs.nl\/wp-content\/uploads\/2021\/09\/IMG_9078.jpg","type":"image\/jpeg"}],"twitter_card":"summary_large_image","schema":{"@context":"https:\/\/schema.org","@graph":[{"@type":"WebPage","@id":"https:\/\/depagterinterieurs.nl\/de\/collectie\/schranke-sideboards\/vitrinen\/vitrine-monaco\/","url":"https:\/\/depagterinterieurs.nl\/de\/collectie\/schranke-sideboards\/vitrinen\/vitrine-monaco\/","name":"Vitrine Monaco - De Pagter Interieurs","isPartOf":{"@id":"https:\/\/depagterinterieurs.nl\/de\/#website"},"primaryImageOfPage":{"@id":"https:\/\/depagterinterieurs.nl\/de\/collectie\/schranke-sideboards\/vitrinen\/vitrine-monaco\/#primaryimage"},"image":{"@id":"https:\/\/depagterinterieurs.nl\/de\/collectie\/schranke-sideboards\/vitrinen\/vitrine-monaco\/#primaryimage"},"thumbnailUrl":"https:\/\/depagterinterieurs.nl\/wp-content\/uploads\/2021\/09\/IMG_9078.jpg","datePublished":"2021-09-02T13:09:02+00:00","dateModified":"2021-09-02T13:59:47+00:00","description":"Die Vitrine der Monaco-Kollektion ist eine stabile Vitrine mit schwarzem Eichenfurnier. Auf Bestellung erh\u00e4ltlich.","breadcrumb":{"@id":"https:\/\/depagterinterieurs.nl\/de\/collectie\/schranke-sideboards\/vitrinen\/vitrine-monaco\/#breadcrumb"},"inLanguage":"de-DE","potentialAction":[{"@type":"ReadAction","target":["https:\/\/depagterinterieurs.nl\/de\/collectie\/schranke-sideboards\/vitrinen\/vitrine-monaco\/"]}]},{"@type":"ImageObject","inLanguage":"de-DE","@id":"https:\/\/depagterinterieurs.nl\/de\/collectie\/schranke-sideboards\/vitrinen\/vitrine-monaco\/#primaryimage","url":"https:\/\/depagterinterieurs.nl\/wp-content\/uploads\/2021\/09\/IMG_9078.jpg","contentUrl":"https:\/\/depagterinterieurs.nl\/wp-content\/uploads\/2021\/09\/IMG_9078.jpg","width":1024,"height":768},{"@type":"BreadcrumbList","@id":"https:\/\/depagterinterieurs.nl\/de\/collectie\/schranke-sideboards\/vitrinen\/vitrine-monaco\/#breadcrumb","itemListElement":[{"@type":"ListItem","position":1,"name":"Home","item":"https:\/\/depagterinterieurs.nl\/de\/homepagina-de\/"},{"@type":"ListItem","position":2,"name":"Kollektion","item":"https:\/\/depagterinterieurs.nl\/de\/kollektion\/"},{"@type":"ListItem","position":3,"name":"Vitrine Monaco"}]},{"@type":"WebSite","@id":"https:\/\/depagterinterieurs.nl\/de\/#website","url":"https:\/\/depagterinterieurs.nl\/de\/","name":"De Pagter Interieurs","description":"M\u00f6belgesch\u00e4fte in Middelburg - Domburg - Veere","potentialAction":[{"@type":"SearchAction","target":{"@type":"EntryPoint","urlTemplate":"https:\/\/depagterinterieurs.nl\/de\/?s={search_term_string}"},"query-input":{"@type":"PropertyValueSpecification","valueRequired":true,"valueName":"search_term_string"}}],"inLanguage":"de-DE"}]}},"_links":{"self":[{"href":"https:\/\/depagterinterieurs.nl\/de\/wp-json\/wp\/v2\/product\/51870","targetHints":{"allow":["GET"]}}],"collection":[{"href":"https:\/\/depagterinterieurs.nl\/de\/wp-json\/wp\/v2\/product"}],"about":[{"href":"https:\/\/depagterinterieurs.nl\/de\/wp-json\/wp\/v2\/types\/product"}],"wp:featuredmedia":[{"embeddable":true,"href":"https:\/\/depagterinterieurs.nl\/de\/wp-json\/wp\/v2\/media\/51804"}],"wp:attachment":[{"href":"https:\/\/depagterinterieurs.nl\/de\/wp-json\/wp\/v2\/media?parent=51870"}],"wp:term":[{"taxonomy":"product_brand","embeddable":true,"href":"https:\/\/depagterinterieurs.nl\/de\/wp-json\/wp\/v2\/product_brand?post=51870"},{"taxonomy":"product_cat","embeddable":true,"href":"https:\/\/depagterinterieurs.nl\/de\/wp-json\/wp\/v2\/product_cat?post=51870"},{"taxonomy":"product_tag","embeddable":true,"href":"https:\/\/depagterinterieurs.nl\/de\/wp-json\/wp\/v2\/product_tag?post=51870"}],"curies":[{"name":"wp","href":"https:\/\/api.w.org\/{rel}","templated":true}]}}