{"id":78145,"date":"2023-04-13T14:16:28","date_gmt":"2023-04-14T09:27:04","guid":{"rendered":"https:\/\/depagterinterieurs.nl\/collectie\/unkategorisiert\/sneaker-beast\/"},"modified":"2023-04-14T10:27:04","modified_gmt":"2023-04-14T09:27:04","slug":"sneaker-beast","status":"publish","type":"product","link":"https:\/\/depagterinterieurs.nl\/de\/collectie\/philipp-plein-x-eichholtz\/sneaker-beast\/","title":{"rendered":"SNEAKER BEAST&#x2122;"},"content":{"rendered":"","protected":false},"excerpt":{"rendered":"<p>Die Sneaker Beast-H\u00fclle besteht aus glattem schwarzem PVC und ist mit einem benutzerdefinierten PP-Logo-Samt ausgekleidet. Es ist f\u00fcr den Kenner, der seine neueste Kollektion zeigen m\u00f6chte.<\/p>\n<p>&nbsp;<\/p>\n<p><strong>Preis ist auf Anfrage<\/strong><\/p>\n","protected":false},"featured_media":77944,"template":"","meta":[],"product_brand":[],"product_cat":[361],"product_tag":[],"class_list":{"0":"post-78145","1":"product","2":"type-product","3":"status-publish","4":"has-post-thumbnail","6":"product_cat-philipp-plein-x-eichholtz","8":"first","9":"instock","10":"shipping-taxable","11":"product-type-simple"},"yoast_head":"<!-- This site is optimized with the Yoast SEO plugin v27.3 - https:\/\/yoast.com\/product\/yoast-seo-wordpress\/ -->\n<title>SNEAKER BEAST&#x2122; - De Pagter Interieurs<\/title>\n<meta name=\"description\" content=\"Die Sneaker Beast-H\u00fclle besteht aus glattem schwarzem PVC und ist mit einem benutzerdefinierten PP-Logo-Samt ausgekleidet. Es ist f\u00fcr den Kenner, der seine neueste Kollektion zeigen m\u00f6chte. Preis ist auf Anfrage\" \/>\n<meta name=\"robots\" content=\"index, follow, max-snippet:-1, max-image-preview:large, max-video-preview:-1\" \/>\n<link rel=\"canonical\" href=\"https:\/\/depagterinterieurs.nl\/de\/collectie\/philipp-plein-x-eichholtz\/sneaker-beast\/\" \/>\n<meta property=\"og:locale\" content=\"de_DE\" \/>\n<meta property=\"og:type\" content=\"article\" \/>\n<meta property=\"og:title\" content=\"SNEAKER BEAST&#x2122; - De Pagter Interieurs\" \/>\n<meta property=\"og:description\" content=\"Die Sneaker Beast-H\u00fclle besteht aus glattem schwarzem PVC und ist mit einem benutzerdefinierten PP-Logo-Samt ausgekleidet. Es ist f\u00fcr den Kenner, der seine neueste Kollektion zeigen m\u00f6chte. Preis ist auf Anfrage\" \/>\n<meta property=\"og:url\" content=\"https:\/\/depagterinterieurs.nl\/de\/collectie\/philipp-plein-x-eichholtz\/sneaker-beast\/\" \/>\n<meta property=\"og:site_name\" content=\"De Pagter Interieurs\" \/>\n<meta property=\"article:publisher\" content=\"https:\/\/www.facebook.com\/depagterinterieurs\/\" \/>\n<meta property=\"og:image\" content=\"https:\/\/depagterinterieurs.nl\/wp-content\/uploads\/2023\/04\/Sneakerbox-PP.jpg\" \/>\n\t<meta property=\"og:image:width\" content=\"1080\" \/>\n\t<meta property=\"og:image:height\" content=\"1080\" \/>\n\t<meta property=\"og:image:type\" content=\"image\/jpeg\" \/>\n<meta name=\"twitter:card\" content=\"summary_large_image\" \/>\n<script type=\"application\/ld+json\" class=\"yoast-schema-graph\">{\"@context\":\"https:\\\/\\\/schema.org\",\"@graph\":[{\"@type\":\"WebPage\",\"@id\":\"https:\\\/\\\/depagterinterieurs.nl\\\/de\\\/collectie\\\/philipp-plein-x-eichholtz\\\/sneaker-beast\\\/\",\"url\":\"https:\\\/\\\/depagterinterieurs.nl\\\/de\\\/collectie\\\/philipp-plein-x-eichholtz\\\/sneaker-beast\\\/\",\"name\":\"SNEAKER BEAST&#x2122; - De Pagter Interieurs\",\"isPartOf\":{\"@id\":\"https:\\\/\\\/depagterinterieurs.nl\\\/de\\\/#website\"},\"primaryImageOfPage\":{\"@id\":\"https:\\\/\\\/depagterinterieurs.nl\\\/de\\\/collectie\\\/philipp-plein-x-eichholtz\\\/sneaker-beast\\\/#primaryimage\"},\"image\":{\"@id\":\"https:\\\/\\\/depagterinterieurs.nl\\\/de\\\/collectie\\\/philipp-plein-x-eichholtz\\\/sneaker-beast\\\/#primaryimage\"},\"thumbnailUrl\":\"https:\\\/\\\/depagterinterieurs.nl\\\/wp-content\\\/uploads\\\/2023\\\/04\\\/Sneakerbox-PP.jpg\",\"datePublished\":\"2023-04-14T09:27:04+00:00\",\"description\":\"Die Sneaker Beast-H\u00fclle besteht aus glattem schwarzem PVC und ist mit einem benutzerdefinierten PP-Logo-Samt ausgekleidet. Es ist f\u00fcr den Kenner, der seine neueste Kollektion zeigen m\u00f6chte. Preis ist auf Anfrage\",\"breadcrumb\":{\"@id\":\"https:\\\/\\\/depagterinterieurs.nl\\\/de\\\/collectie\\\/philipp-plein-x-eichholtz\\\/sneaker-beast\\\/#breadcrumb\"},\"inLanguage\":\"de-DE\",\"potentialAction\":[{\"@type\":\"ReadAction\",\"target\":[\"https:\\\/\\\/depagterinterieurs.nl\\\/de\\\/collectie\\\/philipp-plein-x-eichholtz\\\/sneaker-beast\\\/\"]}]},{\"@type\":\"ImageObject\",\"inLanguage\":\"de-DE\",\"@id\":\"https:\\\/\\\/depagterinterieurs.nl\\\/de\\\/collectie\\\/philipp-plein-x-eichholtz\\\/sneaker-beast\\\/#primaryimage\",\"url\":\"https:\\\/\\\/depagterinterieurs.nl\\\/wp-content\\\/uploads\\\/2023\\\/04\\\/Sneakerbox-PP.jpg\",\"contentUrl\":\"https:\\\/\\\/depagterinterieurs.nl\\\/wp-content\\\/uploads\\\/2023\\\/04\\\/Sneakerbox-PP.jpg\",\"width\":1080,\"height\":1080},{\"@type\":\"BreadcrumbList\",\"@id\":\"https:\\\/\\\/depagterinterieurs.nl\\\/de\\\/collectie\\\/philipp-plein-x-eichholtz\\\/sneaker-beast\\\/#breadcrumb\",\"itemListElement\":[{\"@type\":\"ListItem\",\"position\":1,\"name\":\"Home\",\"item\":\"https:\\\/\\\/depagterinterieurs.nl\\\/de\\\/homepagina-de\\\/\"},{\"@type\":\"ListItem\",\"position\":2,\"name\":\"Kollektion\",\"item\":\"https:\\\/\\\/depagterinterieurs.nl\\\/de\\\/kollektion\\\/\"},{\"@type\":\"ListItem\",\"position\":3,\"name\":\"SNEAKER BEAST&#x2122;\"}]},{\"@type\":\"WebSite\",\"@id\":\"https:\\\/\\\/depagterinterieurs.nl\\\/de\\\/#website\",\"url\":\"https:\\\/\\\/depagterinterieurs.nl\\\/de\\\/\",\"name\":\"De Pagter Interieurs\",\"description\":\"M\u00f6belgesch\u00e4fte in Middelburg - Domburg - Veere\",\"potentialAction\":[{\"@type\":\"SearchAction\",\"target\":{\"@type\":\"EntryPoint\",\"urlTemplate\":\"https:\\\/\\\/depagterinterieurs.nl\\\/de\\\/?s={search_term_string}\"},\"query-input\":{\"@type\":\"PropertyValueSpecification\",\"valueRequired\":true,\"valueName\":\"search_term_string\"}}],\"inLanguage\":\"de-DE\"}]}<\/script>\n<!-- \/ Yoast SEO plugin. -->","yoast_head_json":{"title":"SNEAKER BEAST&#x2122; - De Pagter Interieurs","description":"Die Sneaker Beast-H\u00fclle besteht aus glattem schwarzem PVC und ist mit einem benutzerdefinierten PP-Logo-Samt ausgekleidet. Es ist f\u00fcr den Kenner, der seine neueste Kollektion zeigen m\u00f6chte. Preis ist auf Anfrage","robots":{"index":"index","follow":"follow","max-snippet":"max-snippet:-1","max-image-preview":"max-image-preview:large","max-video-preview":"max-video-preview:-1"},"canonical":"https:\/\/depagterinterieurs.nl\/de\/collectie\/philipp-plein-x-eichholtz\/sneaker-beast\/","og_locale":"de_DE","og_type":"article","og_title":"SNEAKER BEAST&#x2122; - De Pagter Interieurs","og_description":"Die Sneaker Beast-H\u00fclle besteht aus glattem schwarzem PVC und ist mit einem benutzerdefinierten PP-Logo-Samt ausgekleidet. Es ist f\u00fcr den Kenner, der seine neueste Kollektion zeigen m\u00f6chte. Preis ist auf Anfrage","og_url":"https:\/\/depagterinterieurs.nl\/de\/collectie\/philipp-plein-x-eichholtz\/sneaker-beast\/","og_site_name":"De Pagter Interieurs","article_publisher":"https:\/\/www.facebook.com\/depagterinterieurs\/","og_image":[{"width":1080,"height":1080,"url":"https:\/\/depagterinterieurs.nl\/wp-content\/uploads\/2023\/04\/Sneakerbox-PP.jpg","type":"image\/jpeg"}],"twitter_card":"summary_large_image","schema":{"@context":"https:\/\/schema.org","@graph":[{"@type":"WebPage","@id":"https:\/\/depagterinterieurs.nl\/de\/collectie\/philipp-plein-x-eichholtz\/sneaker-beast\/","url":"https:\/\/depagterinterieurs.nl\/de\/collectie\/philipp-plein-x-eichholtz\/sneaker-beast\/","name":"SNEAKER BEAST&#x2122; - De Pagter Interieurs","isPartOf":{"@id":"https:\/\/depagterinterieurs.nl\/de\/#website"},"primaryImageOfPage":{"@id":"https:\/\/depagterinterieurs.nl\/de\/collectie\/philipp-plein-x-eichholtz\/sneaker-beast\/#primaryimage"},"image":{"@id":"https:\/\/depagterinterieurs.nl\/de\/collectie\/philipp-plein-x-eichholtz\/sneaker-beast\/#primaryimage"},"thumbnailUrl":"https:\/\/depagterinterieurs.nl\/wp-content\/uploads\/2023\/04\/Sneakerbox-PP.jpg","datePublished":"2023-04-14T09:27:04+00:00","description":"Die Sneaker Beast-H\u00fclle besteht aus glattem schwarzem PVC und ist mit einem benutzerdefinierten PP-Logo-Samt ausgekleidet. Es ist f\u00fcr den Kenner, der seine neueste Kollektion zeigen m\u00f6chte. Preis ist auf Anfrage","breadcrumb":{"@id":"https:\/\/depagterinterieurs.nl\/de\/collectie\/philipp-plein-x-eichholtz\/sneaker-beast\/#breadcrumb"},"inLanguage":"de-DE","potentialAction":[{"@type":"ReadAction","target":["https:\/\/depagterinterieurs.nl\/de\/collectie\/philipp-plein-x-eichholtz\/sneaker-beast\/"]}]},{"@type":"ImageObject","inLanguage":"de-DE","@id":"https:\/\/depagterinterieurs.nl\/de\/collectie\/philipp-plein-x-eichholtz\/sneaker-beast\/#primaryimage","url":"https:\/\/depagterinterieurs.nl\/wp-content\/uploads\/2023\/04\/Sneakerbox-PP.jpg","contentUrl":"https:\/\/depagterinterieurs.nl\/wp-content\/uploads\/2023\/04\/Sneakerbox-PP.jpg","width":1080,"height":1080},{"@type":"BreadcrumbList","@id":"https:\/\/depagterinterieurs.nl\/de\/collectie\/philipp-plein-x-eichholtz\/sneaker-beast\/#breadcrumb","itemListElement":[{"@type":"ListItem","position":1,"name":"Home","item":"https:\/\/depagterinterieurs.nl\/de\/homepagina-de\/"},{"@type":"ListItem","position":2,"name":"Kollektion","item":"https:\/\/depagterinterieurs.nl\/de\/kollektion\/"},{"@type":"ListItem","position":3,"name":"SNEAKER BEAST&#x2122;"}]},{"@type":"WebSite","@id":"https:\/\/depagterinterieurs.nl\/de\/#website","url":"https:\/\/depagterinterieurs.nl\/de\/","name":"De Pagter Interieurs","description":"M\u00f6belgesch\u00e4fte in Middelburg - Domburg - Veere","potentialAction":[{"@type":"SearchAction","target":{"@type":"EntryPoint","urlTemplate":"https:\/\/depagterinterieurs.nl\/de\/?s={search_term_string}"},"query-input":{"@type":"PropertyValueSpecification","valueRequired":true,"valueName":"search_term_string"}}],"inLanguage":"de-DE"}]}},"_links":{"self":[{"href":"https:\/\/depagterinterieurs.nl\/de\/wp-json\/wp\/v2\/product\/78145","targetHints":{"allow":["GET"]}}],"collection":[{"href":"https:\/\/depagterinterieurs.nl\/de\/wp-json\/wp\/v2\/product"}],"about":[{"href":"https:\/\/depagterinterieurs.nl\/de\/wp-json\/wp\/v2\/types\/product"}],"wp:featuredmedia":[{"embeddable":true,"href":"https:\/\/depagterinterieurs.nl\/de\/wp-json\/wp\/v2\/media\/77944"}],"wp:attachment":[{"href":"https:\/\/depagterinterieurs.nl\/de\/wp-json\/wp\/v2\/media?parent=78145"}],"wp:term":[{"taxonomy":"product_brand","embeddable":true,"href":"https:\/\/depagterinterieurs.nl\/de\/wp-json\/wp\/v2\/product_brand?post=78145"},{"taxonomy":"product_cat","embeddable":true,"href":"https:\/\/depagterinterieurs.nl\/de\/wp-json\/wp\/v2\/product_cat?post=78145"},{"taxonomy":"product_tag","embeddable":true,"href":"https:\/\/depagterinterieurs.nl\/de\/wp-json\/wp\/v2\/product_tag?post=78145"}],"curies":[{"name":"wp","href":"https:\/\/api.w.org\/{rel}","templated":true}]}}