{"id":80020,"date":"2023-05-12T13:29:07","date_gmt":"2023-05-12T12:29:07","guid":{"rendered":"https:\/\/depagterinterieurs.nl\/collectie\/unkategorisiert\/haengelampe-alvaro\/"},"modified":"2023-05-12T15:30:57","modified_gmt":"2023-05-12T14:30:57","slug":"hangelampe-alvaro","status":"publish","type":"product","link":"https:\/\/depagterinterieurs.nl\/de\/collectie\/beleuchtung\/hangelampe-alvaro\/","title":{"rendered":"H\u00e4ngelampe Alvaro"},"content":{"rendered":"","protected":false},"excerpt":{"rendered":"<p>H\u00e4ngelampe &#8216;Alvaro&#8217;, aus Metall. Die Lampe verf\u00fcgt \u00fcber 10 Lichtquellen und ist in der L\u00e4nge verstellbar, sodass sie in jeder Deckenh\u00f6he aufgeh\u00e4ngt werden kann.<\/p>\n","protected":false},"featured_media":79944,"template":"","meta":[],"product_brand":[],"product_cat":[100],"product_tag":[],"class_list":{"0":"post-80020","1":"product","2":"type-product","3":"status-publish","4":"has-post-thumbnail","6":"product_cat-beleuchtung","8":"first","9":"instock","10":"shipping-taxable","11":"purchasable","12":"product-type-simple"},"yoast_head":"<!-- This site is optimized with the Yoast SEO plugin v27.3 - https:\/\/yoast.com\/product\/yoast-seo-wordpress\/ -->\n<title>H\u00e4ngelampe Alvaro - De Pagter Interieurs<\/title>\n<meta name=\"description\" content=\"H\u00e4ngelampe &#039;Alvaro&#039;, aus Metall. Die Lampe verf\u00fcgt \u00fcber 10 Lichtquellen und ist in der L\u00e4nge verstellbar, sodass sie in jeder Deckenh\u00f6he aufgeh\u00e4ngt werden kann.\" \/>\n<meta name=\"robots\" content=\"index, follow, max-snippet:-1, max-image-preview:large, max-video-preview:-1\" \/>\n<link rel=\"canonical\" href=\"https:\/\/depagterinterieurs.nl\/de\/collectie\/beleuchtung\/hangelampe-alvaro\/\" \/>\n<meta property=\"og:locale\" content=\"de_DE\" \/>\n<meta property=\"og:type\" content=\"article\" \/>\n<meta property=\"og:title\" content=\"H\u00e4ngelampe Alvaro - De Pagter Interieurs\" \/>\n<meta property=\"og:description\" content=\"H\u00e4ngelampe &#039;Alvaro&#039;, aus Metall. Die Lampe verf\u00fcgt \u00fcber 10 Lichtquellen und ist in der L\u00e4nge verstellbar, sodass sie in jeder Deckenh\u00f6he aufgeh\u00e4ngt werden kann.\" \/>\n<meta property=\"og:url\" content=\"https:\/\/depagterinterieurs.nl\/de\/collectie\/beleuchtung\/hangelampe-alvaro\/\" \/>\n<meta property=\"og:site_name\" content=\"De Pagter Interieurs\" \/>\n<meta property=\"article:publisher\" content=\"https:\/\/www.facebook.com\/depagterinterieurs\/\" \/>\n<meta property=\"article:modified_time\" content=\"2023-05-12T14:30:57+00:00\" \/>\n<meta property=\"og:image\" content=\"https:\/\/depagterinterieurs.nl\/wp-content\/uploads\/2023\/05\/IMG_7587.jpeg\" \/>\n\t<meta property=\"og:image:width\" content=\"1024\" \/>\n\t<meta property=\"og:image:height\" content=\"768\" \/>\n\t<meta property=\"og:image:type\" content=\"image\/jpeg\" \/>\n<meta name=\"twitter:card\" content=\"summary_large_image\" \/>\n<script type=\"application\/ld+json\" class=\"yoast-schema-graph\">{\"@context\":\"https:\\\/\\\/schema.org\",\"@graph\":[{\"@type\":\"WebPage\",\"@id\":\"https:\\\/\\\/depagterinterieurs.nl\\\/de\\\/collectie\\\/beleuchtung\\\/hangelampe-alvaro\\\/\",\"url\":\"https:\\\/\\\/depagterinterieurs.nl\\\/de\\\/collectie\\\/beleuchtung\\\/hangelampe-alvaro\\\/\",\"name\":\"H\u00e4ngelampe Alvaro - De Pagter Interieurs\",\"isPartOf\":{\"@id\":\"https:\\\/\\\/depagterinterieurs.nl\\\/de\\\/#website\"},\"primaryImageOfPage\":{\"@id\":\"https:\\\/\\\/depagterinterieurs.nl\\\/de\\\/collectie\\\/beleuchtung\\\/hangelampe-alvaro\\\/#primaryimage\"},\"image\":{\"@id\":\"https:\\\/\\\/depagterinterieurs.nl\\\/de\\\/collectie\\\/beleuchtung\\\/hangelampe-alvaro\\\/#primaryimage\"},\"thumbnailUrl\":\"https:\\\/\\\/depagterinterieurs.nl\\\/wp-content\\\/uploads\\\/2023\\\/05\\\/IMG_7587.jpeg\",\"datePublished\":\"2023-05-12T12:29:07+00:00\",\"dateModified\":\"2023-05-12T14:30:57+00:00\",\"description\":\"H\u00e4ngelampe 'Alvaro', aus Metall. Die Lampe verf\u00fcgt \u00fcber 10 Lichtquellen und ist in der L\u00e4nge verstellbar, sodass sie in jeder Deckenh\u00f6he aufgeh\u00e4ngt werden kann.\",\"breadcrumb\":{\"@id\":\"https:\\\/\\\/depagterinterieurs.nl\\\/de\\\/collectie\\\/beleuchtung\\\/hangelampe-alvaro\\\/#breadcrumb\"},\"inLanguage\":\"de-DE\",\"potentialAction\":[{\"@type\":\"ReadAction\",\"target\":[\"https:\\\/\\\/depagterinterieurs.nl\\\/de\\\/collectie\\\/beleuchtung\\\/hangelampe-alvaro\\\/\"]}]},{\"@type\":\"ImageObject\",\"inLanguage\":\"de-DE\",\"@id\":\"https:\\\/\\\/depagterinterieurs.nl\\\/de\\\/collectie\\\/beleuchtung\\\/hangelampe-alvaro\\\/#primaryimage\",\"url\":\"https:\\\/\\\/depagterinterieurs.nl\\\/wp-content\\\/uploads\\\/2023\\\/05\\\/IMG_7587.jpeg\",\"contentUrl\":\"https:\\\/\\\/depagterinterieurs.nl\\\/wp-content\\\/uploads\\\/2023\\\/05\\\/IMG_7587.jpeg\",\"width\":1024,\"height\":768},{\"@type\":\"BreadcrumbList\",\"@id\":\"https:\\\/\\\/depagterinterieurs.nl\\\/de\\\/collectie\\\/beleuchtung\\\/hangelampe-alvaro\\\/#breadcrumb\",\"itemListElement\":[{\"@type\":\"ListItem\",\"position\":1,\"name\":\"Home\",\"item\":\"https:\\\/\\\/depagterinterieurs.nl\\\/de\\\/homepagina-de\\\/\"},{\"@type\":\"ListItem\",\"position\":2,\"name\":\"Kollektion\",\"item\":\"https:\\\/\\\/depagterinterieurs.nl\\\/de\\\/kollektion\\\/\"},{\"@type\":\"ListItem\",\"position\":3,\"name\":\"H\u00e4ngelampe Alvaro\"}]},{\"@type\":\"WebSite\",\"@id\":\"https:\\\/\\\/depagterinterieurs.nl\\\/de\\\/#website\",\"url\":\"https:\\\/\\\/depagterinterieurs.nl\\\/de\\\/\",\"name\":\"De Pagter Interieurs\",\"description\":\"M\u00f6belgesch\u00e4fte in Middelburg - Domburg - Veere\",\"potentialAction\":[{\"@type\":\"SearchAction\",\"target\":{\"@type\":\"EntryPoint\",\"urlTemplate\":\"https:\\\/\\\/depagterinterieurs.nl\\\/de\\\/?s={search_term_string}\"},\"query-input\":{\"@type\":\"PropertyValueSpecification\",\"valueRequired\":true,\"valueName\":\"search_term_string\"}}],\"inLanguage\":\"de-DE\"}]}<\/script>\n<!-- \/ Yoast SEO plugin. -->","yoast_head_json":{"title":"H\u00e4ngelampe Alvaro - De Pagter Interieurs","description":"H\u00e4ngelampe 'Alvaro', aus Metall. Die Lampe verf\u00fcgt \u00fcber 10 Lichtquellen und ist in der L\u00e4nge verstellbar, sodass sie in jeder Deckenh\u00f6he aufgeh\u00e4ngt werden kann.","robots":{"index":"index","follow":"follow","max-snippet":"max-snippet:-1","max-image-preview":"max-image-preview:large","max-video-preview":"max-video-preview:-1"},"canonical":"https:\/\/depagterinterieurs.nl\/de\/collectie\/beleuchtung\/hangelampe-alvaro\/","og_locale":"de_DE","og_type":"article","og_title":"H\u00e4ngelampe Alvaro - De Pagter Interieurs","og_description":"H\u00e4ngelampe 'Alvaro', aus Metall. Die Lampe verf\u00fcgt \u00fcber 10 Lichtquellen und ist in der L\u00e4nge verstellbar, sodass sie in jeder Deckenh\u00f6he aufgeh\u00e4ngt werden kann.","og_url":"https:\/\/depagterinterieurs.nl\/de\/collectie\/beleuchtung\/hangelampe-alvaro\/","og_site_name":"De Pagter Interieurs","article_publisher":"https:\/\/www.facebook.com\/depagterinterieurs\/","article_modified_time":"2023-05-12T14:30:57+00:00","og_image":[{"width":1024,"height":768,"url":"https:\/\/depagterinterieurs.nl\/wp-content\/uploads\/2023\/05\/IMG_7587.jpeg","type":"image\/jpeg"}],"twitter_card":"summary_large_image","schema":{"@context":"https:\/\/schema.org","@graph":[{"@type":"WebPage","@id":"https:\/\/depagterinterieurs.nl\/de\/collectie\/beleuchtung\/hangelampe-alvaro\/","url":"https:\/\/depagterinterieurs.nl\/de\/collectie\/beleuchtung\/hangelampe-alvaro\/","name":"H\u00e4ngelampe Alvaro - De Pagter Interieurs","isPartOf":{"@id":"https:\/\/depagterinterieurs.nl\/de\/#website"},"primaryImageOfPage":{"@id":"https:\/\/depagterinterieurs.nl\/de\/collectie\/beleuchtung\/hangelampe-alvaro\/#primaryimage"},"image":{"@id":"https:\/\/depagterinterieurs.nl\/de\/collectie\/beleuchtung\/hangelampe-alvaro\/#primaryimage"},"thumbnailUrl":"https:\/\/depagterinterieurs.nl\/wp-content\/uploads\/2023\/05\/IMG_7587.jpeg","datePublished":"2023-05-12T12:29:07+00:00","dateModified":"2023-05-12T14:30:57+00:00","description":"H\u00e4ngelampe 'Alvaro', aus Metall. Die Lampe verf\u00fcgt \u00fcber 10 Lichtquellen und ist in der L\u00e4nge verstellbar, sodass sie in jeder Deckenh\u00f6he aufgeh\u00e4ngt werden kann.","breadcrumb":{"@id":"https:\/\/depagterinterieurs.nl\/de\/collectie\/beleuchtung\/hangelampe-alvaro\/#breadcrumb"},"inLanguage":"de-DE","potentialAction":[{"@type":"ReadAction","target":["https:\/\/depagterinterieurs.nl\/de\/collectie\/beleuchtung\/hangelampe-alvaro\/"]}]},{"@type":"ImageObject","inLanguage":"de-DE","@id":"https:\/\/depagterinterieurs.nl\/de\/collectie\/beleuchtung\/hangelampe-alvaro\/#primaryimage","url":"https:\/\/depagterinterieurs.nl\/wp-content\/uploads\/2023\/05\/IMG_7587.jpeg","contentUrl":"https:\/\/depagterinterieurs.nl\/wp-content\/uploads\/2023\/05\/IMG_7587.jpeg","width":1024,"height":768},{"@type":"BreadcrumbList","@id":"https:\/\/depagterinterieurs.nl\/de\/collectie\/beleuchtung\/hangelampe-alvaro\/#breadcrumb","itemListElement":[{"@type":"ListItem","position":1,"name":"Home","item":"https:\/\/depagterinterieurs.nl\/de\/homepagina-de\/"},{"@type":"ListItem","position":2,"name":"Kollektion","item":"https:\/\/depagterinterieurs.nl\/de\/kollektion\/"},{"@type":"ListItem","position":3,"name":"H\u00e4ngelampe Alvaro"}]},{"@type":"WebSite","@id":"https:\/\/depagterinterieurs.nl\/de\/#website","url":"https:\/\/depagterinterieurs.nl\/de\/","name":"De Pagter Interieurs","description":"M\u00f6belgesch\u00e4fte in Middelburg - Domburg - Veere","potentialAction":[{"@type":"SearchAction","target":{"@type":"EntryPoint","urlTemplate":"https:\/\/depagterinterieurs.nl\/de\/?s={search_term_string}"},"query-input":{"@type":"PropertyValueSpecification","valueRequired":true,"valueName":"search_term_string"}}],"inLanguage":"de-DE"}]}},"_links":{"self":[{"href":"https:\/\/depagterinterieurs.nl\/de\/wp-json\/wp\/v2\/product\/80020","targetHints":{"allow":["GET"]}}],"collection":[{"href":"https:\/\/depagterinterieurs.nl\/de\/wp-json\/wp\/v2\/product"}],"about":[{"href":"https:\/\/depagterinterieurs.nl\/de\/wp-json\/wp\/v2\/types\/product"}],"wp:featuredmedia":[{"embeddable":true,"href":"https:\/\/depagterinterieurs.nl\/de\/wp-json\/wp\/v2\/media\/79944"}],"wp:attachment":[{"href":"https:\/\/depagterinterieurs.nl\/de\/wp-json\/wp\/v2\/media?parent=80020"}],"wp:term":[{"taxonomy":"product_brand","embeddable":true,"href":"https:\/\/depagterinterieurs.nl\/de\/wp-json\/wp\/v2\/product_brand?post=80020"},{"taxonomy":"product_cat","embeddable":true,"href":"https:\/\/depagterinterieurs.nl\/de\/wp-json\/wp\/v2\/product_cat?post=80020"},{"taxonomy":"product_tag","embeddable":true,"href":"https:\/\/depagterinterieurs.nl\/de\/wp-json\/wp\/v2\/product_tag?post=80020"}],"curies":[{"name":"wp","href":"https:\/\/api.w.org\/{rel}","templated":true}]}}