{"id":81418,"date":"2023-06-22T08:33:14","date_gmt":"2023-06-22T07:33:15","guid":{"rendered":"https:\/\/depagterinterieurs.nl\/?post_type=product&#038;p=81418"},"modified":"2024-07-04T15:40:21","modified_gmt":"2024-07-04T14:40:21","slug":"relaxsessel-indi-outdoor-3","status":"publish","type":"product","link":"https:\/\/depagterinterieurs.nl\/de\/collectie\/marke\/ds-meubel\/relaxsessel-indi-outdoor-3\/","title":{"rendered":"Relaxsessel Indi Outdoor"},"content":{"rendered":"","protected":false},"excerpt":{"rendered":"<p>Luxuri\u00f6ser Outdoor-Sessel mit verstellbarer Fu\u00dfst\u00fctze und R\u00fcckenlehne, die mit einer Gasfeder funktionieren.<\/p>\n<p>Aus Outdoorstoff: Orlando &#8211; Anthrazit.<\/p>\n<p>Das aktuelle Modell hat eine Gasfeder \u201eMitte\u201c und ist f\u00fcr Personen zwischen 80-100 kg geeignet. Andere Gasfedern sind m\u00f6glich. Das Showmodell wird inkl. abdeckung.<\/p>\n<p><a href=\"https:\/\/depagterinterieurs.nl\/wp-content\/uploads\/2022\/08\/INDI-OUTDOOR-NL-BE-1-5-2022.pdf\"><strong>Hier<\/strong><\/a> k\u00f6nnen Sie alle Optionen anzeigen.<\/p>\n","protected":false},"featured_media":81428,"template":"","meta":[],"product_brand":[],"product_cat":[402,1035,399,374,90],"product_tag":[],"class_list":{"0":"post-81418","1":"product","2":"type-product","3":"status-publish","4":"has-post-thumbnail","6":"product_cat-ds-meubel","7":"product_cat-gartenmoebel","8":"product_cat-marke","9":"product_cat-sessel","10":"product_cat-sofas-sessel","12":"first","13":"instock","14":"shipping-taxable","15":"purchasable","16":"product-type-simple"},"yoast_head":"<!-- This site is optimized with the Yoast SEO plugin v27.3 - https:\/\/yoast.com\/product\/yoast-seo-wordpress\/ -->\n<title>Relaxsessel Indi Outdoor - De Pagter Interieurs<\/title>\n<meta name=\"description\" content=\"Luxuri\u00f6ser Outdoor-Sessel mit verstellbarer Fu\u00dfst\u00fctze und R\u00fcckenlehne, die mit einer Gasfeder funktionieren. Aus Outdoorstoff: Orlando - Anthrazit.\" \/>\n<meta name=\"robots\" content=\"index, follow, max-snippet:-1, max-image-preview:large, max-video-preview:-1\" \/>\n<link rel=\"canonical\" href=\"https:\/\/depagterinterieurs.nl\/de\/collectie\/marke\/ds-meubel\/relaxsessel-indi-outdoor-3\/\" \/>\n<meta property=\"og:locale\" content=\"de_DE\" \/>\n<meta property=\"og:type\" content=\"article\" \/>\n<meta property=\"og:title\" content=\"Relaxsessel Indi Outdoor - De Pagter Interieurs\" \/>\n<meta property=\"og:description\" content=\"Luxuri\u00f6ser Outdoor-Sessel mit verstellbarer Fu\u00dfst\u00fctze und R\u00fcckenlehne, die mit einer Gasfeder funktionieren. Aus Outdoorstoff: Orlando - Anthrazit.\" \/>\n<meta property=\"og:url\" content=\"https:\/\/depagterinterieurs.nl\/de\/collectie\/marke\/ds-meubel\/relaxsessel-indi-outdoor-3\/\" \/>\n<meta property=\"og:site_name\" content=\"De Pagter Interieurs\" \/>\n<meta property=\"article:publisher\" content=\"https:\/\/www.facebook.com\/depagterinterieurs\/\" \/>\n<meta property=\"article:modified_time\" content=\"2024-07-04T14:40:21+00:00\" \/>\n<meta property=\"og:image\" content=\"https:\/\/depagterinterieurs.nl\/wp-content\/uploads\/2023\/06\/Indi-Outdoor-3.jpeg\" \/>\n\t<meta property=\"og:image:width\" content=\"959\" \/>\n\t<meta property=\"og:image:height\" content=\"768\" \/>\n\t<meta property=\"og:image:type\" content=\"image\/jpeg\" \/>\n<meta name=\"twitter:card\" content=\"summary_large_image\" \/>\n<meta name=\"twitter:label1\" content=\"Est. reading time\" \/>\n\t<meta name=\"twitter:data1\" content=\"1 minute\" \/>\n<script type=\"application\/ld+json\" class=\"yoast-schema-graph\">{\"@context\":\"https:\\\/\\\/schema.org\",\"@graph\":[{\"@type\":\"WebPage\",\"@id\":\"https:\\\/\\\/depagterinterieurs.nl\\\/de\\\/collectie\\\/marke\\\/ds-meubel\\\/relaxsessel-indi-outdoor-3\\\/\",\"url\":\"https:\\\/\\\/depagterinterieurs.nl\\\/de\\\/collectie\\\/marke\\\/ds-meubel\\\/relaxsessel-indi-outdoor-3\\\/\",\"name\":\"Relaxsessel Indi Outdoor - De Pagter Interieurs\",\"isPartOf\":{\"@id\":\"https:\\\/\\\/depagterinterieurs.nl\\\/de\\\/#website\"},\"primaryImageOfPage\":{\"@id\":\"https:\\\/\\\/depagterinterieurs.nl\\\/de\\\/collectie\\\/marke\\\/ds-meubel\\\/relaxsessel-indi-outdoor-3\\\/#primaryimage\"},\"image\":{\"@id\":\"https:\\\/\\\/depagterinterieurs.nl\\\/de\\\/collectie\\\/marke\\\/ds-meubel\\\/relaxsessel-indi-outdoor-3\\\/#primaryimage\"},\"thumbnailUrl\":\"https:\\\/\\\/depagterinterieurs.nl\\\/wp-content\\\/uploads\\\/2023\\\/06\\\/Indi-Outdoor-3.jpeg\",\"datePublished\":\"2023-06-22T07:33:15+00:00\",\"dateModified\":\"2024-07-04T14:40:21+00:00\",\"description\":\"Luxuri\u00f6ser Outdoor-Sessel mit verstellbarer Fu\u00dfst\u00fctze und R\u00fcckenlehne, die mit einer Gasfeder funktionieren. Aus Outdoorstoff: Orlando - Anthrazit.\",\"breadcrumb\":{\"@id\":\"https:\\\/\\\/depagterinterieurs.nl\\\/de\\\/collectie\\\/marke\\\/ds-meubel\\\/relaxsessel-indi-outdoor-3\\\/#breadcrumb\"},\"inLanguage\":\"de-DE\",\"potentialAction\":[{\"@type\":\"ReadAction\",\"target\":[\"https:\\\/\\\/depagterinterieurs.nl\\\/de\\\/collectie\\\/marke\\\/ds-meubel\\\/relaxsessel-indi-outdoor-3\\\/\"]}]},{\"@type\":\"ImageObject\",\"inLanguage\":\"de-DE\",\"@id\":\"https:\\\/\\\/depagterinterieurs.nl\\\/de\\\/collectie\\\/marke\\\/ds-meubel\\\/relaxsessel-indi-outdoor-3\\\/#primaryimage\",\"url\":\"https:\\\/\\\/depagterinterieurs.nl\\\/wp-content\\\/uploads\\\/2023\\\/06\\\/Indi-Outdoor-3.jpeg\",\"contentUrl\":\"https:\\\/\\\/depagterinterieurs.nl\\\/wp-content\\\/uploads\\\/2023\\\/06\\\/Indi-Outdoor-3.jpeg\",\"width\":959,\"height\":768},{\"@type\":\"BreadcrumbList\",\"@id\":\"https:\\\/\\\/depagterinterieurs.nl\\\/de\\\/collectie\\\/marke\\\/ds-meubel\\\/relaxsessel-indi-outdoor-3\\\/#breadcrumb\",\"itemListElement\":[{\"@type\":\"ListItem\",\"position\":1,\"name\":\"Home\",\"item\":\"https:\\\/\\\/depagterinterieurs.nl\\\/de\\\/homepagina-de\\\/\"},{\"@type\":\"ListItem\",\"position\":2,\"name\":\"Kollektion\",\"item\":\"https:\\\/\\\/depagterinterieurs.nl\\\/de\\\/kollektion\\\/\"},{\"@type\":\"ListItem\",\"position\":3,\"name\":\"Relaxsessel Indi Outdoor\"}]},{\"@type\":\"WebSite\",\"@id\":\"https:\\\/\\\/depagterinterieurs.nl\\\/de\\\/#website\",\"url\":\"https:\\\/\\\/depagterinterieurs.nl\\\/de\\\/\",\"name\":\"De Pagter Interieurs\",\"description\":\"M\u00f6belgesch\u00e4fte in Middelburg - Domburg - Veere\",\"potentialAction\":[{\"@type\":\"SearchAction\",\"target\":{\"@type\":\"EntryPoint\",\"urlTemplate\":\"https:\\\/\\\/depagterinterieurs.nl\\\/de\\\/?s={search_term_string}\"},\"query-input\":{\"@type\":\"PropertyValueSpecification\",\"valueRequired\":true,\"valueName\":\"search_term_string\"}}],\"inLanguage\":\"de-DE\"}]}<\/script>\n<!-- \/ Yoast SEO plugin. -->","yoast_head_json":{"title":"Relaxsessel Indi Outdoor - De Pagter Interieurs","description":"Luxuri\u00f6ser Outdoor-Sessel mit verstellbarer Fu\u00dfst\u00fctze und R\u00fcckenlehne, die mit einer Gasfeder funktionieren. Aus Outdoorstoff: Orlando - Anthrazit.","robots":{"index":"index","follow":"follow","max-snippet":"max-snippet:-1","max-image-preview":"max-image-preview:large","max-video-preview":"max-video-preview:-1"},"canonical":"https:\/\/depagterinterieurs.nl\/de\/collectie\/marke\/ds-meubel\/relaxsessel-indi-outdoor-3\/","og_locale":"de_DE","og_type":"article","og_title":"Relaxsessel Indi Outdoor - De Pagter Interieurs","og_description":"Luxuri\u00f6ser Outdoor-Sessel mit verstellbarer Fu\u00dfst\u00fctze und R\u00fcckenlehne, die mit einer Gasfeder funktionieren. Aus Outdoorstoff: Orlando - Anthrazit.","og_url":"https:\/\/depagterinterieurs.nl\/de\/collectie\/marke\/ds-meubel\/relaxsessel-indi-outdoor-3\/","og_site_name":"De Pagter Interieurs","article_publisher":"https:\/\/www.facebook.com\/depagterinterieurs\/","article_modified_time":"2024-07-04T14:40:21+00:00","og_image":[{"width":959,"height":768,"url":"https:\/\/depagterinterieurs.nl\/wp-content\/uploads\/2023\/06\/Indi-Outdoor-3.jpeg","type":"image\/jpeg"}],"twitter_card":"summary_large_image","twitter_misc":{"Est. reading time":"1 minute"},"schema":{"@context":"https:\/\/schema.org","@graph":[{"@type":"WebPage","@id":"https:\/\/depagterinterieurs.nl\/de\/collectie\/marke\/ds-meubel\/relaxsessel-indi-outdoor-3\/","url":"https:\/\/depagterinterieurs.nl\/de\/collectie\/marke\/ds-meubel\/relaxsessel-indi-outdoor-3\/","name":"Relaxsessel Indi Outdoor - De Pagter Interieurs","isPartOf":{"@id":"https:\/\/depagterinterieurs.nl\/de\/#website"},"primaryImageOfPage":{"@id":"https:\/\/depagterinterieurs.nl\/de\/collectie\/marke\/ds-meubel\/relaxsessel-indi-outdoor-3\/#primaryimage"},"image":{"@id":"https:\/\/depagterinterieurs.nl\/de\/collectie\/marke\/ds-meubel\/relaxsessel-indi-outdoor-3\/#primaryimage"},"thumbnailUrl":"https:\/\/depagterinterieurs.nl\/wp-content\/uploads\/2023\/06\/Indi-Outdoor-3.jpeg","datePublished":"2023-06-22T07:33:15+00:00","dateModified":"2024-07-04T14:40:21+00:00","description":"Luxuri\u00f6ser Outdoor-Sessel mit verstellbarer Fu\u00dfst\u00fctze und R\u00fcckenlehne, die mit einer Gasfeder funktionieren. Aus Outdoorstoff: Orlando - Anthrazit.","breadcrumb":{"@id":"https:\/\/depagterinterieurs.nl\/de\/collectie\/marke\/ds-meubel\/relaxsessel-indi-outdoor-3\/#breadcrumb"},"inLanguage":"de-DE","potentialAction":[{"@type":"ReadAction","target":["https:\/\/depagterinterieurs.nl\/de\/collectie\/marke\/ds-meubel\/relaxsessel-indi-outdoor-3\/"]}]},{"@type":"ImageObject","inLanguage":"de-DE","@id":"https:\/\/depagterinterieurs.nl\/de\/collectie\/marke\/ds-meubel\/relaxsessel-indi-outdoor-3\/#primaryimage","url":"https:\/\/depagterinterieurs.nl\/wp-content\/uploads\/2023\/06\/Indi-Outdoor-3.jpeg","contentUrl":"https:\/\/depagterinterieurs.nl\/wp-content\/uploads\/2023\/06\/Indi-Outdoor-3.jpeg","width":959,"height":768},{"@type":"BreadcrumbList","@id":"https:\/\/depagterinterieurs.nl\/de\/collectie\/marke\/ds-meubel\/relaxsessel-indi-outdoor-3\/#breadcrumb","itemListElement":[{"@type":"ListItem","position":1,"name":"Home","item":"https:\/\/depagterinterieurs.nl\/de\/homepagina-de\/"},{"@type":"ListItem","position":2,"name":"Kollektion","item":"https:\/\/depagterinterieurs.nl\/de\/kollektion\/"},{"@type":"ListItem","position":3,"name":"Relaxsessel Indi Outdoor"}]},{"@type":"WebSite","@id":"https:\/\/depagterinterieurs.nl\/de\/#website","url":"https:\/\/depagterinterieurs.nl\/de\/","name":"De Pagter Interieurs","description":"M\u00f6belgesch\u00e4fte in Middelburg - Domburg - Veere","potentialAction":[{"@type":"SearchAction","target":{"@type":"EntryPoint","urlTemplate":"https:\/\/depagterinterieurs.nl\/de\/?s={search_term_string}"},"query-input":{"@type":"PropertyValueSpecification","valueRequired":true,"valueName":"search_term_string"}}],"inLanguage":"de-DE"}]}},"_links":{"self":[{"href":"https:\/\/depagterinterieurs.nl\/de\/wp-json\/wp\/v2\/product\/81418","targetHints":{"allow":["GET"]}}],"collection":[{"href":"https:\/\/depagterinterieurs.nl\/de\/wp-json\/wp\/v2\/product"}],"about":[{"href":"https:\/\/depagterinterieurs.nl\/de\/wp-json\/wp\/v2\/types\/product"}],"wp:featuredmedia":[{"embeddable":true,"href":"https:\/\/depagterinterieurs.nl\/de\/wp-json\/wp\/v2\/media\/81428"}],"wp:attachment":[{"href":"https:\/\/depagterinterieurs.nl\/de\/wp-json\/wp\/v2\/media?parent=81418"}],"wp:term":[{"taxonomy":"product_brand","embeddable":true,"href":"https:\/\/depagterinterieurs.nl\/de\/wp-json\/wp\/v2\/product_brand?post=81418"},{"taxonomy":"product_cat","embeddable":true,"href":"https:\/\/depagterinterieurs.nl\/de\/wp-json\/wp\/v2\/product_cat?post=81418"},{"taxonomy":"product_tag","embeddable":true,"href":"https:\/\/depagterinterieurs.nl\/de\/wp-json\/wp\/v2\/product_tag?post=81418"}],"curies":[{"name":"wp","href":"https:\/\/api.w.org\/{rel}","templated":true}]}}