{"id":88191,"date":"2023-11-16T21:10:13","date_gmt":"2023-11-16T20:29:01","guid":{"rendered":"https:\/\/depagterinterieurs.nl\/collectie\/unkategorisiert\/garderobe-arini\/"},"modified":"2023-11-16T21:29:01","modified_gmt":"2023-11-16T20:29:01","slug":"garderobe-arini","status":"publish","type":"product","link":"https:\/\/depagterinterieurs.nl\/de\/collectie\/verschiedene-mobel\/garderobe-arini\/","title":{"rendered":"Garderobe Arini"},"content":{"rendered":"","protected":false},"excerpt":{"rendered":"<p>Die Garderobe Arini erinnert an nostalgische Gep\u00e4ckablagen. Diese Wandgarderobe im Vintage-Stil verf\u00fcgt \u00fcber 6 Haken zum Aufh\u00e4ngen von M\u00e4nteln und Jacken und eine obere Ablage f\u00fcr Handschuhe, H\u00fcte und \u00c4hnliches.<\/p>\n","protected":false},"featured_media":88002,"template":"","meta":[],"product_brand":[],"product_cat":[92],"product_tag":[],"class_list":{"0":"post-88191","1":"product","2":"type-product","3":"status-publish","4":"has-post-thumbnail","6":"product_cat-verschiedene-mobel","8":"first","9":"instock","10":"shipping-taxable","11":"purchasable","12":"product-type-simple"},"yoast_head":"<!-- This site is optimized with the Yoast SEO plugin v27.3 - https:\/\/yoast.com\/product\/yoast-seo-wordpress\/ -->\n<title>Garderobe Arini - De Pagter Interieurs<\/title>\n<meta name=\"description\" content=\"Die Garderobe Arini erinnert an nostalgische Gep\u00e4ckablagen. Diese Wandgarderobe im Vintage-Stil verf\u00fcgt \u00fcber 6 Haken zum Aufh\u00e4ngen von M\u00e4nteln und Jacken und eine obere Ablage f\u00fcr Handschuhe, H\u00fcte und \u00c4hnliches.\" \/>\n<meta name=\"robots\" content=\"index, follow, max-snippet:-1, max-image-preview:large, max-video-preview:-1\" \/>\n<link rel=\"canonical\" href=\"https:\/\/depagterinterieurs.nl\/de\/collectie\/verschiedene-mobel\/garderobe-arini\/\" \/>\n<meta property=\"og:locale\" content=\"de_DE\" \/>\n<meta property=\"og:type\" content=\"article\" \/>\n<meta property=\"og:title\" content=\"Garderobe Arini - De Pagter Interieurs\" \/>\n<meta property=\"og:description\" content=\"Die Garderobe Arini erinnert an nostalgische Gep\u00e4ckablagen. Diese Wandgarderobe im Vintage-Stil verf\u00fcgt \u00fcber 6 Haken zum Aufh\u00e4ngen von M\u00e4nteln und Jacken und eine obere Ablage f\u00fcr Handschuhe, H\u00fcte und \u00c4hnliches.\" \/>\n<meta property=\"og:url\" content=\"https:\/\/depagterinterieurs.nl\/de\/collectie\/verschiedene-mobel\/garderobe-arini\/\" \/>\n<meta property=\"og:site_name\" content=\"De Pagter Interieurs\" \/>\n<meta property=\"article:publisher\" content=\"https:\/\/www.facebook.com\/depagterinterieurs\/\" \/>\n<meta property=\"og:image\" content=\"https:\/\/depagterinterieurs.nl\/wp-content\/uploads\/2023\/11\/Coatrack-Arini-1.jpeg\" \/>\n\t<meta property=\"og:image:width\" content=\"1200\" \/>\n\t<meta property=\"og:image:height\" content=\"1200\" \/>\n\t<meta property=\"og:image:type\" content=\"image\/jpeg\" \/>\n<meta name=\"twitter:card\" content=\"summary_large_image\" \/>\n<script type=\"application\/ld+json\" class=\"yoast-schema-graph\">{\"@context\":\"https:\\\/\\\/schema.org\",\"@graph\":[{\"@type\":\"WebPage\",\"@id\":\"https:\\\/\\\/depagterinterieurs.nl\\\/de\\\/collectie\\\/verschiedene-mobel\\\/garderobe-arini\\\/\",\"url\":\"https:\\\/\\\/depagterinterieurs.nl\\\/de\\\/collectie\\\/verschiedene-mobel\\\/garderobe-arini\\\/\",\"name\":\"Garderobe Arini - De Pagter Interieurs\",\"isPartOf\":{\"@id\":\"https:\\\/\\\/depagterinterieurs.nl\\\/de\\\/#website\"},\"primaryImageOfPage\":{\"@id\":\"https:\\\/\\\/depagterinterieurs.nl\\\/de\\\/collectie\\\/verschiedene-mobel\\\/garderobe-arini\\\/#primaryimage\"},\"image\":{\"@id\":\"https:\\\/\\\/depagterinterieurs.nl\\\/de\\\/collectie\\\/verschiedene-mobel\\\/garderobe-arini\\\/#primaryimage\"},\"thumbnailUrl\":\"https:\\\/\\\/depagterinterieurs.nl\\\/wp-content\\\/uploads\\\/2023\\\/11\\\/Coatrack-Arini-1.jpeg\",\"datePublished\":\"2023-11-16T20:29:01+00:00\",\"description\":\"Die Garderobe Arini erinnert an nostalgische Gep\u00e4ckablagen. Diese Wandgarderobe im Vintage-Stil verf\u00fcgt \u00fcber 6 Haken zum Aufh\u00e4ngen von M\u00e4nteln und Jacken und eine obere Ablage f\u00fcr Handschuhe, H\u00fcte und \u00c4hnliches.\",\"breadcrumb\":{\"@id\":\"https:\\\/\\\/depagterinterieurs.nl\\\/de\\\/collectie\\\/verschiedene-mobel\\\/garderobe-arini\\\/#breadcrumb\"},\"inLanguage\":\"de-DE\",\"potentialAction\":[{\"@type\":\"ReadAction\",\"target\":[\"https:\\\/\\\/depagterinterieurs.nl\\\/de\\\/collectie\\\/verschiedene-mobel\\\/garderobe-arini\\\/\"]}]},{\"@type\":\"ImageObject\",\"inLanguage\":\"de-DE\",\"@id\":\"https:\\\/\\\/depagterinterieurs.nl\\\/de\\\/collectie\\\/verschiedene-mobel\\\/garderobe-arini\\\/#primaryimage\",\"url\":\"https:\\\/\\\/depagterinterieurs.nl\\\/wp-content\\\/uploads\\\/2023\\\/11\\\/Coatrack-Arini-1.jpeg\",\"contentUrl\":\"https:\\\/\\\/depagterinterieurs.nl\\\/wp-content\\\/uploads\\\/2023\\\/11\\\/Coatrack-Arini-1.jpeg\",\"width\":1200,\"height\":1200},{\"@type\":\"BreadcrumbList\",\"@id\":\"https:\\\/\\\/depagterinterieurs.nl\\\/de\\\/collectie\\\/verschiedene-mobel\\\/garderobe-arini\\\/#breadcrumb\",\"itemListElement\":[{\"@type\":\"ListItem\",\"position\":1,\"name\":\"Home\",\"item\":\"https:\\\/\\\/depagterinterieurs.nl\\\/de\\\/homepagina-de\\\/\"},{\"@type\":\"ListItem\",\"position\":2,\"name\":\"Kollektion\",\"item\":\"https:\\\/\\\/depagterinterieurs.nl\\\/de\\\/kollektion\\\/\"},{\"@type\":\"ListItem\",\"position\":3,\"name\":\"Garderobe Arini\"}]},{\"@type\":\"WebSite\",\"@id\":\"https:\\\/\\\/depagterinterieurs.nl\\\/de\\\/#website\",\"url\":\"https:\\\/\\\/depagterinterieurs.nl\\\/de\\\/\",\"name\":\"De Pagter Interieurs\",\"description\":\"M\u00f6belgesch\u00e4fte in Middelburg - Domburg - Veere\",\"potentialAction\":[{\"@type\":\"SearchAction\",\"target\":{\"@type\":\"EntryPoint\",\"urlTemplate\":\"https:\\\/\\\/depagterinterieurs.nl\\\/de\\\/?s={search_term_string}\"},\"query-input\":{\"@type\":\"PropertyValueSpecification\",\"valueRequired\":true,\"valueName\":\"search_term_string\"}}],\"inLanguage\":\"de-DE\"}]}<\/script>\n<!-- \/ Yoast SEO plugin. -->","yoast_head_json":{"title":"Garderobe Arini - De Pagter Interieurs","description":"Die Garderobe Arini erinnert an nostalgische Gep\u00e4ckablagen. Diese Wandgarderobe im Vintage-Stil verf\u00fcgt \u00fcber 6 Haken zum Aufh\u00e4ngen von M\u00e4nteln und Jacken und eine obere Ablage f\u00fcr Handschuhe, H\u00fcte und \u00c4hnliches.","robots":{"index":"index","follow":"follow","max-snippet":"max-snippet:-1","max-image-preview":"max-image-preview:large","max-video-preview":"max-video-preview:-1"},"canonical":"https:\/\/depagterinterieurs.nl\/de\/collectie\/verschiedene-mobel\/garderobe-arini\/","og_locale":"de_DE","og_type":"article","og_title":"Garderobe Arini - De Pagter Interieurs","og_description":"Die Garderobe Arini erinnert an nostalgische Gep\u00e4ckablagen. Diese Wandgarderobe im Vintage-Stil verf\u00fcgt \u00fcber 6 Haken zum Aufh\u00e4ngen von M\u00e4nteln und Jacken und eine obere Ablage f\u00fcr Handschuhe, H\u00fcte und \u00c4hnliches.","og_url":"https:\/\/depagterinterieurs.nl\/de\/collectie\/verschiedene-mobel\/garderobe-arini\/","og_site_name":"De Pagter Interieurs","article_publisher":"https:\/\/www.facebook.com\/depagterinterieurs\/","og_image":[{"width":1200,"height":1200,"url":"https:\/\/depagterinterieurs.nl\/wp-content\/uploads\/2023\/11\/Coatrack-Arini-1.jpeg","type":"image\/jpeg"}],"twitter_card":"summary_large_image","schema":{"@context":"https:\/\/schema.org","@graph":[{"@type":"WebPage","@id":"https:\/\/depagterinterieurs.nl\/de\/collectie\/verschiedene-mobel\/garderobe-arini\/","url":"https:\/\/depagterinterieurs.nl\/de\/collectie\/verschiedene-mobel\/garderobe-arini\/","name":"Garderobe Arini - De Pagter Interieurs","isPartOf":{"@id":"https:\/\/depagterinterieurs.nl\/de\/#website"},"primaryImageOfPage":{"@id":"https:\/\/depagterinterieurs.nl\/de\/collectie\/verschiedene-mobel\/garderobe-arini\/#primaryimage"},"image":{"@id":"https:\/\/depagterinterieurs.nl\/de\/collectie\/verschiedene-mobel\/garderobe-arini\/#primaryimage"},"thumbnailUrl":"https:\/\/depagterinterieurs.nl\/wp-content\/uploads\/2023\/11\/Coatrack-Arini-1.jpeg","datePublished":"2023-11-16T20:29:01+00:00","description":"Die Garderobe Arini erinnert an nostalgische Gep\u00e4ckablagen. Diese Wandgarderobe im Vintage-Stil verf\u00fcgt \u00fcber 6 Haken zum Aufh\u00e4ngen von M\u00e4nteln und Jacken und eine obere Ablage f\u00fcr Handschuhe, H\u00fcte und \u00c4hnliches.","breadcrumb":{"@id":"https:\/\/depagterinterieurs.nl\/de\/collectie\/verschiedene-mobel\/garderobe-arini\/#breadcrumb"},"inLanguage":"de-DE","potentialAction":[{"@type":"ReadAction","target":["https:\/\/depagterinterieurs.nl\/de\/collectie\/verschiedene-mobel\/garderobe-arini\/"]}]},{"@type":"ImageObject","inLanguage":"de-DE","@id":"https:\/\/depagterinterieurs.nl\/de\/collectie\/verschiedene-mobel\/garderobe-arini\/#primaryimage","url":"https:\/\/depagterinterieurs.nl\/wp-content\/uploads\/2023\/11\/Coatrack-Arini-1.jpeg","contentUrl":"https:\/\/depagterinterieurs.nl\/wp-content\/uploads\/2023\/11\/Coatrack-Arini-1.jpeg","width":1200,"height":1200},{"@type":"BreadcrumbList","@id":"https:\/\/depagterinterieurs.nl\/de\/collectie\/verschiedene-mobel\/garderobe-arini\/#breadcrumb","itemListElement":[{"@type":"ListItem","position":1,"name":"Home","item":"https:\/\/depagterinterieurs.nl\/de\/homepagina-de\/"},{"@type":"ListItem","position":2,"name":"Kollektion","item":"https:\/\/depagterinterieurs.nl\/de\/kollektion\/"},{"@type":"ListItem","position":3,"name":"Garderobe Arini"}]},{"@type":"WebSite","@id":"https:\/\/depagterinterieurs.nl\/de\/#website","url":"https:\/\/depagterinterieurs.nl\/de\/","name":"De Pagter Interieurs","description":"M\u00f6belgesch\u00e4fte in Middelburg - Domburg - Veere","potentialAction":[{"@type":"SearchAction","target":{"@type":"EntryPoint","urlTemplate":"https:\/\/depagterinterieurs.nl\/de\/?s={search_term_string}"},"query-input":{"@type":"PropertyValueSpecification","valueRequired":true,"valueName":"search_term_string"}}],"inLanguage":"de-DE"}]}},"_links":{"self":[{"href":"https:\/\/depagterinterieurs.nl\/de\/wp-json\/wp\/v2\/product\/88191","targetHints":{"allow":["GET"]}}],"collection":[{"href":"https:\/\/depagterinterieurs.nl\/de\/wp-json\/wp\/v2\/product"}],"about":[{"href":"https:\/\/depagterinterieurs.nl\/de\/wp-json\/wp\/v2\/types\/product"}],"wp:featuredmedia":[{"embeddable":true,"href":"https:\/\/depagterinterieurs.nl\/de\/wp-json\/wp\/v2\/media\/88002"}],"wp:attachment":[{"href":"https:\/\/depagterinterieurs.nl\/de\/wp-json\/wp\/v2\/media?parent=88191"}],"wp:term":[{"taxonomy":"product_brand","embeddable":true,"href":"https:\/\/depagterinterieurs.nl\/de\/wp-json\/wp\/v2\/product_brand?post=88191"},{"taxonomy":"product_cat","embeddable":true,"href":"https:\/\/depagterinterieurs.nl\/de\/wp-json\/wp\/v2\/product_cat?post=88191"},{"taxonomy":"product_tag","embeddable":true,"href":"https:\/\/depagterinterieurs.nl\/de\/wp-json\/wp\/v2\/product_tag?post=88191"}],"curies":[{"name":"wp","href":"https:\/\/api.w.org\/{rel}","templated":true}]}}