{"id":90030,"date":"2023-12-29T10:18:26","date_gmt":"2023-12-29T09:38:50","guid":{"rendered":"https:\/\/depagterinterieurs.nl\/collectie\/unkategorisiert\/tisch-buddha\/"},"modified":"2023-12-29T10:38:50","modified_gmt":"2023-12-29T09:38:50","slug":"tisch-buddha","status":"publish","type":"product","link":"https:\/\/depagterinterieurs.nl\/de\/collectie\/tische\/esstische\/tisch-buddha\/","title":{"rendered":"Tisch Buddha"},"content":{"rendered":"","protected":false},"excerpt":{"rendered":"<p>Moderner niedriger Esstisch aus massiver und geb\u00fcrsteter schwarzer Eiche, getragen von stehenden schwarzen Metalls\u00e4ulen auf einer schwarzen Metallgrundplatte.<\/p>\n<p>Der Preis gilt f\u00fcr das abgebildete Modell.<\/p>\n<p>Sehen Sie sich <a href=\"https:\/\/depagterinterieurs.nl\/wp-content\/uploads\/2023\/09\/BUDDHA-DINING.pdf\"><strong>hier<\/strong><\/a> alle Tischoptionen an.<\/p>\n","protected":false},"featured_media":89445,"template":"","meta":[],"product_brand":[],"product_cat":[372,99],"product_tag":[],"class_list":{"0":"post-90030","1":"product","2":"type-product","3":"status-publish","4":"has-post-thumbnail","6":"product_cat-esstische","7":"product_cat-tische","9":"first","10":"instock","11":"shipping-taxable","12":"purchasable","13":"product-type-simple"},"yoast_head":"<!-- This site is optimized with the Yoast SEO plugin v27.3 - https:\/\/yoast.com\/product\/yoast-seo-wordpress\/ -->\n<title>Tisch Buddha - De Pagter Interieurs<\/title>\n<meta name=\"description\" content=\"Moderner niedriger Esstisch aus massiver und geb\u00fcrsteter schwarzer Eiche, getragen von stehenden schwarzen Metalls\u00e4ulen auf einer schwarzen Metallgrundplatte. Der Preis gilt f\u00fcr das abgebildete Modell. Sehen Sie sich hier alle Tischoptionen an.\" \/>\n<meta name=\"robots\" content=\"index, follow, max-snippet:-1, max-image-preview:large, max-video-preview:-1\" \/>\n<link rel=\"canonical\" href=\"https:\/\/depagterinterieurs.nl\/de\/collectie\/tische\/esstische\/tisch-buddha\/\" \/>\n<meta property=\"og:locale\" content=\"de_DE\" \/>\n<meta property=\"og:type\" content=\"article\" \/>\n<meta property=\"og:title\" content=\"Tisch Buddha - De Pagter Interieurs\" \/>\n<meta property=\"og:description\" content=\"Moderner niedriger Esstisch aus massiver und geb\u00fcrsteter schwarzer Eiche, getragen von stehenden schwarzen Metalls\u00e4ulen auf einer schwarzen Metallgrundplatte. Der Preis gilt f\u00fcr das abgebildete Modell. Sehen Sie sich hier alle Tischoptionen an.\" \/>\n<meta property=\"og:url\" content=\"https:\/\/depagterinterieurs.nl\/de\/collectie\/tische\/esstische\/tisch-buddha\/\" \/>\n<meta property=\"og:site_name\" content=\"De Pagter Interieurs\" \/>\n<meta property=\"article:publisher\" content=\"https:\/\/www.facebook.com\/depagterinterieurs\/\" \/>\n<meta property=\"og:image\" content=\"https:\/\/depagterinterieurs.nl\/wp-content\/uploads\/2023\/12\/IMG_1831.jpeg\" \/>\n\t<meta property=\"og:image:width\" content=\"1024\" \/>\n\t<meta property=\"og:image:height\" content=\"768\" \/>\n\t<meta property=\"og:image:type\" content=\"image\/jpeg\" \/>\n<meta name=\"twitter:card\" content=\"summary_large_image\" \/>\n<script type=\"application\/ld+json\" class=\"yoast-schema-graph\">{\"@context\":\"https:\\\/\\\/schema.org\",\"@graph\":[{\"@type\":\"WebPage\",\"@id\":\"https:\\\/\\\/depagterinterieurs.nl\\\/de\\\/collectie\\\/tische\\\/esstische\\\/tisch-buddha\\\/\",\"url\":\"https:\\\/\\\/depagterinterieurs.nl\\\/de\\\/collectie\\\/tische\\\/esstische\\\/tisch-buddha\\\/\",\"name\":\"Tisch Buddha - De Pagter Interieurs\",\"isPartOf\":{\"@id\":\"https:\\\/\\\/depagterinterieurs.nl\\\/de\\\/#website\"},\"primaryImageOfPage\":{\"@id\":\"https:\\\/\\\/depagterinterieurs.nl\\\/de\\\/collectie\\\/tische\\\/esstische\\\/tisch-buddha\\\/#primaryimage\"},\"image\":{\"@id\":\"https:\\\/\\\/depagterinterieurs.nl\\\/de\\\/collectie\\\/tische\\\/esstische\\\/tisch-buddha\\\/#primaryimage\"},\"thumbnailUrl\":\"https:\\\/\\\/depagterinterieurs.nl\\\/wp-content\\\/uploads\\\/2023\\\/12\\\/IMG_1831.jpeg\",\"datePublished\":\"2023-12-29T09:38:50+00:00\",\"description\":\"Moderner niedriger Esstisch aus massiver und geb\u00fcrsteter schwarzer Eiche, getragen von stehenden schwarzen Metalls\u00e4ulen auf einer schwarzen Metallgrundplatte. Der Preis gilt f\u00fcr das abgebildete Modell. Sehen Sie sich hier alle Tischoptionen an.\",\"breadcrumb\":{\"@id\":\"https:\\\/\\\/depagterinterieurs.nl\\\/de\\\/collectie\\\/tische\\\/esstische\\\/tisch-buddha\\\/#breadcrumb\"},\"inLanguage\":\"de-DE\",\"potentialAction\":[{\"@type\":\"ReadAction\",\"target\":[\"https:\\\/\\\/depagterinterieurs.nl\\\/de\\\/collectie\\\/tische\\\/esstische\\\/tisch-buddha\\\/\"]}]},{\"@type\":\"ImageObject\",\"inLanguage\":\"de-DE\",\"@id\":\"https:\\\/\\\/depagterinterieurs.nl\\\/de\\\/collectie\\\/tische\\\/esstische\\\/tisch-buddha\\\/#primaryimage\",\"url\":\"https:\\\/\\\/depagterinterieurs.nl\\\/wp-content\\\/uploads\\\/2023\\\/12\\\/IMG_1831.jpeg\",\"contentUrl\":\"https:\\\/\\\/depagterinterieurs.nl\\\/wp-content\\\/uploads\\\/2023\\\/12\\\/IMG_1831.jpeg\",\"width\":1024,\"height\":768},{\"@type\":\"BreadcrumbList\",\"@id\":\"https:\\\/\\\/depagterinterieurs.nl\\\/de\\\/collectie\\\/tische\\\/esstische\\\/tisch-buddha\\\/#breadcrumb\",\"itemListElement\":[{\"@type\":\"ListItem\",\"position\":1,\"name\":\"Home\",\"item\":\"https:\\\/\\\/depagterinterieurs.nl\\\/de\\\/homepagina-de\\\/\"},{\"@type\":\"ListItem\",\"position\":2,\"name\":\"Kollektion\",\"item\":\"https:\\\/\\\/depagterinterieurs.nl\\\/de\\\/kollektion\\\/\"},{\"@type\":\"ListItem\",\"position\":3,\"name\":\"Tisch Buddha\"}]},{\"@type\":\"WebSite\",\"@id\":\"https:\\\/\\\/depagterinterieurs.nl\\\/de\\\/#website\",\"url\":\"https:\\\/\\\/depagterinterieurs.nl\\\/de\\\/\",\"name\":\"De Pagter Interieurs\",\"description\":\"M\u00f6belgesch\u00e4fte in Middelburg - Domburg - Veere\",\"potentialAction\":[{\"@type\":\"SearchAction\",\"target\":{\"@type\":\"EntryPoint\",\"urlTemplate\":\"https:\\\/\\\/depagterinterieurs.nl\\\/de\\\/?s={search_term_string}\"},\"query-input\":{\"@type\":\"PropertyValueSpecification\",\"valueRequired\":true,\"valueName\":\"search_term_string\"}}],\"inLanguage\":\"de-DE\"}]}<\/script>\n<!-- \/ Yoast SEO plugin. -->","yoast_head_json":{"title":"Tisch Buddha - De Pagter Interieurs","description":"Moderner niedriger Esstisch aus massiver und geb\u00fcrsteter schwarzer Eiche, getragen von stehenden schwarzen Metalls\u00e4ulen auf einer schwarzen Metallgrundplatte. Der Preis gilt f\u00fcr das abgebildete Modell. Sehen Sie sich hier alle Tischoptionen an.","robots":{"index":"index","follow":"follow","max-snippet":"max-snippet:-1","max-image-preview":"max-image-preview:large","max-video-preview":"max-video-preview:-1"},"canonical":"https:\/\/depagterinterieurs.nl\/de\/collectie\/tische\/esstische\/tisch-buddha\/","og_locale":"de_DE","og_type":"article","og_title":"Tisch Buddha - De Pagter Interieurs","og_description":"Moderner niedriger Esstisch aus massiver und geb\u00fcrsteter schwarzer Eiche, getragen von stehenden schwarzen Metalls\u00e4ulen auf einer schwarzen Metallgrundplatte. Der Preis gilt f\u00fcr das abgebildete Modell. Sehen Sie sich hier alle Tischoptionen an.","og_url":"https:\/\/depagterinterieurs.nl\/de\/collectie\/tische\/esstische\/tisch-buddha\/","og_site_name":"De Pagter Interieurs","article_publisher":"https:\/\/www.facebook.com\/depagterinterieurs\/","og_image":[{"width":1024,"height":768,"url":"https:\/\/depagterinterieurs.nl\/wp-content\/uploads\/2023\/12\/IMG_1831.jpeg","type":"image\/jpeg"}],"twitter_card":"summary_large_image","schema":{"@context":"https:\/\/schema.org","@graph":[{"@type":"WebPage","@id":"https:\/\/depagterinterieurs.nl\/de\/collectie\/tische\/esstische\/tisch-buddha\/","url":"https:\/\/depagterinterieurs.nl\/de\/collectie\/tische\/esstische\/tisch-buddha\/","name":"Tisch Buddha - De Pagter Interieurs","isPartOf":{"@id":"https:\/\/depagterinterieurs.nl\/de\/#website"},"primaryImageOfPage":{"@id":"https:\/\/depagterinterieurs.nl\/de\/collectie\/tische\/esstische\/tisch-buddha\/#primaryimage"},"image":{"@id":"https:\/\/depagterinterieurs.nl\/de\/collectie\/tische\/esstische\/tisch-buddha\/#primaryimage"},"thumbnailUrl":"https:\/\/depagterinterieurs.nl\/wp-content\/uploads\/2023\/12\/IMG_1831.jpeg","datePublished":"2023-12-29T09:38:50+00:00","description":"Moderner niedriger Esstisch aus massiver und geb\u00fcrsteter schwarzer Eiche, getragen von stehenden schwarzen Metalls\u00e4ulen auf einer schwarzen Metallgrundplatte. Der Preis gilt f\u00fcr das abgebildete Modell. Sehen Sie sich hier alle Tischoptionen an.","breadcrumb":{"@id":"https:\/\/depagterinterieurs.nl\/de\/collectie\/tische\/esstische\/tisch-buddha\/#breadcrumb"},"inLanguage":"de-DE","potentialAction":[{"@type":"ReadAction","target":["https:\/\/depagterinterieurs.nl\/de\/collectie\/tische\/esstische\/tisch-buddha\/"]}]},{"@type":"ImageObject","inLanguage":"de-DE","@id":"https:\/\/depagterinterieurs.nl\/de\/collectie\/tische\/esstische\/tisch-buddha\/#primaryimage","url":"https:\/\/depagterinterieurs.nl\/wp-content\/uploads\/2023\/12\/IMG_1831.jpeg","contentUrl":"https:\/\/depagterinterieurs.nl\/wp-content\/uploads\/2023\/12\/IMG_1831.jpeg","width":1024,"height":768},{"@type":"BreadcrumbList","@id":"https:\/\/depagterinterieurs.nl\/de\/collectie\/tische\/esstische\/tisch-buddha\/#breadcrumb","itemListElement":[{"@type":"ListItem","position":1,"name":"Home","item":"https:\/\/depagterinterieurs.nl\/de\/homepagina-de\/"},{"@type":"ListItem","position":2,"name":"Kollektion","item":"https:\/\/depagterinterieurs.nl\/de\/kollektion\/"},{"@type":"ListItem","position":3,"name":"Tisch Buddha"}]},{"@type":"WebSite","@id":"https:\/\/depagterinterieurs.nl\/de\/#website","url":"https:\/\/depagterinterieurs.nl\/de\/","name":"De Pagter Interieurs","description":"M\u00f6belgesch\u00e4fte in Middelburg - Domburg - Veere","potentialAction":[{"@type":"SearchAction","target":{"@type":"EntryPoint","urlTemplate":"https:\/\/depagterinterieurs.nl\/de\/?s={search_term_string}"},"query-input":{"@type":"PropertyValueSpecification","valueRequired":true,"valueName":"search_term_string"}}],"inLanguage":"de-DE"}]}},"_links":{"self":[{"href":"https:\/\/depagterinterieurs.nl\/de\/wp-json\/wp\/v2\/product\/90030","targetHints":{"allow":["GET"]}}],"collection":[{"href":"https:\/\/depagterinterieurs.nl\/de\/wp-json\/wp\/v2\/product"}],"about":[{"href":"https:\/\/depagterinterieurs.nl\/de\/wp-json\/wp\/v2\/types\/product"}],"wp:featuredmedia":[{"embeddable":true,"href":"https:\/\/depagterinterieurs.nl\/de\/wp-json\/wp\/v2\/media\/89445"}],"wp:attachment":[{"href":"https:\/\/depagterinterieurs.nl\/de\/wp-json\/wp\/v2\/media?parent=90030"}],"wp:term":[{"taxonomy":"product_brand","embeddable":true,"href":"https:\/\/depagterinterieurs.nl\/de\/wp-json\/wp\/v2\/product_brand?post=90030"},{"taxonomy":"product_cat","embeddable":true,"href":"https:\/\/depagterinterieurs.nl\/de\/wp-json\/wp\/v2\/product_cat?post=90030"},{"taxonomy":"product_tag","embeddable":true,"href":"https:\/\/depagterinterieurs.nl\/de\/wp-json\/wp\/v2\/product_tag?post=90030"}],"curies":[{"name":"wp","href":"https:\/\/api.w.org\/{rel}","templated":true}]}}