{"id":94339,"date":"2024-02-13T19:55:35","date_gmt":"2024-05-17T09:26:29","guid":{"rendered":"https:\/\/depagterinterieurs.nl\/?post_type=product&#038;p=94339"},"modified":"2024-05-17T10:26:29","modified_gmt":"2024-05-17T09:26:29","slug":"chinesische-holzkiste-kopie","status":"publish","type":"product","link":"https:\/\/depagterinterieurs.nl\/de\/collectie\/marke\/de-pagter-interieurs\/chinesische-holzkiste-kopie\/","title":{"rendered":"Chinesische Reisbeh\u00e4lter Klein"},"content":{"rendered":"","protected":false},"excerpt":{"rendered":"<p>Chinesische Reisbeh\u00e4lter. Bitte beachten Sie: Jede Reisbeh\u00e4lter ist ein Unikat.<\/p>\n","protected":false},"featured_media":94149,"template":"","meta":[],"product_brand":[],"product_cat":[409,93,399,102],"product_tag":[],"class_list":{"0":"post-94339","1":"product","2":"type-product","3":"status-publish","4":"has-post-thumbnail","6":"product_cat-de-pagter-interieurs","7":"product_cat-elmwood-old-pine-de","8":"product_cat-marke","9":"product_cat-wohnaccesssoires","11":"first","12":"instock","13":"shipping-taxable","14":"purchasable","15":"product-type-simple"},"yoast_head":"<!-- This site is optimized with the Yoast SEO plugin v27.3 - https:\/\/yoast.com\/product\/yoast-seo-wordpress\/ -->\n<title>Chinesische Reisbeh\u00e4lter Klein - De Pagter Interieurs<\/title>\n<meta name=\"description\" content=\"Chinesische Reisbeh\u00e4lter. Bitte beachten Sie: Jede Reisbeh\u00e4lter ist ein Unikat.\" \/>\n<meta name=\"robots\" content=\"index, follow, max-snippet:-1, max-image-preview:large, max-video-preview:-1\" \/>\n<link rel=\"canonical\" href=\"https:\/\/depagterinterieurs.nl\/de\/collectie\/marke\/de-pagter-interieurs\/chinesische-holzkiste-kopie\/\" \/>\n<meta property=\"og:locale\" content=\"de_DE\" \/>\n<meta property=\"og:type\" content=\"article\" \/>\n<meta property=\"og:title\" content=\"Chinesische Reisbeh\u00e4lter Klein - De Pagter Interieurs\" \/>\n<meta property=\"og:description\" content=\"Chinesische Reisbeh\u00e4lter. Bitte beachten Sie: Jede Reisbeh\u00e4lter ist ein Unikat.\" \/>\n<meta property=\"og:url\" content=\"https:\/\/depagterinterieurs.nl\/de\/collectie\/marke\/de-pagter-interieurs\/chinesische-holzkiste-kopie\/\" \/>\n<meta property=\"og:site_name\" content=\"De Pagter Interieurs\" \/>\n<meta property=\"article:publisher\" content=\"https:\/\/www.facebook.com\/depagterinterieurs\/\" \/>\n<meta property=\"og:image\" content=\"https:\/\/depagterinterieurs.nl\/wp-content\/uploads\/2024\/02\/Kleine-Rijstbak-2-scaled.jpeg\" \/>\n\t<meta property=\"og:image:width\" content=\"2560\" \/>\n\t<meta property=\"og:image:height\" content=\"1920\" \/>\n\t<meta property=\"og:image:type\" content=\"image\/jpeg\" \/>\n<meta name=\"twitter:card\" content=\"summary_large_image\" \/>\n<script type=\"application\/ld+json\" class=\"yoast-schema-graph\">{\"@context\":\"https:\\\/\\\/schema.org\",\"@graph\":[{\"@type\":\"WebPage\",\"@id\":\"https:\\\/\\\/depagterinterieurs.nl\\\/de\\\/collectie\\\/marke\\\/de-pagter-interieurs\\\/chinesische-holzkiste-kopie\\\/\",\"url\":\"https:\\\/\\\/depagterinterieurs.nl\\\/de\\\/collectie\\\/marke\\\/de-pagter-interieurs\\\/chinesische-holzkiste-kopie\\\/\",\"name\":\"Chinesische Reisbeh\u00e4lter Klein - De Pagter Interieurs\",\"isPartOf\":{\"@id\":\"https:\\\/\\\/depagterinterieurs.nl\\\/de\\\/#website\"},\"primaryImageOfPage\":{\"@id\":\"https:\\\/\\\/depagterinterieurs.nl\\\/de\\\/collectie\\\/marke\\\/de-pagter-interieurs\\\/chinesische-holzkiste-kopie\\\/#primaryimage\"},\"image\":{\"@id\":\"https:\\\/\\\/depagterinterieurs.nl\\\/de\\\/collectie\\\/marke\\\/de-pagter-interieurs\\\/chinesische-holzkiste-kopie\\\/#primaryimage\"},\"thumbnailUrl\":\"https:\\\/\\\/depagterinterieurs.nl\\\/wp-content\\\/uploads\\\/2024\\\/02\\\/Kleine-Rijstbak-2-scaled.jpeg\",\"datePublished\":\"2024-05-17T09:26:29+00:00\",\"description\":\"Chinesische Reisbeh\u00e4lter. Bitte beachten Sie: Jede Reisbeh\u00e4lter ist ein Unikat.\",\"breadcrumb\":{\"@id\":\"https:\\\/\\\/depagterinterieurs.nl\\\/de\\\/collectie\\\/marke\\\/de-pagter-interieurs\\\/chinesische-holzkiste-kopie\\\/#breadcrumb\"},\"inLanguage\":\"de-DE\",\"potentialAction\":[{\"@type\":\"ReadAction\",\"target\":[\"https:\\\/\\\/depagterinterieurs.nl\\\/de\\\/collectie\\\/marke\\\/de-pagter-interieurs\\\/chinesische-holzkiste-kopie\\\/\"]}]},{\"@type\":\"ImageObject\",\"inLanguage\":\"de-DE\",\"@id\":\"https:\\\/\\\/depagterinterieurs.nl\\\/de\\\/collectie\\\/marke\\\/de-pagter-interieurs\\\/chinesische-holzkiste-kopie\\\/#primaryimage\",\"url\":\"https:\\\/\\\/depagterinterieurs.nl\\\/wp-content\\\/uploads\\\/2024\\\/02\\\/Kleine-Rijstbak-2-scaled.jpeg\",\"contentUrl\":\"https:\\\/\\\/depagterinterieurs.nl\\\/wp-content\\\/uploads\\\/2024\\\/02\\\/Kleine-Rijstbak-2-scaled.jpeg\",\"width\":2560,\"height\":1920},{\"@type\":\"BreadcrumbList\",\"@id\":\"https:\\\/\\\/depagterinterieurs.nl\\\/de\\\/collectie\\\/marke\\\/de-pagter-interieurs\\\/chinesische-holzkiste-kopie\\\/#breadcrumb\",\"itemListElement\":[{\"@type\":\"ListItem\",\"position\":1,\"name\":\"Home\",\"item\":\"https:\\\/\\\/depagterinterieurs.nl\\\/de\\\/homepagina-de\\\/\"},{\"@type\":\"ListItem\",\"position\":2,\"name\":\"Kollektion\",\"item\":\"https:\\\/\\\/depagterinterieurs.nl\\\/de\\\/kollektion\\\/\"},{\"@type\":\"ListItem\",\"position\":3,\"name\":\"Chinesische Reisbeh\u00e4lter Klein\"}]},{\"@type\":\"WebSite\",\"@id\":\"https:\\\/\\\/depagterinterieurs.nl\\\/de\\\/#website\",\"url\":\"https:\\\/\\\/depagterinterieurs.nl\\\/de\\\/\",\"name\":\"De Pagter Interieurs\",\"description\":\"M\u00f6belgesch\u00e4fte in Middelburg - Domburg - Veere\",\"potentialAction\":[{\"@type\":\"SearchAction\",\"target\":{\"@type\":\"EntryPoint\",\"urlTemplate\":\"https:\\\/\\\/depagterinterieurs.nl\\\/de\\\/?s={search_term_string}\"},\"query-input\":{\"@type\":\"PropertyValueSpecification\",\"valueRequired\":true,\"valueName\":\"search_term_string\"}}],\"inLanguage\":\"de-DE\"}]}<\/script>\n<!-- \/ Yoast SEO plugin. -->","yoast_head_json":{"title":"Chinesische Reisbeh\u00e4lter Klein - De Pagter Interieurs","description":"Chinesische Reisbeh\u00e4lter. Bitte beachten Sie: Jede Reisbeh\u00e4lter ist ein Unikat.","robots":{"index":"index","follow":"follow","max-snippet":"max-snippet:-1","max-image-preview":"max-image-preview:large","max-video-preview":"max-video-preview:-1"},"canonical":"https:\/\/depagterinterieurs.nl\/de\/collectie\/marke\/de-pagter-interieurs\/chinesische-holzkiste-kopie\/","og_locale":"de_DE","og_type":"article","og_title":"Chinesische Reisbeh\u00e4lter Klein - De Pagter Interieurs","og_description":"Chinesische Reisbeh\u00e4lter. Bitte beachten Sie: Jede Reisbeh\u00e4lter ist ein Unikat.","og_url":"https:\/\/depagterinterieurs.nl\/de\/collectie\/marke\/de-pagter-interieurs\/chinesische-holzkiste-kopie\/","og_site_name":"De Pagter Interieurs","article_publisher":"https:\/\/www.facebook.com\/depagterinterieurs\/","og_image":[{"width":2560,"height":1920,"url":"https:\/\/depagterinterieurs.nl\/wp-content\/uploads\/2024\/02\/Kleine-Rijstbak-2-scaled.jpeg","type":"image\/jpeg"}],"twitter_card":"summary_large_image","schema":{"@context":"https:\/\/schema.org","@graph":[{"@type":"WebPage","@id":"https:\/\/depagterinterieurs.nl\/de\/collectie\/marke\/de-pagter-interieurs\/chinesische-holzkiste-kopie\/","url":"https:\/\/depagterinterieurs.nl\/de\/collectie\/marke\/de-pagter-interieurs\/chinesische-holzkiste-kopie\/","name":"Chinesische Reisbeh\u00e4lter Klein - De Pagter Interieurs","isPartOf":{"@id":"https:\/\/depagterinterieurs.nl\/de\/#website"},"primaryImageOfPage":{"@id":"https:\/\/depagterinterieurs.nl\/de\/collectie\/marke\/de-pagter-interieurs\/chinesische-holzkiste-kopie\/#primaryimage"},"image":{"@id":"https:\/\/depagterinterieurs.nl\/de\/collectie\/marke\/de-pagter-interieurs\/chinesische-holzkiste-kopie\/#primaryimage"},"thumbnailUrl":"https:\/\/depagterinterieurs.nl\/wp-content\/uploads\/2024\/02\/Kleine-Rijstbak-2-scaled.jpeg","datePublished":"2024-05-17T09:26:29+00:00","description":"Chinesische Reisbeh\u00e4lter. Bitte beachten Sie: Jede Reisbeh\u00e4lter ist ein Unikat.","breadcrumb":{"@id":"https:\/\/depagterinterieurs.nl\/de\/collectie\/marke\/de-pagter-interieurs\/chinesische-holzkiste-kopie\/#breadcrumb"},"inLanguage":"de-DE","potentialAction":[{"@type":"ReadAction","target":["https:\/\/depagterinterieurs.nl\/de\/collectie\/marke\/de-pagter-interieurs\/chinesische-holzkiste-kopie\/"]}]},{"@type":"ImageObject","inLanguage":"de-DE","@id":"https:\/\/depagterinterieurs.nl\/de\/collectie\/marke\/de-pagter-interieurs\/chinesische-holzkiste-kopie\/#primaryimage","url":"https:\/\/depagterinterieurs.nl\/wp-content\/uploads\/2024\/02\/Kleine-Rijstbak-2-scaled.jpeg","contentUrl":"https:\/\/depagterinterieurs.nl\/wp-content\/uploads\/2024\/02\/Kleine-Rijstbak-2-scaled.jpeg","width":2560,"height":1920},{"@type":"BreadcrumbList","@id":"https:\/\/depagterinterieurs.nl\/de\/collectie\/marke\/de-pagter-interieurs\/chinesische-holzkiste-kopie\/#breadcrumb","itemListElement":[{"@type":"ListItem","position":1,"name":"Home","item":"https:\/\/depagterinterieurs.nl\/de\/homepagina-de\/"},{"@type":"ListItem","position":2,"name":"Kollektion","item":"https:\/\/depagterinterieurs.nl\/de\/kollektion\/"},{"@type":"ListItem","position":3,"name":"Chinesische Reisbeh\u00e4lter Klein"}]},{"@type":"WebSite","@id":"https:\/\/depagterinterieurs.nl\/de\/#website","url":"https:\/\/depagterinterieurs.nl\/de\/","name":"De Pagter Interieurs","description":"M\u00f6belgesch\u00e4fte in Middelburg - Domburg - Veere","potentialAction":[{"@type":"SearchAction","target":{"@type":"EntryPoint","urlTemplate":"https:\/\/depagterinterieurs.nl\/de\/?s={search_term_string}"},"query-input":{"@type":"PropertyValueSpecification","valueRequired":true,"valueName":"search_term_string"}}],"inLanguage":"de-DE"}]}},"_links":{"self":[{"href":"https:\/\/depagterinterieurs.nl\/de\/wp-json\/wp\/v2\/product\/94339","targetHints":{"allow":["GET"]}}],"collection":[{"href":"https:\/\/depagterinterieurs.nl\/de\/wp-json\/wp\/v2\/product"}],"about":[{"href":"https:\/\/depagterinterieurs.nl\/de\/wp-json\/wp\/v2\/types\/product"}],"wp:featuredmedia":[{"embeddable":true,"href":"https:\/\/depagterinterieurs.nl\/de\/wp-json\/wp\/v2\/media\/94149"}],"wp:attachment":[{"href":"https:\/\/depagterinterieurs.nl\/de\/wp-json\/wp\/v2\/media?parent=94339"}],"wp:term":[{"taxonomy":"product_brand","embeddable":true,"href":"https:\/\/depagterinterieurs.nl\/de\/wp-json\/wp\/v2\/product_brand?post=94339"},{"taxonomy":"product_cat","embeddable":true,"href":"https:\/\/depagterinterieurs.nl\/de\/wp-json\/wp\/v2\/product_cat?post=94339"},{"taxonomy":"product_tag","embeddable":true,"href":"https:\/\/depagterinterieurs.nl\/de\/wp-json\/wp\/v2\/product_tag?post=94339"}],"curies":[{"name":"wp","href":"https:\/\/api.w.org\/{rel}","templated":true}]}}