{"id":98476,"date":"2024-03-28T14:10:22","date_gmt":"2024-04-02T09:39:11","guid":{"rendered":"https:\/\/depagterinterieurs.nl\/collectie\/unkategorisiert\/teppich-gentle\/"},"modified":"2024-04-11T12:01:41","modified_gmt":"2024-04-11T11:01:41","slug":"teppich-gentle","status":"publish","type":"product","link":"https:\/\/depagterinterieurs.nl\/de\/collectie\/marke\/karpi-de\/teppich-gentle\/","title":{"rendered":"Teppich Gentle"},"content":{"rendered":"","protected":false},"excerpt":{"rendered":"<p>Teppich Gentle, der Marke Karpi ist der weichste und flauschigste Teppich in der Kollektion!<\/p>\n<p>Dieser rechteckige Teppich hat eine warme Ausstrahlung. Wenn Sie auf der Suche nach einem Teppich sind, der Ihr Interieur versch\u00f6nert, ist dies der richtige Teppich f\u00fcr Sie. Dieser weiche, hochflorige Teppich hat einen hohen Kuschelanteil und macht Lust, den ganzen Tag auf diesem Teppich zu sitzen, so weich!<\/p>\n<p>Dieser Teppich ist auch in Sondergr\u00f6\u00dfen erh\u00e4ltlich, der Preis betr\u00e4gt 209 \u20ac pro Quadratmeter.<\/p>\n<p>&nbsp;<\/p>\n<p>&nbsp;<\/p>\n","protected":false},"featured_media":98123,"template":"","meta":[],"product_brand":[],"product_cat":[545,399,225],"product_tag":[],"class_list":{"0":"post-98476","1":"product","2":"type-product","3":"status-publish","4":"has-post-thumbnail","6":"product_cat-karpi-de","7":"product_cat-marke","8":"product_cat-teppiche","10":"first","11":"instock","12":"shipping-taxable","13":"purchasable","14":"product-type-variable"},"yoast_head":"<!-- This site is optimized with the Yoast SEO plugin v27.3 - https:\/\/yoast.com\/product\/yoast-seo-wordpress\/ -->\n<title>Teppich Gentle - De Pagter Interieurs<\/title>\n<meta name=\"description\" content=\"Teppich Gentle, der Marke Karpi ist der weichste und flauschigste Teppich in der Kollektion! Dieser weiche, hochflorige Teppich hat einen hohen Kuschelanteil und macht Lust, den ganzen Tag auf diesem Teppich zu sitzen, so weich!\" \/>\n<meta name=\"robots\" content=\"index, follow, max-snippet:-1, max-image-preview:large, max-video-preview:-1\" \/>\n<link rel=\"canonical\" href=\"https:\/\/depagterinterieurs.nl\/de\/collectie\/marke\/karpi-de\/teppich-gentle\/\" \/>\n<meta property=\"og:locale\" content=\"de_DE\" \/>\n<meta property=\"og:type\" content=\"article\" \/>\n<meta property=\"og:title\" content=\"Teppich Gentle - De Pagter Interieurs\" \/>\n<meta property=\"og:description\" content=\"Teppich Gentle, der Marke Karpi ist der weichste und flauschigste Teppich in der Kollektion! Dieser weiche, hochflorige Teppich hat einen hohen Kuschelanteil und macht Lust, den ganzen Tag auf diesem Teppich zu sitzen, so weich!\" \/>\n<meta property=\"og:url\" content=\"https:\/\/depagterinterieurs.nl\/de\/collectie\/marke\/karpi-de\/teppich-gentle\/\" \/>\n<meta property=\"og:site_name\" content=\"De Pagter Interieurs\" \/>\n<meta property=\"article:publisher\" content=\"https:\/\/www.facebook.com\/depagterinterieurs\/\" \/>\n<meta property=\"article:modified_time\" content=\"2024-04-11T11:01:41+00:00\" \/>\n<meta property=\"og:image\" content=\"https:\/\/depagterinterieurs.nl\/wp-content\/uploads\/2024\/03\/Gentle_18_hoek_1800x1206-e1711630603689.webp\" \/>\n\t<meta property=\"og:image:width\" content=\"1799\" \/>\n\t<meta property=\"og:image:height\" content=\"1206\" \/>\n\t<meta property=\"og:image:type\" content=\"image\/webp\" \/>\n<meta name=\"twitter:card\" content=\"summary_large_image\" \/>\n<script type=\"application\/ld+json\" class=\"yoast-schema-graph\">{\"@context\":\"https:\\\/\\\/schema.org\",\"@graph\":[{\"@type\":\"WebPage\",\"@id\":\"https:\\\/\\\/depagterinterieurs.nl\\\/de\\\/collectie\\\/marke\\\/karpi-de\\\/teppich-gentle\\\/\",\"url\":\"https:\\\/\\\/depagterinterieurs.nl\\\/de\\\/collectie\\\/marke\\\/karpi-de\\\/teppich-gentle\\\/\",\"name\":\"Teppich Gentle - De Pagter Interieurs\",\"isPartOf\":{\"@id\":\"https:\\\/\\\/depagterinterieurs.nl\\\/de\\\/#website\"},\"primaryImageOfPage\":{\"@id\":\"https:\\\/\\\/depagterinterieurs.nl\\\/de\\\/collectie\\\/marke\\\/karpi-de\\\/teppich-gentle\\\/#primaryimage\"},\"image\":{\"@id\":\"https:\\\/\\\/depagterinterieurs.nl\\\/de\\\/collectie\\\/marke\\\/karpi-de\\\/teppich-gentle\\\/#primaryimage\"},\"thumbnailUrl\":\"https:\\\/\\\/depagterinterieurs.nl\\\/wp-content\\\/uploads\\\/2024\\\/03\\\/Gentle_18_hoek_1800x1206-e1711630603689.webp\",\"datePublished\":\"2024-04-02T09:39:11+00:00\",\"dateModified\":\"2024-04-11T11:01:41+00:00\",\"description\":\"Teppich Gentle, der Marke Karpi ist der weichste und flauschigste Teppich in der Kollektion! Dieser weiche, hochflorige Teppich hat einen hohen Kuschelanteil und macht Lust, den ganzen Tag auf diesem Teppich zu sitzen, so weich!\",\"breadcrumb\":{\"@id\":\"https:\\\/\\\/depagterinterieurs.nl\\\/de\\\/collectie\\\/marke\\\/karpi-de\\\/teppich-gentle\\\/#breadcrumb\"},\"inLanguage\":\"de-DE\",\"potentialAction\":[{\"@type\":\"ReadAction\",\"target\":[\"https:\\\/\\\/depagterinterieurs.nl\\\/de\\\/collectie\\\/marke\\\/karpi-de\\\/teppich-gentle\\\/\"]}]},{\"@type\":\"ImageObject\",\"inLanguage\":\"de-DE\",\"@id\":\"https:\\\/\\\/depagterinterieurs.nl\\\/de\\\/collectie\\\/marke\\\/karpi-de\\\/teppich-gentle\\\/#primaryimage\",\"url\":\"https:\\\/\\\/depagterinterieurs.nl\\\/wp-content\\\/uploads\\\/2024\\\/03\\\/Gentle_18_hoek_1800x1206-e1711630603689.webp\",\"contentUrl\":\"https:\\\/\\\/depagterinterieurs.nl\\\/wp-content\\\/uploads\\\/2024\\\/03\\\/Gentle_18_hoek_1800x1206-e1711630603689.webp\",\"width\":1799,\"height\":1206},{\"@type\":\"BreadcrumbList\",\"@id\":\"https:\\\/\\\/depagterinterieurs.nl\\\/de\\\/collectie\\\/marke\\\/karpi-de\\\/teppich-gentle\\\/#breadcrumb\",\"itemListElement\":[{\"@type\":\"ListItem\",\"position\":1,\"name\":\"Home\",\"item\":\"https:\\\/\\\/depagterinterieurs.nl\\\/de\\\/homepagina-de\\\/\"},{\"@type\":\"ListItem\",\"position\":2,\"name\":\"Kollektion\",\"item\":\"https:\\\/\\\/depagterinterieurs.nl\\\/de\\\/kollektion\\\/\"},{\"@type\":\"ListItem\",\"position\":3,\"name\":\"Teppich Gentle\"}]},{\"@type\":\"WebSite\",\"@id\":\"https:\\\/\\\/depagterinterieurs.nl\\\/de\\\/#website\",\"url\":\"https:\\\/\\\/depagterinterieurs.nl\\\/de\\\/\",\"name\":\"De Pagter Interieurs\",\"description\":\"M\u00f6belgesch\u00e4fte in Middelburg - Domburg - Veere\",\"potentialAction\":[{\"@type\":\"SearchAction\",\"target\":{\"@type\":\"EntryPoint\",\"urlTemplate\":\"https:\\\/\\\/depagterinterieurs.nl\\\/de\\\/?s={search_term_string}\"},\"query-input\":{\"@type\":\"PropertyValueSpecification\",\"valueRequired\":true,\"valueName\":\"search_term_string\"}}],\"inLanguage\":\"de-DE\"}]}<\/script>\n<!-- \/ Yoast SEO plugin. -->","yoast_head_json":{"title":"Teppich Gentle - De Pagter Interieurs","description":"Teppich Gentle, der Marke Karpi ist der weichste und flauschigste Teppich in der Kollektion! Dieser weiche, hochflorige Teppich hat einen hohen Kuschelanteil und macht Lust, den ganzen Tag auf diesem Teppich zu sitzen, so weich!","robots":{"index":"index","follow":"follow","max-snippet":"max-snippet:-1","max-image-preview":"max-image-preview:large","max-video-preview":"max-video-preview:-1"},"canonical":"https:\/\/depagterinterieurs.nl\/de\/collectie\/marke\/karpi-de\/teppich-gentle\/","og_locale":"de_DE","og_type":"article","og_title":"Teppich Gentle - De Pagter Interieurs","og_description":"Teppich Gentle, der Marke Karpi ist der weichste und flauschigste Teppich in der Kollektion! Dieser weiche, hochflorige Teppich hat einen hohen Kuschelanteil und macht Lust, den ganzen Tag auf diesem Teppich zu sitzen, so weich!","og_url":"https:\/\/depagterinterieurs.nl\/de\/collectie\/marke\/karpi-de\/teppich-gentle\/","og_site_name":"De Pagter Interieurs","article_publisher":"https:\/\/www.facebook.com\/depagterinterieurs\/","article_modified_time":"2024-04-11T11:01:41+00:00","og_image":[{"width":1799,"height":1206,"url":"https:\/\/depagterinterieurs.nl\/wp-content\/uploads\/2024\/03\/Gentle_18_hoek_1800x1206-e1711630603689.webp","type":"image\/webp"}],"twitter_card":"summary_large_image","schema":{"@context":"https:\/\/schema.org","@graph":[{"@type":"WebPage","@id":"https:\/\/depagterinterieurs.nl\/de\/collectie\/marke\/karpi-de\/teppich-gentle\/","url":"https:\/\/depagterinterieurs.nl\/de\/collectie\/marke\/karpi-de\/teppich-gentle\/","name":"Teppich Gentle - De Pagter Interieurs","isPartOf":{"@id":"https:\/\/depagterinterieurs.nl\/de\/#website"},"primaryImageOfPage":{"@id":"https:\/\/depagterinterieurs.nl\/de\/collectie\/marke\/karpi-de\/teppich-gentle\/#primaryimage"},"image":{"@id":"https:\/\/depagterinterieurs.nl\/de\/collectie\/marke\/karpi-de\/teppich-gentle\/#primaryimage"},"thumbnailUrl":"https:\/\/depagterinterieurs.nl\/wp-content\/uploads\/2024\/03\/Gentle_18_hoek_1800x1206-e1711630603689.webp","datePublished":"2024-04-02T09:39:11+00:00","dateModified":"2024-04-11T11:01:41+00:00","description":"Teppich Gentle, der Marke Karpi ist der weichste und flauschigste Teppich in der Kollektion! Dieser weiche, hochflorige Teppich hat einen hohen Kuschelanteil und macht Lust, den ganzen Tag auf diesem Teppich zu sitzen, so weich!","breadcrumb":{"@id":"https:\/\/depagterinterieurs.nl\/de\/collectie\/marke\/karpi-de\/teppich-gentle\/#breadcrumb"},"inLanguage":"de-DE","potentialAction":[{"@type":"ReadAction","target":["https:\/\/depagterinterieurs.nl\/de\/collectie\/marke\/karpi-de\/teppich-gentle\/"]}]},{"@type":"ImageObject","inLanguage":"de-DE","@id":"https:\/\/depagterinterieurs.nl\/de\/collectie\/marke\/karpi-de\/teppich-gentle\/#primaryimage","url":"https:\/\/depagterinterieurs.nl\/wp-content\/uploads\/2024\/03\/Gentle_18_hoek_1800x1206-e1711630603689.webp","contentUrl":"https:\/\/depagterinterieurs.nl\/wp-content\/uploads\/2024\/03\/Gentle_18_hoek_1800x1206-e1711630603689.webp","width":1799,"height":1206},{"@type":"BreadcrumbList","@id":"https:\/\/depagterinterieurs.nl\/de\/collectie\/marke\/karpi-de\/teppich-gentle\/#breadcrumb","itemListElement":[{"@type":"ListItem","position":1,"name":"Home","item":"https:\/\/depagterinterieurs.nl\/de\/homepagina-de\/"},{"@type":"ListItem","position":2,"name":"Kollektion","item":"https:\/\/depagterinterieurs.nl\/de\/kollektion\/"},{"@type":"ListItem","position":3,"name":"Teppich Gentle"}]},{"@type":"WebSite","@id":"https:\/\/depagterinterieurs.nl\/de\/#website","url":"https:\/\/depagterinterieurs.nl\/de\/","name":"De Pagter Interieurs","description":"M\u00f6belgesch\u00e4fte in Middelburg - Domburg - Veere","potentialAction":[{"@type":"SearchAction","target":{"@type":"EntryPoint","urlTemplate":"https:\/\/depagterinterieurs.nl\/de\/?s={search_term_string}"},"query-input":{"@type":"PropertyValueSpecification","valueRequired":true,"valueName":"search_term_string"}}],"inLanguage":"de-DE"}]}},"_links":{"self":[{"href":"https:\/\/depagterinterieurs.nl\/de\/wp-json\/wp\/v2\/product\/98476","targetHints":{"allow":["GET"]}}],"collection":[{"href":"https:\/\/depagterinterieurs.nl\/de\/wp-json\/wp\/v2\/product"}],"about":[{"href":"https:\/\/depagterinterieurs.nl\/de\/wp-json\/wp\/v2\/types\/product"}],"wp:featuredmedia":[{"embeddable":true,"href":"https:\/\/depagterinterieurs.nl\/de\/wp-json\/wp\/v2\/media\/98123"}],"wp:attachment":[{"href":"https:\/\/depagterinterieurs.nl\/de\/wp-json\/wp\/v2\/media?parent=98476"}],"wp:term":[{"taxonomy":"product_brand","embeddable":true,"href":"https:\/\/depagterinterieurs.nl\/de\/wp-json\/wp\/v2\/product_brand?post=98476"},{"taxonomy":"product_cat","embeddable":true,"href":"https:\/\/depagterinterieurs.nl\/de\/wp-json\/wp\/v2\/product_cat?post=98476"},{"taxonomy":"product_tag","embeddable":true,"href":"https:\/\/depagterinterieurs.nl\/de\/wp-json\/wp\/v2\/product_tag?post=98476"}],"curies":[{"name":"wp","href":"https:\/\/api.w.org\/{rel}","templated":true}]}}