{"id":98545,"date":"2024-03-28T16:33:00","date_gmt":"2024-04-02T10:00:51","guid":{"rendered":"https:\/\/depagterinterieurs.nl\/collectie\/unkategorisiert\/teppich-royce\/"},"modified":"2024-04-02T11:00:51","modified_gmt":"2024-04-02T10:00:51","slug":"teppich-royce","status":"publish","type":"product","link":"https:\/\/depagterinterieurs.nl\/de\/collectie\/marke\/karpi-de\/teppich-royce\/","title":{"rendered":"Teppich Royce"},"content":{"rendered":"","protected":false},"excerpt":{"rendered":"<p>Der Royce-Teppich der Marke Karpi verbindet Eleganz mit Nachhaltigkeit und verleiht Ihrem Interieur einen Hauch nat\u00fcrlicher Sch\u00f6nheit.<\/p>\n<p>Dieser Teppich ist <strong>nicht<\/strong> als Ma\u00dfanfertigung erh\u00e4ltlich.<\/p>\n","protected":false},"featured_media":98270,"template":"","meta":[],"product_brand":[],"product_cat":[545,399,225],"product_tag":[],"class_list":{"0":"post-98545","1":"product","2":"type-product","3":"status-publish","4":"has-post-thumbnail","6":"product_cat-karpi-de","7":"product_cat-marke","8":"product_cat-teppiche","10":"first","11":"instock","12":"shipping-taxable","13":"purchasable","14":"product-type-variable"},"yoast_head":"<!-- This site is optimized with the Yoast SEO plugin v27.3 - https:\/\/yoast.com\/product\/yoast-seo-wordpress\/ -->\n<title>Teppich Royce - De Pagter Interieurs<\/title>\n<meta name=\"description\" content=\"Der Royce-Teppich der Marke Karpi verbindet Eleganz mit Nachhaltigkeit und verleiht Ihrem Interieur einen Hauch nat\u00fcrlicher Sch\u00f6nheit. Dieser Teppich ist nicht als Ma\u00dfanfertigung erh\u00e4ltlich.\" \/>\n<meta name=\"robots\" content=\"index, follow, max-snippet:-1, max-image-preview:large, max-video-preview:-1\" \/>\n<link rel=\"canonical\" href=\"https:\/\/depagterinterieurs.nl\/de\/collectie\/marke\/karpi-de\/teppich-royce\/\" \/>\n<meta property=\"og:locale\" content=\"de_DE\" \/>\n<meta property=\"og:type\" content=\"article\" \/>\n<meta property=\"og:title\" content=\"Teppich Royce - De Pagter Interieurs\" \/>\n<meta property=\"og:description\" content=\"Der Royce-Teppich der Marke Karpi verbindet Eleganz mit Nachhaltigkeit und verleiht Ihrem Interieur einen Hauch nat\u00fcrlicher Sch\u00f6nheit. Dieser Teppich ist nicht als Ma\u00dfanfertigung erh\u00e4ltlich.\" \/>\n<meta property=\"og:url\" content=\"https:\/\/depagterinterieurs.nl\/de\/collectie\/marke\/karpi-de\/teppich-royce\/\" \/>\n<meta property=\"og:site_name\" content=\"De Pagter Interieurs\" \/>\n<meta property=\"article:publisher\" content=\"https:\/\/www.facebook.com\/depagterinterieurs\/\" \/>\n<meta property=\"og:image\" content=\"https:\/\/depagterinterieurs.nl\/wp-content\/uploads\/2024\/03\/Royce23-2_1800x1182.jpg\" \/>\n\t<meta property=\"og:image:width\" content=\"1645\" \/>\n\t<meta property=\"og:image:height\" content=\"1080\" \/>\n\t<meta property=\"og:image:type\" content=\"image\/jpeg\" \/>\n<meta name=\"twitter:card\" content=\"summary_large_image\" \/>\n<script type=\"application\/ld+json\" class=\"yoast-schema-graph\">{\"@context\":\"https:\\\/\\\/schema.org\",\"@graph\":[{\"@type\":\"WebPage\",\"@id\":\"https:\\\/\\\/depagterinterieurs.nl\\\/de\\\/collectie\\\/marke\\\/karpi-de\\\/teppich-royce\\\/\",\"url\":\"https:\\\/\\\/depagterinterieurs.nl\\\/de\\\/collectie\\\/marke\\\/karpi-de\\\/teppich-royce\\\/\",\"name\":\"Teppich Royce - De Pagter Interieurs\",\"isPartOf\":{\"@id\":\"https:\\\/\\\/depagterinterieurs.nl\\\/de\\\/#website\"},\"primaryImageOfPage\":{\"@id\":\"https:\\\/\\\/depagterinterieurs.nl\\\/de\\\/collectie\\\/marke\\\/karpi-de\\\/teppich-royce\\\/#primaryimage\"},\"image\":{\"@id\":\"https:\\\/\\\/depagterinterieurs.nl\\\/de\\\/collectie\\\/marke\\\/karpi-de\\\/teppich-royce\\\/#primaryimage\"},\"thumbnailUrl\":\"https:\\\/\\\/depagterinterieurs.nl\\\/wp-content\\\/uploads\\\/2024\\\/03\\\/Royce23-2_1800x1182.jpg\",\"datePublished\":\"2024-04-02T10:00:51+00:00\",\"description\":\"Der Royce-Teppich der Marke Karpi verbindet Eleganz mit Nachhaltigkeit und verleiht Ihrem Interieur einen Hauch nat\u00fcrlicher Sch\u00f6nheit. Dieser Teppich ist nicht als Ma\u00dfanfertigung erh\u00e4ltlich.\",\"breadcrumb\":{\"@id\":\"https:\\\/\\\/depagterinterieurs.nl\\\/de\\\/collectie\\\/marke\\\/karpi-de\\\/teppich-royce\\\/#breadcrumb\"},\"inLanguage\":\"de-DE\",\"potentialAction\":[{\"@type\":\"ReadAction\",\"target\":[\"https:\\\/\\\/depagterinterieurs.nl\\\/de\\\/collectie\\\/marke\\\/karpi-de\\\/teppich-royce\\\/\"]}]},{\"@type\":\"ImageObject\",\"inLanguage\":\"de-DE\",\"@id\":\"https:\\\/\\\/depagterinterieurs.nl\\\/de\\\/collectie\\\/marke\\\/karpi-de\\\/teppich-royce\\\/#primaryimage\",\"url\":\"https:\\\/\\\/depagterinterieurs.nl\\\/wp-content\\\/uploads\\\/2024\\\/03\\\/Royce23-2_1800x1182.jpg\",\"contentUrl\":\"https:\\\/\\\/depagterinterieurs.nl\\\/wp-content\\\/uploads\\\/2024\\\/03\\\/Royce23-2_1800x1182.jpg\",\"width\":1645,\"height\":1080},{\"@type\":\"BreadcrumbList\",\"@id\":\"https:\\\/\\\/depagterinterieurs.nl\\\/de\\\/collectie\\\/marke\\\/karpi-de\\\/teppich-royce\\\/#breadcrumb\",\"itemListElement\":[{\"@type\":\"ListItem\",\"position\":1,\"name\":\"Home\",\"item\":\"https:\\\/\\\/depagterinterieurs.nl\\\/de\\\/homepagina-de\\\/\"},{\"@type\":\"ListItem\",\"position\":2,\"name\":\"Kollektion\",\"item\":\"https:\\\/\\\/depagterinterieurs.nl\\\/de\\\/kollektion\\\/\"},{\"@type\":\"ListItem\",\"position\":3,\"name\":\"Teppich Royce\"}]},{\"@type\":\"WebSite\",\"@id\":\"https:\\\/\\\/depagterinterieurs.nl\\\/de\\\/#website\",\"url\":\"https:\\\/\\\/depagterinterieurs.nl\\\/de\\\/\",\"name\":\"De Pagter Interieurs\",\"description\":\"M\u00f6belgesch\u00e4fte in Middelburg - Domburg - Veere\",\"potentialAction\":[{\"@type\":\"SearchAction\",\"target\":{\"@type\":\"EntryPoint\",\"urlTemplate\":\"https:\\\/\\\/depagterinterieurs.nl\\\/de\\\/?s={search_term_string}\"},\"query-input\":{\"@type\":\"PropertyValueSpecification\",\"valueRequired\":true,\"valueName\":\"search_term_string\"}}],\"inLanguage\":\"de-DE\"}]}<\/script>\n<!-- \/ Yoast SEO plugin. -->","yoast_head_json":{"title":"Teppich Royce - De Pagter Interieurs","description":"Der Royce-Teppich der Marke Karpi verbindet Eleganz mit Nachhaltigkeit und verleiht Ihrem Interieur einen Hauch nat\u00fcrlicher Sch\u00f6nheit. Dieser Teppich ist nicht als Ma\u00dfanfertigung erh\u00e4ltlich.","robots":{"index":"index","follow":"follow","max-snippet":"max-snippet:-1","max-image-preview":"max-image-preview:large","max-video-preview":"max-video-preview:-1"},"canonical":"https:\/\/depagterinterieurs.nl\/de\/collectie\/marke\/karpi-de\/teppich-royce\/","og_locale":"de_DE","og_type":"article","og_title":"Teppich Royce - De Pagter Interieurs","og_description":"Der Royce-Teppich der Marke Karpi verbindet Eleganz mit Nachhaltigkeit und verleiht Ihrem Interieur einen Hauch nat\u00fcrlicher Sch\u00f6nheit. Dieser Teppich ist nicht als Ma\u00dfanfertigung erh\u00e4ltlich.","og_url":"https:\/\/depagterinterieurs.nl\/de\/collectie\/marke\/karpi-de\/teppich-royce\/","og_site_name":"De Pagter Interieurs","article_publisher":"https:\/\/www.facebook.com\/depagterinterieurs\/","og_image":[{"width":1645,"height":1080,"url":"https:\/\/depagterinterieurs.nl\/wp-content\/uploads\/2024\/03\/Royce23-2_1800x1182.jpg","type":"image\/jpeg"}],"twitter_card":"summary_large_image","schema":{"@context":"https:\/\/schema.org","@graph":[{"@type":"WebPage","@id":"https:\/\/depagterinterieurs.nl\/de\/collectie\/marke\/karpi-de\/teppich-royce\/","url":"https:\/\/depagterinterieurs.nl\/de\/collectie\/marke\/karpi-de\/teppich-royce\/","name":"Teppich Royce - De Pagter Interieurs","isPartOf":{"@id":"https:\/\/depagterinterieurs.nl\/de\/#website"},"primaryImageOfPage":{"@id":"https:\/\/depagterinterieurs.nl\/de\/collectie\/marke\/karpi-de\/teppich-royce\/#primaryimage"},"image":{"@id":"https:\/\/depagterinterieurs.nl\/de\/collectie\/marke\/karpi-de\/teppich-royce\/#primaryimage"},"thumbnailUrl":"https:\/\/depagterinterieurs.nl\/wp-content\/uploads\/2024\/03\/Royce23-2_1800x1182.jpg","datePublished":"2024-04-02T10:00:51+00:00","description":"Der Royce-Teppich der Marke Karpi verbindet Eleganz mit Nachhaltigkeit und verleiht Ihrem Interieur einen Hauch nat\u00fcrlicher Sch\u00f6nheit. Dieser Teppich ist nicht als Ma\u00dfanfertigung erh\u00e4ltlich.","breadcrumb":{"@id":"https:\/\/depagterinterieurs.nl\/de\/collectie\/marke\/karpi-de\/teppich-royce\/#breadcrumb"},"inLanguage":"de-DE","potentialAction":[{"@type":"ReadAction","target":["https:\/\/depagterinterieurs.nl\/de\/collectie\/marke\/karpi-de\/teppich-royce\/"]}]},{"@type":"ImageObject","inLanguage":"de-DE","@id":"https:\/\/depagterinterieurs.nl\/de\/collectie\/marke\/karpi-de\/teppich-royce\/#primaryimage","url":"https:\/\/depagterinterieurs.nl\/wp-content\/uploads\/2024\/03\/Royce23-2_1800x1182.jpg","contentUrl":"https:\/\/depagterinterieurs.nl\/wp-content\/uploads\/2024\/03\/Royce23-2_1800x1182.jpg","width":1645,"height":1080},{"@type":"BreadcrumbList","@id":"https:\/\/depagterinterieurs.nl\/de\/collectie\/marke\/karpi-de\/teppich-royce\/#breadcrumb","itemListElement":[{"@type":"ListItem","position":1,"name":"Home","item":"https:\/\/depagterinterieurs.nl\/de\/homepagina-de\/"},{"@type":"ListItem","position":2,"name":"Kollektion","item":"https:\/\/depagterinterieurs.nl\/de\/kollektion\/"},{"@type":"ListItem","position":3,"name":"Teppich Royce"}]},{"@type":"WebSite","@id":"https:\/\/depagterinterieurs.nl\/de\/#website","url":"https:\/\/depagterinterieurs.nl\/de\/","name":"De Pagter Interieurs","description":"M\u00f6belgesch\u00e4fte in Middelburg - Domburg - Veere","potentialAction":[{"@type":"SearchAction","target":{"@type":"EntryPoint","urlTemplate":"https:\/\/depagterinterieurs.nl\/de\/?s={search_term_string}"},"query-input":{"@type":"PropertyValueSpecification","valueRequired":true,"valueName":"search_term_string"}}],"inLanguage":"de-DE"}]}},"_links":{"self":[{"href":"https:\/\/depagterinterieurs.nl\/de\/wp-json\/wp\/v2\/product\/98545","targetHints":{"allow":["GET"]}}],"collection":[{"href":"https:\/\/depagterinterieurs.nl\/de\/wp-json\/wp\/v2\/product"}],"about":[{"href":"https:\/\/depagterinterieurs.nl\/de\/wp-json\/wp\/v2\/types\/product"}],"wp:featuredmedia":[{"embeddable":true,"href":"https:\/\/depagterinterieurs.nl\/de\/wp-json\/wp\/v2\/media\/98270"}],"wp:attachment":[{"href":"https:\/\/depagterinterieurs.nl\/de\/wp-json\/wp\/v2\/media?parent=98545"}],"wp:term":[{"taxonomy":"product_brand","embeddable":true,"href":"https:\/\/depagterinterieurs.nl\/de\/wp-json\/wp\/v2\/product_brand?post=98545"},{"taxonomy":"product_cat","embeddable":true,"href":"https:\/\/depagterinterieurs.nl\/de\/wp-json\/wp\/v2\/product_cat?post=98545"},{"taxonomy":"product_tag","embeddable":true,"href":"https:\/\/depagterinterieurs.nl\/de\/wp-json\/wp\/v2\/product_tag?post=98545"}],"curies":[{"name":"wp","href":"https:\/\/api.w.org\/{rel}","templated":true}]}}