{"id":153266,"date":"2025-05-05T19:30:11","date_gmt":"2025-05-05T18:52:17","guid":{"rendered":"https:\/\/depagterinterieurs.nl\/collectie\/uncategorized\/vitrine-savannah-teak\/"},"modified":"2025-05-05T19:52:17","modified_gmt":"2025-05-05T18:52:17","slug":"vitrine-savannah-teak","status":"publish","type":"product","link":"https:\/\/depagterinterieurs.nl\/en\/collectie\/cabinets-sideboards\/display-cabinet\/vitrine-savannah-teak\/","title":{"rendered":"Vitrine Savannah Teak"},"content":{"rendered":"","protected":false},"excerpt":{"rendered":"<p>Vitrine &#8216;Savannah&#8217; aus Teakholz. Auch in anderen Gr\u00f6\u00dfen erh\u00e4ltlich, fragen Sie uns nach den M\u00f6glichkeiten.<\/p>\n","protected":false},"featured_media":100944,"template":"","meta":[],"product_brand":[],"product_cat":[68,358],"product_tag":[],"class_list":{"0":"post-153266","1":"product","2":"type-product","3":"status-publish","4":"has-post-thumbnail","6":"product_cat-cabinets-sideboards","7":"product_cat-display-cabinet","9":"first","10":"instock","11":"shipping-taxable","12":"purchasable","13":"product-type-simple"},"yoast_head":"<!-- This site is optimized with the Yoast SEO plugin v27.3 - https:\/\/yoast.com\/product\/yoast-seo-wordpress\/ -->\n<title>Vitrine Savannah Teak - De Pagter Interieurs<\/title>\n<meta name=\"robots\" content=\"index, follow, max-snippet:-1, max-image-preview:large, max-video-preview:-1\" \/>\n<link rel=\"canonical\" href=\"https:\/\/depagterinterieurs.nl\/en\/collectie\/cabinets-sideboards\/display-cabinet\/vitrine-savannah-teak\/\" \/>\n<meta property=\"og:locale\" content=\"en_US\" \/>\n<meta property=\"og:type\" content=\"article\" \/>\n<meta property=\"og:title\" content=\"Vitrine Savannah Teak - De Pagter Interieurs\" \/>\n<meta property=\"og:description\" content=\"Vitrine &#039;Savannah&#039; aus Teakholz. Auch in anderen Gr\u00f6\u00dfen erh\u00e4ltlich, fragen Sie uns nach den M\u00f6glichkeiten.\" \/>\n<meta property=\"og:url\" content=\"https:\/\/depagterinterieurs.nl\/en\/collectie\/cabinets-sideboards\/display-cabinet\/vitrine-savannah-teak\/\" \/>\n<meta property=\"og:site_name\" content=\"De Pagter Interieurs\" \/>\n<meta property=\"article:publisher\" content=\"https:\/\/www.facebook.com\/depagterinterieurs\/\" \/>\n<meta property=\"og:image\" content=\"https:\/\/depagterinterieurs.nl\/wp-content\/uploads\/2024\/04\/IMG_4932.jpeg\" \/>\n\t<meta property=\"og:image:width\" content=\"1024\" \/>\n\t<meta property=\"og:image:height\" content=\"768\" \/>\n\t<meta property=\"og:image:type\" content=\"image\/jpeg\" \/>\n<meta name=\"twitter:card\" content=\"summary_large_image\" \/>\n<script type=\"application\/ld+json\" class=\"yoast-schema-graph\">{\"@context\":\"https:\\\/\\\/schema.org\",\"@graph\":[{\"@type\":\"WebPage\",\"@id\":\"https:\\\/\\\/depagterinterieurs.nl\\\/en\\\/collectie\\\/cabinets-sideboards\\\/display-cabinet\\\/vitrine-savannah-teak\\\/\",\"url\":\"https:\\\/\\\/depagterinterieurs.nl\\\/en\\\/collectie\\\/cabinets-sideboards\\\/display-cabinet\\\/vitrine-savannah-teak\\\/\",\"name\":\"Vitrine Savannah Teak - De Pagter Interieurs\",\"isPartOf\":{\"@id\":\"https:\\\/\\\/depagterinterieurs.nl\\\/en\\\/#website\"},\"primaryImageOfPage\":{\"@id\":\"https:\\\/\\\/depagterinterieurs.nl\\\/en\\\/collectie\\\/cabinets-sideboards\\\/display-cabinet\\\/vitrine-savannah-teak\\\/#primaryimage\"},\"image\":{\"@id\":\"https:\\\/\\\/depagterinterieurs.nl\\\/en\\\/collectie\\\/cabinets-sideboards\\\/display-cabinet\\\/vitrine-savannah-teak\\\/#primaryimage\"},\"thumbnailUrl\":\"https:\\\/\\\/depagterinterieurs.nl\\\/wp-content\\\/uploads\\\/2024\\\/04\\\/IMG_4932.jpeg\",\"datePublished\":\"2025-05-05T18:52:17+00:00\",\"breadcrumb\":{\"@id\":\"https:\\\/\\\/depagterinterieurs.nl\\\/en\\\/collectie\\\/cabinets-sideboards\\\/display-cabinet\\\/vitrine-savannah-teak\\\/#breadcrumb\"},\"inLanguage\":\"en-US\",\"potentialAction\":[{\"@type\":\"ReadAction\",\"target\":[\"https:\\\/\\\/depagterinterieurs.nl\\\/en\\\/collectie\\\/cabinets-sideboards\\\/display-cabinet\\\/vitrine-savannah-teak\\\/\"]}]},{\"@type\":\"ImageObject\",\"inLanguage\":\"en-US\",\"@id\":\"https:\\\/\\\/depagterinterieurs.nl\\\/en\\\/collectie\\\/cabinets-sideboards\\\/display-cabinet\\\/vitrine-savannah-teak\\\/#primaryimage\",\"url\":\"https:\\\/\\\/depagterinterieurs.nl\\\/wp-content\\\/uploads\\\/2024\\\/04\\\/IMG_4932.jpeg\",\"contentUrl\":\"https:\\\/\\\/depagterinterieurs.nl\\\/wp-content\\\/uploads\\\/2024\\\/04\\\/IMG_4932.jpeg\",\"width\":1024,\"height\":768},{\"@type\":\"BreadcrumbList\",\"@id\":\"https:\\\/\\\/depagterinterieurs.nl\\\/en\\\/collectie\\\/cabinets-sideboards\\\/display-cabinet\\\/vitrine-savannah-teak\\\/#breadcrumb\",\"itemListElement\":[{\"@type\":\"ListItem\",\"position\":1,\"name\":\"Home\",\"item\":\"https:\\\/\\\/depagterinterieurs.nl\\\/en\\\/homepagina-en\\\/\"},{\"@type\":\"ListItem\",\"position\":2,\"name\":\"Collection\",\"item\":\"https:\\\/\\\/depagterinterieurs.nl\\\/en\\\/collection\\\/\"},{\"@type\":\"ListItem\",\"position\":3,\"name\":\"Vitrine Savannah Teak\"}]},{\"@type\":\"WebSite\",\"@id\":\"https:\\\/\\\/depagterinterieurs.nl\\\/en\\\/#website\",\"url\":\"https:\\\/\\\/depagterinterieurs.nl\\\/en\\\/\",\"name\":\"De Pagter Interieurs\",\"description\":\"Furniture stores in Middelburg - Domburg - Veere\",\"potentialAction\":[{\"@type\":\"SearchAction\",\"target\":{\"@type\":\"EntryPoint\",\"urlTemplate\":\"https:\\\/\\\/depagterinterieurs.nl\\\/en\\\/?s={search_term_string}\"},\"query-input\":{\"@type\":\"PropertyValueSpecification\",\"valueRequired\":true,\"valueName\":\"search_term_string\"}}],\"inLanguage\":\"en-US\"}]}<\/script>\n<!-- \/ Yoast SEO plugin. -->","yoast_head_json":{"title":"Vitrine Savannah Teak - De Pagter Interieurs","robots":{"index":"index","follow":"follow","max-snippet":"max-snippet:-1","max-image-preview":"max-image-preview:large","max-video-preview":"max-video-preview:-1"},"canonical":"https:\/\/depagterinterieurs.nl\/en\/collectie\/cabinets-sideboards\/display-cabinet\/vitrine-savannah-teak\/","og_locale":"en_US","og_type":"article","og_title":"Vitrine Savannah Teak - De Pagter Interieurs","og_description":"Vitrine 'Savannah' aus Teakholz. Auch in anderen Gr\u00f6\u00dfen erh\u00e4ltlich, fragen Sie uns nach den M\u00f6glichkeiten.","og_url":"https:\/\/depagterinterieurs.nl\/en\/collectie\/cabinets-sideboards\/display-cabinet\/vitrine-savannah-teak\/","og_site_name":"De Pagter Interieurs","article_publisher":"https:\/\/www.facebook.com\/depagterinterieurs\/","og_image":[{"width":1024,"height":768,"url":"https:\/\/depagterinterieurs.nl\/wp-content\/uploads\/2024\/04\/IMG_4932.jpeg","type":"image\/jpeg"}],"twitter_card":"summary_large_image","schema":{"@context":"https:\/\/schema.org","@graph":[{"@type":"WebPage","@id":"https:\/\/depagterinterieurs.nl\/en\/collectie\/cabinets-sideboards\/display-cabinet\/vitrine-savannah-teak\/","url":"https:\/\/depagterinterieurs.nl\/en\/collectie\/cabinets-sideboards\/display-cabinet\/vitrine-savannah-teak\/","name":"Vitrine Savannah Teak - De Pagter Interieurs","isPartOf":{"@id":"https:\/\/depagterinterieurs.nl\/en\/#website"},"primaryImageOfPage":{"@id":"https:\/\/depagterinterieurs.nl\/en\/collectie\/cabinets-sideboards\/display-cabinet\/vitrine-savannah-teak\/#primaryimage"},"image":{"@id":"https:\/\/depagterinterieurs.nl\/en\/collectie\/cabinets-sideboards\/display-cabinet\/vitrine-savannah-teak\/#primaryimage"},"thumbnailUrl":"https:\/\/depagterinterieurs.nl\/wp-content\/uploads\/2024\/04\/IMG_4932.jpeg","datePublished":"2025-05-05T18:52:17+00:00","breadcrumb":{"@id":"https:\/\/depagterinterieurs.nl\/en\/collectie\/cabinets-sideboards\/display-cabinet\/vitrine-savannah-teak\/#breadcrumb"},"inLanguage":"en-US","potentialAction":[{"@type":"ReadAction","target":["https:\/\/depagterinterieurs.nl\/en\/collectie\/cabinets-sideboards\/display-cabinet\/vitrine-savannah-teak\/"]}]},{"@type":"ImageObject","inLanguage":"en-US","@id":"https:\/\/depagterinterieurs.nl\/en\/collectie\/cabinets-sideboards\/display-cabinet\/vitrine-savannah-teak\/#primaryimage","url":"https:\/\/depagterinterieurs.nl\/wp-content\/uploads\/2024\/04\/IMG_4932.jpeg","contentUrl":"https:\/\/depagterinterieurs.nl\/wp-content\/uploads\/2024\/04\/IMG_4932.jpeg","width":1024,"height":768},{"@type":"BreadcrumbList","@id":"https:\/\/depagterinterieurs.nl\/en\/collectie\/cabinets-sideboards\/display-cabinet\/vitrine-savannah-teak\/#breadcrumb","itemListElement":[{"@type":"ListItem","position":1,"name":"Home","item":"https:\/\/depagterinterieurs.nl\/en\/homepagina-en\/"},{"@type":"ListItem","position":2,"name":"Collection","item":"https:\/\/depagterinterieurs.nl\/en\/collection\/"},{"@type":"ListItem","position":3,"name":"Vitrine Savannah Teak"}]},{"@type":"WebSite","@id":"https:\/\/depagterinterieurs.nl\/en\/#website","url":"https:\/\/depagterinterieurs.nl\/en\/","name":"De Pagter Interieurs","description":"Furniture stores in Middelburg - Domburg - Veere","potentialAction":[{"@type":"SearchAction","target":{"@type":"EntryPoint","urlTemplate":"https:\/\/depagterinterieurs.nl\/en\/?s={search_term_string}"},"query-input":{"@type":"PropertyValueSpecification","valueRequired":true,"valueName":"search_term_string"}}],"inLanguage":"en-US"}]}},"_links":{"self":[{"href":"https:\/\/depagterinterieurs.nl\/en\/wp-json\/wp\/v2\/product\/153266","targetHints":{"allow":["GET"]}}],"collection":[{"href":"https:\/\/depagterinterieurs.nl\/en\/wp-json\/wp\/v2\/product"}],"about":[{"href":"https:\/\/depagterinterieurs.nl\/en\/wp-json\/wp\/v2\/types\/product"}],"wp:featuredmedia":[{"embeddable":true,"href":"https:\/\/depagterinterieurs.nl\/en\/wp-json\/wp\/v2\/media\/100944"}],"wp:attachment":[{"href":"https:\/\/depagterinterieurs.nl\/en\/wp-json\/wp\/v2\/media?parent=153266"}],"wp:term":[{"taxonomy":"product_brand","embeddable":true,"href":"https:\/\/depagterinterieurs.nl\/en\/wp-json\/wp\/v2\/product_brand?post=153266"},{"taxonomy":"product_cat","embeddable":true,"href":"https:\/\/depagterinterieurs.nl\/en\/wp-json\/wp\/v2\/product_cat?post=153266"},{"taxonomy":"product_tag","embeddable":true,"href":"https:\/\/depagterinterieurs.nl\/en\/wp-json\/wp\/v2\/product_tag?post=153266"}],"curies":[{"name":"wp","href":"https:\/\/api.w.org\/{rel}","templated":true}]}}