{"id":105737,"date":"2024-05-14T10:29:47","date_gmt":"2024-05-14T09:29:47","guid":{"rendered":"https:\/\/depagterinterieurs.nl\/termes-et-conditions\/"},"modified":"2024-05-14T10:29:47","modified_gmt":"2024-05-14T09:29:47","slug":"termes-et-conditions","status":"publish","type":"page","link":"https:\/\/depagterinterieurs.nl\/fr\/termes-et-conditions\/","title":{"rendered":"Termes et conditions"},"content":{"rendered":"<p><b>Conditions g\u00e9n\u00e9rales de vente et de livraison<\/b><\/p>\n<p>De Pagter Interieurs b.v.<\/p>\n<p><b>Termes et conditions<br \/><\/b>Les pr\u00e9sentes conditions g\u00e9n\u00e9rales de vente et de livraison s\u2019appliquent \u00e0 toutes nos offres et \u00e0 tous les accords conclus avec des tiers.<\/p>\n<p>En se r\u00e9f\u00e9rant aux pr\u00e9sentes conditions g\u00e9n\u00e9rales sur les offres, les confirmations de commande, les factures, etc., ainsi qu\u2019en passant simplement une commande (verbalement, par t\u00e9l\u00e9phone, par fax ou par e-mail) et\/ou en prenant livraison des marchandises livr\u00e9es, l\u2019acheteur est r\u00e9put\u00e9 avoir tacitement accept\u00e9 ces conditions g\u00e9n\u00e9rales.<\/p>\n<p><b>Offre<br \/><\/b>Nos offres sont sans engagement. Les promotions de r\u00e9duction ne sont pas cumulables avec d\u2019autres promotions et ne s\u2019appliquent pas aux achats d\u00e9j\u00e0 effectu\u00e9s.<\/p>\n<p><b>Prix<\/b><\/p>\n<ol>\n<li>Sauf indication contraire, les prix incluent la taxe de vente et excluent les frais d\u2019exp\u00e9dition et de transport, \u00e0 condition que vous soyez connect\u00e9 \u00e0 notre site Web, les prix sont indiqu\u00e9s hors taxe de vente, frais d\u2019exp\u00e9dition et de transport.<\/li>\n<li>Les prix convenus sont bas\u00e9s sur les facteurs de co\u00fbt tels qu\u2019ils s\u2019appliquent au moment de la conclusion du contrat. Nous nous r\u00e9servons le droit de facturer \u00e0 l\u2019acheteur une augmentation de prix proportionnelle, en cas d\u2019augmentation de prix par nos fournisseurs et d\u2019autres changements dans les d\u00e9terminants des prix.<\/li>\n<\/ol>\n<p><b>Livraison<br \/><\/b><\/p>\n<ol>\n<li>L\u2019exp\u00e9dition a toujours lieu, m\u00eame gratuitement, aux risques et p\u00e9rils de l\u2019acheteur.<\/li>\n<li>Le choix de l\u2019exp\u00e9dition et de l\u2019emballage nous appartient.<\/li>\n<\/ol>\n<p><b>Livraison<\/b><\/p>\n<ol>\n<li>Sauf convention contraire, la livraison s\u2019effectue contre remboursement \u00e0 l\u2019adresse indiqu\u00e9e par l\u2019acheteur.<\/li>\n<li>Les d\u00e9lais de livraison indiqu\u00e9s doivent \u00eatre consid\u00e9r\u00e9s comme des d\u00e9lais cibles.<\/li>\n<li>Si la livraison de la marchandise n\u2019a pas lieu \u00e0 l\u2019heure indiqu\u00e9e, nous avons droit \u00e0 un d\u00e9lai de livraison ult\u00e9rieur de 30 jours. Ce d\u00e9lai court \u00e0 compter du jour de la r\u00e9ception d\u2019une lettre de mise en demeure recommand\u00e9e de l\u2019acheteur.<\/li>\n<li>Si aucune livraison n\u2019a lieu m\u00eame apr\u00e8s une mise en demeure, l\u2019acheteur n\u2019a le droit de r\u00e9silier le contrat que par \u00e9crit. Le d\u00e9faut de livraison ne peut jamais donner lieu \u00e0 une demande de dommages et int\u00e9r\u00eats \u00e0 notre encontre, m\u00eame apr\u00e8s une mise en demeure.<\/li>\n<\/ol>\n<p><strong>Force majeure<\/strong><\/p>\n<ol>\n<li>En cas de force majeure, l\u2019ex\u00e9cution du contrat est retard\u00e9e ou emp\u00each\u00e9e, nous sommes en droit de r\u00e9silier le contrat sans que cela ne donne droit \u00e0 une indemnisation de l\u2019acheteur.<\/li>\n<li>La force majeure comprend \u00e9galement la non-r\u00e9ception ou la r\u00e9ception tardive des marchandises n\u00e9cessaires \u00e0 l\u2019ex\u00e9cution de nos obligations de la part de nos fournisseurs, les gr\u00e8ves et les mesures gouvernementales d\u2019obstruction.<\/li>\n<\/ol>\n<p><strong>Responsabilit\u00e9 et publicit\u00e9<\/strong><\/p>\n<ol>\n<li>Les r\u00e9clamations concernant les livraisons doivent nous \u00eatre adress\u00e9es par \u00e9crit dans les 8 (huit) jours suivant la r\u00e9ception de la marchandise \u00e0 l\u2019acheteur. A d\u00e9faut, nous serons r\u00e9put\u00e9s avoir livr\u00e9 conform\u00e9ment \u00e0 nos obligations.<\/li>\n<li>Si la r\u00e9clamation a \u00e9t\u00e9 faite \u00e0 temps et que les marchandises livr\u00e9es ne sont pas conformes au contrat, nous pr\u00e9voirons, \u00e0 notre discr\u00e9tion et contre le retour des marchandises livr\u00e9es, soit une nouvelle livraison gratuite, soit cr\u00e9diter l\u2019acheteur pour les marchandises retourn\u00e9es. Nous ne sommes pas tenus de prendre d\u2019autres engagements, en particulier de ne pas payer de dommages et int\u00e9r\u00eats.<\/li>\n<li>Nous ne sommes jamais responsables des dommages caus\u00e9s par la temp\u00e9rature et\/ou l\u2019humidit\u00e9, les influences et les insectes.<\/li>\n<\/ol>\n<p><strong>Paiement<\/strong><\/p>\n<ol>\n<li>Sauf accord \u00e9crit contraire, le paiement ne doit \u00eatre effectu\u00e9 qu\u2019au comptant net \u00e0 la livraison de la marchandise, sans escompte.<\/li>\n<li>S\u2019il a \u00e9t\u00e9 convenu qu\u2019aucun paiement comptant ne sera effectu\u00e9, le paiement doit \u00eatre effectu\u00e9 net, sans escompte, dans les 14 (quatorze) jours suivant la date de la facture, sauf si un d\u00e9lai diff\u00e9rent a \u00e9t\u00e9 express\u00e9ment convenu par \u00e9crit, par virement sur l\u2019un des comptes bancaires ou postaux mentionn\u00e9s sur la facture.<\/li>\n<li>En cas de d\u00e9passement du d\u00e9lai de paiement, des int\u00e9r\u00eats l\u00e9gaux sont dus pour chaque mois ou partie de mois pay\u00e9 ult\u00e9rieurement. La publicit\u00e9 ne suspend pas l\u2019obligation de paiement.<\/li>\n<li>La compensation n\u2019est jamais possible.<\/li>\n<li>Tous les frais de recouvrement judiciaires et extrajudiciaires sont \u00e0 la charge de l\u2019acheteur. Les frais de recouvrement extrajudiciaires s\u2019\u00e9l\u00e8vent \u00e0 au moins 15 % du montant principal impay\u00e9 avec un minimum de 45,00 \u20ac (quarante-cinq euros) et sont dus et payables sans autre mise en demeure d\u00e8s que nous avons remis la cr\u00e9ance \u00e0 des tiers pour recouvrement.<\/li>\n<\/ol>\n<p><b>Certitude<\/b><\/p>\n<ol>\n<li>En cas de non-paiement d\u2019un montant d\u00fb, de cessation de paiement et si, apr\u00e8s la conclusion du contrat, il existe un doute raisonnable quant \u00e0 la bonne ex\u00e9cution des obligations de l\u2019acheteur, celui-ci est tenu de payer \u00e0 l\u2019avance ou de fournir une garantie \u00e0 premi\u00e8re demande. Le non-respect de ces obligations sera consid\u00e9r\u00e9 comme une violation du contrat et nous autorise \u00e0 r\u00e9silier le contrat en tout ou en partie sans autre mise en demeure et\/ou intervention judiciaire, nous pouvant r\u00e9clamer une indemnisation au moins \u00e9gale au montant que l\u2019acheteur nous devait en vertu du contrat.<\/li>\n<li>Toutes les marchandises livr\u00e9es et \u00e0 livrer restent notre propri\u00e9t\u00e9 exclusive jusqu\u2019\u00e0 ce que toutes les cr\u00e9ances que nous avons ou aurons \u00e0 l\u2019encontre de l\u2019acheteur, pour quelque raison que ce soit, aient \u00e9t\u00e9 pay\u00e9es int\u00e9gralement. Si l\u2019acheteur ne remplit pas une obligation contractuelle \u00e0 notre \u00e9gard, nous sommes en droit de reprendre la marchandise sans qu\u2019aucune mise en demeure ne soit n\u00e9cessaire, auquel cas le contrat est \u00e9galement r\u00e9sili\u00e9 sans intervention judiciaire, sans pr\u00e9judice de notre droit \u00e0 une indemnisation pour dommages.<\/li>\n<\/ol>\n<p><b>Disputes<\/b><\/p>\n<ol>\n<li>Tous nos accords sont r\u00e9gis par le droit n\u00e9erlandais.<\/li>\n<li>Tout litige sera port\u00e9 devant le tribunal comp\u00e9tent du lieu o\u00f9 nous sommes en droit de porter un litige devant ce juge, qui serait comp\u00e9tent pour conna\u00eetre de cette demande en l\u2019absence de la clause ci-dessus.<\/li>\n<\/ol>\n<p>D\u00e9pos\u00e9 aupr\u00e8s de la Chambre de commerce de Middelbourg, num\u00e9ro de d\u00e9p\u00f4t 22049481<\/p>\n","protected":false},"excerpt":{"rendered":"<p>Conditions g\u00e9n\u00e9rales de vente et de livraison De Pagter Interieurs b.v. Termes et conditionsLes pr\u00e9sentes conditions g\u00e9n\u00e9rales de vente et de livraison s\u2019appliquent \u00e0 toutes nos offres et \u00e0 tous les accords conclus avec des tiers. En se r\u00e9f\u00e9rant aux pr\u00e9sentes conditions g\u00e9n\u00e9rales sur les offres, les confirmations de commande, les factures, etc., ainsi qu\u2019en [&hellip;]<\/p>\n","protected":false},"author":1,"featured_media":0,"parent":0,"menu_order":0,"comment_status":"closed","ping_status":"closed","template":"","meta":{"footnotes":"","_wp_rev_ctl_limit":""},"class_list":["post-105737","page","type-page","status-publish","hentry"],"yoast_head":"<!-- This site is optimized with the Yoast SEO plugin v27.3 - https:\/\/yoast.com\/product\/yoast-seo-wordpress\/ -->\n<title>De Pagter Interieurs Termes et conditions de -<\/title>\n<meta name=\"robots\" content=\"index, follow, max-snippet:-1, max-image-preview:large, max-video-preview:-1\" \/>\n<link rel=\"canonical\" href=\"https:\/\/depagterinterieurs.nl\/fr\/termes-et-conditions\/\" \/>\n<meta property=\"og:locale\" content=\"fr_FR\" \/>\n<meta property=\"og:type\" content=\"article\" \/>\n<meta property=\"og:title\" content=\"De Pagter Interieurs Termes et conditions de -\" \/>\n<meta property=\"og:description\" content=\"Conditions g\u00e9n\u00e9rales de vente et de livraison De Pagter Interieurs b.v. Termes et conditionsLes pr\u00e9sentes conditions g\u00e9n\u00e9rales de vente et de livraison s\u2019appliquent \u00e0 toutes nos offres et \u00e0 tous les accords conclus avec des tiers. En se r\u00e9f\u00e9rant aux pr\u00e9sentes conditions g\u00e9n\u00e9rales sur les offres, les confirmations de commande, les factures, etc., ainsi qu\u2019en [&hellip;]\" \/>\n<meta property=\"og:url\" content=\"https:\/\/depagterinterieurs.nl\/fr\/termes-et-conditions\/\" \/>\n<meta property=\"og:site_name\" content=\"De Pagter Interieurs\" \/>\n<meta property=\"article:publisher\" content=\"https:\/\/www.facebook.com\/depagterinterieurs\/\" \/>\n<meta name=\"twitter:card\" content=\"summary_large_image\" \/>\n<meta name=\"twitter:label1\" content=\"Est. reading time\" \/>\n\t<meta name=\"twitter:data1\" content=\"5 minutes\" \/>\n<script type=\"application\/ld+json\" class=\"yoast-schema-graph\">{\"@context\":\"https:\\\/\\\/schema.org\",\"@graph\":[{\"@type\":\"WebPage\",\"@id\":\"https:\\\/\\\/depagterinterieurs.nl\\\/fr\\\/termes-et-conditions\\\/\",\"url\":\"https:\\\/\\\/depagterinterieurs.nl\\\/fr\\\/termes-et-conditions\\\/\",\"name\":\"De Pagter Interieurs Termes et conditions de -\",\"isPartOf\":{\"@id\":\"https:\\\/\\\/depagterinterieurs.nl\\\/fr\\\/#website\"},\"datePublished\":\"2024-05-14T09:29:47+00:00\",\"breadcrumb\":{\"@id\":\"https:\\\/\\\/depagterinterieurs.nl\\\/fr\\\/termes-et-conditions\\\/#breadcrumb\"},\"inLanguage\":\"fr-FR\",\"potentialAction\":[{\"@type\":\"ReadAction\",\"target\":[\"https:\\\/\\\/depagterinterieurs.nl\\\/fr\\\/termes-et-conditions\\\/\"]}]},{\"@type\":\"BreadcrumbList\",\"@id\":\"https:\\\/\\\/depagterinterieurs.nl\\\/fr\\\/termes-et-conditions\\\/#breadcrumb\",\"itemListElement\":[{\"@type\":\"ListItem\",\"position\":1,\"name\":\"Home\",\"item\":\"https:\\\/\\\/depagterinterieurs.nl\\\/fr\\\/domicile\\\/\"},{\"@type\":\"ListItem\",\"position\":2,\"name\":\"Termes et conditions\"}]},{\"@type\":\"WebSite\",\"@id\":\"https:\\\/\\\/depagterinterieurs.nl\\\/fr\\\/#website\",\"url\":\"https:\\\/\\\/depagterinterieurs.nl\\\/fr\\\/\",\"name\":\"De Pagter Interieurs\",\"description\":\"Woonwinkels in Middelburg - Domburg - Veere\",\"potentialAction\":[{\"@type\":\"SearchAction\",\"target\":{\"@type\":\"EntryPoint\",\"urlTemplate\":\"https:\\\/\\\/depagterinterieurs.nl\\\/fr\\\/?s={search_term_string}\"},\"query-input\":{\"@type\":\"PropertyValueSpecification\",\"valueRequired\":true,\"valueName\":\"search_term_string\"}}],\"inLanguage\":\"fr-FR\"}]}<\/script>\n<!-- \/ Yoast SEO plugin. -->","yoast_head_json":{"title":"De Pagter Interieurs Termes et conditions de -","robots":{"index":"index","follow":"follow","max-snippet":"max-snippet:-1","max-image-preview":"max-image-preview:large","max-video-preview":"max-video-preview:-1"},"canonical":"https:\/\/depagterinterieurs.nl\/fr\/termes-et-conditions\/","og_locale":"fr_FR","og_type":"article","og_title":"De Pagter Interieurs Termes et conditions de -","og_description":"Conditions g\u00e9n\u00e9rales de vente et de livraison De Pagter Interieurs b.v. Termes et conditionsLes pr\u00e9sentes conditions g\u00e9n\u00e9rales de vente et de livraison s\u2019appliquent \u00e0 toutes nos offres et \u00e0 tous les accords conclus avec des tiers. En se r\u00e9f\u00e9rant aux pr\u00e9sentes conditions g\u00e9n\u00e9rales sur les offres, les confirmations de commande, les factures, etc., ainsi qu\u2019en [&hellip;]","og_url":"https:\/\/depagterinterieurs.nl\/fr\/termes-et-conditions\/","og_site_name":"De Pagter Interieurs","article_publisher":"https:\/\/www.facebook.com\/depagterinterieurs\/","twitter_card":"summary_large_image","twitter_misc":{"Est. reading time":"5 minutes"},"schema":{"@context":"https:\/\/schema.org","@graph":[{"@type":"WebPage","@id":"https:\/\/depagterinterieurs.nl\/fr\/termes-et-conditions\/","url":"https:\/\/depagterinterieurs.nl\/fr\/termes-et-conditions\/","name":"De Pagter Interieurs Termes et conditions de -","isPartOf":{"@id":"https:\/\/depagterinterieurs.nl\/fr\/#website"},"datePublished":"2024-05-14T09:29:47+00:00","breadcrumb":{"@id":"https:\/\/depagterinterieurs.nl\/fr\/termes-et-conditions\/#breadcrumb"},"inLanguage":"fr-FR","potentialAction":[{"@type":"ReadAction","target":["https:\/\/depagterinterieurs.nl\/fr\/termes-et-conditions\/"]}]},{"@type":"BreadcrumbList","@id":"https:\/\/depagterinterieurs.nl\/fr\/termes-et-conditions\/#breadcrumb","itemListElement":[{"@type":"ListItem","position":1,"name":"Home","item":"https:\/\/depagterinterieurs.nl\/fr\/domicile\/"},{"@type":"ListItem","position":2,"name":"Termes et conditions"}]},{"@type":"WebSite","@id":"https:\/\/depagterinterieurs.nl\/fr\/#website","url":"https:\/\/depagterinterieurs.nl\/fr\/","name":"De Pagter Interieurs","description":"Woonwinkels in Middelburg - Domburg - Veere","potentialAction":[{"@type":"SearchAction","target":{"@type":"EntryPoint","urlTemplate":"https:\/\/depagterinterieurs.nl\/fr\/?s={search_term_string}"},"query-input":{"@type":"PropertyValueSpecification","valueRequired":true,"valueName":"search_term_string"}}],"inLanguage":"fr-FR"}]}},"_links":{"self":[{"href":"https:\/\/depagterinterieurs.nl\/fr\/wp-json\/wp\/v2\/pages\/105737","targetHints":{"allow":["GET"]}}],"collection":[{"href":"https:\/\/depagterinterieurs.nl\/fr\/wp-json\/wp\/v2\/pages"}],"about":[{"href":"https:\/\/depagterinterieurs.nl\/fr\/wp-json\/wp\/v2\/types\/page"}],"author":[{"embeddable":true,"href":"https:\/\/depagterinterieurs.nl\/fr\/wp-json\/wp\/v2\/users\/1"}],"replies":[{"embeddable":true,"href":"https:\/\/depagterinterieurs.nl\/fr\/wp-json\/wp\/v2\/comments?post=105737"}],"version-history":[{"count":1,"href":"https:\/\/depagterinterieurs.nl\/fr\/wp-json\/wp\/v2\/pages\/105737\/revisions"}],"predecessor-version":[{"id":105738,"href":"https:\/\/depagterinterieurs.nl\/fr\/wp-json\/wp\/v2\/pages\/105737\/revisions\/105738"}],"wp:attachment":[{"href":"https:\/\/depagterinterieurs.nl\/fr\/wp-json\/wp\/v2\/media?parent=105737"}],"curies":[{"name":"wp","href":"https:\/\/api.w.org\/{rel}","templated":true}]}}