{"id":106239,"date":"2024-05-15T08:42:43","date_gmt":"2024-05-15T07:42:43","guid":{"rendered":"https:\/\/depagterinterieurs.nl\/politique-de-confidentialite\/"},"modified":"2024-05-15T08:42:43","modified_gmt":"2024-05-15T07:42:43","slug":"politique-de-confidentialite","status":"publish","type":"page","link":"https:\/\/depagterinterieurs.nl\/fr\/politique-de-confidentialite\/","title":{"rendered":"Politique de confidentialit\u00e9"},"content":{"rendered":"<p>De Pagter Interieurs, situ\u00e9 \u00e0 Segeersstraat 8 4331 JS Middelburg, est responsable du traitement des donn\u00e9es personnelles comme indiqu\u00e9 dans la pr\u00e9sente d\u00e9claration de confidentialit\u00e9.<\/p>\n<p><b>Coordonn\u00e9es<br \/><\/b>De Pagter Interieurs B.V.<br \/>Segeersstraat 8 <br \/>4331 JS Middelburg <br \/>+31 118 634133<br \/>info@depagterinterieurs.nl<br \/>https:\/\/www.depagterinterieurs.nl&nbsp;<\/p>\n<p><b>Donn\u00e9es personnelles que nous traitons<br \/><\/b>De Pagter Interieurs traite vos donn\u00e9es personnelles parce que vous utilisez nos services et\/ou parce que vous nous les fournissez vous-m\u00eame. Vous trouverez ci-dessous un aper\u00e7u des donn\u00e9es personnelles que nous traitons :<\/p>\n<ul>\n<li>Pr\u00e9nom et nom<\/li>\n<li>Adresse<\/li>\n<li>Num\u00e9ro de t\u00e9l\u00e9phone<\/li>\n<li>Adresse e-mail<\/li>\n<li>Donn\u00e9es de localisation<\/li>\n<\/ul>\n<p><b>Donn\u00e9es personnelles sp\u00e9ciales et\/ou sensibles que nous traitons<\/b><br \/>Notre site Web et\/ou notre service n\u2019ont pas l\u2019intention de collecter des donn\u00e9es sur les visiteurs du site Web \u00e2g\u00e9s de moins de 16 ans. \u00c0 moins qu\u2019ils n\u2019aient l\u2019autorisation de leurs parents ou tuteurs. Cependant, nous ne pouvons pas v\u00e9rifier qu\u2019un visiteur a plus de 16 ans. Nous encourageons les parents \u00e0 participer aux activit\u00e9s en ligne de leurs enfants afin d\u2019emp\u00eacher la collecte d\u2019informations sur les enfants sans le consentement parental. Si vous pensez que nous avons collect\u00e9 des donn\u00e9es personnelles sur un mineur sans ce consentement, veuillez nous contacter \u00e0 info@depagterinterieurs.nl et nous supprimerons ces informations.<\/p>\n<p><b>Dans quel but et sur quelle base traitons-nous les<br \/> donn\u00e9es personnelles<\/b> ?De Pagter Interieurs traite vos donn\u00e9es personnelles aux fins suivantes :<\/p>\n<ul>\n<li>Traitement de votre paiement<\/li>\n<li>Envoi de notre newsletter et\/ou de notre d\u00e9pliant publicitaire<\/li>\n<li>Pour pouvoir vous appeler ou vous envoyer un e-mail si cela est n\u00e9cessaire pour pouvoir ex\u00e9cuter nos services<\/li>\n<li>Vous informer des modifications apport\u00e9es \u00e0 nos services et produits<\/li>\n<li>Vous permettre de cr\u00e9er un compte<\/li>\n<li>Pour vous livrer des biens et des services<\/li>\n<li>Pour am\u00e9liorer nos services<\/li>\n<\/ul>\n<p>De Pagter Interieurs traite \u00e9galement des donn\u00e9es \u00e0 caract\u00e8re personnel si nous y sommes l\u00e9galement oblig\u00e9s, telles que les donn\u00e9es dont nous avons besoin pour notre d\u00e9claration d\u2019imp\u00f4ts.<\/p>\n<p><b>Prise de d\u00e9cision automatis\u00e9e<\/b><br \/>De Pagter Interieurs prend [wel \/ niet] des d\u00e9cisions sur la base d\u2019un traitement automatis\u00e9 sur des questions qui peuvent avoir des cons\u00e9quences (importantes) pour les individus. Il s\u2019agit de d\u00e9cisions qui sont prises par des programmes ou des syst\u00e8mes informatiques, sans l\u2019intervention d\u2019un \u00eatre humain (par exemple, un employ\u00e9 de De Pagter Interieurs). De Pagter Interieurs utilise les programmes ou syst\u00e8mes informatiques suivants : [suppl\u00e9ment avec nom du syst\u00e8me, pourquoi il est utilis\u00e9, logique sous-jacente, importance et cons\u00e9quences attendues pour la personne concern\u00e9e]<\/p>\n<p><b>Combien de temps conservons-nous les donn\u00e9es personnelles ?<\/b><br \/>De Pagter Interieurs ne conserve pas vos donn\u00e9es personnelles plus longtemps que ce qui est strictement n\u00e9cessaire pour atteindre les objectifs pour lesquels vos donn\u00e9es sont collect\u00e9es. Nous utilisons les p\u00e9riodes de conservation suivantes pour les (cat\u00e9gories de) donn\u00e9es \u00e0 caract\u00e8re personnel suivantes : (Cat\u00e9gorie) de donn\u00e9es \u00e0 caract\u00e8re personnel &gt; Dur\u00e9e de conservation &gt; Raison&gt; Coordonn\u00e9 &gt; Dur\u00e9e de conservation &gt; Motif : Adresse &gt; Dur\u00e9e de conservation &gt; Raison et ainsi de suite &gt; Dur\u00e9e de conservation &gt; Raison<\/p>\n<p><b>Partage de donn\u00e9es personnelles avec des tiers<br \/><\/b>De Pagter Interieurs ne fournit des informations \u00e0 des tiers que si cela est n\u00e9cessaire \u00e0 l\u2019ex\u00e9cution de notre contrat avec vous ou au respect d\u2019une obligation l\u00e9gale.<\/p>\n<p><b>Les cookies, ou techniques similaires, que nous utilisons<\/b><br \/>De Pagter Interieurs n\u2019utilise que des cookies techniques et fonctionnels. Et des cookies analytiques qui ne portent pas atteinte \u00e0 votre vie priv\u00e9e. Un cookie est un petit fichier texte qui est stock\u00e9 sur votre ordinateur, tablette ou smartphone lorsque vous visitez ce site web pour la premi\u00e8re fois. Les cookies que nous utilisons sont n\u00e9cessaires au fonctionnement technique du site web et \u00e0 votre facilit\u00e9 d\u2019utilisation. Ils veillent au bon fonctionnement du site web et se souviennent, par exemple, de vos param\u00e8tres pr\u00e9f\u00e9r\u00e9s. Cela nous permet \u00e9galement d\u2019optimiser notre site web. Vous pouvez d\u00e9sactiver les cookies en configurant votre navigateur Internet pour qu\u2019il cesse de stocker des cookies. En outre, vous pouvez \u00e9galement supprimer toutes les informations pr\u00e9c\u00e9demment stock\u00e9es dans les param\u00e8tres de votre navigateur.<\/p>\n<p><b>Afficher, modifier ou supprimer des<br \/> donn\u00e9es<\/b>Vous disposez d\u2019un droit d\u2019acc\u00e8s, de rectification ou de suppression de vos donn\u00e9es personnelles. En outre, vous avez le droit de retirer votre consentement au traitement des donn\u00e9es ou de vous opposer au traitement de vos donn\u00e9es personnelles par De Pagter Interieurs et vous avez le droit \u00e0 la portabilit\u00e9 des donn\u00e9es. Cela signifie que vous pouvez nous demander d\u2019envoyer les donn\u00e9es personnelles que nous d\u00e9tenons \u00e0 votre sujet dans un fichier informatique \u00e0 vous ou \u00e0 une autre organisation que vous avez nomm\u00e9e. Vous pouvez envoyer une demande de consultation, de correction, de suppression, de transfert de donn\u00e9es de vos donn\u00e9es personnelles ou une demande de retrait de votre consentement ou d\u2019opposition au traitement de vos donn\u00e9es personnelles \u00e0 info@depagterinterieurs.nl.&nbsp;<\/p>\n<p>Pour nous assurer que la demande d\u2019acc\u00e8s a bien \u00e9t\u00e9 faite par vous, nous vous demandons d\u2019envoyer une copie de votre pi\u00e8ce d\u2019identit\u00e9 avec la demande. Dans cette copie, noircissez votre photo d\u2019identit\u00e9, la MRZ (zone lisible \u00e0 la machine, la bande avec les chiffres au bas du passeport), le num\u00e9ro de passeport et le num\u00e9ro de service citoyen (BSN). Ceci afin de prot\u00e9ger votre vie priv\u00e9e. Nous r\u00e9pondrons \u00e0 votre demande dans les plus brefs d\u00e9lais, mais dans un d\u00e9lai de quatre semaines. De Pagter Interieurs tient \u00e9galement \u00e0 souligner que vous avez la possibilit\u00e9 de d\u00e9poser une plainte aupr\u00e8s de l\u2019autorit\u00e9 de contr\u00f4le nationale, l\u2019Autorit\u00e9 n\u00e9erlandaise de protection des donn\u00e9es. Vous pouvez le faire via le lien suivant : https:\/\/autoriteitpersoonsgegevens.nl\/nl\/contact-met-de-autoriteit-persoonsgegevens\/tip-ons<\/p>\n<p><b>Comment nous prot\u00e9geons les donn\u00e9es personnelles<\/b><br \/>De Pagter Interieurs prend la protection de vos donn\u00e9es au s\u00e9rieux et prend les mesures appropri\u00e9es pour \u00e9viter toute utilisation abusive, perte, acc\u00e8s non autoris\u00e9, divulgation non d\u00e9sir\u00e9e et modification non autoris\u00e9e. Si vous avez l\u2019impression que vos donn\u00e9es ne sont pas correctement s\u00e9curis\u00e9es ou s\u2019il y a des indices d\u2019abus, veuillez contacter notre service client\u00e8le ou via info@depagterinterieurs.nl<\/p><\/p>\n","protected":false},"excerpt":{"rendered":"<p>De Pagter Interieurs, situ\u00e9 \u00e0 Segeersstraat 8 4331 JS Middelburg, est responsable du traitement des donn\u00e9es personnelles comme indiqu\u00e9 dans la pr\u00e9sente d\u00e9claration de confidentialit\u00e9. Coordonn\u00e9esDe Pagter Interieurs B.V.Segeersstraat 8 4331 JS Middelburg +31 118 634133info@depagterinterieurs.nlhttps:\/\/www.depagterinterieurs.nl&nbsp; Donn\u00e9es personnelles que nous traitonsDe Pagter Interieurs traite vos donn\u00e9es personnelles parce que vous utilisez nos services et\/ou parce [&hellip;]<\/p>\n","protected":false},"author":1,"featured_media":0,"parent":0,"menu_order":0,"comment_status":"closed","ping_status":"closed","template":"","meta":{"footnotes":"","_wp_rev_ctl_limit":""},"class_list":["post-106239","page","type-page","status-publish","hentry"],"yoast_head":"<!-- This site is optimized with the Yoast SEO plugin v27.5 - https:\/\/yoast.com\/product\/yoast-seo-wordpress\/ -->\n<title>De Pagter Interieurs Politique de confidentialit\u00e9 de -<\/title>\n<meta name=\"robots\" content=\"index, follow, max-snippet:-1, max-image-preview:large, max-video-preview:-1\" \/>\n<link rel=\"canonical\" href=\"https:\/\/depagterinterieurs.nl\/fr\/politique-de-confidentialite\/\" \/>\n<meta property=\"og:locale\" content=\"fr_FR\" \/>\n<meta property=\"og:type\" content=\"article\" \/>\n<meta property=\"og:title\" content=\"De Pagter Interieurs Politique de confidentialit\u00e9 de -\" \/>\n<meta property=\"og:description\" content=\"De Pagter Interieurs, situ\u00e9 \u00e0 Segeersstraat 8 4331 JS Middelburg, est responsable du traitement des donn\u00e9es personnelles comme indiqu\u00e9 dans la pr\u00e9sente d\u00e9claration de confidentialit\u00e9. Coordonn\u00e9esDe Pagter Interieurs B.V.Segeersstraat 8 4331 JS Middelburg +31 118 634133info@depagterinterieurs.nlhttps:\/\/www.depagterinterieurs.nl&nbsp; Donn\u00e9es personnelles que nous traitonsDe Pagter Interieurs traite vos donn\u00e9es personnelles parce que vous utilisez nos services et\/ou parce [&hellip;]\" \/>\n<meta property=\"og:url\" content=\"https:\/\/depagterinterieurs.nl\/fr\/politique-de-confidentialite\/\" \/>\n<meta property=\"og:site_name\" content=\"De Pagter Interieurs\" \/>\n<meta property=\"article:publisher\" content=\"https:\/\/www.facebook.com\/depagterinterieurs\/\" \/>\n<meta name=\"twitter:card\" content=\"summary_large_image\" \/>\n<meta name=\"twitter:label1\" content=\"Est. reading time\" \/>\n\t<meta name=\"twitter:data1\" content=\"5 minutes\" \/>\n<script type=\"application\/ld+json\" class=\"yoast-schema-graph\">{\"@context\":\"https:\\\/\\\/schema.org\",\"@graph\":[{\"@type\":\"WebPage\",\"@id\":\"https:\\\/\\\/depagterinterieurs.nl\\\/fr\\\/politique-de-confidentialite\\\/\",\"url\":\"https:\\\/\\\/depagterinterieurs.nl\\\/fr\\\/politique-de-confidentialite\\\/\",\"name\":\"De Pagter Interieurs Politique de confidentialit\u00e9 de -\",\"isPartOf\":{\"@id\":\"https:\\\/\\\/depagterinterieurs.nl\\\/fr\\\/#website\"},\"datePublished\":\"2024-05-15T07:42:43+00:00\",\"breadcrumb\":{\"@id\":\"https:\\\/\\\/depagterinterieurs.nl\\\/fr\\\/politique-de-confidentialite\\\/#breadcrumb\"},\"inLanguage\":\"fr-FR\",\"potentialAction\":[{\"@type\":\"ReadAction\",\"target\":[\"https:\\\/\\\/depagterinterieurs.nl\\\/fr\\\/politique-de-confidentialite\\\/\"]}]},{\"@type\":\"BreadcrumbList\",\"@id\":\"https:\\\/\\\/depagterinterieurs.nl\\\/fr\\\/politique-de-confidentialite\\\/#breadcrumb\",\"itemListElement\":[{\"@type\":\"ListItem\",\"position\":1,\"name\":\"Home\",\"item\":\"https:\\\/\\\/depagterinterieurs.nl\\\/fr\\\/domicile\\\/\"},{\"@type\":\"ListItem\",\"position\":2,\"name\":\"Politique de confidentialit\u00e9\"}]},{\"@type\":\"WebSite\",\"@id\":\"https:\\\/\\\/depagterinterieurs.nl\\\/fr\\\/#website\",\"url\":\"https:\\\/\\\/depagterinterieurs.nl\\\/fr\\\/\",\"name\":\"De Pagter Interieurs\",\"description\":\"Woonwinkels in Middelburg - Domburg - Veere\",\"potentialAction\":[{\"@type\":\"SearchAction\",\"target\":{\"@type\":\"EntryPoint\",\"urlTemplate\":\"https:\\\/\\\/depagterinterieurs.nl\\\/fr\\\/?s={search_term_string}\"},\"query-input\":{\"@type\":\"PropertyValueSpecification\",\"valueRequired\":true,\"valueName\":\"search_term_string\"}}],\"inLanguage\":\"fr-FR\"}]}<\/script>\n<!-- \/ Yoast SEO plugin. -->","yoast_head_json":{"title":"De Pagter Interieurs Politique de confidentialit\u00e9 de -","robots":{"index":"index","follow":"follow","max-snippet":"max-snippet:-1","max-image-preview":"max-image-preview:large","max-video-preview":"max-video-preview:-1"},"canonical":"https:\/\/depagterinterieurs.nl\/fr\/politique-de-confidentialite\/","og_locale":"fr_FR","og_type":"article","og_title":"De Pagter Interieurs Politique de confidentialit\u00e9 de -","og_description":"De Pagter Interieurs, situ\u00e9 \u00e0 Segeersstraat 8 4331 JS Middelburg, est responsable du traitement des donn\u00e9es personnelles comme indiqu\u00e9 dans la pr\u00e9sente d\u00e9claration de confidentialit\u00e9. Coordonn\u00e9esDe Pagter Interieurs B.V.Segeersstraat 8 4331 JS Middelburg +31 118 634133info@depagterinterieurs.nlhttps:\/\/www.depagterinterieurs.nl&nbsp; Donn\u00e9es personnelles que nous traitonsDe Pagter Interieurs traite vos donn\u00e9es personnelles parce que vous utilisez nos services et\/ou parce [&hellip;]","og_url":"https:\/\/depagterinterieurs.nl\/fr\/politique-de-confidentialite\/","og_site_name":"De Pagter Interieurs","article_publisher":"https:\/\/www.facebook.com\/depagterinterieurs\/","twitter_card":"summary_large_image","twitter_misc":{"Est. reading time":"5 minutes"},"schema":{"@context":"https:\/\/schema.org","@graph":[{"@type":"WebPage","@id":"https:\/\/depagterinterieurs.nl\/fr\/politique-de-confidentialite\/","url":"https:\/\/depagterinterieurs.nl\/fr\/politique-de-confidentialite\/","name":"De Pagter Interieurs Politique de confidentialit\u00e9 de -","isPartOf":{"@id":"https:\/\/depagterinterieurs.nl\/fr\/#website"},"datePublished":"2024-05-15T07:42:43+00:00","breadcrumb":{"@id":"https:\/\/depagterinterieurs.nl\/fr\/politique-de-confidentialite\/#breadcrumb"},"inLanguage":"fr-FR","potentialAction":[{"@type":"ReadAction","target":["https:\/\/depagterinterieurs.nl\/fr\/politique-de-confidentialite\/"]}]},{"@type":"BreadcrumbList","@id":"https:\/\/depagterinterieurs.nl\/fr\/politique-de-confidentialite\/#breadcrumb","itemListElement":[{"@type":"ListItem","position":1,"name":"Home","item":"https:\/\/depagterinterieurs.nl\/fr\/domicile\/"},{"@type":"ListItem","position":2,"name":"Politique de confidentialit\u00e9"}]},{"@type":"WebSite","@id":"https:\/\/depagterinterieurs.nl\/fr\/#website","url":"https:\/\/depagterinterieurs.nl\/fr\/","name":"De Pagter Interieurs","description":"Woonwinkels in Middelburg - Domburg - Veere","potentialAction":[{"@type":"SearchAction","target":{"@type":"EntryPoint","urlTemplate":"https:\/\/depagterinterieurs.nl\/fr\/?s={search_term_string}"},"query-input":{"@type":"PropertyValueSpecification","valueRequired":true,"valueName":"search_term_string"}}],"inLanguage":"fr-FR"}]}},"_links":{"self":[{"href":"https:\/\/depagterinterieurs.nl\/fr\/wp-json\/wp\/v2\/pages\/106239","targetHints":{"allow":["GET"]}}],"collection":[{"href":"https:\/\/depagterinterieurs.nl\/fr\/wp-json\/wp\/v2\/pages"}],"about":[{"href":"https:\/\/depagterinterieurs.nl\/fr\/wp-json\/wp\/v2\/types\/page"}],"author":[{"embeddable":true,"href":"https:\/\/depagterinterieurs.nl\/fr\/wp-json\/wp\/v2\/users\/1"}],"replies":[{"embeddable":true,"href":"https:\/\/depagterinterieurs.nl\/fr\/wp-json\/wp\/v2\/comments?post=106239"}],"version-history":[{"count":1,"href":"https:\/\/depagterinterieurs.nl\/fr\/wp-json\/wp\/v2\/pages\/106239\/revisions"}],"predecessor-version":[{"id":106240,"href":"https:\/\/depagterinterieurs.nl\/fr\/wp-json\/wp\/v2\/pages\/106239\/revisions\/106240"}],"wp:attachment":[{"href":"https:\/\/depagterinterieurs.nl\/fr\/wp-json\/wp\/v2\/media?parent=106239"}],"curies":[{"name":"wp","href":"https:\/\/api.w.org\/{rel}","templated":true}]}}