{"id":106846,"date":"2020-09-11T14:43:32","date_gmt":"2024-05-20T12:41:43","guid":{"rendered":"https:\/\/depagterinterieurs.nl\/collectie\/non class\u00e9\/lampe-messier\/"},"modified":"2024-05-20T13:41:43","modified_gmt":"2024-05-20T12:41:43","slug":"lampe-messier","status":"publish","type":"product","link":"https:\/\/depagterinterieurs.nl\/fr\/collectie\/eclairage\/lampe-messier\/","title":{"rendered":"Lampe Messier"},"content":{"rendered":"","protected":false},"excerpt":{"rendered":"<p>Lampe suspendue &#8216;Messier&#8217;. Belles ampoules souffl\u00e9es \u00e0 la bouche design. Install\u00e9 avec 10 ampoules. 5x taille S, 4x taille M, 1x taille L et plate-forme de plafond thermolaqu\u00e9e noire de dimensions 120 x 30 cm.<\/p>\n<p><strong>La lampe est fournie sans source lumineuse.<\/strong>  Convient uniquement pour l\u2019\u00e9clairage LED max 20 Watt avec douille E27.<\/p>\n<p>Ampoule S : 200 x 150 mm<br \/>\nAmpoule M : 300 x 250 mm<br \/>\nAmpoule L : 400 x 345 mm<\/p>\n<p>Les cordons, en textile, mesurent 2 m\u00e8tres de long et peuvent \u00eatre raccourcis ou attach\u00e9s dans la plaque elle-m\u00eame, vous pouvez donc toujours les ajuster.<\/p>\n<p>&nbsp;<\/p>\n","protected":false},"featured_media":106847,"template":"","meta":[],"product_brand":[],"product_cat":[1039],"product_tag":[],"class_list":{"0":"post-106846","1":"product","2":"type-product","3":"status-publish","4":"has-post-thumbnail","6":"product_cat-eclairage","8":"first","9":"instock","10":"shipping-taxable","11":"purchasable","12":"product-type-simple"},"yoast_head":"<!-- This site is optimized with the Yoast SEO plugin v27.3 - https:\/\/yoast.com\/product\/yoast-seo-wordpress\/ -->\n<title>Lampe Messier - De Pagter Interieurs<\/title>\n<meta name=\"description\" content=\"Lampe suspendue &#039;Messier&#039;. Belles ampoules souffl\u00e9es \u00e0 la bouche design, configur\u00e9es avec jusqu\u2019\u00e0 10 ampoules !\" \/>\n<meta name=\"robots\" content=\"index, follow, max-snippet:-1, max-image-preview:large, max-video-preview:-1\" \/>\n<link rel=\"canonical\" href=\"https:\/\/depagterinterieurs.nl\/fr\/collectie\/eclairage\/lampe-messier\/\" \/>\n<meta property=\"og:locale\" content=\"fr_FR\" \/>\n<meta property=\"og:type\" content=\"article\" \/>\n<meta property=\"og:title\" content=\"Lampe Messier - De Pagter Interieurs\" \/>\n<meta property=\"og:description\" content=\"Lampe suspendue &#039;Messier&#039;. Belles ampoules souffl\u00e9es \u00e0 la bouche design, configur\u00e9es avec jusqu\u2019\u00e0 10 ampoules !\" \/>\n<meta property=\"og:url\" content=\"https:\/\/depagterinterieurs.nl\/fr\/collectie\/eclairage\/lampe-messier\/\" \/>\n<meta property=\"og:site_name\" content=\"De Pagter Interieurs\" \/>\n<meta property=\"article:publisher\" content=\"https:\/\/www.facebook.com\/depagterinterieurs\/\" \/>\n<meta property=\"og:image\" content=\"https:\/\/depagterinterieurs.nl\/wp-content\/uploads\/2020\/09\/DSCF01755-Custom.jpg\" \/>\n\t<meta property=\"og:image:width\" content=\"1000\" \/>\n\t<meta property=\"og:image:height\" content=\"1000\" \/>\n\t<meta property=\"og:image:type\" content=\"image\/jpeg\" \/>\n<meta name=\"twitter:card\" content=\"summary_large_image\" \/>\n<script type=\"application\/ld+json\" class=\"yoast-schema-graph\">{\"@context\":\"https:\\\/\\\/schema.org\",\"@graph\":[{\"@type\":\"WebPage\",\"@id\":\"https:\\\/\\\/depagterinterieurs.nl\\\/fr\\\/collectie\\\/eclairage\\\/lampe-messier\\\/\",\"url\":\"https:\\\/\\\/depagterinterieurs.nl\\\/fr\\\/collectie\\\/eclairage\\\/lampe-messier\\\/\",\"name\":\"Lampe Messier - De Pagter Interieurs\",\"isPartOf\":{\"@id\":\"https:\\\/\\\/depagterinterieurs.nl\\\/fr\\\/#website\"},\"primaryImageOfPage\":{\"@id\":\"https:\\\/\\\/depagterinterieurs.nl\\\/fr\\\/collectie\\\/eclairage\\\/lampe-messier\\\/#primaryimage\"},\"image\":{\"@id\":\"https:\\\/\\\/depagterinterieurs.nl\\\/fr\\\/collectie\\\/eclairage\\\/lampe-messier\\\/#primaryimage\"},\"thumbnailUrl\":\"https:\\\/\\\/depagterinterieurs.nl\\\/wp-content\\\/uploads\\\/2020\\\/09\\\/DSCF01755-Custom.jpg\",\"datePublished\":\"2024-05-20T12:41:43+00:00\",\"description\":\"Lampe suspendue 'Messier'. Belles ampoules souffl\u00e9es \u00e0 la bouche design, configur\u00e9es avec jusqu\u2019\u00e0 10 ampoules !\",\"breadcrumb\":{\"@id\":\"https:\\\/\\\/depagterinterieurs.nl\\\/fr\\\/collectie\\\/eclairage\\\/lampe-messier\\\/#breadcrumb\"},\"inLanguage\":\"fr-FR\",\"potentialAction\":[{\"@type\":\"ReadAction\",\"target\":[\"https:\\\/\\\/depagterinterieurs.nl\\\/fr\\\/collectie\\\/eclairage\\\/lampe-messier\\\/\"]}]},{\"@type\":\"ImageObject\",\"inLanguage\":\"fr-FR\",\"@id\":\"https:\\\/\\\/depagterinterieurs.nl\\\/fr\\\/collectie\\\/eclairage\\\/lampe-messier\\\/#primaryimage\",\"url\":\"https:\\\/\\\/depagterinterieurs.nl\\\/wp-content\\\/uploads\\\/2020\\\/09\\\/DSCF01755-Custom.jpg\",\"contentUrl\":\"https:\\\/\\\/depagterinterieurs.nl\\\/wp-content\\\/uploads\\\/2020\\\/09\\\/DSCF01755-Custom.jpg\",\"width\":1000,\"height\":1000},{\"@type\":\"BreadcrumbList\",\"@id\":\"https:\\\/\\\/depagterinterieurs.nl\\\/fr\\\/collectie\\\/eclairage\\\/lampe-messier\\\/#breadcrumb\",\"itemListElement\":[{\"@type\":\"ListItem\",\"position\":1,\"name\":\"Home\",\"item\":\"https:\\\/\\\/depagterinterieurs.nl\\\/fr\\\/domicile\\\/\"},{\"@type\":\"ListItem\",\"position\":2,\"name\":\"Collection\",\"item\":\"https:\\\/\\\/depagterinterieurs.nl\\\/fr\\\/collection\\\/\"},{\"@type\":\"ListItem\",\"position\":3,\"name\":\"Lampe Messier\"}]},{\"@type\":\"WebSite\",\"@id\":\"https:\\\/\\\/depagterinterieurs.nl\\\/fr\\\/#website\",\"url\":\"https:\\\/\\\/depagterinterieurs.nl\\\/fr\\\/\",\"name\":\"De Pagter Interieurs\",\"description\":\"Woonwinkels in Middelburg - Domburg - Veere\",\"potentialAction\":[{\"@type\":\"SearchAction\",\"target\":{\"@type\":\"EntryPoint\",\"urlTemplate\":\"https:\\\/\\\/depagterinterieurs.nl\\\/fr\\\/?s={search_term_string}\"},\"query-input\":{\"@type\":\"PropertyValueSpecification\",\"valueRequired\":true,\"valueName\":\"search_term_string\"}}],\"inLanguage\":\"fr-FR\"}]}<\/script>\n<!-- \/ Yoast SEO plugin. -->","yoast_head_json":{"title":"Lampe Messier - De Pagter Interieurs","description":"Lampe suspendue 'Messier'. Belles ampoules souffl\u00e9es \u00e0 la bouche design, configur\u00e9es avec jusqu\u2019\u00e0 10 ampoules !","robots":{"index":"index","follow":"follow","max-snippet":"max-snippet:-1","max-image-preview":"max-image-preview:large","max-video-preview":"max-video-preview:-1"},"canonical":"https:\/\/depagterinterieurs.nl\/fr\/collectie\/eclairage\/lampe-messier\/","og_locale":"fr_FR","og_type":"article","og_title":"Lampe Messier - De Pagter Interieurs","og_description":"Lampe suspendue 'Messier'. Belles ampoules souffl\u00e9es \u00e0 la bouche design, configur\u00e9es avec jusqu\u2019\u00e0 10 ampoules !","og_url":"https:\/\/depagterinterieurs.nl\/fr\/collectie\/eclairage\/lampe-messier\/","og_site_name":"De Pagter Interieurs","article_publisher":"https:\/\/www.facebook.com\/depagterinterieurs\/","og_image":[{"width":1000,"height":1000,"url":"https:\/\/depagterinterieurs.nl\/wp-content\/uploads\/2020\/09\/DSCF01755-Custom.jpg","type":"image\/jpeg"}],"twitter_card":"summary_large_image","schema":{"@context":"https:\/\/schema.org","@graph":[{"@type":"WebPage","@id":"https:\/\/depagterinterieurs.nl\/fr\/collectie\/eclairage\/lampe-messier\/","url":"https:\/\/depagterinterieurs.nl\/fr\/collectie\/eclairage\/lampe-messier\/","name":"Lampe Messier - De Pagter Interieurs","isPartOf":{"@id":"https:\/\/depagterinterieurs.nl\/fr\/#website"},"primaryImageOfPage":{"@id":"https:\/\/depagterinterieurs.nl\/fr\/collectie\/eclairage\/lampe-messier\/#primaryimage"},"image":{"@id":"https:\/\/depagterinterieurs.nl\/fr\/collectie\/eclairage\/lampe-messier\/#primaryimage"},"thumbnailUrl":"https:\/\/depagterinterieurs.nl\/wp-content\/uploads\/2020\/09\/DSCF01755-Custom.jpg","datePublished":"2024-05-20T12:41:43+00:00","description":"Lampe suspendue 'Messier'. Belles ampoules souffl\u00e9es \u00e0 la bouche design, configur\u00e9es avec jusqu\u2019\u00e0 10 ampoules !","breadcrumb":{"@id":"https:\/\/depagterinterieurs.nl\/fr\/collectie\/eclairage\/lampe-messier\/#breadcrumb"},"inLanguage":"fr-FR","potentialAction":[{"@type":"ReadAction","target":["https:\/\/depagterinterieurs.nl\/fr\/collectie\/eclairage\/lampe-messier\/"]}]},{"@type":"ImageObject","inLanguage":"fr-FR","@id":"https:\/\/depagterinterieurs.nl\/fr\/collectie\/eclairage\/lampe-messier\/#primaryimage","url":"https:\/\/depagterinterieurs.nl\/wp-content\/uploads\/2020\/09\/DSCF01755-Custom.jpg","contentUrl":"https:\/\/depagterinterieurs.nl\/wp-content\/uploads\/2020\/09\/DSCF01755-Custom.jpg","width":1000,"height":1000},{"@type":"BreadcrumbList","@id":"https:\/\/depagterinterieurs.nl\/fr\/collectie\/eclairage\/lampe-messier\/#breadcrumb","itemListElement":[{"@type":"ListItem","position":1,"name":"Home","item":"https:\/\/depagterinterieurs.nl\/fr\/domicile\/"},{"@type":"ListItem","position":2,"name":"Collection","item":"https:\/\/depagterinterieurs.nl\/fr\/collection\/"},{"@type":"ListItem","position":3,"name":"Lampe Messier"}]},{"@type":"WebSite","@id":"https:\/\/depagterinterieurs.nl\/fr\/#website","url":"https:\/\/depagterinterieurs.nl\/fr\/","name":"De Pagter Interieurs","description":"Woonwinkels in Middelburg - Domburg - Veere","potentialAction":[{"@type":"SearchAction","target":{"@type":"EntryPoint","urlTemplate":"https:\/\/depagterinterieurs.nl\/fr\/?s={search_term_string}"},"query-input":{"@type":"PropertyValueSpecification","valueRequired":true,"valueName":"search_term_string"}}],"inLanguage":"fr-FR"}]}},"_links":{"self":[{"href":"https:\/\/depagterinterieurs.nl\/fr\/wp-json\/wp\/v2\/product\/106846","targetHints":{"allow":["GET"]}}],"collection":[{"href":"https:\/\/depagterinterieurs.nl\/fr\/wp-json\/wp\/v2\/product"}],"about":[{"href":"https:\/\/depagterinterieurs.nl\/fr\/wp-json\/wp\/v2\/types\/product"}],"wp:featuredmedia":[{"embeddable":true,"href":"https:\/\/depagterinterieurs.nl\/fr\/wp-json\/wp\/v2\/media\/106847"}],"wp:attachment":[{"href":"https:\/\/depagterinterieurs.nl\/fr\/wp-json\/wp\/v2\/media?parent=106846"}],"wp:term":[{"taxonomy":"product_brand","embeddable":true,"href":"https:\/\/depagterinterieurs.nl\/fr\/wp-json\/wp\/v2\/product_brand?post=106846"},{"taxonomy":"product_cat","embeddable":true,"href":"https:\/\/depagterinterieurs.nl\/fr\/wp-json\/wp\/v2\/product_cat?post=106846"},{"taxonomy":"product_tag","embeddable":true,"href":"https:\/\/depagterinterieurs.nl\/fr\/wp-json\/wp\/v2\/product_tag?post=106846"}],"curies":[{"name":"wp","href":"https:\/\/api.w.org\/{rel}","templated":true}]}}