{"id":107389,"date":"2021-05-19T16:09:54","date_gmt":"2024-05-21T14:40:40","guid":{"rendered":"https:\/\/depagterinterieurs.nl\/collectie\/non class\u00e9\/lampe-ruby-l\/"},"modified":"2024-05-21T15:40:40","modified_gmt":"2024-05-21T14:40:40","slug":"lampe-ruby-l","status":"publish","type":"product","link":"https:\/\/depagterinterieurs.nl\/fr\/collectie\/eclairage\/lampe-ruby-l\/","title":{"rendered":"Lampe Ruby L"},"content":{"rendered":"","protected":false},"excerpt":{"rendered":"<p>Pour une esth\u00e9tique glamour et contemporaine, faites une d\u00e9claration avec le lustre Ruby L. Une version moderne d\u2019un style classique, ce s\u00e9duisant luminaire \u00e0 16 points au fini nickel pr\u00e9sente un design effil\u00e9 \u00e0 deux niveaux et des rang\u00e9es de verre fum\u00e9 nervur\u00e9.<\/p>\n","protected":false},"featured_media":107390,"template":"","meta":[],"product_brand":[],"product_cat":[1039],"product_tag":[],"class_list":{"0":"post-107389","1":"product","2":"type-product","3":"status-publish","4":"has-post-thumbnail","6":"product_cat-eclairage","8":"first","9":"instock","10":"shipping-taxable","11":"purchasable","12":"product-type-simple"},"yoast_head":"<!-- This site is optimized with the Yoast SEO plugin v27.3 - https:\/\/yoast.com\/product\/yoast-seo-wordpress\/ -->\n<title>Lampe Ruby L - De Pagter Interieurs<\/title>\n<meta name=\"description\" content=\"Pour une esth\u00e9tique glamour et contemporaine, faites une d\u00e9claration avec le lustre Ruby L.\" \/>\n<meta name=\"robots\" content=\"index, follow, max-snippet:-1, max-image-preview:large, max-video-preview:-1\" \/>\n<link rel=\"canonical\" href=\"https:\/\/depagterinterieurs.nl\/fr\/collectie\/eclairage\/lampe-ruby-l\/\" \/>\n<meta property=\"og:locale\" content=\"fr_FR\" \/>\n<meta property=\"og:type\" content=\"article\" \/>\n<meta property=\"og:title\" content=\"Lampe Ruby L - De Pagter Interieurs\" \/>\n<meta property=\"og:description\" content=\"Pour une esth\u00e9tique glamour et contemporaine, faites une d\u00e9claration avec le lustre Ruby L.\" \/>\n<meta property=\"og:url\" content=\"https:\/\/depagterinterieurs.nl\/fr\/collectie\/eclairage\/lampe-ruby-l\/\" \/>\n<meta property=\"og:site_name\" content=\"De Pagter Interieurs\" \/>\n<meta property=\"article:publisher\" content=\"https:\/\/www.facebook.com\/depagterinterieurs\/\" \/>\n<meta property=\"og:image\" content=\"https:\/\/depagterinterieurs.nl\/wp-content\/uploads\/2021\/05\/IMG_7826.jpg\" \/>\n\t<meta property=\"og:image:width\" content=\"1024\" \/>\n\t<meta property=\"og:image:height\" content=\"768\" \/>\n\t<meta property=\"og:image:type\" content=\"image\/jpeg\" \/>\n<meta name=\"twitter:card\" content=\"summary_large_image\" \/>\n<script type=\"application\/ld+json\" class=\"yoast-schema-graph\">{\"@context\":\"https:\\\/\\\/schema.org\",\"@graph\":[{\"@type\":\"WebPage\",\"@id\":\"https:\\\/\\\/depagterinterieurs.nl\\\/fr\\\/collectie\\\/eclairage\\\/lampe-ruby-l\\\/\",\"url\":\"https:\\\/\\\/depagterinterieurs.nl\\\/fr\\\/collectie\\\/eclairage\\\/lampe-ruby-l\\\/\",\"name\":\"Lampe Ruby L - De Pagter Interieurs\",\"isPartOf\":{\"@id\":\"https:\\\/\\\/depagterinterieurs.nl\\\/fr\\\/#website\"},\"primaryImageOfPage\":{\"@id\":\"https:\\\/\\\/depagterinterieurs.nl\\\/fr\\\/collectie\\\/eclairage\\\/lampe-ruby-l\\\/#primaryimage\"},\"image\":{\"@id\":\"https:\\\/\\\/depagterinterieurs.nl\\\/fr\\\/collectie\\\/eclairage\\\/lampe-ruby-l\\\/#primaryimage\"},\"thumbnailUrl\":\"https:\\\/\\\/depagterinterieurs.nl\\\/wp-content\\\/uploads\\\/2021\\\/05\\\/IMG_7826.jpg\",\"datePublished\":\"2024-05-21T14:40:40+00:00\",\"description\":\"Pour une esth\u00e9tique glamour et contemporaine, faites une d\u00e9claration avec le lustre Ruby L.\",\"breadcrumb\":{\"@id\":\"https:\\\/\\\/depagterinterieurs.nl\\\/fr\\\/collectie\\\/eclairage\\\/lampe-ruby-l\\\/#breadcrumb\"},\"inLanguage\":\"fr-FR\",\"potentialAction\":[{\"@type\":\"ReadAction\",\"target\":[\"https:\\\/\\\/depagterinterieurs.nl\\\/fr\\\/collectie\\\/eclairage\\\/lampe-ruby-l\\\/\"]}]},{\"@type\":\"ImageObject\",\"inLanguage\":\"fr-FR\",\"@id\":\"https:\\\/\\\/depagterinterieurs.nl\\\/fr\\\/collectie\\\/eclairage\\\/lampe-ruby-l\\\/#primaryimage\",\"url\":\"https:\\\/\\\/depagterinterieurs.nl\\\/wp-content\\\/uploads\\\/2021\\\/05\\\/IMG_7826.jpg\",\"contentUrl\":\"https:\\\/\\\/depagterinterieurs.nl\\\/wp-content\\\/uploads\\\/2021\\\/05\\\/IMG_7826.jpg\",\"width\":1024,\"height\":768},{\"@type\":\"BreadcrumbList\",\"@id\":\"https:\\\/\\\/depagterinterieurs.nl\\\/fr\\\/collectie\\\/eclairage\\\/lampe-ruby-l\\\/#breadcrumb\",\"itemListElement\":[{\"@type\":\"ListItem\",\"position\":1,\"name\":\"Home\",\"item\":\"https:\\\/\\\/depagterinterieurs.nl\\\/fr\\\/domicile\\\/\"},{\"@type\":\"ListItem\",\"position\":2,\"name\":\"Collection\",\"item\":\"https:\\\/\\\/depagterinterieurs.nl\\\/fr\\\/collection\\\/\"},{\"@type\":\"ListItem\",\"position\":3,\"name\":\"Lampe Ruby L\"}]},{\"@type\":\"WebSite\",\"@id\":\"https:\\\/\\\/depagterinterieurs.nl\\\/fr\\\/#website\",\"url\":\"https:\\\/\\\/depagterinterieurs.nl\\\/fr\\\/\",\"name\":\"De Pagter Interieurs\",\"description\":\"Woonwinkels in Middelburg - Domburg - Veere\",\"potentialAction\":[{\"@type\":\"SearchAction\",\"target\":{\"@type\":\"EntryPoint\",\"urlTemplate\":\"https:\\\/\\\/depagterinterieurs.nl\\\/fr\\\/?s={search_term_string}\"},\"query-input\":{\"@type\":\"PropertyValueSpecification\",\"valueRequired\":true,\"valueName\":\"search_term_string\"}}],\"inLanguage\":\"fr-FR\"}]}<\/script>\n<!-- \/ Yoast SEO plugin. -->","yoast_head_json":{"title":"Lampe Ruby L - De Pagter Interieurs","description":"Pour une esth\u00e9tique glamour et contemporaine, faites une d\u00e9claration avec le lustre Ruby L.","robots":{"index":"index","follow":"follow","max-snippet":"max-snippet:-1","max-image-preview":"max-image-preview:large","max-video-preview":"max-video-preview:-1"},"canonical":"https:\/\/depagterinterieurs.nl\/fr\/collectie\/eclairage\/lampe-ruby-l\/","og_locale":"fr_FR","og_type":"article","og_title":"Lampe Ruby L - De Pagter Interieurs","og_description":"Pour une esth\u00e9tique glamour et contemporaine, faites une d\u00e9claration avec le lustre Ruby L.","og_url":"https:\/\/depagterinterieurs.nl\/fr\/collectie\/eclairage\/lampe-ruby-l\/","og_site_name":"De Pagter Interieurs","article_publisher":"https:\/\/www.facebook.com\/depagterinterieurs\/","og_image":[{"width":1024,"height":768,"url":"https:\/\/depagterinterieurs.nl\/wp-content\/uploads\/2021\/05\/IMG_7826.jpg","type":"image\/jpeg"}],"twitter_card":"summary_large_image","schema":{"@context":"https:\/\/schema.org","@graph":[{"@type":"WebPage","@id":"https:\/\/depagterinterieurs.nl\/fr\/collectie\/eclairage\/lampe-ruby-l\/","url":"https:\/\/depagterinterieurs.nl\/fr\/collectie\/eclairage\/lampe-ruby-l\/","name":"Lampe Ruby L - De Pagter Interieurs","isPartOf":{"@id":"https:\/\/depagterinterieurs.nl\/fr\/#website"},"primaryImageOfPage":{"@id":"https:\/\/depagterinterieurs.nl\/fr\/collectie\/eclairage\/lampe-ruby-l\/#primaryimage"},"image":{"@id":"https:\/\/depagterinterieurs.nl\/fr\/collectie\/eclairage\/lampe-ruby-l\/#primaryimage"},"thumbnailUrl":"https:\/\/depagterinterieurs.nl\/wp-content\/uploads\/2021\/05\/IMG_7826.jpg","datePublished":"2024-05-21T14:40:40+00:00","description":"Pour une esth\u00e9tique glamour et contemporaine, faites une d\u00e9claration avec le lustre Ruby L.","breadcrumb":{"@id":"https:\/\/depagterinterieurs.nl\/fr\/collectie\/eclairage\/lampe-ruby-l\/#breadcrumb"},"inLanguage":"fr-FR","potentialAction":[{"@type":"ReadAction","target":["https:\/\/depagterinterieurs.nl\/fr\/collectie\/eclairage\/lampe-ruby-l\/"]}]},{"@type":"ImageObject","inLanguage":"fr-FR","@id":"https:\/\/depagterinterieurs.nl\/fr\/collectie\/eclairage\/lampe-ruby-l\/#primaryimage","url":"https:\/\/depagterinterieurs.nl\/wp-content\/uploads\/2021\/05\/IMG_7826.jpg","contentUrl":"https:\/\/depagterinterieurs.nl\/wp-content\/uploads\/2021\/05\/IMG_7826.jpg","width":1024,"height":768},{"@type":"BreadcrumbList","@id":"https:\/\/depagterinterieurs.nl\/fr\/collectie\/eclairage\/lampe-ruby-l\/#breadcrumb","itemListElement":[{"@type":"ListItem","position":1,"name":"Home","item":"https:\/\/depagterinterieurs.nl\/fr\/domicile\/"},{"@type":"ListItem","position":2,"name":"Collection","item":"https:\/\/depagterinterieurs.nl\/fr\/collection\/"},{"@type":"ListItem","position":3,"name":"Lampe Ruby L"}]},{"@type":"WebSite","@id":"https:\/\/depagterinterieurs.nl\/fr\/#website","url":"https:\/\/depagterinterieurs.nl\/fr\/","name":"De Pagter Interieurs","description":"Woonwinkels in Middelburg - Domburg - Veere","potentialAction":[{"@type":"SearchAction","target":{"@type":"EntryPoint","urlTemplate":"https:\/\/depagterinterieurs.nl\/fr\/?s={search_term_string}"},"query-input":{"@type":"PropertyValueSpecification","valueRequired":true,"valueName":"search_term_string"}}],"inLanguage":"fr-FR"}]}},"_links":{"self":[{"href":"https:\/\/depagterinterieurs.nl\/fr\/wp-json\/wp\/v2\/product\/107389","targetHints":{"allow":["GET"]}}],"collection":[{"href":"https:\/\/depagterinterieurs.nl\/fr\/wp-json\/wp\/v2\/product"}],"about":[{"href":"https:\/\/depagterinterieurs.nl\/fr\/wp-json\/wp\/v2\/types\/product"}],"wp:featuredmedia":[{"embeddable":true,"href":"https:\/\/depagterinterieurs.nl\/fr\/wp-json\/wp\/v2\/media\/107390"}],"wp:attachment":[{"href":"https:\/\/depagterinterieurs.nl\/fr\/wp-json\/wp\/v2\/media?parent=107389"}],"wp:term":[{"taxonomy":"product_brand","embeddable":true,"href":"https:\/\/depagterinterieurs.nl\/fr\/wp-json\/wp\/v2\/product_brand?post=107389"},{"taxonomy":"product_cat","embeddable":true,"href":"https:\/\/depagterinterieurs.nl\/fr\/wp-json\/wp\/v2\/product_cat?post=107389"},{"taxonomy":"product_tag","embeddable":true,"href":"https:\/\/depagterinterieurs.nl\/fr\/wp-json\/wp\/v2\/product_tag?post=107389"}],"curies":[{"name":"wp","href":"https:\/\/api.w.org\/{rel}","templated":true}]}}