{"id":107475,"date":"2021-09-02T14:46:52","date_gmt":"2024-05-21T14:46:31","guid":{"rendered":"https:\/\/depagterinterieurs.nl\/collectie\/non class\u00e9\/armoire-a-compartiments-monaco\/"},"modified":"2024-05-21T15:46:31","modified_gmt":"2024-05-21T14:46:31","slug":"armoire-a-compartiments-monaco","status":"publish","type":"product","link":"https:\/\/depagterinterieurs.nl\/fr\/collectie\/armoires-commodes\/armoire-a-compartiments-monaco\/","title":{"rendered":"Armoire \u00e0 compartiments Monaco"},"content":{"rendered":"","protected":false},"excerpt":{"rendered":"<p><strong>MONACO COLLECTION<\/strong><\/p>\n<p>Cette armoire \u00e0 compartiments dispose de 6 compartiments ouverts, dont 3 sont \u00e9clair\u00e9s par de petites lampes LED. En bas, l\u2019armoire a 2 portes et 2 tiroirs.<br \/>\nLes lumi\u00e8res sont contr\u00f4l\u00e9es par un bouton tactile. Les lampes sont aliment\u00e9es par la prise fournie.<br \/>\nL\u2019armoire est finie avec un placage de ch\u00eane peint en noir.<\/p>\n<p>Les armoires de la collection Monaco sont disponibles sur commande. Le d\u00e9lai de livraison est d\u2019environ 10-12 semaines.<\/p>\n","protected":false},"featured_media":107476,"template":"","meta":[],"product_brand":[],"product_cat":[1050],"product_tag":[],"class_list":{"0":"post-107475","1":"product","2":"type-product","3":"status-publish","4":"has-post-thumbnail","6":"product_cat-armoires-commodes","8":"first","9":"instock","10":"shipping-taxable","11":"purchasable","12":"product-type-simple"},"yoast_head":"<!-- This site is optimized with the Yoast SEO plugin v27.3 - https:\/\/yoast.com\/product\/yoast-seo-wordpress\/ -->\n<title>Armoire \u00e0 compartiments Monaco - De Pagter Interieurs<\/title>\n<meta name=\"description\" content=\"L\u2019armoire \u00e0 compartiments de la collection Monaco est une armoire robuste finie avec un placage de ch\u00eane noir. Les lumi\u00e8res LED rendent le contenu de l\u2019armoire atmosph\u00e9rique.\" \/>\n<meta name=\"robots\" content=\"index, follow, max-snippet:-1, max-image-preview:large, max-video-preview:-1\" \/>\n<link rel=\"canonical\" href=\"https:\/\/depagterinterieurs.nl\/fr\/collectie\/armoires-commodes\/armoire-a-compartiments-monaco\/\" \/>\n<meta property=\"og:locale\" content=\"fr_FR\" \/>\n<meta property=\"og:type\" content=\"article\" \/>\n<meta property=\"og:title\" content=\"Armoire \u00e0 compartiments Monaco - De Pagter Interieurs\" \/>\n<meta property=\"og:description\" content=\"L\u2019armoire \u00e0 compartiments de la collection Monaco est une armoire robuste finie avec un placage de ch\u00eane noir. Les lumi\u00e8res LED rendent le contenu de l\u2019armoire atmosph\u00e9rique.\" \/>\n<meta property=\"og:url\" content=\"https:\/\/depagterinterieurs.nl\/fr\/collectie\/armoires-commodes\/armoire-a-compartiments-monaco\/\" \/>\n<meta property=\"og:site_name\" content=\"De Pagter Interieurs\" \/>\n<meta property=\"article:publisher\" content=\"https:\/\/www.facebook.com\/depagterinterieurs\/\" \/>\n<meta property=\"og:image\" content=\"https:\/\/depagterinterieurs.nl\/wp-content\/uploads\/2021\/09\/IMG_9087.jpg\" \/>\n\t<meta property=\"og:image:width\" content=\"1024\" \/>\n\t<meta property=\"og:image:height\" content=\"768\" \/>\n\t<meta property=\"og:image:type\" content=\"image\/jpeg\" \/>\n<meta name=\"twitter:card\" content=\"summary_large_image\" \/>\n<script type=\"application\/ld+json\" class=\"yoast-schema-graph\">{\"@context\":\"https:\\\/\\\/schema.org\",\"@graph\":[{\"@type\":\"WebPage\",\"@id\":\"https:\\\/\\\/depagterinterieurs.nl\\\/fr\\\/collectie\\\/armoires-commodes\\\/armoire-a-compartiments-monaco\\\/\",\"url\":\"https:\\\/\\\/depagterinterieurs.nl\\\/fr\\\/collectie\\\/armoires-commodes\\\/armoire-a-compartiments-monaco\\\/\",\"name\":\"Armoire \u00e0 compartiments Monaco - De Pagter Interieurs\",\"isPartOf\":{\"@id\":\"https:\\\/\\\/depagterinterieurs.nl\\\/fr\\\/#website\"},\"primaryImageOfPage\":{\"@id\":\"https:\\\/\\\/depagterinterieurs.nl\\\/fr\\\/collectie\\\/armoires-commodes\\\/armoire-a-compartiments-monaco\\\/#primaryimage\"},\"image\":{\"@id\":\"https:\\\/\\\/depagterinterieurs.nl\\\/fr\\\/collectie\\\/armoires-commodes\\\/armoire-a-compartiments-monaco\\\/#primaryimage\"},\"thumbnailUrl\":\"https:\\\/\\\/depagterinterieurs.nl\\\/wp-content\\\/uploads\\\/2021\\\/09\\\/IMG_9087.jpg\",\"datePublished\":\"2024-05-21T14:46:31+00:00\",\"description\":\"L\u2019armoire \u00e0 compartiments de la collection Monaco est une armoire robuste finie avec un placage de ch\u00eane noir. Les lumi\u00e8res LED rendent le contenu de l\u2019armoire atmosph\u00e9rique.\",\"breadcrumb\":{\"@id\":\"https:\\\/\\\/depagterinterieurs.nl\\\/fr\\\/collectie\\\/armoires-commodes\\\/armoire-a-compartiments-monaco\\\/#breadcrumb\"},\"inLanguage\":\"fr-FR\",\"potentialAction\":[{\"@type\":\"ReadAction\",\"target\":[\"https:\\\/\\\/depagterinterieurs.nl\\\/fr\\\/collectie\\\/armoires-commodes\\\/armoire-a-compartiments-monaco\\\/\"]}]},{\"@type\":\"ImageObject\",\"inLanguage\":\"fr-FR\",\"@id\":\"https:\\\/\\\/depagterinterieurs.nl\\\/fr\\\/collectie\\\/armoires-commodes\\\/armoire-a-compartiments-monaco\\\/#primaryimage\",\"url\":\"https:\\\/\\\/depagterinterieurs.nl\\\/wp-content\\\/uploads\\\/2021\\\/09\\\/IMG_9087.jpg\",\"contentUrl\":\"https:\\\/\\\/depagterinterieurs.nl\\\/wp-content\\\/uploads\\\/2021\\\/09\\\/IMG_9087.jpg\",\"width\":1024,\"height\":768},{\"@type\":\"BreadcrumbList\",\"@id\":\"https:\\\/\\\/depagterinterieurs.nl\\\/fr\\\/collectie\\\/armoires-commodes\\\/armoire-a-compartiments-monaco\\\/#breadcrumb\",\"itemListElement\":[{\"@type\":\"ListItem\",\"position\":1,\"name\":\"Home\",\"item\":\"https:\\\/\\\/depagterinterieurs.nl\\\/fr\\\/domicile\\\/\"},{\"@type\":\"ListItem\",\"position\":2,\"name\":\"Collection\",\"item\":\"https:\\\/\\\/depagterinterieurs.nl\\\/fr\\\/collection\\\/\"},{\"@type\":\"ListItem\",\"position\":3,\"name\":\"Armoire \u00e0 compartiments Monaco\"}]},{\"@type\":\"WebSite\",\"@id\":\"https:\\\/\\\/depagterinterieurs.nl\\\/fr\\\/#website\",\"url\":\"https:\\\/\\\/depagterinterieurs.nl\\\/fr\\\/\",\"name\":\"De Pagter Interieurs\",\"description\":\"Woonwinkels in Middelburg - Domburg - Veere\",\"potentialAction\":[{\"@type\":\"SearchAction\",\"target\":{\"@type\":\"EntryPoint\",\"urlTemplate\":\"https:\\\/\\\/depagterinterieurs.nl\\\/fr\\\/?s={search_term_string}\"},\"query-input\":{\"@type\":\"PropertyValueSpecification\",\"valueRequired\":true,\"valueName\":\"search_term_string\"}}],\"inLanguage\":\"fr-FR\"}]}<\/script>\n<!-- \/ Yoast SEO plugin. -->","yoast_head_json":{"title":"Armoire \u00e0 compartiments Monaco - De Pagter Interieurs","description":"L\u2019armoire \u00e0 compartiments de la collection Monaco est une armoire robuste finie avec un placage de ch\u00eane noir. Les lumi\u00e8res LED rendent le contenu de l\u2019armoire atmosph\u00e9rique.","robots":{"index":"index","follow":"follow","max-snippet":"max-snippet:-1","max-image-preview":"max-image-preview:large","max-video-preview":"max-video-preview:-1"},"canonical":"https:\/\/depagterinterieurs.nl\/fr\/collectie\/armoires-commodes\/armoire-a-compartiments-monaco\/","og_locale":"fr_FR","og_type":"article","og_title":"Armoire \u00e0 compartiments Monaco - De Pagter Interieurs","og_description":"L\u2019armoire \u00e0 compartiments de la collection Monaco est une armoire robuste finie avec un placage de ch\u00eane noir. Les lumi\u00e8res LED rendent le contenu de l\u2019armoire atmosph\u00e9rique.","og_url":"https:\/\/depagterinterieurs.nl\/fr\/collectie\/armoires-commodes\/armoire-a-compartiments-monaco\/","og_site_name":"De Pagter Interieurs","article_publisher":"https:\/\/www.facebook.com\/depagterinterieurs\/","og_image":[{"width":1024,"height":768,"url":"https:\/\/depagterinterieurs.nl\/wp-content\/uploads\/2021\/09\/IMG_9087.jpg","type":"image\/jpeg"}],"twitter_card":"summary_large_image","schema":{"@context":"https:\/\/schema.org","@graph":[{"@type":"WebPage","@id":"https:\/\/depagterinterieurs.nl\/fr\/collectie\/armoires-commodes\/armoire-a-compartiments-monaco\/","url":"https:\/\/depagterinterieurs.nl\/fr\/collectie\/armoires-commodes\/armoire-a-compartiments-monaco\/","name":"Armoire \u00e0 compartiments Monaco - De Pagter Interieurs","isPartOf":{"@id":"https:\/\/depagterinterieurs.nl\/fr\/#website"},"primaryImageOfPage":{"@id":"https:\/\/depagterinterieurs.nl\/fr\/collectie\/armoires-commodes\/armoire-a-compartiments-monaco\/#primaryimage"},"image":{"@id":"https:\/\/depagterinterieurs.nl\/fr\/collectie\/armoires-commodes\/armoire-a-compartiments-monaco\/#primaryimage"},"thumbnailUrl":"https:\/\/depagterinterieurs.nl\/wp-content\/uploads\/2021\/09\/IMG_9087.jpg","datePublished":"2024-05-21T14:46:31+00:00","description":"L\u2019armoire \u00e0 compartiments de la collection Monaco est une armoire robuste finie avec un placage de ch\u00eane noir. Les lumi\u00e8res LED rendent le contenu de l\u2019armoire atmosph\u00e9rique.","breadcrumb":{"@id":"https:\/\/depagterinterieurs.nl\/fr\/collectie\/armoires-commodes\/armoire-a-compartiments-monaco\/#breadcrumb"},"inLanguage":"fr-FR","potentialAction":[{"@type":"ReadAction","target":["https:\/\/depagterinterieurs.nl\/fr\/collectie\/armoires-commodes\/armoire-a-compartiments-monaco\/"]}]},{"@type":"ImageObject","inLanguage":"fr-FR","@id":"https:\/\/depagterinterieurs.nl\/fr\/collectie\/armoires-commodes\/armoire-a-compartiments-monaco\/#primaryimage","url":"https:\/\/depagterinterieurs.nl\/wp-content\/uploads\/2021\/09\/IMG_9087.jpg","contentUrl":"https:\/\/depagterinterieurs.nl\/wp-content\/uploads\/2021\/09\/IMG_9087.jpg","width":1024,"height":768},{"@type":"BreadcrumbList","@id":"https:\/\/depagterinterieurs.nl\/fr\/collectie\/armoires-commodes\/armoire-a-compartiments-monaco\/#breadcrumb","itemListElement":[{"@type":"ListItem","position":1,"name":"Home","item":"https:\/\/depagterinterieurs.nl\/fr\/domicile\/"},{"@type":"ListItem","position":2,"name":"Collection","item":"https:\/\/depagterinterieurs.nl\/fr\/collection\/"},{"@type":"ListItem","position":3,"name":"Armoire \u00e0 compartiments Monaco"}]},{"@type":"WebSite","@id":"https:\/\/depagterinterieurs.nl\/fr\/#website","url":"https:\/\/depagterinterieurs.nl\/fr\/","name":"De Pagter Interieurs","description":"Woonwinkels in Middelburg - Domburg - Veere","potentialAction":[{"@type":"SearchAction","target":{"@type":"EntryPoint","urlTemplate":"https:\/\/depagterinterieurs.nl\/fr\/?s={search_term_string}"},"query-input":{"@type":"PropertyValueSpecification","valueRequired":true,"valueName":"search_term_string"}}],"inLanguage":"fr-FR"}]}},"_links":{"self":[{"href":"https:\/\/depagterinterieurs.nl\/fr\/wp-json\/wp\/v2\/product\/107475","targetHints":{"allow":["GET"]}}],"collection":[{"href":"https:\/\/depagterinterieurs.nl\/fr\/wp-json\/wp\/v2\/product"}],"about":[{"href":"https:\/\/depagterinterieurs.nl\/fr\/wp-json\/wp\/v2\/types\/product"}],"wp:featuredmedia":[{"embeddable":true,"href":"https:\/\/depagterinterieurs.nl\/fr\/wp-json\/wp\/v2\/media\/107476"}],"wp:attachment":[{"href":"https:\/\/depagterinterieurs.nl\/fr\/wp-json\/wp\/v2\/media?parent=107475"}],"wp:term":[{"taxonomy":"product_brand","embeddable":true,"href":"https:\/\/depagterinterieurs.nl\/fr\/wp-json\/wp\/v2\/product_brand?post=107475"},{"taxonomy":"product_cat","embeddable":true,"href":"https:\/\/depagterinterieurs.nl\/fr\/wp-json\/wp\/v2\/product_cat?post=107475"},{"taxonomy":"product_tag","embeddable":true,"href":"https:\/\/depagterinterieurs.nl\/fr\/wp-json\/wp\/v2\/product_tag?post=107475"}],"curies":[{"name":"wp","href":"https:\/\/api.w.org\/{rel}","templated":true}]}}