{"id":108668,"date":"2022-12-05T14:15:11","date_gmt":"2022-12-05T13:15:11","guid":{"rendered":"https:\/\/depagterinterieurs.nl\/collectie\/non%20class\u00e9\/banque-bente\/"},"modified":"2026-01-27T14:32:53","modified_gmt":"2026-01-27T13:32:53","slug":"banque-bente","status":"publish","type":"product","link":"https:\/\/depagterinterieurs.nl\/fr\/collectie\/marques\/silverline\/banque-bente\/","title":{"rendered":"Canap\u00e9 Bente"},"content":{"rendered":"","protected":false},"excerpt":{"rendered":"<p>Canap\u00e9 Bente. Mod\u00e8le pr\u00e9sent\u00e9 : Divan avec accoudoir gauche, 2,5 places sans accoudoir et chaise longue droite.<br \/>\nFabriqu\u00e9 en tissu : WORB 7 (GROUPE E).<br \/>\nLe prix est pour le mod\u00e8le illustr\u00e9.<\/p>\n<p>Voir toutes les possibilit\u00e9s <strong><a href=\"https:\/\/depagterinterieurs.nl\/wp-content\/uploads\/2026\/01\/BENTE-2026.pdf\">ici<\/a><\/strong><\/p>\n<p><strong>Attention : ce canap\u00e9 se trouve actuellement dans notre magasin \u00e0 Veere, mais dans une configuration diff\u00e9rente.<\/strong><\/p>\n","protected":false},"featured_media":108669,"template":"","meta":[],"product_brand":[],"product_cat":[1044,1040,1042,1075],"product_tag":[],"class_list":{"0":"post-108668","1":"product","2":"type-product","3":"status-publish","4":"has-post-thumbnail","6":"product_cat-canapes","7":"product_cat-canapes-fauteuils","8":"product_cat-marques","9":"product_cat-silverline","11":"first","12":"instock","13":"shipping-taxable","14":"purchasable","15":"product-type-simple"},"yoast_head":"<!-- This site is optimized with the Yoast SEO plugin v27.3 - https:\/\/yoast.com\/product\/yoast-seo-wordpress\/ -->\n<title>Canap\u00e9 Bente - De Pagter Interieurs<\/title>\n<meta name=\"description\" content=\"Canap\u00e9 Bente Mod\u00e8le illustr\u00e9 : Divan avec accoudoir \u00e0 gauche, 2,5 places et chaise longue \u00e0 droite. Fabriqu\u00e9 en tissu\u00a0: WORB 7 (GROUPE E). Le prix est pour le mod\u00e8le illustr\u00e9. Voir toutes les possibilit\u00e9s ici\" \/>\n<meta name=\"robots\" content=\"index, follow, max-snippet:-1, max-image-preview:large, max-video-preview:-1\" \/>\n<link rel=\"canonical\" href=\"https:\/\/depagterinterieurs.nl\/fr\/collectie\/marques\/silverline\/banque-bente\/\" \/>\n<meta property=\"og:locale\" content=\"fr_FR\" \/>\n<meta property=\"og:type\" content=\"article\" \/>\n<meta property=\"og:title\" content=\"Canap\u00e9 Bente - De Pagter Interieurs\" \/>\n<meta property=\"og:description\" content=\"Canap\u00e9 Bente Mod\u00e8le illustr\u00e9 : Divan avec accoudoir \u00e0 gauche, 2,5 places et chaise longue \u00e0 droite. Fabriqu\u00e9 en tissu\u00a0: WORB 7 (GROUPE E). Le prix est pour le mod\u00e8le illustr\u00e9. Voir toutes les possibilit\u00e9s ici\" \/>\n<meta property=\"og:url\" content=\"https:\/\/depagterinterieurs.nl\/fr\/collectie\/marques\/silverline\/banque-bente\/\" \/>\n<meta property=\"og:site_name\" content=\"De Pagter Interieurs\" \/>\n<meta property=\"article:publisher\" content=\"https:\/\/www.facebook.com\/depagterinterieurs\/\" \/>\n<meta property=\"article:modified_time\" content=\"2026-01-27T13:32:53+00:00\" \/>\n<meta property=\"og:image\" content=\"https:\/\/depagterinterieurs.nl\/wp-content\/uploads\/2022\/12\/IMG_0574.jpeg\" \/>\n\t<meta property=\"og:image:width\" content=\"1024\" \/>\n\t<meta property=\"og:image:height\" content=\"768\" \/>\n\t<meta property=\"og:image:type\" content=\"image\/jpeg\" \/>\n<meta name=\"twitter:card\" content=\"summary_large_image\" \/>\n<script type=\"application\/ld+json\" class=\"yoast-schema-graph\">{\"@context\":\"https:\\\/\\\/schema.org\",\"@graph\":[{\"@type\":\"WebPage\",\"@id\":\"https:\\\/\\\/depagterinterieurs.nl\\\/fr\\\/collectie\\\/marques\\\/silverline\\\/banque-bente\\\/\",\"url\":\"https:\\\/\\\/depagterinterieurs.nl\\\/fr\\\/collectie\\\/marques\\\/silverline\\\/banque-bente\\\/\",\"name\":\"Canap\u00e9 Bente - De Pagter Interieurs\",\"isPartOf\":{\"@id\":\"https:\\\/\\\/depagterinterieurs.nl\\\/fr\\\/#website\"},\"primaryImageOfPage\":{\"@id\":\"https:\\\/\\\/depagterinterieurs.nl\\\/fr\\\/collectie\\\/marques\\\/silverline\\\/banque-bente\\\/#primaryimage\"},\"image\":{\"@id\":\"https:\\\/\\\/depagterinterieurs.nl\\\/fr\\\/collectie\\\/marques\\\/silverline\\\/banque-bente\\\/#primaryimage\"},\"thumbnailUrl\":\"https:\\\/\\\/depagterinterieurs.nl\\\/wp-content\\\/uploads\\\/2022\\\/12\\\/IMG_0574.jpeg\",\"datePublished\":\"2022-12-05T13:15:11+00:00\",\"dateModified\":\"2026-01-27T13:32:53+00:00\",\"description\":\"Canap\u00e9 Bente Mod\u00e8le illustr\u00e9 : Divan avec accoudoir \u00e0 gauche, 2,5 places et chaise longue \u00e0 droite. Fabriqu\u00e9 en tissu\u00a0: WORB 7 (GROUPE E). Le prix est pour le mod\u00e8le illustr\u00e9. Voir toutes les possibilit\u00e9s ici\",\"breadcrumb\":{\"@id\":\"https:\\\/\\\/depagterinterieurs.nl\\\/fr\\\/collectie\\\/marques\\\/silverline\\\/banque-bente\\\/#breadcrumb\"},\"inLanguage\":\"fr-FR\",\"potentialAction\":[{\"@type\":\"ReadAction\",\"target\":[\"https:\\\/\\\/depagterinterieurs.nl\\\/fr\\\/collectie\\\/marques\\\/silverline\\\/banque-bente\\\/\"]}]},{\"@type\":\"ImageObject\",\"inLanguage\":\"fr-FR\",\"@id\":\"https:\\\/\\\/depagterinterieurs.nl\\\/fr\\\/collectie\\\/marques\\\/silverline\\\/banque-bente\\\/#primaryimage\",\"url\":\"https:\\\/\\\/depagterinterieurs.nl\\\/wp-content\\\/uploads\\\/2022\\\/12\\\/IMG_0574.jpeg\",\"contentUrl\":\"https:\\\/\\\/depagterinterieurs.nl\\\/wp-content\\\/uploads\\\/2022\\\/12\\\/IMG_0574.jpeg\",\"width\":1024,\"height\":768},{\"@type\":\"BreadcrumbList\",\"@id\":\"https:\\\/\\\/depagterinterieurs.nl\\\/fr\\\/collectie\\\/marques\\\/silverline\\\/banque-bente\\\/#breadcrumb\",\"itemListElement\":[{\"@type\":\"ListItem\",\"position\":1,\"name\":\"Home\",\"item\":\"https:\\\/\\\/depagterinterieurs.nl\\\/fr\\\/domicile\\\/\"},{\"@type\":\"ListItem\",\"position\":2,\"name\":\"Collection\",\"item\":\"https:\\\/\\\/depagterinterieurs.nl\\\/fr\\\/collection\\\/\"},{\"@type\":\"ListItem\",\"position\":3,\"name\":\"Canap\u00e9 Bente\"}]},{\"@type\":\"WebSite\",\"@id\":\"https:\\\/\\\/depagterinterieurs.nl\\\/fr\\\/#website\",\"url\":\"https:\\\/\\\/depagterinterieurs.nl\\\/fr\\\/\",\"name\":\"De Pagter Interieurs\",\"description\":\"Woonwinkels in Middelburg - Domburg - Veere\",\"potentialAction\":[{\"@type\":\"SearchAction\",\"target\":{\"@type\":\"EntryPoint\",\"urlTemplate\":\"https:\\\/\\\/depagterinterieurs.nl\\\/fr\\\/?s={search_term_string}\"},\"query-input\":{\"@type\":\"PropertyValueSpecification\",\"valueRequired\":true,\"valueName\":\"search_term_string\"}}],\"inLanguage\":\"fr-FR\"}]}<\/script>\n<!-- \/ Yoast SEO plugin. -->","yoast_head_json":{"title":"Canap\u00e9 Bente - De Pagter Interieurs","description":"Canap\u00e9 Bente Mod\u00e8le illustr\u00e9 : Divan avec accoudoir \u00e0 gauche, 2,5 places et chaise longue \u00e0 droite. Fabriqu\u00e9 en tissu\u00a0: WORB 7 (GROUPE E). Le prix est pour le mod\u00e8le illustr\u00e9. Voir toutes les possibilit\u00e9s ici","robots":{"index":"index","follow":"follow","max-snippet":"max-snippet:-1","max-image-preview":"max-image-preview:large","max-video-preview":"max-video-preview:-1"},"canonical":"https:\/\/depagterinterieurs.nl\/fr\/collectie\/marques\/silverline\/banque-bente\/","og_locale":"fr_FR","og_type":"article","og_title":"Canap\u00e9 Bente - De Pagter Interieurs","og_description":"Canap\u00e9 Bente Mod\u00e8le illustr\u00e9 : Divan avec accoudoir \u00e0 gauche, 2,5 places et chaise longue \u00e0 droite. Fabriqu\u00e9 en tissu\u00a0: WORB 7 (GROUPE E). Le prix est pour le mod\u00e8le illustr\u00e9. Voir toutes les possibilit\u00e9s ici","og_url":"https:\/\/depagterinterieurs.nl\/fr\/collectie\/marques\/silverline\/banque-bente\/","og_site_name":"De Pagter Interieurs","article_publisher":"https:\/\/www.facebook.com\/depagterinterieurs\/","article_modified_time":"2026-01-27T13:32:53+00:00","og_image":[{"width":1024,"height":768,"url":"https:\/\/depagterinterieurs.nl\/wp-content\/uploads\/2022\/12\/IMG_0574.jpeg","type":"image\/jpeg"}],"twitter_card":"summary_large_image","schema":{"@context":"https:\/\/schema.org","@graph":[{"@type":"WebPage","@id":"https:\/\/depagterinterieurs.nl\/fr\/collectie\/marques\/silverline\/banque-bente\/","url":"https:\/\/depagterinterieurs.nl\/fr\/collectie\/marques\/silverline\/banque-bente\/","name":"Canap\u00e9 Bente - De Pagter Interieurs","isPartOf":{"@id":"https:\/\/depagterinterieurs.nl\/fr\/#website"},"primaryImageOfPage":{"@id":"https:\/\/depagterinterieurs.nl\/fr\/collectie\/marques\/silverline\/banque-bente\/#primaryimage"},"image":{"@id":"https:\/\/depagterinterieurs.nl\/fr\/collectie\/marques\/silverline\/banque-bente\/#primaryimage"},"thumbnailUrl":"https:\/\/depagterinterieurs.nl\/wp-content\/uploads\/2022\/12\/IMG_0574.jpeg","datePublished":"2022-12-05T13:15:11+00:00","dateModified":"2026-01-27T13:32:53+00:00","description":"Canap\u00e9 Bente Mod\u00e8le illustr\u00e9 : Divan avec accoudoir \u00e0 gauche, 2,5 places et chaise longue \u00e0 droite. Fabriqu\u00e9 en tissu\u00a0: WORB 7 (GROUPE E). Le prix est pour le mod\u00e8le illustr\u00e9. Voir toutes les possibilit\u00e9s ici","breadcrumb":{"@id":"https:\/\/depagterinterieurs.nl\/fr\/collectie\/marques\/silverline\/banque-bente\/#breadcrumb"},"inLanguage":"fr-FR","potentialAction":[{"@type":"ReadAction","target":["https:\/\/depagterinterieurs.nl\/fr\/collectie\/marques\/silverline\/banque-bente\/"]}]},{"@type":"ImageObject","inLanguage":"fr-FR","@id":"https:\/\/depagterinterieurs.nl\/fr\/collectie\/marques\/silverline\/banque-bente\/#primaryimage","url":"https:\/\/depagterinterieurs.nl\/wp-content\/uploads\/2022\/12\/IMG_0574.jpeg","contentUrl":"https:\/\/depagterinterieurs.nl\/wp-content\/uploads\/2022\/12\/IMG_0574.jpeg","width":1024,"height":768},{"@type":"BreadcrumbList","@id":"https:\/\/depagterinterieurs.nl\/fr\/collectie\/marques\/silverline\/banque-bente\/#breadcrumb","itemListElement":[{"@type":"ListItem","position":1,"name":"Home","item":"https:\/\/depagterinterieurs.nl\/fr\/domicile\/"},{"@type":"ListItem","position":2,"name":"Collection","item":"https:\/\/depagterinterieurs.nl\/fr\/collection\/"},{"@type":"ListItem","position":3,"name":"Canap\u00e9 Bente"}]},{"@type":"WebSite","@id":"https:\/\/depagterinterieurs.nl\/fr\/#website","url":"https:\/\/depagterinterieurs.nl\/fr\/","name":"De Pagter Interieurs","description":"Woonwinkels in Middelburg - Domburg - Veere","potentialAction":[{"@type":"SearchAction","target":{"@type":"EntryPoint","urlTemplate":"https:\/\/depagterinterieurs.nl\/fr\/?s={search_term_string}"},"query-input":{"@type":"PropertyValueSpecification","valueRequired":true,"valueName":"search_term_string"}}],"inLanguage":"fr-FR"}]}},"_links":{"self":[{"href":"https:\/\/depagterinterieurs.nl\/fr\/wp-json\/wp\/v2\/product\/108668","targetHints":{"allow":["GET"]}}],"collection":[{"href":"https:\/\/depagterinterieurs.nl\/fr\/wp-json\/wp\/v2\/product"}],"about":[{"href":"https:\/\/depagterinterieurs.nl\/fr\/wp-json\/wp\/v2\/types\/product"}],"wp:featuredmedia":[{"embeddable":true,"href":"https:\/\/depagterinterieurs.nl\/fr\/wp-json\/wp\/v2\/media\/108669"}],"wp:attachment":[{"href":"https:\/\/depagterinterieurs.nl\/fr\/wp-json\/wp\/v2\/media?parent=108668"}],"wp:term":[{"taxonomy":"product_brand","embeddable":true,"href":"https:\/\/depagterinterieurs.nl\/fr\/wp-json\/wp\/v2\/product_brand?post=108668"},{"taxonomy":"product_cat","embeddable":true,"href":"https:\/\/depagterinterieurs.nl\/fr\/wp-json\/wp\/v2\/product_cat?post=108668"},{"taxonomy":"product_tag","embeddable":true,"href":"https:\/\/depagterinterieurs.nl\/fr\/wp-json\/wp\/v2\/product_tag?post=108668"}],"curies":[{"name":"wp","href":"https:\/\/api.w.org\/{rel}","templated":true}]}}