{"id":108839,"date":"2023-01-29T16:30:25","date_gmt":"2024-05-29T07:23:00","guid":{"rendered":"https:\/\/depagterinterieurs.nl\/collectie\/non class\u00e9\/lampe-nassau\/"},"modified":"2024-05-29T08:23:00","modified_gmt":"2024-05-29T07:23:00","slug":"lampe-nassau","status":"publish","type":"product","link":"https:\/\/depagterinterieurs.nl\/fr\/collectie\/eclairage\/lampe-nassau\/","title":{"rendered":"Lampe Nassau"},"content":{"rendered":"","protected":false},"excerpt":{"rendered":"<p>Lampe suspendue &#8216;Nassau&#8217; avec 10 sources lumineuses dans des ampoules en verre &#8216;fum\u00e9e&#8217;. La plaque de plafond est en m\u00e9tal. Les cordons de la lampe peuvent \u00eatre r\u00e9gl\u00e9s en longueur.<\/p>\n<p>Le prix de la lampe comprend l\u2019\u00e9clairage LED.<\/p>\n","protected":false},"featured_media":108840,"template":"","meta":[],"product_brand":[],"product_cat":[1039],"product_tag":[],"class_list":{"0":"post-108839","1":"product","2":"type-product","3":"status-publish","4":"has-post-thumbnail","6":"product_cat-eclairage","8":"first","9":"instock","10":"shipping-taxable","11":"purchasable","12":"product-type-simple"},"yoast_head":"<!-- This site is optimized with the Yoast SEO plugin v27.3 - https:\/\/yoast.com\/product\/yoast-seo-wordpress\/ -->\n<title>Lampe Nassau - De Pagter Interieurs<\/title>\n<meta name=\"description\" content=\"Lampe suspendue &#039;Nassau&#039; avec 10 sources lumineuses dans des ampoules en verre &#039;fum\u00e9e&#039;. La plaque de plafond est en m\u00e9tal. Les cordons de la lampe peuvent \u00eatre r\u00e9gl\u00e9s en longueur.\" \/>\n<meta name=\"robots\" content=\"index, follow, max-snippet:-1, max-image-preview:large, max-video-preview:-1\" \/>\n<link rel=\"canonical\" href=\"https:\/\/depagterinterieurs.nl\/fr\/collectie\/eclairage\/lampe-nassau\/\" \/>\n<meta property=\"og:locale\" content=\"fr_FR\" \/>\n<meta property=\"og:type\" content=\"article\" \/>\n<meta property=\"og:title\" content=\"Lampe Nassau - De Pagter Interieurs\" \/>\n<meta property=\"og:description\" content=\"Lampe suspendue &#039;Nassau&#039; avec 10 sources lumineuses dans des ampoules en verre &#039;fum\u00e9e&#039;. La plaque de plafond est en m\u00e9tal. Les cordons de la lampe peuvent \u00eatre r\u00e9gl\u00e9s en longueur.\" \/>\n<meta property=\"og:url\" content=\"https:\/\/depagterinterieurs.nl\/fr\/collectie\/eclairage\/lampe-nassau\/\" \/>\n<meta property=\"og:site_name\" content=\"De Pagter Interieurs\" \/>\n<meta property=\"article:publisher\" content=\"https:\/\/www.facebook.com\/depagterinterieurs\/\" \/>\n<meta property=\"og:image\" content=\"https:\/\/depagterinterieurs.nl\/wp-content\/uploads\/2023\/01\/IMG_5481.jpeg\" \/>\n\t<meta property=\"og:image:width\" content=\"1024\" \/>\n\t<meta property=\"og:image:height\" content=\"768\" \/>\n\t<meta property=\"og:image:type\" content=\"image\/jpeg\" \/>\n<meta name=\"twitter:card\" content=\"summary_large_image\" \/>\n<script type=\"application\/ld+json\" class=\"yoast-schema-graph\">{\"@context\":\"https:\\\/\\\/schema.org\",\"@graph\":[{\"@type\":\"WebPage\",\"@id\":\"https:\\\/\\\/depagterinterieurs.nl\\\/fr\\\/collectie\\\/eclairage\\\/lampe-nassau\\\/\",\"url\":\"https:\\\/\\\/depagterinterieurs.nl\\\/fr\\\/collectie\\\/eclairage\\\/lampe-nassau\\\/\",\"name\":\"Lampe Nassau - De Pagter Interieurs\",\"isPartOf\":{\"@id\":\"https:\\\/\\\/depagterinterieurs.nl\\\/fr\\\/#website\"},\"primaryImageOfPage\":{\"@id\":\"https:\\\/\\\/depagterinterieurs.nl\\\/fr\\\/collectie\\\/eclairage\\\/lampe-nassau\\\/#primaryimage\"},\"image\":{\"@id\":\"https:\\\/\\\/depagterinterieurs.nl\\\/fr\\\/collectie\\\/eclairage\\\/lampe-nassau\\\/#primaryimage\"},\"thumbnailUrl\":\"https:\\\/\\\/depagterinterieurs.nl\\\/wp-content\\\/uploads\\\/2023\\\/01\\\/IMG_5481.jpeg\",\"datePublished\":\"2024-05-29T07:23:00+00:00\",\"description\":\"Lampe suspendue 'Nassau' avec 10 sources lumineuses dans des ampoules en verre 'fum\u00e9e'. La plaque de plafond est en m\u00e9tal. Les cordons de la lampe peuvent \u00eatre r\u00e9gl\u00e9s en longueur.\",\"breadcrumb\":{\"@id\":\"https:\\\/\\\/depagterinterieurs.nl\\\/fr\\\/collectie\\\/eclairage\\\/lampe-nassau\\\/#breadcrumb\"},\"inLanguage\":\"fr-FR\",\"potentialAction\":[{\"@type\":\"ReadAction\",\"target\":[\"https:\\\/\\\/depagterinterieurs.nl\\\/fr\\\/collectie\\\/eclairage\\\/lampe-nassau\\\/\"]}]},{\"@type\":\"ImageObject\",\"inLanguage\":\"fr-FR\",\"@id\":\"https:\\\/\\\/depagterinterieurs.nl\\\/fr\\\/collectie\\\/eclairage\\\/lampe-nassau\\\/#primaryimage\",\"url\":\"https:\\\/\\\/depagterinterieurs.nl\\\/wp-content\\\/uploads\\\/2023\\\/01\\\/IMG_5481.jpeg\",\"contentUrl\":\"https:\\\/\\\/depagterinterieurs.nl\\\/wp-content\\\/uploads\\\/2023\\\/01\\\/IMG_5481.jpeg\",\"width\":1024,\"height\":768},{\"@type\":\"BreadcrumbList\",\"@id\":\"https:\\\/\\\/depagterinterieurs.nl\\\/fr\\\/collectie\\\/eclairage\\\/lampe-nassau\\\/#breadcrumb\",\"itemListElement\":[{\"@type\":\"ListItem\",\"position\":1,\"name\":\"Home\",\"item\":\"https:\\\/\\\/depagterinterieurs.nl\\\/fr\\\/domicile\\\/\"},{\"@type\":\"ListItem\",\"position\":2,\"name\":\"Collection\",\"item\":\"https:\\\/\\\/depagterinterieurs.nl\\\/fr\\\/collection\\\/\"},{\"@type\":\"ListItem\",\"position\":3,\"name\":\"Lampe Nassau\"}]},{\"@type\":\"WebSite\",\"@id\":\"https:\\\/\\\/depagterinterieurs.nl\\\/fr\\\/#website\",\"url\":\"https:\\\/\\\/depagterinterieurs.nl\\\/fr\\\/\",\"name\":\"De Pagter Interieurs\",\"description\":\"Woonwinkels in Middelburg - Domburg - Veere\",\"potentialAction\":[{\"@type\":\"SearchAction\",\"target\":{\"@type\":\"EntryPoint\",\"urlTemplate\":\"https:\\\/\\\/depagterinterieurs.nl\\\/fr\\\/?s={search_term_string}\"},\"query-input\":{\"@type\":\"PropertyValueSpecification\",\"valueRequired\":true,\"valueName\":\"search_term_string\"}}],\"inLanguage\":\"fr-FR\"}]}<\/script>\n<!-- \/ Yoast SEO plugin. -->","yoast_head_json":{"title":"Lampe Nassau - De Pagter Interieurs","description":"Lampe suspendue 'Nassau' avec 10 sources lumineuses dans des ampoules en verre 'fum\u00e9e'. La plaque de plafond est en m\u00e9tal. Les cordons de la lampe peuvent \u00eatre r\u00e9gl\u00e9s en longueur.","robots":{"index":"index","follow":"follow","max-snippet":"max-snippet:-1","max-image-preview":"max-image-preview:large","max-video-preview":"max-video-preview:-1"},"canonical":"https:\/\/depagterinterieurs.nl\/fr\/collectie\/eclairage\/lampe-nassau\/","og_locale":"fr_FR","og_type":"article","og_title":"Lampe Nassau - De Pagter Interieurs","og_description":"Lampe suspendue 'Nassau' avec 10 sources lumineuses dans des ampoules en verre 'fum\u00e9e'. La plaque de plafond est en m\u00e9tal. Les cordons de la lampe peuvent \u00eatre r\u00e9gl\u00e9s en longueur.","og_url":"https:\/\/depagterinterieurs.nl\/fr\/collectie\/eclairage\/lampe-nassau\/","og_site_name":"De Pagter Interieurs","article_publisher":"https:\/\/www.facebook.com\/depagterinterieurs\/","og_image":[{"width":1024,"height":768,"url":"https:\/\/depagterinterieurs.nl\/wp-content\/uploads\/2023\/01\/IMG_5481.jpeg","type":"image\/jpeg"}],"twitter_card":"summary_large_image","schema":{"@context":"https:\/\/schema.org","@graph":[{"@type":"WebPage","@id":"https:\/\/depagterinterieurs.nl\/fr\/collectie\/eclairage\/lampe-nassau\/","url":"https:\/\/depagterinterieurs.nl\/fr\/collectie\/eclairage\/lampe-nassau\/","name":"Lampe Nassau - De Pagter Interieurs","isPartOf":{"@id":"https:\/\/depagterinterieurs.nl\/fr\/#website"},"primaryImageOfPage":{"@id":"https:\/\/depagterinterieurs.nl\/fr\/collectie\/eclairage\/lampe-nassau\/#primaryimage"},"image":{"@id":"https:\/\/depagterinterieurs.nl\/fr\/collectie\/eclairage\/lampe-nassau\/#primaryimage"},"thumbnailUrl":"https:\/\/depagterinterieurs.nl\/wp-content\/uploads\/2023\/01\/IMG_5481.jpeg","datePublished":"2024-05-29T07:23:00+00:00","description":"Lampe suspendue 'Nassau' avec 10 sources lumineuses dans des ampoules en verre 'fum\u00e9e'. La plaque de plafond est en m\u00e9tal. Les cordons de la lampe peuvent \u00eatre r\u00e9gl\u00e9s en longueur.","breadcrumb":{"@id":"https:\/\/depagterinterieurs.nl\/fr\/collectie\/eclairage\/lampe-nassau\/#breadcrumb"},"inLanguage":"fr-FR","potentialAction":[{"@type":"ReadAction","target":["https:\/\/depagterinterieurs.nl\/fr\/collectie\/eclairage\/lampe-nassau\/"]}]},{"@type":"ImageObject","inLanguage":"fr-FR","@id":"https:\/\/depagterinterieurs.nl\/fr\/collectie\/eclairage\/lampe-nassau\/#primaryimage","url":"https:\/\/depagterinterieurs.nl\/wp-content\/uploads\/2023\/01\/IMG_5481.jpeg","contentUrl":"https:\/\/depagterinterieurs.nl\/wp-content\/uploads\/2023\/01\/IMG_5481.jpeg","width":1024,"height":768},{"@type":"BreadcrumbList","@id":"https:\/\/depagterinterieurs.nl\/fr\/collectie\/eclairage\/lampe-nassau\/#breadcrumb","itemListElement":[{"@type":"ListItem","position":1,"name":"Home","item":"https:\/\/depagterinterieurs.nl\/fr\/domicile\/"},{"@type":"ListItem","position":2,"name":"Collection","item":"https:\/\/depagterinterieurs.nl\/fr\/collection\/"},{"@type":"ListItem","position":3,"name":"Lampe Nassau"}]},{"@type":"WebSite","@id":"https:\/\/depagterinterieurs.nl\/fr\/#website","url":"https:\/\/depagterinterieurs.nl\/fr\/","name":"De Pagter Interieurs","description":"Woonwinkels in Middelburg - Domburg - Veere","potentialAction":[{"@type":"SearchAction","target":{"@type":"EntryPoint","urlTemplate":"https:\/\/depagterinterieurs.nl\/fr\/?s={search_term_string}"},"query-input":{"@type":"PropertyValueSpecification","valueRequired":true,"valueName":"search_term_string"}}],"inLanguage":"fr-FR"}]}},"_links":{"self":[{"href":"https:\/\/depagterinterieurs.nl\/fr\/wp-json\/wp\/v2\/product\/108839","targetHints":{"allow":["GET"]}}],"collection":[{"href":"https:\/\/depagterinterieurs.nl\/fr\/wp-json\/wp\/v2\/product"}],"about":[{"href":"https:\/\/depagterinterieurs.nl\/fr\/wp-json\/wp\/v2\/types\/product"}],"wp:featuredmedia":[{"embeddable":true,"href":"https:\/\/depagterinterieurs.nl\/fr\/wp-json\/wp\/v2\/media\/108840"}],"wp:attachment":[{"href":"https:\/\/depagterinterieurs.nl\/fr\/wp-json\/wp\/v2\/media?parent=108839"}],"wp:term":[{"taxonomy":"product_brand","embeddable":true,"href":"https:\/\/depagterinterieurs.nl\/fr\/wp-json\/wp\/v2\/product_brand?post=108839"},{"taxonomy":"product_cat","embeddable":true,"href":"https:\/\/depagterinterieurs.nl\/fr\/wp-json\/wp\/v2\/product_cat?post=108839"},{"taxonomy":"product_tag","embeddable":true,"href":"https:\/\/depagterinterieurs.nl\/fr\/wp-json\/wp\/v2\/product_tag?post=108839"}],"curies":[{"name":"wp","href":"https:\/\/api.w.org\/{rel}","templated":true}]}}