{"id":110482,"date":"2023-04-13T14:49:21","date_gmt":"2024-06-03T06:41:39","guid":{"rendered":"https:\/\/depagterinterieurs.nl\/collectie\/non class\u00e9\/bougie-empire-gold-s-m-l\/"},"modified":"2024-06-03T07:41:39","modified_gmt":"2024-06-03T06:41:39","slug":"bougie-empire-gold-s-m-l","status":"publish","type":"product","link":"https:\/\/depagterinterieurs.nl\/fr\/collectie\/philipp-plein-x-eichholtz-fr\/bougie-empire-gold-s-m-l\/","title":{"rendered":"BOUGIE EMPIRE GOLD S\/M\/L&#x2122;"},"content":{"rendered":"","protected":false},"excerpt":{"rendered":"<p>Encastr\u00e9 dans un support en verre dor\u00e9 avec un logo PP noir tr\u00e8s contrast\u00e9. \u00c0 l\u2019int\u00e9rieur, la bougie Gold Empire au parfum agr\u00e9able apporte sensualit\u00e9 et opulence \u00e0 la touche finale d\u2019un int\u00e9rieur \u00e9l\u00e9gant.<\/p>\n<p>S &#8211; \u00f8 9 cm x H. 10 cm<\/p>\n<p>M &#8211; \u00f8 15 cm x H. 16 cm<\/p>\n<p>L &#8211; \u00f8 19 cm x H. 24 cm<\/p>\n<p>&nbsp;<\/p>\n<p><strong>Le prix est sur demande<\/strong><\/p>\n","protected":false},"featured_media":110483,"template":"","meta":[],"product_brand":[],"product_cat":[1079],"product_tag":[],"class_list":{"0":"post-110482","1":"product","2":"type-product","3":"status-publish","4":"has-post-thumbnail","6":"product_cat-philipp-plein-x-eichholtz-fr","8":"first","9":"instock","10":"shipping-taxable","11":"product-type-simple"},"yoast_head":"<!-- This site is optimized with the Yoast SEO plugin v27.3 - https:\/\/yoast.com\/product\/yoast-seo-wordpress\/ -->\n<title>BOUGIE EMPIRE GOLD S\/M\/L&#x2122; - De Pagter Interieurs<\/title>\n<meta name=\"description\" content=\"Encastr\u00e9 dans un support en verre dor\u00e9 avec un logo PP noir tr\u00e8s contrast\u00e9. \u00c0 l\u2019int\u00e9rieur, la bougie Gold Empire au parfum agr\u00e9able apporte sensualit\u00e9 et opulence \u00e0 la touche finale d\u2019un int\u00e9rieur \u00e9l\u00e9gant. Le prix est sur demande\" \/>\n<meta name=\"robots\" content=\"index, follow, max-snippet:-1, max-image-preview:large, max-video-preview:-1\" \/>\n<link rel=\"canonical\" href=\"https:\/\/depagterinterieurs.nl\/fr\/collectie\/philipp-plein-x-eichholtz-fr\/bougie-empire-gold-s-m-l\/\" \/>\n<meta property=\"og:locale\" content=\"fr_FR\" \/>\n<meta property=\"og:type\" content=\"article\" \/>\n<meta property=\"og:title\" content=\"BOUGIE EMPIRE GOLD S\/M\/L&#x2122; - De Pagter Interieurs\" \/>\n<meta property=\"og:description\" content=\"Encastr\u00e9 dans un support en verre dor\u00e9 avec un logo PP noir tr\u00e8s contrast\u00e9. \u00c0 l\u2019int\u00e9rieur, la bougie Gold Empire au parfum agr\u00e9able apporte sensualit\u00e9 et opulence \u00e0 la touche finale d\u2019un int\u00e9rieur \u00e9l\u00e9gant. Le prix est sur demande\" \/>\n<meta property=\"og:url\" content=\"https:\/\/depagterinterieurs.nl\/fr\/collectie\/philipp-plein-x-eichholtz-fr\/bougie-empire-gold-s-m-l\/\" \/>\n<meta property=\"og:site_name\" content=\"De Pagter Interieurs\" \/>\n<meta property=\"article:publisher\" content=\"https:\/\/www.facebook.com\/depagterinterieurs\/\" \/>\n<meta property=\"og:image\" content=\"https:\/\/depagterinterieurs.nl\/wp-content\/uploads\/2023\/04\/PP0149_4_1_1.webp\" \/>\n\t<meta property=\"og:image:width\" content=\"700\" \/>\n\t<meta property=\"og:image:height\" content=\"700\" \/>\n\t<meta property=\"og:image:type\" content=\"image\/webp\" \/>\n<meta name=\"twitter:card\" content=\"summary_large_image\" \/>\n<script type=\"application\/ld+json\" class=\"yoast-schema-graph\">{\"@context\":\"https:\\\/\\\/schema.org\",\"@graph\":[{\"@type\":\"WebPage\",\"@id\":\"https:\\\/\\\/depagterinterieurs.nl\\\/fr\\\/collectie\\\/philipp-plein-x-eichholtz-fr\\\/bougie-empire-gold-s-m-l\\\/\",\"url\":\"https:\\\/\\\/depagterinterieurs.nl\\\/fr\\\/collectie\\\/philipp-plein-x-eichholtz-fr\\\/bougie-empire-gold-s-m-l\\\/\",\"name\":\"BOUGIE EMPIRE GOLD S\\\/M\\\/L&#x2122; - De Pagter Interieurs\",\"isPartOf\":{\"@id\":\"https:\\\/\\\/depagterinterieurs.nl\\\/fr\\\/#website\"},\"primaryImageOfPage\":{\"@id\":\"https:\\\/\\\/depagterinterieurs.nl\\\/fr\\\/collectie\\\/philipp-plein-x-eichholtz-fr\\\/bougie-empire-gold-s-m-l\\\/#primaryimage\"},\"image\":{\"@id\":\"https:\\\/\\\/depagterinterieurs.nl\\\/fr\\\/collectie\\\/philipp-plein-x-eichholtz-fr\\\/bougie-empire-gold-s-m-l\\\/#primaryimage\"},\"thumbnailUrl\":\"https:\\\/\\\/depagterinterieurs.nl\\\/wp-content\\\/uploads\\\/2023\\\/04\\\/PP0149_4_1_1.webp\",\"datePublished\":\"2024-06-03T06:41:39+00:00\",\"description\":\"Encastr\u00e9 dans un support en verre dor\u00e9 avec un logo PP noir tr\u00e8s contrast\u00e9. \u00c0 l\u2019int\u00e9rieur, la bougie Gold Empire au parfum agr\u00e9able apporte sensualit\u00e9 et opulence \u00e0 la touche finale d\u2019un int\u00e9rieur \u00e9l\u00e9gant. Le prix est sur demande\",\"breadcrumb\":{\"@id\":\"https:\\\/\\\/depagterinterieurs.nl\\\/fr\\\/collectie\\\/philipp-plein-x-eichholtz-fr\\\/bougie-empire-gold-s-m-l\\\/#breadcrumb\"},\"inLanguage\":\"fr-FR\",\"potentialAction\":[{\"@type\":\"ReadAction\",\"target\":[\"https:\\\/\\\/depagterinterieurs.nl\\\/fr\\\/collectie\\\/philipp-plein-x-eichholtz-fr\\\/bougie-empire-gold-s-m-l\\\/\"]}]},{\"@type\":\"ImageObject\",\"inLanguage\":\"fr-FR\",\"@id\":\"https:\\\/\\\/depagterinterieurs.nl\\\/fr\\\/collectie\\\/philipp-plein-x-eichholtz-fr\\\/bougie-empire-gold-s-m-l\\\/#primaryimage\",\"url\":\"https:\\\/\\\/depagterinterieurs.nl\\\/wp-content\\\/uploads\\\/2023\\\/04\\\/PP0149_4_1_1.webp\",\"contentUrl\":\"https:\\\/\\\/depagterinterieurs.nl\\\/wp-content\\\/uploads\\\/2023\\\/04\\\/PP0149_4_1_1.webp\",\"width\":700,\"height\":700},{\"@type\":\"BreadcrumbList\",\"@id\":\"https:\\\/\\\/depagterinterieurs.nl\\\/fr\\\/collectie\\\/philipp-plein-x-eichholtz-fr\\\/bougie-empire-gold-s-m-l\\\/#breadcrumb\",\"itemListElement\":[{\"@type\":\"ListItem\",\"position\":1,\"name\":\"Home\",\"item\":\"https:\\\/\\\/depagterinterieurs.nl\\\/fr\\\/domicile\\\/\"},{\"@type\":\"ListItem\",\"position\":2,\"name\":\"Collection\",\"item\":\"https:\\\/\\\/depagterinterieurs.nl\\\/fr\\\/collection\\\/\"},{\"@type\":\"ListItem\",\"position\":3,\"name\":\"BOUGIE EMPIRE GOLD S\\\/M\\\/L&#x2122;\"}]},{\"@type\":\"WebSite\",\"@id\":\"https:\\\/\\\/depagterinterieurs.nl\\\/fr\\\/#website\",\"url\":\"https:\\\/\\\/depagterinterieurs.nl\\\/fr\\\/\",\"name\":\"De Pagter Interieurs\",\"description\":\"Woonwinkels in Middelburg - Domburg - Veere\",\"potentialAction\":[{\"@type\":\"SearchAction\",\"target\":{\"@type\":\"EntryPoint\",\"urlTemplate\":\"https:\\\/\\\/depagterinterieurs.nl\\\/fr\\\/?s={search_term_string}\"},\"query-input\":{\"@type\":\"PropertyValueSpecification\",\"valueRequired\":true,\"valueName\":\"search_term_string\"}}],\"inLanguage\":\"fr-FR\"}]}<\/script>\n<!-- \/ Yoast SEO plugin. -->","yoast_head_json":{"title":"BOUGIE EMPIRE GOLD S\/M\/L&#x2122; - De Pagter Interieurs","description":"Encastr\u00e9 dans un support en verre dor\u00e9 avec un logo PP noir tr\u00e8s contrast\u00e9. \u00c0 l\u2019int\u00e9rieur, la bougie Gold Empire au parfum agr\u00e9able apporte sensualit\u00e9 et opulence \u00e0 la touche finale d\u2019un int\u00e9rieur \u00e9l\u00e9gant. Le prix est sur demande","robots":{"index":"index","follow":"follow","max-snippet":"max-snippet:-1","max-image-preview":"max-image-preview:large","max-video-preview":"max-video-preview:-1"},"canonical":"https:\/\/depagterinterieurs.nl\/fr\/collectie\/philipp-plein-x-eichholtz-fr\/bougie-empire-gold-s-m-l\/","og_locale":"fr_FR","og_type":"article","og_title":"BOUGIE EMPIRE GOLD S\/M\/L&#x2122; - De Pagter Interieurs","og_description":"Encastr\u00e9 dans un support en verre dor\u00e9 avec un logo PP noir tr\u00e8s contrast\u00e9. \u00c0 l\u2019int\u00e9rieur, la bougie Gold Empire au parfum agr\u00e9able apporte sensualit\u00e9 et opulence \u00e0 la touche finale d\u2019un int\u00e9rieur \u00e9l\u00e9gant. Le prix est sur demande","og_url":"https:\/\/depagterinterieurs.nl\/fr\/collectie\/philipp-plein-x-eichholtz-fr\/bougie-empire-gold-s-m-l\/","og_site_name":"De Pagter Interieurs","article_publisher":"https:\/\/www.facebook.com\/depagterinterieurs\/","og_image":[{"width":700,"height":700,"url":"https:\/\/depagterinterieurs.nl\/wp-content\/uploads\/2023\/04\/PP0149_4_1_1.webp","type":"image\/webp"}],"twitter_card":"summary_large_image","schema":{"@context":"https:\/\/schema.org","@graph":[{"@type":"WebPage","@id":"https:\/\/depagterinterieurs.nl\/fr\/collectie\/philipp-plein-x-eichholtz-fr\/bougie-empire-gold-s-m-l\/","url":"https:\/\/depagterinterieurs.nl\/fr\/collectie\/philipp-plein-x-eichholtz-fr\/bougie-empire-gold-s-m-l\/","name":"BOUGIE EMPIRE GOLD S\/M\/L&#x2122; - De Pagter Interieurs","isPartOf":{"@id":"https:\/\/depagterinterieurs.nl\/fr\/#website"},"primaryImageOfPage":{"@id":"https:\/\/depagterinterieurs.nl\/fr\/collectie\/philipp-plein-x-eichholtz-fr\/bougie-empire-gold-s-m-l\/#primaryimage"},"image":{"@id":"https:\/\/depagterinterieurs.nl\/fr\/collectie\/philipp-plein-x-eichholtz-fr\/bougie-empire-gold-s-m-l\/#primaryimage"},"thumbnailUrl":"https:\/\/depagterinterieurs.nl\/wp-content\/uploads\/2023\/04\/PP0149_4_1_1.webp","datePublished":"2024-06-03T06:41:39+00:00","description":"Encastr\u00e9 dans un support en verre dor\u00e9 avec un logo PP noir tr\u00e8s contrast\u00e9. \u00c0 l\u2019int\u00e9rieur, la bougie Gold Empire au parfum agr\u00e9able apporte sensualit\u00e9 et opulence \u00e0 la touche finale d\u2019un int\u00e9rieur \u00e9l\u00e9gant. Le prix est sur demande","breadcrumb":{"@id":"https:\/\/depagterinterieurs.nl\/fr\/collectie\/philipp-plein-x-eichholtz-fr\/bougie-empire-gold-s-m-l\/#breadcrumb"},"inLanguage":"fr-FR","potentialAction":[{"@type":"ReadAction","target":["https:\/\/depagterinterieurs.nl\/fr\/collectie\/philipp-plein-x-eichholtz-fr\/bougie-empire-gold-s-m-l\/"]}]},{"@type":"ImageObject","inLanguage":"fr-FR","@id":"https:\/\/depagterinterieurs.nl\/fr\/collectie\/philipp-plein-x-eichholtz-fr\/bougie-empire-gold-s-m-l\/#primaryimage","url":"https:\/\/depagterinterieurs.nl\/wp-content\/uploads\/2023\/04\/PP0149_4_1_1.webp","contentUrl":"https:\/\/depagterinterieurs.nl\/wp-content\/uploads\/2023\/04\/PP0149_4_1_1.webp","width":700,"height":700},{"@type":"BreadcrumbList","@id":"https:\/\/depagterinterieurs.nl\/fr\/collectie\/philipp-plein-x-eichholtz-fr\/bougie-empire-gold-s-m-l\/#breadcrumb","itemListElement":[{"@type":"ListItem","position":1,"name":"Home","item":"https:\/\/depagterinterieurs.nl\/fr\/domicile\/"},{"@type":"ListItem","position":2,"name":"Collection","item":"https:\/\/depagterinterieurs.nl\/fr\/collection\/"},{"@type":"ListItem","position":3,"name":"BOUGIE EMPIRE GOLD S\/M\/L&#x2122;"}]},{"@type":"WebSite","@id":"https:\/\/depagterinterieurs.nl\/fr\/#website","url":"https:\/\/depagterinterieurs.nl\/fr\/","name":"De Pagter Interieurs","description":"Woonwinkels in Middelburg - Domburg - Veere","potentialAction":[{"@type":"SearchAction","target":{"@type":"EntryPoint","urlTemplate":"https:\/\/depagterinterieurs.nl\/fr\/?s={search_term_string}"},"query-input":{"@type":"PropertyValueSpecification","valueRequired":true,"valueName":"search_term_string"}}],"inLanguage":"fr-FR"}]}},"_links":{"self":[{"href":"https:\/\/depagterinterieurs.nl\/fr\/wp-json\/wp\/v2\/product\/110482","targetHints":{"allow":["GET"]}}],"collection":[{"href":"https:\/\/depagterinterieurs.nl\/fr\/wp-json\/wp\/v2\/product"}],"about":[{"href":"https:\/\/depagterinterieurs.nl\/fr\/wp-json\/wp\/v2\/types\/product"}],"wp:featuredmedia":[{"embeddable":true,"href":"https:\/\/depagterinterieurs.nl\/fr\/wp-json\/wp\/v2\/media\/110483"}],"wp:attachment":[{"href":"https:\/\/depagterinterieurs.nl\/fr\/wp-json\/wp\/v2\/media?parent=110482"}],"wp:term":[{"taxonomy":"product_brand","embeddable":true,"href":"https:\/\/depagterinterieurs.nl\/fr\/wp-json\/wp\/v2\/product_brand?post=110482"},{"taxonomy":"product_cat","embeddable":true,"href":"https:\/\/depagterinterieurs.nl\/fr\/wp-json\/wp\/v2\/product_cat?post=110482"},{"taxonomy":"product_tag","embeddable":true,"href":"https:\/\/depagterinterieurs.nl\/fr\/wp-json\/wp\/v2\/product_tag?post=110482"}],"curies":[{"name":"wp","href":"https:\/\/api.w.org\/{rel}","templated":true}]}}