{"id":110644,"date":"2023-05-12T15:05:42","date_gmt":"2024-06-03T06:59:24","guid":{"rendered":"https:\/\/depagterinterieurs.nl\/collectie\/non class\u00e9\/casier-a-vin-en-bois-8-bouteilles\/"},"modified":"2024-06-03T07:59:24","modified_gmt":"2024-06-03T06:59:24","slug":"casier-a-vin-en-bois-8-bouteilles","status":"publish","type":"product","link":"https:\/\/depagterinterieurs.nl\/fr\/collectie\/accessoires-pour-la-maison\/casier-a-vin-en-bois-8-bouteilles\/","title":{"rendered":"Casier \u00e0 Vin En Bois 8 Bouteilles"},"content":{"rendered":"","protected":false},"excerpt":{"rendered":"<p>Casier \u00e0 vin pouvant accueillir 8 bouteilles, en bois et m\u00e9tal.<\/p>\n<p>Tous les casiers \u00e0 vin sont l\u00e9g\u00e8rement diff\u00e9rents en couleur et en taille. Veuillez nous contacter pour le stock.<\/p>\n","protected":false},"featured_media":110645,"template":"","meta":[],"product_brand":[],"product_cat":[1038,1047],"product_tag":[],"class_list":{"0":"post-110644","1":"product","2":"type-product","3":"status-publish","4":"has-post-thumbnail","6":"product_cat-accessoires-pour-la-maison","7":"product_cat-meubles-divers","9":"first","10":"instock","11":"shipping-taxable","12":"purchasable","13":"product-type-simple"},"yoast_head":"<!-- This site is optimized with the Yoast SEO plugin v27.3 - https:\/\/yoast.com\/product\/yoast-seo-wordpress\/ -->\n<title>Casier \u00e0 Vin En Bois 8 Bouteilles - De Pagter Interieurs<\/title>\n<meta name=\"description\" content=\"Casier \u00e0 vin pouvant accueillir 8 bouteilles, en bois et m\u00e9tal.\" \/>\n<meta name=\"robots\" content=\"index, follow, max-snippet:-1, max-image-preview:large, max-video-preview:-1\" \/>\n<link rel=\"canonical\" href=\"https:\/\/depagterinterieurs.nl\/fr\/collectie\/accessoires-pour-la-maison\/casier-a-vin-en-bois-8-bouteilles\/\" \/>\n<meta property=\"og:locale\" content=\"fr_FR\" \/>\n<meta property=\"og:type\" content=\"article\" \/>\n<meta property=\"og:title\" content=\"Casier \u00e0 Vin En Bois 8 Bouteilles - De Pagter Interieurs\" \/>\n<meta property=\"og:description\" content=\"Casier \u00e0 vin pouvant accueillir 8 bouteilles, en bois et m\u00e9tal.\" \/>\n<meta property=\"og:url\" content=\"https:\/\/depagterinterieurs.nl\/fr\/collectie\/accessoires-pour-la-maison\/casier-a-vin-en-bois-8-bouteilles\/\" \/>\n<meta property=\"og:site_name\" content=\"De Pagter Interieurs\" \/>\n<meta property=\"article:publisher\" content=\"https:\/\/www.facebook.com\/depagterinterieurs\/\" \/>\n<meta property=\"og:image\" content=\"https:\/\/depagterinterieurs.nl\/wp-content\/uploads\/2023\/05\/IMG_7603.jpeg\" \/>\n\t<meta property=\"og:image:width\" content=\"1024\" \/>\n\t<meta property=\"og:image:height\" content=\"768\" \/>\n\t<meta property=\"og:image:type\" content=\"image\/jpeg\" \/>\n<meta name=\"twitter:card\" content=\"summary_large_image\" \/>\n<script type=\"application\/ld+json\" class=\"yoast-schema-graph\">{\"@context\":\"https:\\\/\\\/schema.org\",\"@graph\":[{\"@type\":\"WebPage\",\"@id\":\"https:\\\/\\\/depagterinterieurs.nl\\\/fr\\\/collectie\\\/accessoires-pour-la-maison\\\/casier-a-vin-en-bois-8-bouteilles\\\/\",\"url\":\"https:\\\/\\\/depagterinterieurs.nl\\\/fr\\\/collectie\\\/accessoires-pour-la-maison\\\/casier-a-vin-en-bois-8-bouteilles\\\/\",\"name\":\"Casier \u00e0 Vin En Bois 8 Bouteilles - De Pagter Interieurs\",\"isPartOf\":{\"@id\":\"https:\\\/\\\/depagterinterieurs.nl\\\/fr\\\/#website\"},\"primaryImageOfPage\":{\"@id\":\"https:\\\/\\\/depagterinterieurs.nl\\\/fr\\\/collectie\\\/accessoires-pour-la-maison\\\/casier-a-vin-en-bois-8-bouteilles\\\/#primaryimage\"},\"image\":{\"@id\":\"https:\\\/\\\/depagterinterieurs.nl\\\/fr\\\/collectie\\\/accessoires-pour-la-maison\\\/casier-a-vin-en-bois-8-bouteilles\\\/#primaryimage\"},\"thumbnailUrl\":\"https:\\\/\\\/depagterinterieurs.nl\\\/wp-content\\\/uploads\\\/2023\\\/05\\\/IMG_7603.jpeg\",\"datePublished\":\"2024-06-03T06:59:24+00:00\",\"description\":\"Casier \u00e0 vin pouvant accueillir 8 bouteilles, en bois et m\u00e9tal.\",\"breadcrumb\":{\"@id\":\"https:\\\/\\\/depagterinterieurs.nl\\\/fr\\\/collectie\\\/accessoires-pour-la-maison\\\/casier-a-vin-en-bois-8-bouteilles\\\/#breadcrumb\"},\"inLanguage\":\"fr-FR\",\"potentialAction\":[{\"@type\":\"ReadAction\",\"target\":[\"https:\\\/\\\/depagterinterieurs.nl\\\/fr\\\/collectie\\\/accessoires-pour-la-maison\\\/casier-a-vin-en-bois-8-bouteilles\\\/\"]}]},{\"@type\":\"ImageObject\",\"inLanguage\":\"fr-FR\",\"@id\":\"https:\\\/\\\/depagterinterieurs.nl\\\/fr\\\/collectie\\\/accessoires-pour-la-maison\\\/casier-a-vin-en-bois-8-bouteilles\\\/#primaryimage\",\"url\":\"https:\\\/\\\/depagterinterieurs.nl\\\/wp-content\\\/uploads\\\/2023\\\/05\\\/IMG_7603.jpeg\",\"contentUrl\":\"https:\\\/\\\/depagterinterieurs.nl\\\/wp-content\\\/uploads\\\/2023\\\/05\\\/IMG_7603.jpeg\",\"width\":1024,\"height\":768},{\"@type\":\"BreadcrumbList\",\"@id\":\"https:\\\/\\\/depagterinterieurs.nl\\\/fr\\\/collectie\\\/accessoires-pour-la-maison\\\/casier-a-vin-en-bois-8-bouteilles\\\/#breadcrumb\",\"itemListElement\":[{\"@type\":\"ListItem\",\"position\":1,\"name\":\"Home\",\"item\":\"https:\\\/\\\/depagterinterieurs.nl\\\/fr\\\/domicile\\\/\"},{\"@type\":\"ListItem\",\"position\":2,\"name\":\"Collection\",\"item\":\"https:\\\/\\\/depagterinterieurs.nl\\\/fr\\\/collection\\\/\"},{\"@type\":\"ListItem\",\"position\":3,\"name\":\"Casier \u00e0 Vin En Bois 8 Bouteilles\"}]},{\"@type\":\"WebSite\",\"@id\":\"https:\\\/\\\/depagterinterieurs.nl\\\/fr\\\/#website\",\"url\":\"https:\\\/\\\/depagterinterieurs.nl\\\/fr\\\/\",\"name\":\"De Pagter Interieurs\",\"description\":\"Woonwinkels in Middelburg - Domburg - Veere\",\"potentialAction\":[{\"@type\":\"SearchAction\",\"target\":{\"@type\":\"EntryPoint\",\"urlTemplate\":\"https:\\\/\\\/depagterinterieurs.nl\\\/fr\\\/?s={search_term_string}\"},\"query-input\":{\"@type\":\"PropertyValueSpecification\",\"valueRequired\":true,\"valueName\":\"search_term_string\"}}],\"inLanguage\":\"fr-FR\"}]}<\/script>\n<!-- \/ Yoast SEO plugin. -->","yoast_head_json":{"title":"Casier \u00e0 Vin En Bois 8 Bouteilles - De Pagter Interieurs","description":"Casier \u00e0 vin pouvant accueillir 8 bouteilles, en bois et m\u00e9tal.","robots":{"index":"index","follow":"follow","max-snippet":"max-snippet:-1","max-image-preview":"max-image-preview:large","max-video-preview":"max-video-preview:-1"},"canonical":"https:\/\/depagterinterieurs.nl\/fr\/collectie\/accessoires-pour-la-maison\/casier-a-vin-en-bois-8-bouteilles\/","og_locale":"fr_FR","og_type":"article","og_title":"Casier \u00e0 Vin En Bois 8 Bouteilles - De Pagter Interieurs","og_description":"Casier \u00e0 vin pouvant accueillir 8 bouteilles, en bois et m\u00e9tal.","og_url":"https:\/\/depagterinterieurs.nl\/fr\/collectie\/accessoires-pour-la-maison\/casier-a-vin-en-bois-8-bouteilles\/","og_site_name":"De Pagter Interieurs","article_publisher":"https:\/\/www.facebook.com\/depagterinterieurs\/","og_image":[{"width":1024,"height":768,"url":"https:\/\/depagterinterieurs.nl\/wp-content\/uploads\/2023\/05\/IMG_7603.jpeg","type":"image\/jpeg"}],"twitter_card":"summary_large_image","schema":{"@context":"https:\/\/schema.org","@graph":[{"@type":"WebPage","@id":"https:\/\/depagterinterieurs.nl\/fr\/collectie\/accessoires-pour-la-maison\/casier-a-vin-en-bois-8-bouteilles\/","url":"https:\/\/depagterinterieurs.nl\/fr\/collectie\/accessoires-pour-la-maison\/casier-a-vin-en-bois-8-bouteilles\/","name":"Casier \u00e0 Vin En Bois 8 Bouteilles - De Pagter Interieurs","isPartOf":{"@id":"https:\/\/depagterinterieurs.nl\/fr\/#website"},"primaryImageOfPage":{"@id":"https:\/\/depagterinterieurs.nl\/fr\/collectie\/accessoires-pour-la-maison\/casier-a-vin-en-bois-8-bouteilles\/#primaryimage"},"image":{"@id":"https:\/\/depagterinterieurs.nl\/fr\/collectie\/accessoires-pour-la-maison\/casier-a-vin-en-bois-8-bouteilles\/#primaryimage"},"thumbnailUrl":"https:\/\/depagterinterieurs.nl\/wp-content\/uploads\/2023\/05\/IMG_7603.jpeg","datePublished":"2024-06-03T06:59:24+00:00","description":"Casier \u00e0 vin pouvant accueillir 8 bouteilles, en bois et m\u00e9tal.","breadcrumb":{"@id":"https:\/\/depagterinterieurs.nl\/fr\/collectie\/accessoires-pour-la-maison\/casier-a-vin-en-bois-8-bouteilles\/#breadcrumb"},"inLanguage":"fr-FR","potentialAction":[{"@type":"ReadAction","target":["https:\/\/depagterinterieurs.nl\/fr\/collectie\/accessoires-pour-la-maison\/casier-a-vin-en-bois-8-bouteilles\/"]}]},{"@type":"ImageObject","inLanguage":"fr-FR","@id":"https:\/\/depagterinterieurs.nl\/fr\/collectie\/accessoires-pour-la-maison\/casier-a-vin-en-bois-8-bouteilles\/#primaryimage","url":"https:\/\/depagterinterieurs.nl\/wp-content\/uploads\/2023\/05\/IMG_7603.jpeg","contentUrl":"https:\/\/depagterinterieurs.nl\/wp-content\/uploads\/2023\/05\/IMG_7603.jpeg","width":1024,"height":768},{"@type":"BreadcrumbList","@id":"https:\/\/depagterinterieurs.nl\/fr\/collectie\/accessoires-pour-la-maison\/casier-a-vin-en-bois-8-bouteilles\/#breadcrumb","itemListElement":[{"@type":"ListItem","position":1,"name":"Home","item":"https:\/\/depagterinterieurs.nl\/fr\/domicile\/"},{"@type":"ListItem","position":2,"name":"Collection","item":"https:\/\/depagterinterieurs.nl\/fr\/collection\/"},{"@type":"ListItem","position":3,"name":"Casier \u00e0 Vin En Bois 8 Bouteilles"}]},{"@type":"WebSite","@id":"https:\/\/depagterinterieurs.nl\/fr\/#website","url":"https:\/\/depagterinterieurs.nl\/fr\/","name":"De Pagter Interieurs","description":"Woonwinkels in Middelburg - Domburg - Veere","potentialAction":[{"@type":"SearchAction","target":{"@type":"EntryPoint","urlTemplate":"https:\/\/depagterinterieurs.nl\/fr\/?s={search_term_string}"},"query-input":{"@type":"PropertyValueSpecification","valueRequired":true,"valueName":"search_term_string"}}],"inLanguage":"fr-FR"}]}},"_links":{"self":[{"href":"https:\/\/depagterinterieurs.nl\/fr\/wp-json\/wp\/v2\/product\/110644","targetHints":{"allow":["GET"]}}],"collection":[{"href":"https:\/\/depagterinterieurs.nl\/fr\/wp-json\/wp\/v2\/product"}],"about":[{"href":"https:\/\/depagterinterieurs.nl\/fr\/wp-json\/wp\/v2\/types\/product"}],"wp:featuredmedia":[{"embeddable":true,"href":"https:\/\/depagterinterieurs.nl\/fr\/wp-json\/wp\/v2\/media\/110645"}],"wp:attachment":[{"href":"https:\/\/depagterinterieurs.nl\/fr\/wp-json\/wp\/v2\/media?parent=110644"}],"wp:term":[{"taxonomy":"product_brand","embeddable":true,"href":"https:\/\/depagterinterieurs.nl\/fr\/wp-json\/wp\/v2\/product_brand?post=110644"},{"taxonomy":"product_cat","embeddable":true,"href":"https:\/\/depagterinterieurs.nl\/fr\/wp-json\/wp\/v2\/product_cat?post=110644"},{"taxonomy":"product_tag","embeddable":true,"href":"https:\/\/depagterinterieurs.nl\/fr\/wp-json\/wp\/v2\/product_tag?post=110644"}],"curies":[{"name":"wp","href":"https:\/\/api.w.org\/{rel}","templated":true}]}}