{"id":110987,"date":"2023-10-24T21:24:26","date_gmt":"2024-06-03T09:44:16","guid":{"rendered":"https:\/\/depagterinterieurs.nl\/collectie\/non class\u00e9\/enfilade-en-vieux-pin-zebre\/"},"modified":"2024-06-03T10:44:16","modified_gmt":"2024-06-03T09:44:16","slug":"enfilade-en-vieux-pin-zebre","status":"publish","type":"product","link":"https:\/\/depagterinterieurs.nl\/fr\/collectie\/armoires-commodes\/commodes\/enfilade-en-vieux-pin-zebre\/","title":{"rendered":"Enfilade En Vieux Pin &#8211; Z\u00e8bre"},"content":{"rendered":"","protected":false},"excerpt":{"rendered":"<p>Enfilade en pin ancien avec 6 portes peintes en imprim\u00e9 z\u00e8bre. \u00c9galement disponible dans d\u2019autres tailles.<\/p>\n","protected":false},"featured_media":110988,"template":"","meta":[],"product_brand":[],"product_cat":[1050,1052,1072,1042,1048,1060],"product_tag":[],"class_list":{"0":"post-110987","1":"product","2":"type-product","3":"status-publish","4":"has-post-thumbnail","6":"product_cat-armoires-commodes","7":"product_cat-commodes","8":"product_cat-de-pagter-interieurs-fr","9":"product_cat-marques","10":"product_cat-orme-vieux-pin","11":"product_cat-promo","13":"first","14":"instock","15":"sale","16":"shipping-taxable","17":"purchasable","18":"product-type-simple"},"yoast_head":"<!-- This site is optimized with the Yoast SEO plugin v27.3 - https:\/\/yoast.com\/product\/yoast-seo-wordpress\/ -->\n<title>Enfilade En Vieux Pin - Z\u00e8bre - De Pagter Interieurs<\/title>\n<meta name=\"description\" content=\"Enfilade en pin ancien avec 6 portes peintes en imprim\u00e9 z\u00e8bre. \u00c9galement disponible dans d\u2019autres tailles.\" \/>\n<meta name=\"robots\" content=\"index, follow, max-snippet:-1, max-image-preview:large, max-video-preview:-1\" \/>\n<link rel=\"canonical\" href=\"https:\/\/depagterinterieurs.nl\/fr\/collectie\/armoires-commodes\/commodes\/enfilade-en-vieux-pin-zebre\/\" \/>\n<meta property=\"og:locale\" content=\"fr_FR\" \/>\n<meta property=\"og:type\" content=\"article\" \/>\n<meta property=\"og:title\" content=\"Enfilade En Vieux Pin - Z\u00e8bre - De Pagter Interieurs\" \/>\n<meta property=\"og:description\" content=\"Enfilade en pin ancien avec 6 portes peintes en imprim\u00e9 z\u00e8bre. \u00c9galement disponible dans d\u2019autres tailles.\" \/>\n<meta property=\"og:url\" content=\"https:\/\/depagterinterieurs.nl\/fr\/collectie\/armoires-commodes\/commodes\/enfilade-en-vieux-pin-zebre\/\" \/>\n<meta property=\"og:site_name\" content=\"De Pagter Interieurs\" \/>\n<meta property=\"article:publisher\" content=\"https:\/\/www.facebook.com\/depagterinterieurs\/\" \/>\n<meta property=\"og:image\" content=\"https:\/\/depagterinterieurs.nl\/wp-content\/uploads\/2023\/10\/IMG_0350.jpeg\" \/>\n\t<meta property=\"og:image:width\" content=\"1024\" \/>\n\t<meta property=\"og:image:height\" content=\"768\" \/>\n\t<meta property=\"og:image:type\" content=\"image\/jpeg\" \/>\n<meta name=\"twitter:card\" content=\"summary_large_image\" \/>\n<script type=\"application\/ld+json\" class=\"yoast-schema-graph\">{\"@context\":\"https:\\\/\\\/schema.org\",\"@graph\":[{\"@type\":\"WebPage\",\"@id\":\"https:\\\/\\\/depagterinterieurs.nl\\\/fr\\\/collectie\\\/armoires-commodes\\\/commodes\\\/enfilade-en-vieux-pin-zebre\\\/\",\"url\":\"https:\\\/\\\/depagterinterieurs.nl\\\/fr\\\/collectie\\\/armoires-commodes\\\/commodes\\\/enfilade-en-vieux-pin-zebre\\\/\",\"name\":\"Enfilade En Vieux Pin - Z\u00e8bre - De Pagter Interieurs\",\"isPartOf\":{\"@id\":\"https:\\\/\\\/depagterinterieurs.nl\\\/fr\\\/#website\"},\"primaryImageOfPage\":{\"@id\":\"https:\\\/\\\/depagterinterieurs.nl\\\/fr\\\/collectie\\\/armoires-commodes\\\/commodes\\\/enfilade-en-vieux-pin-zebre\\\/#primaryimage\"},\"image\":{\"@id\":\"https:\\\/\\\/depagterinterieurs.nl\\\/fr\\\/collectie\\\/armoires-commodes\\\/commodes\\\/enfilade-en-vieux-pin-zebre\\\/#primaryimage\"},\"thumbnailUrl\":\"https:\\\/\\\/depagterinterieurs.nl\\\/wp-content\\\/uploads\\\/2023\\\/10\\\/IMG_0350.jpeg\",\"datePublished\":\"2024-06-03T09:44:16+00:00\",\"description\":\"Enfilade en pin ancien avec 6 portes peintes en imprim\u00e9 z\u00e8bre. \u00c9galement disponible dans d\u2019autres tailles.\",\"breadcrumb\":{\"@id\":\"https:\\\/\\\/depagterinterieurs.nl\\\/fr\\\/collectie\\\/armoires-commodes\\\/commodes\\\/enfilade-en-vieux-pin-zebre\\\/#breadcrumb\"},\"inLanguage\":\"fr-FR\",\"potentialAction\":[{\"@type\":\"ReadAction\",\"target\":[\"https:\\\/\\\/depagterinterieurs.nl\\\/fr\\\/collectie\\\/armoires-commodes\\\/commodes\\\/enfilade-en-vieux-pin-zebre\\\/\"]}]},{\"@type\":\"ImageObject\",\"inLanguage\":\"fr-FR\",\"@id\":\"https:\\\/\\\/depagterinterieurs.nl\\\/fr\\\/collectie\\\/armoires-commodes\\\/commodes\\\/enfilade-en-vieux-pin-zebre\\\/#primaryimage\",\"url\":\"https:\\\/\\\/depagterinterieurs.nl\\\/wp-content\\\/uploads\\\/2023\\\/10\\\/IMG_0350.jpeg\",\"contentUrl\":\"https:\\\/\\\/depagterinterieurs.nl\\\/wp-content\\\/uploads\\\/2023\\\/10\\\/IMG_0350.jpeg\",\"width\":1024,\"height\":768},{\"@type\":\"BreadcrumbList\",\"@id\":\"https:\\\/\\\/depagterinterieurs.nl\\\/fr\\\/collectie\\\/armoires-commodes\\\/commodes\\\/enfilade-en-vieux-pin-zebre\\\/#breadcrumb\",\"itemListElement\":[{\"@type\":\"ListItem\",\"position\":1,\"name\":\"Home\",\"item\":\"https:\\\/\\\/depagterinterieurs.nl\\\/fr\\\/domicile\\\/\"},{\"@type\":\"ListItem\",\"position\":2,\"name\":\"Collection\",\"item\":\"https:\\\/\\\/depagterinterieurs.nl\\\/fr\\\/collection\\\/\"},{\"@type\":\"ListItem\",\"position\":3,\"name\":\"Enfilade En Vieux Pin &#8211; Z\u00e8bre\"}]},{\"@type\":\"WebSite\",\"@id\":\"https:\\\/\\\/depagterinterieurs.nl\\\/fr\\\/#website\",\"url\":\"https:\\\/\\\/depagterinterieurs.nl\\\/fr\\\/\",\"name\":\"De Pagter Interieurs\",\"description\":\"Woonwinkels in Middelburg - Domburg - Veere\",\"potentialAction\":[{\"@type\":\"SearchAction\",\"target\":{\"@type\":\"EntryPoint\",\"urlTemplate\":\"https:\\\/\\\/depagterinterieurs.nl\\\/fr\\\/?s={search_term_string}\"},\"query-input\":{\"@type\":\"PropertyValueSpecification\",\"valueRequired\":true,\"valueName\":\"search_term_string\"}}],\"inLanguage\":\"fr-FR\"}]}<\/script>\n<!-- \/ Yoast SEO plugin. -->","yoast_head_json":{"title":"Enfilade En Vieux Pin - Z\u00e8bre - De Pagter Interieurs","description":"Enfilade en pin ancien avec 6 portes peintes en imprim\u00e9 z\u00e8bre. \u00c9galement disponible dans d\u2019autres tailles.","robots":{"index":"index","follow":"follow","max-snippet":"max-snippet:-1","max-image-preview":"max-image-preview:large","max-video-preview":"max-video-preview:-1"},"canonical":"https:\/\/depagterinterieurs.nl\/fr\/collectie\/armoires-commodes\/commodes\/enfilade-en-vieux-pin-zebre\/","og_locale":"fr_FR","og_type":"article","og_title":"Enfilade En Vieux Pin - Z\u00e8bre - De Pagter Interieurs","og_description":"Enfilade en pin ancien avec 6 portes peintes en imprim\u00e9 z\u00e8bre. \u00c9galement disponible dans d\u2019autres tailles.","og_url":"https:\/\/depagterinterieurs.nl\/fr\/collectie\/armoires-commodes\/commodes\/enfilade-en-vieux-pin-zebre\/","og_site_name":"De Pagter Interieurs","article_publisher":"https:\/\/www.facebook.com\/depagterinterieurs\/","og_image":[{"width":1024,"height":768,"url":"https:\/\/depagterinterieurs.nl\/wp-content\/uploads\/2023\/10\/IMG_0350.jpeg","type":"image\/jpeg"}],"twitter_card":"summary_large_image","schema":{"@context":"https:\/\/schema.org","@graph":[{"@type":"WebPage","@id":"https:\/\/depagterinterieurs.nl\/fr\/collectie\/armoires-commodes\/commodes\/enfilade-en-vieux-pin-zebre\/","url":"https:\/\/depagterinterieurs.nl\/fr\/collectie\/armoires-commodes\/commodes\/enfilade-en-vieux-pin-zebre\/","name":"Enfilade En Vieux Pin - Z\u00e8bre - De Pagter Interieurs","isPartOf":{"@id":"https:\/\/depagterinterieurs.nl\/fr\/#website"},"primaryImageOfPage":{"@id":"https:\/\/depagterinterieurs.nl\/fr\/collectie\/armoires-commodes\/commodes\/enfilade-en-vieux-pin-zebre\/#primaryimage"},"image":{"@id":"https:\/\/depagterinterieurs.nl\/fr\/collectie\/armoires-commodes\/commodes\/enfilade-en-vieux-pin-zebre\/#primaryimage"},"thumbnailUrl":"https:\/\/depagterinterieurs.nl\/wp-content\/uploads\/2023\/10\/IMG_0350.jpeg","datePublished":"2024-06-03T09:44:16+00:00","description":"Enfilade en pin ancien avec 6 portes peintes en imprim\u00e9 z\u00e8bre. \u00c9galement disponible dans d\u2019autres tailles.","breadcrumb":{"@id":"https:\/\/depagterinterieurs.nl\/fr\/collectie\/armoires-commodes\/commodes\/enfilade-en-vieux-pin-zebre\/#breadcrumb"},"inLanguage":"fr-FR","potentialAction":[{"@type":"ReadAction","target":["https:\/\/depagterinterieurs.nl\/fr\/collectie\/armoires-commodes\/commodes\/enfilade-en-vieux-pin-zebre\/"]}]},{"@type":"ImageObject","inLanguage":"fr-FR","@id":"https:\/\/depagterinterieurs.nl\/fr\/collectie\/armoires-commodes\/commodes\/enfilade-en-vieux-pin-zebre\/#primaryimage","url":"https:\/\/depagterinterieurs.nl\/wp-content\/uploads\/2023\/10\/IMG_0350.jpeg","contentUrl":"https:\/\/depagterinterieurs.nl\/wp-content\/uploads\/2023\/10\/IMG_0350.jpeg","width":1024,"height":768},{"@type":"BreadcrumbList","@id":"https:\/\/depagterinterieurs.nl\/fr\/collectie\/armoires-commodes\/commodes\/enfilade-en-vieux-pin-zebre\/#breadcrumb","itemListElement":[{"@type":"ListItem","position":1,"name":"Home","item":"https:\/\/depagterinterieurs.nl\/fr\/domicile\/"},{"@type":"ListItem","position":2,"name":"Collection","item":"https:\/\/depagterinterieurs.nl\/fr\/collection\/"},{"@type":"ListItem","position":3,"name":"Enfilade En Vieux Pin &#8211; Z\u00e8bre"}]},{"@type":"WebSite","@id":"https:\/\/depagterinterieurs.nl\/fr\/#website","url":"https:\/\/depagterinterieurs.nl\/fr\/","name":"De Pagter Interieurs","description":"Woonwinkels in Middelburg - Domburg - Veere","potentialAction":[{"@type":"SearchAction","target":{"@type":"EntryPoint","urlTemplate":"https:\/\/depagterinterieurs.nl\/fr\/?s={search_term_string}"},"query-input":{"@type":"PropertyValueSpecification","valueRequired":true,"valueName":"search_term_string"}}],"inLanguage":"fr-FR"}]}},"_links":{"self":[{"href":"https:\/\/depagterinterieurs.nl\/fr\/wp-json\/wp\/v2\/product\/110987","targetHints":{"allow":["GET"]}}],"collection":[{"href":"https:\/\/depagterinterieurs.nl\/fr\/wp-json\/wp\/v2\/product"}],"about":[{"href":"https:\/\/depagterinterieurs.nl\/fr\/wp-json\/wp\/v2\/types\/product"}],"wp:featuredmedia":[{"embeddable":true,"href":"https:\/\/depagterinterieurs.nl\/fr\/wp-json\/wp\/v2\/media\/110988"}],"wp:attachment":[{"href":"https:\/\/depagterinterieurs.nl\/fr\/wp-json\/wp\/v2\/media?parent=110987"}],"wp:term":[{"taxonomy":"product_brand","embeddable":true,"href":"https:\/\/depagterinterieurs.nl\/fr\/wp-json\/wp\/v2\/product_brand?post=110987"},{"taxonomy":"product_cat","embeddable":true,"href":"https:\/\/depagterinterieurs.nl\/fr\/wp-json\/wp\/v2\/product_cat?post=110987"},{"taxonomy":"product_tag","embeddable":true,"href":"https:\/\/depagterinterieurs.nl\/fr\/wp-json\/wp\/v2\/product_tag?post=110987"}],"curies":[{"name":"wp","href":"https:\/\/api.w.org\/{rel}","templated":true}]}}