{"id":111174,"date":"2023-11-16T21:12:05","date_gmt":"2024-06-03T11:34:58","guid":{"rendered":"https:\/\/depagterinterieurs.nl\/collectie\/non class\u00e9\/porte-manteau-varadero\/"},"modified":"2024-06-03T12:34:58","modified_gmt":"2024-06-03T11:34:58","slug":"porte-manteau-varadero","status":"publish","type":"product","link":"https:\/\/depagterinterieurs.nl\/fr\/collectie\/meubles-divers\/porte-manteau-varadero\/","title":{"rendered":"Porte-Manteau Varadero"},"content":{"rendered":"","protected":false},"excerpt":{"rendered":"<p>Le porte-manteau Varadero rappelle les porte-bagages nostalgiques. Ce porte-manteau mural de style vintage comprend un miroir r\u00e9glable, 4 crochets pour suspendre des manteaux et des manteaux, et une \u00e9tag\u00e8re sup\u00e9rieure pour les gants, les chapeaux et autres.<\/p>\n","protected":false},"featured_media":111175,"template":"","meta":[],"product_brand":[],"product_cat":[1047],"product_tag":[],"class_list":{"0":"post-111174","1":"product","2":"type-product","3":"status-publish","4":"has-post-thumbnail","6":"product_cat-meubles-divers","8":"first","9":"instock","10":"shipping-taxable","11":"purchasable","12":"product-type-simple"},"yoast_head":"<!-- This site is optimized with the Yoast SEO plugin v27.3 - https:\/\/yoast.com\/product\/yoast-seo-wordpress\/ -->\n<title>Porte-Manteau Varadero - De Pagter Interieurs<\/title>\n<meta name=\"description\" content=\"Le porte-manteau Varadero rappelle les porte-bagages nostalgiques. Ce porte-manteau mural de style vintage comprend un miroir r\u00e9glable, 4 crochets pour suspendre des manteaux et des manteaux, et une \u00e9tag\u00e8re sup\u00e9rieure pour les gants, les chapeaux et autres.\" \/>\n<meta name=\"robots\" content=\"index, follow, max-snippet:-1, max-image-preview:large, max-video-preview:-1\" \/>\n<link rel=\"canonical\" href=\"https:\/\/depagterinterieurs.nl\/fr\/collectie\/meubles-divers\/porte-manteau-varadero\/\" \/>\n<meta property=\"og:locale\" content=\"fr_FR\" \/>\n<meta property=\"og:type\" content=\"article\" \/>\n<meta property=\"og:title\" content=\"Porte-Manteau Varadero - De Pagter Interieurs\" \/>\n<meta property=\"og:description\" content=\"Le porte-manteau Varadero rappelle les porte-bagages nostalgiques. Ce porte-manteau mural de style vintage comprend un miroir r\u00e9glable, 4 crochets pour suspendre des manteaux et des manteaux, et une \u00e9tag\u00e8re sup\u00e9rieure pour les gants, les chapeaux et autres.\" \/>\n<meta property=\"og:url\" content=\"https:\/\/depagterinterieurs.nl\/fr\/collectie\/meubles-divers\/porte-manteau-varadero\/\" \/>\n<meta property=\"og:site_name\" content=\"De Pagter Interieurs\" \/>\n<meta property=\"article:publisher\" content=\"https:\/\/www.facebook.com\/depagterinterieurs\/\" \/>\n<meta property=\"og:image\" content=\"https:\/\/depagterinterieurs.nl\/wp-content\/uploads\/2023\/11\/Coatrack-Varadero-1.jpeg\" \/>\n\t<meta property=\"og:image:width\" content=\"1200\" \/>\n\t<meta property=\"og:image:height\" content=\"1200\" \/>\n\t<meta property=\"og:image:type\" content=\"image\/jpeg\" \/>\n<meta name=\"twitter:card\" content=\"summary_large_image\" \/>\n<script type=\"application\/ld+json\" class=\"yoast-schema-graph\">{\"@context\":\"https:\\\/\\\/schema.org\",\"@graph\":[{\"@type\":\"WebPage\",\"@id\":\"https:\\\/\\\/depagterinterieurs.nl\\\/fr\\\/collectie\\\/meubles-divers\\\/porte-manteau-varadero\\\/\",\"url\":\"https:\\\/\\\/depagterinterieurs.nl\\\/fr\\\/collectie\\\/meubles-divers\\\/porte-manteau-varadero\\\/\",\"name\":\"Porte-Manteau Varadero - De Pagter Interieurs\",\"isPartOf\":{\"@id\":\"https:\\\/\\\/depagterinterieurs.nl\\\/fr\\\/#website\"},\"primaryImageOfPage\":{\"@id\":\"https:\\\/\\\/depagterinterieurs.nl\\\/fr\\\/collectie\\\/meubles-divers\\\/porte-manteau-varadero\\\/#primaryimage\"},\"image\":{\"@id\":\"https:\\\/\\\/depagterinterieurs.nl\\\/fr\\\/collectie\\\/meubles-divers\\\/porte-manteau-varadero\\\/#primaryimage\"},\"thumbnailUrl\":\"https:\\\/\\\/depagterinterieurs.nl\\\/wp-content\\\/uploads\\\/2023\\\/11\\\/Coatrack-Varadero-1.jpeg\",\"datePublished\":\"2024-06-03T11:34:58+00:00\",\"description\":\"Le porte-manteau Varadero rappelle les porte-bagages nostalgiques. Ce porte-manteau mural de style vintage comprend un miroir r\u00e9glable, 4 crochets pour suspendre des manteaux et des manteaux, et une \u00e9tag\u00e8re sup\u00e9rieure pour les gants, les chapeaux et autres.\",\"breadcrumb\":{\"@id\":\"https:\\\/\\\/depagterinterieurs.nl\\\/fr\\\/collectie\\\/meubles-divers\\\/porte-manteau-varadero\\\/#breadcrumb\"},\"inLanguage\":\"fr-FR\",\"potentialAction\":[{\"@type\":\"ReadAction\",\"target\":[\"https:\\\/\\\/depagterinterieurs.nl\\\/fr\\\/collectie\\\/meubles-divers\\\/porte-manteau-varadero\\\/\"]}]},{\"@type\":\"ImageObject\",\"inLanguage\":\"fr-FR\",\"@id\":\"https:\\\/\\\/depagterinterieurs.nl\\\/fr\\\/collectie\\\/meubles-divers\\\/porte-manteau-varadero\\\/#primaryimage\",\"url\":\"https:\\\/\\\/depagterinterieurs.nl\\\/wp-content\\\/uploads\\\/2023\\\/11\\\/Coatrack-Varadero-1.jpeg\",\"contentUrl\":\"https:\\\/\\\/depagterinterieurs.nl\\\/wp-content\\\/uploads\\\/2023\\\/11\\\/Coatrack-Varadero-1.jpeg\",\"width\":1200,\"height\":1200},{\"@type\":\"BreadcrumbList\",\"@id\":\"https:\\\/\\\/depagterinterieurs.nl\\\/fr\\\/collectie\\\/meubles-divers\\\/porte-manteau-varadero\\\/#breadcrumb\",\"itemListElement\":[{\"@type\":\"ListItem\",\"position\":1,\"name\":\"Home\",\"item\":\"https:\\\/\\\/depagterinterieurs.nl\\\/fr\\\/domicile\\\/\"},{\"@type\":\"ListItem\",\"position\":2,\"name\":\"Collection\",\"item\":\"https:\\\/\\\/depagterinterieurs.nl\\\/fr\\\/collection\\\/\"},{\"@type\":\"ListItem\",\"position\":3,\"name\":\"Porte-Manteau Varadero\"}]},{\"@type\":\"WebSite\",\"@id\":\"https:\\\/\\\/depagterinterieurs.nl\\\/fr\\\/#website\",\"url\":\"https:\\\/\\\/depagterinterieurs.nl\\\/fr\\\/\",\"name\":\"De Pagter Interieurs\",\"description\":\"Woonwinkels in Middelburg - Domburg - Veere\",\"potentialAction\":[{\"@type\":\"SearchAction\",\"target\":{\"@type\":\"EntryPoint\",\"urlTemplate\":\"https:\\\/\\\/depagterinterieurs.nl\\\/fr\\\/?s={search_term_string}\"},\"query-input\":{\"@type\":\"PropertyValueSpecification\",\"valueRequired\":true,\"valueName\":\"search_term_string\"}}],\"inLanguage\":\"fr-FR\"}]}<\/script>\n<!-- \/ Yoast SEO plugin. -->","yoast_head_json":{"title":"Porte-Manteau Varadero - De Pagter Interieurs","description":"Le porte-manteau Varadero rappelle les porte-bagages nostalgiques. Ce porte-manteau mural de style vintage comprend un miroir r\u00e9glable, 4 crochets pour suspendre des manteaux et des manteaux, et une \u00e9tag\u00e8re sup\u00e9rieure pour les gants, les chapeaux et autres.","robots":{"index":"index","follow":"follow","max-snippet":"max-snippet:-1","max-image-preview":"max-image-preview:large","max-video-preview":"max-video-preview:-1"},"canonical":"https:\/\/depagterinterieurs.nl\/fr\/collectie\/meubles-divers\/porte-manteau-varadero\/","og_locale":"fr_FR","og_type":"article","og_title":"Porte-Manteau Varadero - De Pagter Interieurs","og_description":"Le porte-manteau Varadero rappelle les porte-bagages nostalgiques. Ce porte-manteau mural de style vintage comprend un miroir r\u00e9glable, 4 crochets pour suspendre des manteaux et des manteaux, et une \u00e9tag\u00e8re sup\u00e9rieure pour les gants, les chapeaux et autres.","og_url":"https:\/\/depagterinterieurs.nl\/fr\/collectie\/meubles-divers\/porte-manteau-varadero\/","og_site_name":"De Pagter Interieurs","article_publisher":"https:\/\/www.facebook.com\/depagterinterieurs\/","og_image":[{"width":1200,"height":1200,"url":"https:\/\/depagterinterieurs.nl\/wp-content\/uploads\/2023\/11\/Coatrack-Varadero-1.jpeg","type":"image\/jpeg"}],"twitter_card":"summary_large_image","schema":{"@context":"https:\/\/schema.org","@graph":[{"@type":"WebPage","@id":"https:\/\/depagterinterieurs.nl\/fr\/collectie\/meubles-divers\/porte-manteau-varadero\/","url":"https:\/\/depagterinterieurs.nl\/fr\/collectie\/meubles-divers\/porte-manteau-varadero\/","name":"Porte-Manteau Varadero - De Pagter Interieurs","isPartOf":{"@id":"https:\/\/depagterinterieurs.nl\/fr\/#website"},"primaryImageOfPage":{"@id":"https:\/\/depagterinterieurs.nl\/fr\/collectie\/meubles-divers\/porte-manteau-varadero\/#primaryimage"},"image":{"@id":"https:\/\/depagterinterieurs.nl\/fr\/collectie\/meubles-divers\/porte-manteau-varadero\/#primaryimage"},"thumbnailUrl":"https:\/\/depagterinterieurs.nl\/wp-content\/uploads\/2023\/11\/Coatrack-Varadero-1.jpeg","datePublished":"2024-06-03T11:34:58+00:00","description":"Le porte-manteau Varadero rappelle les porte-bagages nostalgiques. Ce porte-manteau mural de style vintage comprend un miroir r\u00e9glable, 4 crochets pour suspendre des manteaux et des manteaux, et une \u00e9tag\u00e8re sup\u00e9rieure pour les gants, les chapeaux et autres.","breadcrumb":{"@id":"https:\/\/depagterinterieurs.nl\/fr\/collectie\/meubles-divers\/porte-manteau-varadero\/#breadcrumb"},"inLanguage":"fr-FR","potentialAction":[{"@type":"ReadAction","target":["https:\/\/depagterinterieurs.nl\/fr\/collectie\/meubles-divers\/porte-manteau-varadero\/"]}]},{"@type":"ImageObject","inLanguage":"fr-FR","@id":"https:\/\/depagterinterieurs.nl\/fr\/collectie\/meubles-divers\/porte-manteau-varadero\/#primaryimage","url":"https:\/\/depagterinterieurs.nl\/wp-content\/uploads\/2023\/11\/Coatrack-Varadero-1.jpeg","contentUrl":"https:\/\/depagterinterieurs.nl\/wp-content\/uploads\/2023\/11\/Coatrack-Varadero-1.jpeg","width":1200,"height":1200},{"@type":"BreadcrumbList","@id":"https:\/\/depagterinterieurs.nl\/fr\/collectie\/meubles-divers\/porte-manteau-varadero\/#breadcrumb","itemListElement":[{"@type":"ListItem","position":1,"name":"Home","item":"https:\/\/depagterinterieurs.nl\/fr\/domicile\/"},{"@type":"ListItem","position":2,"name":"Collection","item":"https:\/\/depagterinterieurs.nl\/fr\/collection\/"},{"@type":"ListItem","position":3,"name":"Porte-Manteau Varadero"}]},{"@type":"WebSite","@id":"https:\/\/depagterinterieurs.nl\/fr\/#website","url":"https:\/\/depagterinterieurs.nl\/fr\/","name":"De Pagter Interieurs","description":"Woonwinkels in Middelburg - Domburg - Veere","potentialAction":[{"@type":"SearchAction","target":{"@type":"EntryPoint","urlTemplate":"https:\/\/depagterinterieurs.nl\/fr\/?s={search_term_string}"},"query-input":{"@type":"PropertyValueSpecification","valueRequired":true,"valueName":"search_term_string"}}],"inLanguage":"fr-FR"}]}},"_links":{"self":[{"href":"https:\/\/depagterinterieurs.nl\/fr\/wp-json\/wp\/v2\/product\/111174","targetHints":{"allow":["GET"]}}],"collection":[{"href":"https:\/\/depagterinterieurs.nl\/fr\/wp-json\/wp\/v2\/product"}],"about":[{"href":"https:\/\/depagterinterieurs.nl\/fr\/wp-json\/wp\/v2\/types\/product"}],"wp:featuredmedia":[{"embeddable":true,"href":"https:\/\/depagterinterieurs.nl\/fr\/wp-json\/wp\/v2\/media\/111175"}],"wp:attachment":[{"href":"https:\/\/depagterinterieurs.nl\/fr\/wp-json\/wp\/v2\/media?parent=111174"}],"wp:term":[{"taxonomy":"product_brand","embeddable":true,"href":"https:\/\/depagterinterieurs.nl\/fr\/wp-json\/wp\/v2\/product_brand?post=111174"},{"taxonomy":"product_cat","embeddable":true,"href":"https:\/\/depagterinterieurs.nl\/fr\/wp-json\/wp\/v2\/product_cat?post=111174"},{"taxonomy":"product_tag","embeddable":true,"href":"https:\/\/depagterinterieurs.nl\/fr\/wp-json\/wp\/v2\/product_tag?post=111174"}],"curies":[{"name":"wp","href":"https:\/\/api.w.org\/{rel}","templated":true}]}}