{"id":111239,"date":"2023-12-06T15:50:33","date_gmt":"2024-06-03T11:40:54","guid":{"rendered":"https:\/\/depagterinterieurs.nl\/collectie\/non class\u00e9\/bar-table-expoxy-blue\/"},"modified":"2024-06-03T12:40:54","modified_gmt":"2024-06-03T11:40:54","slug":"bar-table-expoxy-blue","status":"publish","type":"product","link":"https:\/\/depagterinterieurs.nl\/fr\/collectie\/tables-fr\/tables-de-bar\/bar-table-expoxy-blue\/","title":{"rendered":"Bar Table Expoxy Blue"},"content":{"rendered":"","protected":false},"excerpt":{"rendered":"<p>Table de bar avec un plateau en bois dur et \u00e9poxy. La base de la table est en m\u00e9tal thermolaqu\u00e9 noir.<\/p>\n","protected":false},"featured_media":111240,"template":"","meta":[],"product_brand":[],"product_cat":[1063,1064],"product_tag":[],"class_list":{"0":"post-111239","1":"product","2":"type-product","3":"status-publish","4":"has-post-thumbnail","6":"product_cat-tables-fr","7":"product_cat-tables-de-bar","9":"first","10":"instock","11":"shipping-taxable","12":"purchasable","13":"product-type-simple"},"yoast_head":"<!-- This site is optimized with the Yoast SEO plugin v27.3 - https:\/\/yoast.com\/product\/yoast-seo-wordpress\/ -->\n<title>Bar Table Expoxy Blue - De Pagter Interieurs<\/title>\n<meta name=\"description\" content=\"Table de bar avec un plateau en bois dur et \u00e9poxy. La base de la table est en m\u00e9tal thermolaqu\u00e9 noir.\" \/>\n<meta name=\"robots\" content=\"index, follow, max-snippet:-1, max-image-preview:large, max-video-preview:-1\" \/>\n<link rel=\"canonical\" href=\"https:\/\/depagterinterieurs.nl\/fr\/collectie\/tables-fr\/tables-de-bar\/bar-table-expoxy-blue\/\" \/>\n<meta property=\"og:locale\" content=\"fr_FR\" \/>\n<meta property=\"og:type\" content=\"article\" \/>\n<meta property=\"og:title\" content=\"Bar Table Expoxy Blue - De Pagter Interieurs\" \/>\n<meta property=\"og:description\" content=\"Table de bar avec un plateau en bois dur et \u00e9poxy. La base de la table est en m\u00e9tal thermolaqu\u00e9 noir.\" \/>\n<meta property=\"og:url\" content=\"https:\/\/depagterinterieurs.nl\/fr\/collectie\/tables-fr\/tables-de-bar\/bar-table-expoxy-blue\/\" \/>\n<meta property=\"og:site_name\" content=\"De Pagter Interieurs\" \/>\n<meta property=\"article:publisher\" content=\"https:\/\/www.facebook.com\/depagterinterieurs\/\" \/>\n<meta property=\"og:image\" content=\"https:\/\/depagterinterieurs.nl\/wp-content\/uploads\/2023\/12\/IMG_1456.jpeg\" \/>\n\t<meta property=\"og:image:width\" content=\"1024\" \/>\n\t<meta property=\"og:image:height\" content=\"768\" \/>\n\t<meta property=\"og:image:type\" content=\"image\/jpeg\" \/>\n<meta name=\"twitter:card\" content=\"summary_large_image\" \/>\n<script type=\"application\/ld+json\" class=\"yoast-schema-graph\">{\"@context\":\"https:\\\/\\\/schema.org\",\"@graph\":[{\"@type\":\"WebPage\",\"@id\":\"https:\\\/\\\/depagterinterieurs.nl\\\/fr\\\/collectie\\\/tables-fr\\\/tables-de-bar\\\/bar-table-expoxy-blue\\\/\",\"url\":\"https:\\\/\\\/depagterinterieurs.nl\\\/fr\\\/collectie\\\/tables-fr\\\/tables-de-bar\\\/bar-table-expoxy-blue\\\/\",\"name\":\"Bar Table Expoxy Blue - De Pagter Interieurs\",\"isPartOf\":{\"@id\":\"https:\\\/\\\/depagterinterieurs.nl\\\/fr\\\/#website\"},\"primaryImageOfPage\":{\"@id\":\"https:\\\/\\\/depagterinterieurs.nl\\\/fr\\\/collectie\\\/tables-fr\\\/tables-de-bar\\\/bar-table-expoxy-blue\\\/#primaryimage\"},\"image\":{\"@id\":\"https:\\\/\\\/depagterinterieurs.nl\\\/fr\\\/collectie\\\/tables-fr\\\/tables-de-bar\\\/bar-table-expoxy-blue\\\/#primaryimage\"},\"thumbnailUrl\":\"https:\\\/\\\/depagterinterieurs.nl\\\/wp-content\\\/uploads\\\/2023\\\/12\\\/IMG_1456.jpeg\",\"datePublished\":\"2024-06-03T11:40:54+00:00\",\"description\":\"Table de bar avec un plateau en bois dur et \u00e9poxy. La base de la table est en m\u00e9tal thermolaqu\u00e9 noir.\",\"breadcrumb\":{\"@id\":\"https:\\\/\\\/depagterinterieurs.nl\\\/fr\\\/collectie\\\/tables-fr\\\/tables-de-bar\\\/bar-table-expoxy-blue\\\/#breadcrumb\"},\"inLanguage\":\"fr-FR\",\"potentialAction\":[{\"@type\":\"ReadAction\",\"target\":[\"https:\\\/\\\/depagterinterieurs.nl\\\/fr\\\/collectie\\\/tables-fr\\\/tables-de-bar\\\/bar-table-expoxy-blue\\\/\"]}]},{\"@type\":\"ImageObject\",\"inLanguage\":\"fr-FR\",\"@id\":\"https:\\\/\\\/depagterinterieurs.nl\\\/fr\\\/collectie\\\/tables-fr\\\/tables-de-bar\\\/bar-table-expoxy-blue\\\/#primaryimage\",\"url\":\"https:\\\/\\\/depagterinterieurs.nl\\\/wp-content\\\/uploads\\\/2023\\\/12\\\/IMG_1456.jpeg\",\"contentUrl\":\"https:\\\/\\\/depagterinterieurs.nl\\\/wp-content\\\/uploads\\\/2023\\\/12\\\/IMG_1456.jpeg\",\"width\":1024,\"height\":768},{\"@type\":\"BreadcrumbList\",\"@id\":\"https:\\\/\\\/depagterinterieurs.nl\\\/fr\\\/collectie\\\/tables-fr\\\/tables-de-bar\\\/bar-table-expoxy-blue\\\/#breadcrumb\",\"itemListElement\":[{\"@type\":\"ListItem\",\"position\":1,\"name\":\"Home\",\"item\":\"https:\\\/\\\/depagterinterieurs.nl\\\/fr\\\/domicile\\\/\"},{\"@type\":\"ListItem\",\"position\":2,\"name\":\"Collection\",\"item\":\"https:\\\/\\\/depagterinterieurs.nl\\\/fr\\\/collection\\\/\"},{\"@type\":\"ListItem\",\"position\":3,\"name\":\"Bar Table Expoxy Blue\"}]},{\"@type\":\"WebSite\",\"@id\":\"https:\\\/\\\/depagterinterieurs.nl\\\/fr\\\/#website\",\"url\":\"https:\\\/\\\/depagterinterieurs.nl\\\/fr\\\/\",\"name\":\"De Pagter Interieurs\",\"description\":\"Woonwinkels in Middelburg - Domburg - Veere\",\"potentialAction\":[{\"@type\":\"SearchAction\",\"target\":{\"@type\":\"EntryPoint\",\"urlTemplate\":\"https:\\\/\\\/depagterinterieurs.nl\\\/fr\\\/?s={search_term_string}\"},\"query-input\":{\"@type\":\"PropertyValueSpecification\",\"valueRequired\":true,\"valueName\":\"search_term_string\"}}],\"inLanguage\":\"fr-FR\"}]}<\/script>\n<!-- \/ Yoast SEO plugin. -->","yoast_head_json":{"title":"Bar Table Expoxy Blue - De Pagter Interieurs","description":"Table de bar avec un plateau en bois dur et \u00e9poxy. La base de la table est en m\u00e9tal thermolaqu\u00e9 noir.","robots":{"index":"index","follow":"follow","max-snippet":"max-snippet:-1","max-image-preview":"max-image-preview:large","max-video-preview":"max-video-preview:-1"},"canonical":"https:\/\/depagterinterieurs.nl\/fr\/collectie\/tables-fr\/tables-de-bar\/bar-table-expoxy-blue\/","og_locale":"fr_FR","og_type":"article","og_title":"Bar Table Expoxy Blue - De Pagter Interieurs","og_description":"Table de bar avec un plateau en bois dur et \u00e9poxy. La base de la table est en m\u00e9tal thermolaqu\u00e9 noir.","og_url":"https:\/\/depagterinterieurs.nl\/fr\/collectie\/tables-fr\/tables-de-bar\/bar-table-expoxy-blue\/","og_site_name":"De Pagter Interieurs","article_publisher":"https:\/\/www.facebook.com\/depagterinterieurs\/","og_image":[{"width":1024,"height":768,"url":"https:\/\/depagterinterieurs.nl\/wp-content\/uploads\/2023\/12\/IMG_1456.jpeg","type":"image\/jpeg"}],"twitter_card":"summary_large_image","schema":{"@context":"https:\/\/schema.org","@graph":[{"@type":"WebPage","@id":"https:\/\/depagterinterieurs.nl\/fr\/collectie\/tables-fr\/tables-de-bar\/bar-table-expoxy-blue\/","url":"https:\/\/depagterinterieurs.nl\/fr\/collectie\/tables-fr\/tables-de-bar\/bar-table-expoxy-blue\/","name":"Bar Table Expoxy Blue - De Pagter Interieurs","isPartOf":{"@id":"https:\/\/depagterinterieurs.nl\/fr\/#website"},"primaryImageOfPage":{"@id":"https:\/\/depagterinterieurs.nl\/fr\/collectie\/tables-fr\/tables-de-bar\/bar-table-expoxy-blue\/#primaryimage"},"image":{"@id":"https:\/\/depagterinterieurs.nl\/fr\/collectie\/tables-fr\/tables-de-bar\/bar-table-expoxy-blue\/#primaryimage"},"thumbnailUrl":"https:\/\/depagterinterieurs.nl\/wp-content\/uploads\/2023\/12\/IMG_1456.jpeg","datePublished":"2024-06-03T11:40:54+00:00","description":"Table de bar avec un plateau en bois dur et \u00e9poxy. La base de la table est en m\u00e9tal thermolaqu\u00e9 noir.","breadcrumb":{"@id":"https:\/\/depagterinterieurs.nl\/fr\/collectie\/tables-fr\/tables-de-bar\/bar-table-expoxy-blue\/#breadcrumb"},"inLanguage":"fr-FR","potentialAction":[{"@type":"ReadAction","target":["https:\/\/depagterinterieurs.nl\/fr\/collectie\/tables-fr\/tables-de-bar\/bar-table-expoxy-blue\/"]}]},{"@type":"ImageObject","inLanguage":"fr-FR","@id":"https:\/\/depagterinterieurs.nl\/fr\/collectie\/tables-fr\/tables-de-bar\/bar-table-expoxy-blue\/#primaryimage","url":"https:\/\/depagterinterieurs.nl\/wp-content\/uploads\/2023\/12\/IMG_1456.jpeg","contentUrl":"https:\/\/depagterinterieurs.nl\/wp-content\/uploads\/2023\/12\/IMG_1456.jpeg","width":1024,"height":768},{"@type":"BreadcrumbList","@id":"https:\/\/depagterinterieurs.nl\/fr\/collectie\/tables-fr\/tables-de-bar\/bar-table-expoxy-blue\/#breadcrumb","itemListElement":[{"@type":"ListItem","position":1,"name":"Home","item":"https:\/\/depagterinterieurs.nl\/fr\/domicile\/"},{"@type":"ListItem","position":2,"name":"Collection","item":"https:\/\/depagterinterieurs.nl\/fr\/collection\/"},{"@type":"ListItem","position":3,"name":"Bar Table Expoxy Blue"}]},{"@type":"WebSite","@id":"https:\/\/depagterinterieurs.nl\/fr\/#website","url":"https:\/\/depagterinterieurs.nl\/fr\/","name":"De Pagter Interieurs","description":"Woonwinkels in Middelburg - Domburg - Veere","potentialAction":[{"@type":"SearchAction","target":{"@type":"EntryPoint","urlTemplate":"https:\/\/depagterinterieurs.nl\/fr\/?s={search_term_string}"},"query-input":{"@type":"PropertyValueSpecification","valueRequired":true,"valueName":"search_term_string"}}],"inLanguage":"fr-FR"}]}},"_links":{"self":[{"href":"https:\/\/depagterinterieurs.nl\/fr\/wp-json\/wp\/v2\/product\/111239","targetHints":{"allow":["GET"]}}],"collection":[{"href":"https:\/\/depagterinterieurs.nl\/fr\/wp-json\/wp\/v2\/product"}],"about":[{"href":"https:\/\/depagterinterieurs.nl\/fr\/wp-json\/wp\/v2\/types\/product"}],"wp:featuredmedia":[{"embeddable":true,"href":"https:\/\/depagterinterieurs.nl\/fr\/wp-json\/wp\/v2\/media\/111240"}],"wp:attachment":[{"href":"https:\/\/depagterinterieurs.nl\/fr\/wp-json\/wp\/v2\/media?parent=111239"}],"wp:term":[{"taxonomy":"product_brand","embeddable":true,"href":"https:\/\/depagterinterieurs.nl\/fr\/wp-json\/wp\/v2\/product_brand?post=111239"},{"taxonomy":"product_cat","embeddable":true,"href":"https:\/\/depagterinterieurs.nl\/fr\/wp-json\/wp\/v2\/product_cat?post=111239"},{"taxonomy":"product_tag","embeddable":true,"href":"https:\/\/depagterinterieurs.nl\/fr\/wp-json\/wp\/v2\/product_tag?post=111239"}],"curies":[{"name":"wp","href":"https:\/\/api.w.org\/{rel}","templated":true}]}}