{"id":111380,"date":"2023-12-19T11:22:06","date_gmt":"2024-06-03T14:52:21","guid":{"rendered":"https:\/\/depagterinterieurs.nl\/collectie\/non class\u00e9\/placard-hennessey\/"},"modified":"2024-06-03T15:52:21","modified_gmt":"2024-06-03T14:52:21","slug":"placard-hennessey","status":"publish","type":"product","link":"https:\/\/depagterinterieurs.nl\/fr\/collectie\/armoires-commodes\/armoires-de-rangement\/placard-hennessey\/","title":{"rendered":"Placard Hennessey"},"content":{"rendered":"","protected":false},"excerpt":{"rendered":"<p>Armoire &#8216;Hennessey&#8217; de la marque Eichholtz. L\u2019armoire en ch\u00eane a des \u00e9tag\u00e8res en verre et un cadre en bronze.<\/p>\n","protected":false},"featured_media":111381,"template":"","meta":[],"product_brand":[],"product_cat":[1050,1053,1071,1042,1060],"product_tag":[],"class_list":{"0":"post-111380","1":"product","2":"type-product","3":"status-publish","4":"has-post-thumbnail","6":"product_cat-armoires-commodes","7":"product_cat-armoires-de-rangement","8":"product_cat-eichholtz","9":"product_cat-marques","10":"product_cat-promo","12":"first","13":"instock","14":"sale","15":"shipping-taxable","16":"purchasable","17":"product-type-simple"},"yoast_head":"<!-- This site is optimized with the Yoast SEO plugin v27.3 - https:\/\/yoast.com\/product\/yoast-seo-wordpress\/ -->\n<title>Placard Hennessey - De Pagter Interieurs<\/title>\n<meta name=\"description\" content=\"Armoire &#039;Hennessey&#039; de la marque Eichholtz. L\u2019armoire en ch\u00eane a des \u00e9tag\u00e8res en verre et un cadre en bronze.\" \/>\n<meta name=\"robots\" content=\"index, follow, max-snippet:-1, max-image-preview:large, max-video-preview:-1\" \/>\n<link rel=\"canonical\" href=\"https:\/\/depagterinterieurs.nl\/fr\/collectie\/armoires-commodes\/armoires-de-rangement\/placard-hennessey\/\" \/>\n<meta property=\"og:locale\" content=\"fr_FR\" \/>\n<meta property=\"og:type\" content=\"article\" \/>\n<meta property=\"og:title\" content=\"Placard Hennessey - De Pagter Interieurs\" \/>\n<meta property=\"og:description\" content=\"Armoire &#039;Hennessey&#039; de la marque Eichholtz. L\u2019armoire en ch\u00eane a des \u00e9tag\u00e8res en verre et un cadre en bronze.\" \/>\n<meta property=\"og:url\" content=\"https:\/\/depagterinterieurs.nl\/fr\/collectie\/armoires-commodes\/armoires-de-rangement\/placard-hennessey\/\" \/>\n<meta property=\"og:site_name\" content=\"De Pagter Interieurs\" \/>\n<meta property=\"article:publisher\" content=\"https:\/\/www.facebook.com\/depagterinterieurs\/\" \/>\n<meta property=\"og:image\" content=\"https:\/\/depagterinterieurs.nl\/wp-content\/uploads\/2023\/12\/IMG_1643.jpeg\" \/>\n\t<meta property=\"og:image:width\" content=\"1024\" \/>\n\t<meta property=\"og:image:height\" content=\"768\" \/>\n\t<meta property=\"og:image:type\" content=\"image\/jpeg\" \/>\n<meta name=\"twitter:card\" content=\"summary_large_image\" \/>\n<script type=\"application\/ld+json\" class=\"yoast-schema-graph\">{\"@context\":\"https:\\\/\\\/schema.org\",\"@graph\":[{\"@type\":\"WebPage\",\"@id\":\"https:\\\/\\\/depagterinterieurs.nl\\\/fr\\\/collectie\\\/armoires-commodes\\\/armoires-de-rangement\\\/placard-hennessey\\\/\",\"url\":\"https:\\\/\\\/depagterinterieurs.nl\\\/fr\\\/collectie\\\/armoires-commodes\\\/armoires-de-rangement\\\/placard-hennessey\\\/\",\"name\":\"Placard Hennessey - De Pagter Interieurs\",\"isPartOf\":{\"@id\":\"https:\\\/\\\/depagterinterieurs.nl\\\/fr\\\/#website\"},\"primaryImageOfPage\":{\"@id\":\"https:\\\/\\\/depagterinterieurs.nl\\\/fr\\\/collectie\\\/armoires-commodes\\\/armoires-de-rangement\\\/placard-hennessey\\\/#primaryimage\"},\"image\":{\"@id\":\"https:\\\/\\\/depagterinterieurs.nl\\\/fr\\\/collectie\\\/armoires-commodes\\\/armoires-de-rangement\\\/placard-hennessey\\\/#primaryimage\"},\"thumbnailUrl\":\"https:\\\/\\\/depagterinterieurs.nl\\\/wp-content\\\/uploads\\\/2023\\\/12\\\/IMG_1643.jpeg\",\"datePublished\":\"2024-06-03T14:52:21+00:00\",\"description\":\"Armoire 'Hennessey' de la marque Eichholtz. L\u2019armoire en ch\u00eane a des \u00e9tag\u00e8res en verre et un cadre en bronze.\",\"breadcrumb\":{\"@id\":\"https:\\\/\\\/depagterinterieurs.nl\\\/fr\\\/collectie\\\/armoires-commodes\\\/armoires-de-rangement\\\/placard-hennessey\\\/#breadcrumb\"},\"inLanguage\":\"fr-FR\",\"potentialAction\":[{\"@type\":\"ReadAction\",\"target\":[\"https:\\\/\\\/depagterinterieurs.nl\\\/fr\\\/collectie\\\/armoires-commodes\\\/armoires-de-rangement\\\/placard-hennessey\\\/\"]}]},{\"@type\":\"ImageObject\",\"inLanguage\":\"fr-FR\",\"@id\":\"https:\\\/\\\/depagterinterieurs.nl\\\/fr\\\/collectie\\\/armoires-commodes\\\/armoires-de-rangement\\\/placard-hennessey\\\/#primaryimage\",\"url\":\"https:\\\/\\\/depagterinterieurs.nl\\\/wp-content\\\/uploads\\\/2023\\\/12\\\/IMG_1643.jpeg\",\"contentUrl\":\"https:\\\/\\\/depagterinterieurs.nl\\\/wp-content\\\/uploads\\\/2023\\\/12\\\/IMG_1643.jpeg\",\"width\":1024,\"height\":768},{\"@type\":\"BreadcrumbList\",\"@id\":\"https:\\\/\\\/depagterinterieurs.nl\\\/fr\\\/collectie\\\/armoires-commodes\\\/armoires-de-rangement\\\/placard-hennessey\\\/#breadcrumb\",\"itemListElement\":[{\"@type\":\"ListItem\",\"position\":1,\"name\":\"Home\",\"item\":\"https:\\\/\\\/depagterinterieurs.nl\\\/fr\\\/domicile\\\/\"},{\"@type\":\"ListItem\",\"position\":2,\"name\":\"Collection\",\"item\":\"https:\\\/\\\/depagterinterieurs.nl\\\/fr\\\/collection\\\/\"},{\"@type\":\"ListItem\",\"position\":3,\"name\":\"Placard Hennessey\"}]},{\"@type\":\"WebSite\",\"@id\":\"https:\\\/\\\/depagterinterieurs.nl\\\/fr\\\/#website\",\"url\":\"https:\\\/\\\/depagterinterieurs.nl\\\/fr\\\/\",\"name\":\"De Pagter Interieurs\",\"description\":\"Woonwinkels in Middelburg - Domburg - Veere\",\"potentialAction\":[{\"@type\":\"SearchAction\",\"target\":{\"@type\":\"EntryPoint\",\"urlTemplate\":\"https:\\\/\\\/depagterinterieurs.nl\\\/fr\\\/?s={search_term_string}\"},\"query-input\":{\"@type\":\"PropertyValueSpecification\",\"valueRequired\":true,\"valueName\":\"search_term_string\"}}],\"inLanguage\":\"fr-FR\"}]}<\/script>\n<!-- \/ Yoast SEO plugin. -->","yoast_head_json":{"title":"Placard Hennessey - De Pagter Interieurs","description":"Armoire 'Hennessey' de la marque Eichholtz. L\u2019armoire en ch\u00eane a des \u00e9tag\u00e8res en verre et un cadre en bronze.","robots":{"index":"index","follow":"follow","max-snippet":"max-snippet:-1","max-image-preview":"max-image-preview:large","max-video-preview":"max-video-preview:-1"},"canonical":"https:\/\/depagterinterieurs.nl\/fr\/collectie\/armoires-commodes\/armoires-de-rangement\/placard-hennessey\/","og_locale":"fr_FR","og_type":"article","og_title":"Placard Hennessey - De Pagter Interieurs","og_description":"Armoire 'Hennessey' de la marque Eichholtz. L\u2019armoire en ch\u00eane a des \u00e9tag\u00e8res en verre et un cadre en bronze.","og_url":"https:\/\/depagterinterieurs.nl\/fr\/collectie\/armoires-commodes\/armoires-de-rangement\/placard-hennessey\/","og_site_name":"De Pagter Interieurs","article_publisher":"https:\/\/www.facebook.com\/depagterinterieurs\/","og_image":[{"width":1024,"height":768,"url":"https:\/\/depagterinterieurs.nl\/wp-content\/uploads\/2023\/12\/IMG_1643.jpeg","type":"image\/jpeg"}],"twitter_card":"summary_large_image","schema":{"@context":"https:\/\/schema.org","@graph":[{"@type":"WebPage","@id":"https:\/\/depagterinterieurs.nl\/fr\/collectie\/armoires-commodes\/armoires-de-rangement\/placard-hennessey\/","url":"https:\/\/depagterinterieurs.nl\/fr\/collectie\/armoires-commodes\/armoires-de-rangement\/placard-hennessey\/","name":"Placard Hennessey - De Pagter Interieurs","isPartOf":{"@id":"https:\/\/depagterinterieurs.nl\/fr\/#website"},"primaryImageOfPage":{"@id":"https:\/\/depagterinterieurs.nl\/fr\/collectie\/armoires-commodes\/armoires-de-rangement\/placard-hennessey\/#primaryimage"},"image":{"@id":"https:\/\/depagterinterieurs.nl\/fr\/collectie\/armoires-commodes\/armoires-de-rangement\/placard-hennessey\/#primaryimage"},"thumbnailUrl":"https:\/\/depagterinterieurs.nl\/wp-content\/uploads\/2023\/12\/IMG_1643.jpeg","datePublished":"2024-06-03T14:52:21+00:00","description":"Armoire 'Hennessey' de la marque Eichholtz. L\u2019armoire en ch\u00eane a des \u00e9tag\u00e8res en verre et un cadre en bronze.","breadcrumb":{"@id":"https:\/\/depagterinterieurs.nl\/fr\/collectie\/armoires-commodes\/armoires-de-rangement\/placard-hennessey\/#breadcrumb"},"inLanguage":"fr-FR","potentialAction":[{"@type":"ReadAction","target":["https:\/\/depagterinterieurs.nl\/fr\/collectie\/armoires-commodes\/armoires-de-rangement\/placard-hennessey\/"]}]},{"@type":"ImageObject","inLanguage":"fr-FR","@id":"https:\/\/depagterinterieurs.nl\/fr\/collectie\/armoires-commodes\/armoires-de-rangement\/placard-hennessey\/#primaryimage","url":"https:\/\/depagterinterieurs.nl\/wp-content\/uploads\/2023\/12\/IMG_1643.jpeg","contentUrl":"https:\/\/depagterinterieurs.nl\/wp-content\/uploads\/2023\/12\/IMG_1643.jpeg","width":1024,"height":768},{"@type":"BreadcrumbList","@id":"https:\/\/depagterinterieurs.nl\/fr\/collectie\/armoires-commodes\/armoires-de-rangement\/placard-hennessey\/#breadcrumb","itemListElement":[{"@type":"ListItem","position":1,"name":"Home","item":"https:\/\/depagterinterieurs.nl\/fr\/domicile\/"},{"@type":"ListItem","position":2,"name":"Collection","item":"https:\/\/depagterinterieurs.nl\/fr\/collection\/"},{"@type":"ListItem","position":3,"name":"Placard Hennessey"}]},{"@type":"WebSite","@id":"https:\/\/depagterinterieurs.nl\/fr\/#website","url":"https:\/\/depagterinterieurs.nl\/fr\/","name":"De Pagter Interieurs","description":"Woonwinkels in Middelburg - Domburg - Veere","potentialAction":[{"@type":"SearchAction","target":{"@type":"EntryPoint","urlTemplate":"https:\/\/depagterinterieurs.nl\/fr\/?s={search_term_string}"},"query-input":{"@type":"PropertyValueSpecification","valueRequired":true,"valueName":"search_term_string"}}],"inLanguage":"fr-FR"}]}},"_links":{"self":[{"href":"https:\/\/depagterinterieurs.nl\/fr\/wp-json\/wp\/v2\/product\/111380","targetHints":{"allow":["GET"]}}],"collection":[{"href":"https:\/\/depagterinterieurs.nl\/fr\/wp-json\/wp\/v2\/product"}],"about":[{"href":"https:\/\/depagterinterieurs.nl\/fr\/wp-json\/wp\/v2\/types\/product"}],"wp:featuredmedia":[{"embeddable":true,"href":"https:\/\/depagterinterieurs.nl\/fr\/wp-json\/wp\/v2\/media\/111381"}],"wp:attachment":[{"href":"https:\/\/depagterinterieurs.nl\/fr\/wp-json\/wp\/v2\/media?parent=111380"}],"wp:term":[{"taxonomy":"product_brand","embeddable":true,"href":"https:\/\/depagterinterieurs.nl\/fr\/wp-json\/wp\/v2\/product_brand?post=111380"},{"taxonomy":"product_cat","embeddable":true,"href":"https:\/\/depagterinterieurs.nl\/fr\/wp-json\/wp\/v2\/product_cat?post=111380"},{"taxonomy":"product_tag","embeddable":true,"href":"https:\/\/depagterinterieurs.nl\/fr\/wp-json\/wp\/v2\/product_tag?post=111380"}],"curies":[{"name":"wp","href":"https:\/\/api.w.org\/{rel}","templated":true}]}}