{"id":112825,"date":"2024-04-16T16:09:28","date_gmt":"2024-06-11T07:13:34","guid":{"rendered":"https:\/\/depagterinterieurs.nl\/collectie\/non%20class\u00e9\/table-de-maquette-de-bateau-santos\/"},"modified":"2024-11-27T15:48:28","modified_gmt":"2024-11-27T14:48:28","slug":"table-de-maquette-de-bateau-santos","status":"publish","type":"product","link":"https:\/\/depagterinterieurs.nl\/fr\/collectie\/tables-fr\/tables-a-manger\/table-de-maquette-de-bateau-santos\/","title":{"rendered":"Table Santos"},"content":{"rendered":"","protected":false},"excerpt":{"rendered":"<p>Table \u00ab&nbsp;Santos&nbsp;\u00bb avec un plateau en bois d\u2019orme \u00ab&nbsp;mod\u00e8le bateau&nbsp;\u00bb et un pied matriciel en m\u00e9tal thermolaqu\u00e9 noir. \u00c9galement possible avec un ch\u00e2ssis diff\u00e9rent.<\/p>\n<p>Les prix dans les dimensions standard sont les suivants :<\/p>\n<ul>\n<li>240 x 120 cm &#8211; 2450 euros<\/li>\n<li>260 x 120 cm &#8211; 2550 euros<\/li>\n<li>280 x 120 cm &#8211; 2795 euros<\/li>\n<li>Voulez-vous une taille diff\u00e9rente ? \u00c9galement possible. Renseignez-vous sur le prix et le d\u00e9lai de livraison !  <\/li>\n<\/ul>\n<p>&nbsp;<\/p>\n","protected":false},"featured_media":102510,"template":"","meta":[],"product_brand":[],"product_cat":[1072,1042,1048,1063,1065],"product_tag":[],"class_list":{"0":"post-112825","1":"product","2":"type-product","3":"status-publish","4":"has-post-thumbnail","6":"product_cat-de-pagter-interieurs-fr","7":"product_cat-marques","8":"product_cat-orme-vieux-pin","9":"product_cat-tables-fr","10":"product_cat-tables-a-manger","12":"first","13":"instock","14":"shipping-taxable","15":"purchasable","16":"product-type-simple"},"yoast_head":"<!-- This site is optimized with the Yoast SEO plugin v27.3 - https:\/\/yoast.com\/product\/yoast-seo-wordpress\/ -->\n<title>Table Santos - De Pagter Interieurs<\/title>\n<meta name=\"description\" content=\"Table \u00ab\u00a0Santos\u00a0\u00bb avec un plateau en bois d\u2019orme \u00ab\u00a0mod\u00e8le bateau\u00a0\u00bb et un pied matriciel en m\u00e9tal thermolaqu\u00e9 noir. \u00c9galement possible avec un ch\u00e2ssis diff\u00e9rent.\" \/>\n<meta name=\"robots\" content=\"index, follow, max-snippet:-1, max-image-preview:large, max-video-preview:-1\" \/>\n<link rel=\"canonical\" href=\"https:\/\/depagterinterieurs.nl\/fr\/collectie\/tables-fr\/tables-a-manger\/table-de-maquette-de-bateau-santos\/\" \/>\n<meta property=\"og:locale\" content=\"fr_FR\" \/>\n<meta property=\"og:type\" content=\"article\" \/>\n<meta property=\"og:title\" content=\"Table Santos - De Pagter Interieurs\" \/>\n<meta property=\"og:description\" content=\"Table \u00ab\u00a0Santos\u00a0\u00bb avec un plateau en bois d\u2019orme \u00ab\u00a0mod\u00e8le bateau\u00a0\u00bb et un pied matriciel en m\u00e9tal thermolaqu\u00e9 noir. \u00c9galement possible avec un ch\u00e2ssis diff\u00e9rent.\" \/>\n<meta property=\"og:url\" content=\"https:\/\/depagterinterieurs.nl\/fr\/collectie\/tables-fr\/tables-a-manger\/table-de-maquette-de-bateau-santos\/\" \/>\n<meta property=\"og:site_name\" content=\"De Pagter Interieurs\" \/>\n<meta property=\"article:publisher\" content=\"https:\/\/www.facebook.com\/depagterinterieurs\/\" \/>\n<meta property=\"article:modified_time\" content=\"2024-11-27T14:48:28+00:00\" \/>\n<meta property=\"og:image\" content=\"https:\/\/depagterinterieurs.nl\/wp-content\/uploads\/2024\/04\/IMG_5255.jpeg\" \/>\n\t<meta property=\"og:image:width\" content=\"1024\" \/>\n\t<meta property=\"og:image:height\" content=\"768\" \/>\n\t<meta property=\"og:image:type\" content=\"image\/jpeg\" \/>\n<meta name=\"twitter:card\" content=\"summary_large_image\" \/>\n<script type=\"application\/ld+json\" class=\"yoast-schema-graph\">{\"@context\":\"https:\\\/\\\/schema.org\",\"@graph\":[{\"@type\":\"WebPage\",\"@id\":\"https:\\\/\\\/depagterinterieurs.nl\\\/fr\\\/collectie\\\/tables-fr\\\/tables-a-manger\\\/table-de-maquette-de-bateau-santos\\\/\",\"url\":\"https:\\\/\\\/depagterinterieurs.nl\\\/fr\\\/collectie\\\/tables-fr\\\/tables-a-manger\\\/table-de-maquette-de-bateau-santos\\\/\",\"name\":\"Table Santos - De Pagter Interieurs\",\"isPartOf\":{\"@id\":\"https:\\\/\\\/depagterinterieurs.nl\\\/fr\\\/#website\"},\"primaryImageOfPage\":{\"@id\":\"https:\\\/\\\/depagterinterieurs.nl\\\/fr\\\/collectie\\\/tables-fr\\\/tables-a-manger\\\/table-de-maquette-de-bateau-santos\\\/#primaryimage\"},\"image\":{\"@id\":\"https:\\\/\\\/depagterinterieurs.nl\\\/fr\\\/collectie\\\/tables-fr\\\/tables-a-manger\\\/table-de-maquette-de-bateau-santos\\\/#primaryimage\"},\"thumbnailUrl\":\"https:\\\/\\\/depagterinterieurs.nl\\\/wp-content\\\/uploads\\\/2024\\\/04\\\/IMG_5255.jpeg\",\"datePublished\":\"2024-06-11T07:13:34+00:00\",\"dateModified\":\"2024-11-27T14:48:28+00:00\",\"description\":\"Table \u00ab\u00a0Santos\u00a0\u00bb avec un plateau en bois d\u2019orme \u00ab\u00a0mod\u00e8le bateau\u00a0\u00bb et un pied matriciel en m\u00e9tal thermolaqu\u00e9 noir. \u00c9galement possible avec un ch\u00e2ssis diff\u00e9rent.\",\"breadcrumb\":{\"@id\":\"https:\\\/\\\/depagterinterieurs.nl\\\/fr\\\/collectie\\\/tables-fr\\\/tables-a-manger\\\/table-de-maquette-de-bateau-santos\\\/#breadcrumb\"},\"inLanguage\":\"fr-FR\",\"potentialAction\":[{\"@type\":\"ReadAction\",\"target\":[\"https:\\\/\\\/depagterinterieurs.nl\\\/fr\\\/collectie\\\/tables-fr\\\/tables-a-manger\\\/table-de-maquette-de-bateau-santos\\\/\"]}]},{\"@type\":\"ImageObject\",\"inLanguage\":\"fr-FR\",\"@id\":\"https:\\\/\\\/depagterinterieurs.nl\\\/fr\\\/collectie\\\/tables-fr\\\/tables-a-manger\\\/table-de-maquette-de-bateau-santos\\\/#primaryimage\",\"url\":\"https:\\\/\\\/depagterinterieurs.nl\\\/wp-content\\\/uploads\\\/2024\\\/04\\\/IMG_5255.jpeg\",\"contentUrl\":\"https:\\\/\\\/depagterinterieurs.nl\\\/wp-content\\\/uploads\\\/2024\\\/04\\\/IMG_5255.jpeg\",\"width\":1024,\"height\":768},{\"@type\":\"BreadcrumbList\",\"@id\":\"https:\\\/\\\/depagterinterieurs.nl\\\/fr\\\/collectie\\\/tables-fr\\\/tables-a-manger\\\/table-de-maquette-de-bateau-santos\\\/#breadcrumb\",\"itemListElement\":[{\"@type\":\"ListItem\",\"position\":1,\"name\":\"Home\",\"item\":\"https:\\\/\\\/depagterinterieurs.nl\\\/fr\\\/domicile\\\/\"},{\"@type\":\"ListItem\",\"position\":2,\"name\":\"Collection\",\"item\":\"https:\\\/\\\/depagterinterieurs.nl\\\/fr\\\/collection\\\/\"},{\"@type\":\"ListItem\",\"position\":3,\"name\":\"Table Santos\"}]},{\"@type\":\"WebSite\",\"@id\":\"https:\\\/\\\/depagterinterieurs.nl\\\/fr\\\/#website\",\"url\":\"https:\\\/\\\/depagterinterieurs.nl\\\/fr\\\/\",\"name\":\"De Pagter Interieurs\",\"description\":\"Woonwinkels in Middelburg - Domburg - Veere\",\"potentialAction\":[{\"@type\":\"SearchAction\",\"target\":{\"@type\":\"EntryPoint\",\"urlTemplate\":\"https:\\\/\\\/depagterinterieurs.nl\\\/fr\\\/?s={search_term_string}\"},\"query-input\":{\"@type\":\"PropertyValueSpecification\",\"valueRequired\":true,\"valueName\":\"search_term_string\"}}],\"inLanguage\":\"fr-FR\"}]}<\/script>\n<!-- \/ Yoast SEO plugin. -->","yoast_head_json":{"title":"Table Santos - De Pagter Interieurs","description":"Table \u00ab\u00a0Santos\u00a0\u00bb avec un plateau en bois d\u2019orme \u00ab\u00a0mod\u00e8le bateau\u00a0\u00bb et un pied matriciel en m\u00e9tal thermolaqu\u00e9 noir. \u00c9galement possible avec un ch\u00e2ssis diff\u00e9rent.","robots":{"index":"index","follow":"follow","max-snippet":"max-snippet:-1","max-image-preview":"max-image-preview:large","max-video-preview":"max-video-preview:-1"},"canonical":"https:\/\/depagterinterieurs.nl\/fr\/collectie\/tables-fr\/tables-a-manger\/table-de-maquette-de-bateau-santos\/","og_locale":"fr_FR","og_type":"article","og_title":"Table Santos - De Pagter Interieurs","og_description":"Table \u00ab\u00a0Santos\u00a0\u00bb avec un plateau en bois d\u2019orme \u00ab\u00a0mod\u00e8le bateau\u00a0\u00bb et un pied matriciel en m\u00e9tal thermolaqu\u00e9 noir. \u00c9galement possible avec un ch\u00e2ssis diff\u00e9rent.","og_url":"https:\/\/depagterinterieurs.nl\/fr\/collectie\/tables-fr\/tables-a-manger\/table-de-maquette-de-bateau-santos\/","og_site_name":"De Pagter Interieurs","article_publisher":"https:\/\/www.facebook.com\/depagterinterieurs\/","article_modified_time":"2024-11-27T14:48:28+00:00","og_image":[{"width":1024,"height":768,"url":"https:\/\/depagterinterieurs.nl\/wp-content\/uploads\/2024\/04\/IMG_5255.jpeg","type":"image\/jpeg"}],"twitter_card":"summary_large_image","schema":{"@context":"https:\/\/schema.org","@graph":[{"@type":"WebPage","@id":"https:\/\/depagterinterieurs.nl\/fr\/collectie\/tables-fr\/tables-a-manger\/table-de-maquette-de-bateau-santos\/","url":"https:\/\/depagterinterieurs.nl\/fr\/collectie\/tables-fr\/tables-a-manger\/table-de-maquette-de-bateau-santos\/","name":"Table Santos - De Pagter Interieurs","isPartOf":{"@id":"https:\/\/depagterinterieurs.nl\/fr\/#website"},"primaryImageOfPage":{"@id":"https:\/\/depagterinterieurs.nl\/fr\/collectie\/tables-fr\/tables-a-manger\/table-de-maquette-de-bateau-santos\/#primaryimage"},"image":{"@id":"https:\/\/depagterinterieurs.nl\/fr\/collectie\/tables-fr\/tables-a-manger\/table-de-maquette-de-bateau-santos\/#primaryimage"},"thumbnailUrl":"https:\/\/depagterinterieurs.nl\/wp-content\/uploads\/2024\/04\/IMG_5255.jpeg","datePublished":"2024-06-11T07:13:34+00:00","dateModified":"2024-11-27T14:48:28+00:00","description":"Table \u00ab\u00a0Santos\u00a0\u00bb avec un plateau en bois d\u2019orme \u00ab\u00a0mod\u00e8le bateau\u00a0\u00bb et un pied matriciel en m\u00e9tal thermolaqu\u00e9 noir. \u00c9galement possible avec un ch\u00e2ssis diff\u00e9rent.","breadcrumb":{"@id":"https:\/\/depagterinterieurs.nl\/fr\/collectie\/tables-fr\/tables-a-manger\/table-de-maquette-de-bateau-santos\/#breadcrumb"},"inLanguage":"fr-FR","potentialAction":[{"@type":"ReadAction","target":["https:\/\/depagterinterieurs.nl\/fr\/collectie\/tables-fr\/tables-a-manger\/table-de-maquette-de-bateau-santos\/"]}]},{"@type":"ImageObject","inLanguage":"fr-FR","@id":"https:\/\/depagterinterieurs.nl\/fr\/collectie\/tables-fr\/tables-a-manger\/table-de-maquette-de-bateau-santos\/#primaryimage","url":"https:\/\/depagterinterieurs.nl\/wp-content\/uploads\/2024\/04\/IMG_5255.jpeg","contentUrl":"https:\/\/depagterinterieurs.nl\/wp-content\/uploads\/2024\/04\/IMG_5255.jpeg","width":1024,"height":768},{"@type":"BreadcrumbList","@id":"https:\/\/depagterinterieurs.nl\/fr\/collectie\/tables-fr\/tables-a-manger\/table-de-maquette-de-bateau-santos\/#breadcrumb","itemListElement":[{"@type":"ListItem","position":1,"name":"Home","item":"https:\/\/depagterinterieurs.nl\/fr\/domicile\/"},{"@type":"ListItem","position":2,"name":"Collection","item":"https:\/\/depagterinterieurs.nl\/fr\/collection\/"},{"@type":"ListItem","position":3,"name":"Table Santos"}]},{"@type":"WebSite","@id":"https:\/\/depagterinterieurs.nl\/fr\/#website","url":"https:\/\/depagterinterieurs.nl\/fr\/","name":"De Pagter Interieurs","description":"Woonwinkels in Middelburg - Domburg - Veere","potentialAction":[{"@type":"SearchAction","target":{"@type":"EntryPoint","urlTemplate":"https:\/\/depagterinterieurs.nl\/fr\/?s={search_term_string}"},"query-input":{"@type":"PropertyValueSpecification","valueRequired":true,"valueName":"search_term_string"}}],"inLanguage":"fr-FR"}]}},"_links":{"self":[{"href":"https:\/\/depagterinterieurs.nl\/fr\/wp-json\/wp\/v2\/product\/112825","targetHints":{"allow":["GET"]}}],"collection":[{"href":"https:\/\/depagterinterieurs.nl\/fr\/wp-json\/wp\/v2\/product"}],"about":[{"href":"https:\/\/depagterinterieurs.nl\/fr\/wp-json\/wp\/v2\/types\/product"}],"wp:featuredmedia":[{"embeddable":true,"href":"https:\/\/depagterinterieurs.nl\/fr\/wp-json\/wp\/v2\/media\/102510"}],"wp:attachment":[{"href":"https:\/\/depagterinterieurs.nl\/fr\/wp-json\/wp\/v2\/media?parent=112825"}],"wp:term":[{"taxonomy":"product_brand","embeddable":true,"href":"https:\/\/depagterinterieurs.nl\/fr\/wp-json\/wp\/v2\/product_brand?post=112825"},{"taxonomy":"product_cat","embeddable":true,"href":"https:\/\/depagterinterieurs.nl\/fr\/wp-json\/wp\/v2\/product_cat?post=112825"},{"taxonomy":"product_tag","embeddable":true,"href":"https:\/\/depagterinterieurs.nl\/fr\/wp-json\/wp\/v2\/product_tag?post=112825"}],"curies":[{"name":"wp","href":"https:\/\/api.w.org\/{rel}","templated":true}]}}