{"id":112861,"date":"2024-04-12T14:56:23","date_gmt":"2024-06-11T07:23:45","guid":{"rendered":"https:\/\/depagterinterieurs.nl\/collectie\/non class\u00e9\/tapis-splendide\/"},"modified":"2024-06-11T08:23:45","modified_gmt":"2024-06-11T07:23:45","slug":"tapis-splendide","status":"publish","type":"product","link":"https:\/\/depagterinterieurs.nl\/fr\/collectie\/marques\/karpi\/tapis-splendide\/","title":{"rendered":"Tapis Splendide"},"content":{"rendered":"","protected":false},"excerpt":{"rendered":"<p>Le tapis Splendid, de la marque Karpi, est compos\u00e9 \u00e0 100% de polyester et a un toucher doux.<\/p>\n<p>Gr\u00e2ce \u00e0 ses propri\u00e9t\u00e9s velout\u00e9es, ce tapis ajoute une touche de luxe \u00e0 n\u2019importe quelle pi\u00e8ce.<\/p>\n<p>Ce tapis est \u00e9galement disponible en taille, le prix est de 265 \u20ac par m\u00e8tre carr\u00e9.<\/p>\n","protected":false},"featured_media":101888,"template":"","meta":[],"product_brand":[],"product_cat":[1100,1042,1051],"product_tag":[],"class_list":{"0":"post-112861","1":"product","2":"type-product","3":"status-publish","4":"has-post-thumbnail","6":"product_cat-karpi","7":"product_cat-marques","8":"product_cat-tapis","10":"first","11":"instock","12":"shipping-taxable","13":"purchasable","14":"product-type-variable"},"yoast_head":"<!-- This site is optimized with the Yoast SEO plugin v27.3 - https:\/\/yoast.com\/product\/yoast-seo-wordpress\/ -->\n<title>Tapis Splendide - De Pagter Interieurs<\/title>\n<meta name=\"description\" content=\"Le tapis Splendid, de la marque Karpi, est compos\u00e9 \u00e0 100% de polyester et a un toucher doux. Gr\u00e2ce \u00e0 ses propri\u00e9t\u00e9s velout\u00e9es, ce tapis ajoute une touche de luxe \u00e0 n\u2019importe quelle pi\u00e8ce.\" \/>\n<meta name=\"robots\" content=\"index, follow, max-snippet:-1, max-image-preview:large, max-video-preview:-1\" \/>\n<link rel=\"canonical\" href=\"https:\/\/depagterinterieurs.nl\/fr\/collectie\/marques\/karpi\/tapis-splendide\/\" \/>\n<meta property=\"og:locale\" content=\"fr_FR\" \/>\n<meta property=\"og:type\" content=\"article\" \/>\n<meta property=\"og:title\" content=\"Tapis Splendide - De Pagter Interieurs\" \/>\n<meta property=\"og:description\" content=\"Le tapis Splendid, de la marque Karpi, est compos\u00e9 \u00e0 100% de polyester et a un toucher doux. Gr\u00e2ce \u00e0 ses propri\u00e9t\u00e9s velout\u00e9es, ce tapis ajoute une touche de luxe \u00e0 n\u2019importe quelle pi\u00e8ce.\" \/>\n<meta property=\"og:url\" content=\"https:\/\/depagterinterieurs.nl\/fr\/collectie\/marques\/karpi\/tapis-splendide\/\" \/>\n<meta property=\"og:site_name\" content=\"De Pagter Interieurs\" \/>\n<meta property=\"article:publisher\" content=\"https:\/\/www.facebook.com\/depagterinterieurs\/\" \/>\n<meta property=\"og:image\" content=\"https:\/\/depagterinterieurs.nl\/wp-content\/uploads\/2024\/04\/SPLENDID-53-2_1000x.webp\" \/>\n\t<meta property=\"og:image:width\" content=\"1000\" \/>\n\t<meta property=\"og:image:height\" content=\"671\" \/>\n\t<meta property=\"og:image:type\" content=\"image\/webp\" \/>\n<meta name=\"twitter:card\" content=\"summary_large_image\" \/>\n<script type=\"application\/ld+json\" class=\"yoast-schema-graph\">{\"@context\":\"https:\\\/\\\/schema.org\",\"@graph\":[{\"@type\":\"WebPage\",\"@id\":\"https:\\\/\\\/depagterinterieurs.nl\\\/fr\\\/collectie\\\/marques\\\/karpi\\\/tapis-splendide\\\/\",\"url\":\"https:\\\/\\\/depagterinterieurs.nl\\\/fr\\\/collectie\\\/marques\\\/karpi\\\/tapis-splendide\\\/\",\"name\":\"Tapis Splendide - De Pagter Interieurs\",\"isPartOf\":{\"@id\":\"https:\\\/\\\/depagterinterieurs.nl\\\/fr\\\/#website\"},\"primaryImageOfPage\":{\"@id\":\"https:\\\/\\\/depagterinterieurs.nl\\\/fr\\\/collectie\\\/marques\\\/karpi\\\/tapis-splendide\\\/#primaryimage\"},\"image\":{\"@id\":\"https:\\\/\\\/depagterinterieurs.nl\\\/fr\\\/collectie\\\/marques\\\/karpi\\\/tapis-splendide\\\/#primaryimage\"},\"thumbnailUrl\":\"https:\\\/\\\/depagterinterieurs.nl\\\/wp-content\\\/uploads\\\/2024\\\/04\\\/SPLENDID-53-2_1000x.webp\",\"datePublished\":\"2024-06-11T07:23:45+00:00\",\"description\":\"Le tapis Splendid, de la marque Karpi, est compos\u00e9 \u00e0 100% de polyester et a un toucher doux. Gr\u00e2ce \u00e0 ses propri\u00e9t\u00e9s velout\u00e9es, ce tapis ajoute une touche de luxe \u00e0 n\u2019importe quelle pi\u00e8ce.\",\"breadcrumb\":{\"@id\":\"https:\\\/\\\/depagterinterieurs.nl\\\/fr\\\/collectie\\\/marques\\\/karpi\\\/tapis-splendide\\\/#breadcrumb\"},\"inLanguage\":\"fr-FR\",\"potentialAction\":[{\"@type\":\"ReadAction\",\"target\":[\"https:\\\/\\\/depagterinterieurs.nl\\\/fr\\\/collectie\\\/marques\\\/karpi\\\/tapis-splendide\\\/\"]}]},{\"@type\":\"ImageObject\",\"inLanguage\":\"fr-FR\",\"@id\":\"https:\\\/\\\/depagterinterieurs.nl\\\/fr\\\/collectie\\\/marques\\\/karpi\\\/tapis-splendide\\\/#primaryimage\",\"url\":\"https:\\\/\\\/depagterinterieurs.nl\\\/wp-content\\\/uploads\\\/2024\\\/04\\\/SPLENDID-53-2_1000x.webp\",\"contentUrl\":\"https:\\\/\\\/depagterinterieurs.nl\\\/wp-content\\\/uploads\\\/2024\\\/04\\\/SPLENDID-53-2_1000x.webp\",\"width\":1000,\"height\":671},{\"@type\":\"BreadcrumbList\",\"@id\":\"https:\\\/\\\/depagterinterieurs.nl\\\/fr\\\/collectie\\\/marques\\\/karpi\\\/tapis-splendide\\\/#breadcrumb\",\"itemListElement\":[{\"@type\":\"ListItem\",\"position\":1,\"name\":\"Home\",\"item\":\"https:\\\/\\\/depagterinterieurs.nl\\\/fr\\\/domicile\\\/\"},{\"@type\":\"ListItem\",\"position\":2,\"name\":\"Collection\",\"item\":\"https:\\\/\\\/depagterinterieurs.nl\\\/fr\\\/collection\\\/\"},{\"@type\":\"ListItem\",\"position\":3,\"name\":\"Tapis Splendide\"}]},{\"@type\":\"WebSite\",\"@id\":\"https:\\\/\\\/depagterinterieurs.nl\\\/fr\\\/#website\",\"url\":\"https:\\\/\\\/depagterinterieurs.nl\\\/fr\\\/\",\"name\":\"De Pagter Interieurs\",\"description\":\"Woonwinkels in Middelburg - Domburg - Veere\",\"potentialAction\":[{\"@type\":\"SearchAction\",\"target\":{\"@type\":\"EntryPoint\",\"urlTemplate\":\"https:\\\/\\\/depagterinterieurs.nl\\\/fr\\\/?s={search_term_string}\"},\"query-input\":{\"@type\":\"PropertyValueSpecification\",\"valueRequired\":true,\"valueName\":\"search_term_string\"}}],\"inLanguage\":\"fr-FR\"}]}<\/script>\n<!-- \/ Yoast SEO plugin. -->","yoast_head_json":{"title":"Tapis Splendide - De Pagter Interieurs","description":"Le tapis Splendid, de la marque Karpi, est compos\u00e9 \u00e0 100% de polyester et a un toucher doux. Gr\u00e2ce \u00e0 ses propri\u00e9t\u00e9s velout\u00e9es, ce tapis ajoute une touche de luxe \u00e0 n\u2019importe quelle pi\u00e8ce.","robots":{"index":"index","follow":"follow","max-snippet":"max-snippet:-1","max-image-preview":"max-image-preview:large","max-video-preview":"max-video-preview:-1"},"canonical":"https:\/\/depagterinterieurs.nl\/fr\/collectie\/marques\/karpi\/tapis-splendide\/","og_locale":"fr_FR","og_type":"article","og_title":"Tapis Splendide - De Pagter Interieurs","og_description":"Le tapis Splendid, de la marque Karpi, est compos\u00e9 \u00e0 100% de polyester et a un toucher doux. Gr\u00e2ce \u00e0 ses propri\u00e9t\u00e9s velout\u00e9es, ce tapis ajoute une touche de luxe \u00e0 n\u2019importe quelle pi\u00e8ce.","og_url":"https:\/\/depagterinterieurs.nl\/fr\/collectie\/marques\/karpi\/tapis-splendide\/","og_site_name":"De Pagter Interieurs","article_publisher":"https:\/\/www.facebook.com\/depagterinterieurs\/","og_image":[{"width":1000,"height":671,"url":"https:\/\/depagterinterieurs.nl\/wp-content\/uploads\/2024\/04\/SPLENDID-53-2_1000x.webp","type":"image\/webp"}],"twitter_card":"summary_large_image","schema":{"@context":"https:\/\/schema.org","@graph":[{"@type":"WebPage","@id":"https:\/\/depagterinterieurs.nl\/fr\/collectie\/marques\/karpi\/tapis-splendide\/","url":"https:\/\/depagterinterieurs.nl\/fr\/collectie\/marques\/karpi\/tapis-splendide\/","name":"Tapis Splendide - De Pagter Interieurs","isPartOf":{"@id":"https:\/\/depagterinterieurs.nl\/fr\/#website"},"primaryImageOfPage":{"@id":"https:\/\/depagterinterieurs.nl\/fr\/collectie\/marques\/karpi\/tapis-splendide\/#primaryimage"},"image":{"@id":"https:\/\/depagterinterieurs.nl\/fr\/collectie\/marques\/karpi\/tapis-splendide\/#primaryimage"},"thumbnailUrl":"https:\/\/depagterinterieurs.nl\/wp-content\/uploads\/2024\/04\/SPLENDID-53-2_1000x.webp","datePublished":"2024-06-11T07:23:45+00:00","description":"Le tapis Splendid, de la marque Karpi, est compos\u00e9 \u00e0 100% de polyester et a un toucher doux. Gr\u00e2ce \u00e0 ses propri\u00e9t\u00e9s velout\u00e9es, ce tapis ajoute une touche de luxe \u00e0 n\u2019importe quelle pi\u00e8ce.","breadcrumb":{"@id":"https:\/\/depagterinterieurs.nl\/fr\/collectie\/marques\/karpi\/tapis-splendide\/#breadcrumb"},"inLanguage":"fr-FR","potentialAction":[{"@type":"ReadAction","target":["https:\/\/depagterinterieurs.nl\/fr\/collectie\/marques\/karpi\/tapis-splendide\/"]}]},{"@type":"ImageObject","inLanguage":"fr-FR","@id":"https:\/\/depagterinterieurs.nl\/fr\/collectie\/marques\/karpi\/tapis-splendide\/#primaryimage","url":"https:\/\/depagterinterieurs.nl\/wp-content\/uploads\/2024\/04\/SPLENDID-53-2_1000x.webp","contentUrl":"https:\/\/depagterinterieurs.nl\/wp-content\/uploads\/2024\/04\/SPLENDID-53-2_1000x.webp","width":1000,"height":671},{"@type":"BreadcrumbList","@id":"https:\/\/depagterinterieurs.nl\/fr\/collectie\/marques\/karpi\/tapis-splendide\/#breadcrumb","itemListElement":[{"@type":"ListItem","position":1,"name":"Home","item":"https:\/\/depagterinterieurs.nl\/fr\/domicile\/"},{"@type":"ListItem","position":2,"name":"Collection","item":"https:\/\/depagterinterieurs.nl\/fr\/collection\/"},{"@type":"ListItem","position":3,"name":"Tapis Splendide"}]},{"@type":"WebSite","@id":"https:\/\/depagterinterieurs.nl\/fr\/#website","url":"https:\/\/depagterinterieurs.nl\/fr\/","name":"De Pagter Interieurs","description":"Woonwinkels in Middelburg - Domburg - Veere","potentialAction":[{"@type":"SearchAction","target":{"@type":"EntryPoint","urlTemplate":"https:\/\/depagterinterieurs.nl\/fr\/?s={search_term_string}"},"query-input":{"@type":"PropertyValueSpecification","valueRequired":true,"valueName":"search_term_string"}}],"inLanguage":"fr-FR"}]}},"_links":{"self":[{"href":"https:\/\/depagterinterieurs.nl\/fr\/wp-json\/wp\/v2\/product\/112861","targetHints":{"allow":["GET"]}}],"collection":[{"href":"https:\/\/depagterinterieurs.nl\/fr\/wp-json\/wp\/v2\/product"}],"about":[{"href":"https:\/\/depagterinterieurs.nl\/fr\/wp-json\/wp\/v2\/types\/product"}],"wp:featuredmedia":[{"embeddable":true,"href":"https:\/\/depagterinterieurs.nl\/fr\/wp-json\/wp\/v2\/media\/101888"}],"wp:attachment":[{"href":"https:\/\/depagterinterieurs.nl\/fr\/wp-json\/wp\/v2\/media?parent=112861"}],"wp:term":[{"taxonomy":"product_brand","embeddable":true,"href":"https:\/\/depagterinterieurs.nl\/fr\/wp-json\/wp\/v2\/product_brand?post=112861"},{"taxonomy":"product_cat","embeddable":true,"href":"https:\/\/depagterinterieurs.nl\/fr\/wp-json\/wp\/v2\/product_cat?post=112861"},{"taxonomy":"product_tag","embeddable":true,"href":"https:\/\/depagterinterieurs.nl\/fr\/wp-json\/wp\/v2\/product_tag?post=112861"}],"curies":[{"name":"wp","href":"https:\/\/api.w.org\/{rel}","templated":true}]}}