{"id":112867,"date":"2024-04-12T13:34:59","date_gmt":"2024-06-11T07:24:30","guid":{"rendered":"https:\/\/depagterinterieurs.nl\/collectie\/non class\u00e9\/saison-des-tapis\/"},"modified":"2024-06-11T08:24:30","modified_gmt":"2024-06-11T07:24:30","slug":"saison-des-tapis","status":"publish","type":"product","link":"https:\/\/depagterinterieurs.nl\/fr\/collectie\/marques\/karpi\/saison-des-tapis\/","title":{"rendered":"Saison Des Tapis"},"content":{"rendered":"","protected":false},"excerpt":{"rendered":"<p>Le tapis Season, de la marque Karpi, est compos\u00e9 \u00e0 100% de polyester et a un toucher dur.<\/p>\n<p>Gr\u00e2ce \u00e0 ses propri\u00e9t\u00e9s, ce tapis convient \u00e0 une utilisation int\u00e9rieure et ext\u00e9rieure.<\/p>\n<p>Ce tapis est \u00e9galement disponible en taille, le prix est de 79 \u20ac par m\u00e8tre carr\u00e9.<\/p>\n","protected":false},"featured_media":101785,"template":"","meta":[],"product_brand":[],"product_cat":[1100,1042,1051],"product_tag":[],"class_list":{"0":"post-112867","1":"product","2":"type-product","3":"status-publish","4":"has-post-thumbnail","6":"product_cat-karpi","7":"product_cat-marques","8":"product_cat-tapis","10":"first","11":"instock","12":"shipping-taxable","13":"purchasable","14":"product-type-variable"},"yoast_head":"<!-- This site is optimized with the Yoast SEO plugin v27.3 - https:\/\/yoast.com\/product\/yoast-seo-wordpress\/ -->\n<title>Saison Des Tapis - De Pagter Interieurs<\/title>\n<meta name=\"description\" content=\"Le tapis Season, de la marque Karpi, est compos\u00e9 \u00e0 100% de polyester et a un toucher dur. Gr\u00e2ce \u00e0 ses propri\u00e9t\u00e9s, ce tapis convient \u00e0 une utilisation int\u00e9rieure et ext\u00e9rieure.\" \/>\n<meta name=\"robots\" content=\"index, follow, max-snippet:-1, max-image-preview:large, max-video-preview:-1\" \/>\n<link rel=\"canonical\" href=\"https:\/\/depagterinterieurs.nl\/fr\/collectie\/marques\/karpi\/saison-des-tapis\/\" \/>\n<meta property=\"og:locale\" content=\"fr_FR\" \/>\n<meta property=\"og:type\" content=\"article\" \/>\n<meta property=\"og:title\" content=\"Saison Des Tapis - De Pagter Interieurs\" \/>\n<meta property=\"og:description\" content=\"Le tapis Season, de la marque Karpi, est compos\u00e9 \u00e0 100% de polyester et a un toucher dur. Gr\u00e2ce \u00e0 ses propri\u00e9t\u00e9s, ce tapis convient \u00e0 une utilisation int\u00e9rieure et ext\u00e9rieure.\" \/>\n<meta property=\"og:url\" content=\"https:\/\/depagterinterieurs.nl\/fr\/collectie\/marques\/karpi\/saison-des-tapis\/\" \/>\n<meta property=\"og:site_name\" content=\"De Pagter Interieurs\" \/>\n<meta property=\"article:publisher\" content=\"https:\/\/www.facebook.com\/depagterinterieurs\/\" \/>\n<meta property=\"og:image\" content=\"https:\/\/depagterinterieurs.nl\/wp-content\/uploads\/2024\/04\/Season_22_hoek_1000x-e1712907845907.jpg\" \/>\n\t<meta property=\"og:image:width\" content=\"1000\" \/>\n\t<meta property=\"og:image:height\" content=\"675\" \/>\n\t<meta property=\"og:image:type\" content=\"image\/jpeg\" \/>\n<meta name=\"twitter:card\" content=\"summary_large_image\" \/>\n<script type=\"application\/ld+json\" class=\"yoast-schema-graph\">{\"@context\":\"https:\\\/\\\/schema.org\",\"@graph\":[{\"@type\":\"WebPage\",\"@id\":\"https:\\\/\\\/depagterinterieurs.nl\\\/fr\\\/collectie\\\/marques\\\/karpi\\\/saison-des-tapis\\\/\",\"url\":\"https:\\\/\\\/depagterinterieurs.nl\\\/fr\\\/collectie\\\/marques\\\/karpi\\\/saison-des-tapis\\\/\",\"name\":\"Saison Des Tapis - De Pagter Interieurs\",\"isPartOf\":{\"@id\":\"https:\\\/\\\/depagterinterieurs.nl\\\/fr\\\/#website\"},\"primaryImageOfPage\":{\"@id\":\"https:\\\/\\\/depagterinterieurs.nl\\\/fr\\\/collectie\\\/marques\\\/karpi\\\/saison-des-tapis\\\/#primaryimage\"},\"image\":{\"@id\":\"https:\\\/\\\/depagterinterieurs.nl\\\/fr\\\/collectie\\\/marques\\\/karpi\\\/saison-des-tapis\\\/#primaryimage\"},\"thumbnailUrl\":\"https:\\\/\\\/depagterinterieurs.nl\\\/wp-content\\\/uploads\\\/2024\\\/04\\\/Season_22_hoek_1000x-e1712907845907.jpg\",\"datePublished\":\"2024-06-11T07:24:30+00:00\",\"description\":\"Le tapis Season, de la marque Karpi, est compos\u00e9 \u00e0 100% de polyester et a un toucher dur. Gr\u00e2ce \u00e0 ses propri\u00e9t\u00e9s, ce tapis convient \u00e0 une utilisation int\u00e9rieure et ext\u00e9rieure.\",\"breadcrumb\":{\"@id\":\"https:\\\/\\\/depagterinterieurs.nl\\\/fr\\\/collectie\\\/marques\\\/karpi\\\/saison-des-tapis\\\/#breadcrumb\"},\"inLanguage\":\"fr-FR\",\"potentialAction\":[{\"@type\":\"ReadAction\",\"target\":[\"https:\\\/\\\/depagterinterieurs.nl\\\/fr\\\/collectie\\\/marques\\\/karpi\\\/saison-des-tapis\\\/\"]}]},{\"@type\":\"ImageObject\",\"inLanguage\":\"fr-FR\",\"@id\":\"https:\\\/\\\/depagterinterieurs.nl\\\/fr\\\/collectie\\\/marques\\\/karpi\\\/saison-des-tapis\\\/#primaryimage\",\"url\":\"https:\\\/\\\/depagterinterieurs.nl\\\/wp-content\\\/uploads\\\/2024\\\/04\\\/Season_22_hoek_1000x-e1712907845907.jpg\",\"contentUrl\":\"https:\\\/\\\/depagterinterieurs.nl\\\/wp-content\\\/uploads\\\/2024\\\/04\\\/Season_22_hoek_1000x-e1712907845907.jpg\",\"width\":1000,\"height\":675},{\"@type\":\"BreadcrumbList\",\"@id\":\"https:\\\/\\\/depagterinterieurs.nl\\\/fr\\\/collectie\\\/marques\\\/karpi\\\/saison-des-tapis\\\/#breadcrumb\",\"itemListElement\":[{\"@type\":\"ListItem\",\"position\":1,\"name\":\"Home\",\"item\":\"https:\\\/\\\/depagterinterieurs.nl\\\/fr\\\/domicile\\\/\"},{\"@type\":\"ListItem\",\"position\":2,\"name\":\"Collection\",\"item\":\"https:\\\/\\\/depagterinterieurs.nl\\\/fr\\\/collection\\\/\"},{\"@type\":\"ListItem\",\"position\":3,\"name\":\"Saison Des Tapis\"}]},{\"@type\":\"WebSite\",\"@id\":\"https:\\\/\\\/depagterinterieurs.nl\\\/fr\\\/#website\",\"url\":\"https:\\\/\\\/depagterinterieurs.nl\\\/fr\\\/\",\"name\":\"De Pagter Interieurs\",\"description\":\"Woonwinkels in Middelburg - Domburg - Veere\",\"potentialAction\":[{\"@type\":\"SearchAction\",\"target\":{\"@type\":\"EntryPoint\",\"urlTemplate\":\"https:\\\/\\\/depagterinterieurs.nl\\\/fr\\\/?s={search_term_string}\"},\"query-input\":{\"@type\":\"PropertyValueSpecification\",\"valueRequired\":true,\"valueName\":\"search_term_string\"}}],\"inLanguage\":\"fr-FR\"}]}<\/script>\n<!-- \/ Yoast SEO plugin. -->","yoast_head_json":{"title":"Saison Des Tapis - De Pagter Interieurs","description":"Le tapis Season, de la marque Karpi, est compos\u00e9 \u00e0 100% de polyester et a un toucher dur. Gr\u00e2ce \u00e0 ses propri\u00e9t\u00e9s, ce tapis convient \u00e0 une utilisation int\u00e9rieure et ext\u00e9rieure.","robots":{"index":"index","follow":"follow","max-snippet":"max-snippet:-1","max-image-preview":"max-image-preview:large","max-video-preview":"max-video-preview:-1"},"canonical":"https:\/\/depagterinterieurs.nl\/fr\/collectie\/marques\/karpi\/saison-des-tapis\/","og_locale":"fr_FR","og_type":"article","og_title":"Saison Des Tapis - De Pagter Interieurs","og_description":"Le tapis Season, de la marque Karpi, est compos\u00e9 \u00e0 100% de polyester et a un toucher dur. Gr\u00e2ce \u00e0 ses propri\u00e9t\u00e9s, ce tapis convient \u00e0 une utilisation int\u00e9rieure et ext\u00e9rieure.","og_url":"https:\/\/depagterinterieurs.nl\/fr\/collectie\/marques\/karpi\/saison-des-tapis\/","og_site_name":"De Pagter Interieurs","article_publisher":"https:\/\/www.facebook.com\/depagterinterieurs\/","og_image":[{"width":1000,"height":675,"url":"https:\/\/depagterinterieurs.nl\/wp-content\/uploads\/2024\/04\/Season_22_hoek_1000x-e1712907845907.jpg","type":"image\/jpeg"}],"twitter_card":"summary_large_image","schema":{"@context":"https:\/\/schema.org","@graph":[{"@type":"WebPage","@id":"https:\/\/depagterinterieurs.nl\/fr\/collectie\/marques\/karpi\/saison-des-tapis\/","url":"https:\/\/depagterinterieurs.nl\/fr\/collectie\/marques\/karpi\/saison-des-tapis\/","name":"Saison Des Tapis - De Pagter Interieurs","isPartOf":{"@id":"https:\/\/depagterinterieurs.nl\/fr\/#website"},"primaryImageOfPage":{"@id":"https:\/\/depagterinterieurs.nl\/fr\/collectie\/marques\/karpi\/saison-des-tapis\/#primaryimage"},"image":{"@id":"https:\/\/depagterinterieurs.nl\/fr\/collectie\/marques\/karpi\/saison-des-tapis\/#primaryimage"},"thumbnailUrl":"https:\/\/depagterinterieurs.nl\/wp-content\/uploads\/2024\/04\/Season_22_hoek_1000x-e1712907845907.jpg","datePublished":"2024-06-11T07:24:30+00:00","description":"Le tapis Season, de la marque Karpi, est compos\u00e9 \u00e0 100% de polyester et a un toucher dur. Gr\u00e2ce \u00e0 ses propri\u00e9t\u00e9s, ce tapis convient \u00e0 une utilisation int\u00e9rieure et ext\u00e9rieure.","breadcrumb":{"@id":"https:\/\/depagterinterieurs.nl\/fr\/collectie\/marques\/karpi\/saison-des-tapis\/#breadcrumb"},"inLanguage":"fr-FR","potentialAction":[{"@type":"ReadAction","target":["https:\/\/depagterinterieurs.nl\/fr\/collectie\/marques\/karpi\/saison-des-tapis\/"]}]},{"@type":"ImageObject","inLanguage":"fr-FR","@id":"https:\/\/depagterinterieurs.nl\/fr\/collectie\/marques\/karpi\/saison-des-tapis\/#primaryimage","url":"https:\/\/depagterinterieurs.nl\/wp-content\/uploads\/2024\/04\/Season_22_hoek_1000x-e1712907845907.jpg","contentUrl":"https:\/\/depagterinterieurs.nl\/wp-content\/uploads\/2024\/04\/Season_22_hoek_1000x-e1712907845907.jpg","width":1000,"height":675},{"@type":"BreadcrumbList","@id":"https:\/\/depagterinterieurs.nl\/fr\/collectie\/marques\/karpi\/saison-des-tapis\/#breadcrumb","itemListElement":[{"@type":"ListItem","position":1,"name":"Home","item":"https:\/\/depagterinterieurs.nl\/fr\/domicile\/"},{"@type":"ListItem","position":2,"name":"Collection","item":"https:\/\/depagterinterieurs.nl\/fr\/collection\/"},{"@type":"ListItem","position":3,"name":"Saison Des Tapis"}]},{"@type":"WebSite","@id":"https:\/\/depagterinterieurs.nl\/fr\/#website","url":"https:\/\/depagterinterieurs.nl\/fr\/","name":"De Pagter Interieurs","description":"Woonwinkels in Middelburg - Domburg - Veere","potentialAction":[{"@type":"SearchAction","target":{"@type":"EntryPoint","urlTemplate":"https:\/\/depagterinterieurs.nl\/fr\/?s={search_term_string}"},"query-input":{"@type":"PropertyValueSpecification","valueRequired":true,"valueName":"search_term_string"}}],"inLanguage":"fr-FR"}]}},"_links":{"self":[{"href":"https:\/\/depagterinterieurs.nl\/fr\/wp-json\/wp\/v2\/product\/112867","targetHints":{"allow":["GET"]}}],"collection":[{"href":"https:\/\/depagterinterieurs.nl\/fr\/wp-json\/wp\/v2\/product"}],"about":[{"href":"https:\/\/depagterinterieurs.nl\/fr\/wp-json\/wp\/v2\/types\/product"}],"wp:featuredmedia":[{"embeddable":true,"href":"https:\/\/depagterinterieurs.nl\/fr\/wp-json\/wp\/v2\/media\/101785"}],"wp:attachment":[{"href":"https:\/\/depagterinterieurs.nl\/fr\/wp-json\/wp\/v2\/media?parent=112867"}],"wp:term":[{"taxonomy":"product_brand","embeddable":true,"href":"https:\/\/depagterinterieurs.nl\/fr\/wp-json\/wp\/v2\/product_brand?post=112867"},{"taxonomy":"product_cat","embeddable":true,"href":"https:\/\/depagterinterieurs.nl\/fr\/wp-json\/wp\/v2\/product_cat?post=112867"},{"taxonomy":"product_tag","embeddable":true,"href":"https:\/\/depagterinterieurs.nl\/fr\/wp-json\/wp\/v2\/product_tag?post=112867"}],"curies":[{"name":"wp","href":"https:\/\/api.w.org\/{rel}","templated":true}]}}