{"id":112927,"date":"2024-04-10T13:46:27","date_gmt":"2024-06-11T07:32:12","guid":{"rendered":"https:\/\/depagterinterieurs.nl\/collectie\/non class\u00e9\/tapis-lago\/"},"modified":"2024-06-11T08:32:12","modified_gmt":"2024-06-11T07:32:12","slug":"tapis-lago","status":"publish","type":"product","link":"https:\/\/depagterinterieurs.nl\/fr\/collectie\/marques\/karpi\/tapis-lago\/","title":{"rendered":"Tapis Lago"},"content":{"rendered":"","protected":false},"excerpt":{"rendered":"<p>Rug Lago, de la marque Karpi, est le tapis le plus doux et le plus moelleux de la collection !<\/p>\n<p>Ce tapis rectangulaire a un aspect chaleureux. Si vous recherchez un tapis qui \u00e9gayera votre int\u00e9rieur, ce tapis est fait pour vous. Ce tapis doux et \u00e0 poils longs a une forte teneur en c\u00e2lins et vous donne envie de vous asseoir sur ce tapis toute la journ\u00e9e, si doux !<\/p>\n<p>Ce tapis est \u00e9galement disponible en taille, le prix est de 139 \u20ac par m\u00e8tre carr\u00e9.<\/p>\n","protected":false},"featured_media":100516,"template":"","meta":[],"product_brand":[],"product_cat":[1100,1042,1051],"product_tag":[],"class_list":{"0":"post-112927","1":"product","2":"type-product","3":"status-publish","4":"has-post-thumbnail","6":"product_cat-karpi","7":"product_cat-marques","8":"product_cat-tapis","10":"first","11":"instock","12":"shipping-taxable","13":"purchasable","14":"product-type-variable"},"yoast_head":"<!-- This site is optimized with the Yoast SEO plugin v27.3 - https:\/\/yoast.com\/product\/yoast-seo-wordpress\/ -->\n<title>Tapis Lago - De Pagter Interieurs<\/title>\n<meta name=\"robots\" content=\"index, follow, max-snippet:-1, max-image-preview:large, max-video-preview:-1\" \/>\n<link rel=\"canonical\" href=\"https:\/\/depagterinterieurs.nl\/fr\/collectie\/marques\/karpi\/tapis-lago\/\" \/>\n<meta property=\"og:locale\" content=\"fr_FR\" \/>\n<meta property=\"og:type\" content=\"article\" \/>\n<meta property=\"og:title\" content=\"Tapis Lago - De Pagter Interieurs\" \/>\n<meta property=\"og:description\" content=\"Rug Lago, de la marque Karpi, est le tapis le plus doux et le plus moelleux de la collection ! Ce tapis rectangulaire a un aspect chaleureux. Si vous recherchez un tapis qui \u00e9gayera votre int\u00e9rieur, ce tapis est fait pour vous. Ce tapis doux et \u00e0 poils longs a une forte teneur en c\u00e2lins et vous donne envie de vous asseoir sur ce tapis toute la journ\u00e9e, si doux ! Ce tapis est \u00e9galement disponible en taille, le prix est de 139 \u20ac par m\u00e8tre carr\u00e9.\" \/>\n<meta property=\"og:url\" content=\"https:\/\/depagterinterieurs.nl\/fr\/collectie\/marques\/karpi\/tapis-lago\/\" \/>\n<meta property=\"og:site_name\" content=\"De Pagter Interieurs\" \/>\n<meta property=\"article:publisher\" content=\"https:\/\/www.facebook.com\/depagterinterieurs\/\" \/>\n<meta property=\"og:image\" content=\"https:\/\/depagterinterieurs.nl\/wp-content\/uploads\/2024\/04\/Lago_21-02_1300x867.webp\" \/>\n\t<meta property=\"og:image:width\" content=\"1300\" \/>\n\t<meta property=\"og:image:height\" content=\"867\" \/>\n\t<meta property=\"og:image:type\" content=\"image\/webp\" \/>\n<meta name=\"twitter:card\" content=\"summary_large_image\" \/>\n<script type=\"application\/ld+json\" class=\"yoast-schema-graph\">{\"@context\":\"https:\\\/\\\/schema.org\",\"@graph\":[{\"@type\":\"WebPage\",\"@id\":\"https:\\\/\\\/depagterinterieurs.nl\\\/fr\\\/collectie\\\/marques\\\/karpi\\\/tapis-lago\\\/\",\"url\":\"https:\\\/\\\/depagterinterieurs.nl\\\/fr\\\/collectie\\\/marques\\\/karpi\\\/tapis-lago\\\/\",\"name\":\"Tapis Lago - De Pagter Interieurs\",\"isPartOf\":{\"@id\":\"https:\\\/\\\/depagterinterieurs.nl\\\/fr\\\/#website\"},\"primaryImageOfPage\":{\"@id\":\"https:\\\/\\\/depagterinterieurs.nl\\\/fr\\\/collectie\\\/marques\\\/karpi\\\/tapis-lago\\\/#primaryimage\"},\"image\":{\"@id\":\"https:\\\/\\\/depagterinterieurs.nl\\\/fr\\\/collectie\\\/marques\\\/karpi\\\/tapis-lago\\\/#primaryimage\"},\"thumbnailUrl\":\"https:\\\/\\\/depagterinterieurs.nl\\\/wp-content\\\/uploads\\\/2024\\\/04\\\/Lago_21-02_1300x867.webp\",\"datePublished\":\"2024-06-11T07:32:12+00:00\",\"breadcrumb\":{\"@id\":\"https:\\\/\\\/depagterinterieurs.nl\\\/fr\\\/collectie\\\/marques\\\/karpi\\\/tapis-lago\\\/#breadcrumb\"},\"inLanguage\":\"fr-FR\",\"potentialAction\":[{\"@type\":\"ReadAction\",\"target\":[\"https:\\\/\\\/depagterinterieurs.nl\\\/fr\\\/collectie\\\/marques\\\/karpi\\\/tapis-lago\\\/\"]}]},{\"@type\":\"ImageObject\",\"inLanguage\":\"fr-FR\",\"@id\":\"https:\\\/\\\/depagterinterieurs.nl\\\/fr\\\/collectie\\\/marques\\\/karpi\\\/tapis-lago\\\/#primaryimage\",\"url\":\"https:\\\/\\\/depagterinterieurs.nl\\\/wp-content\\\/uploads\\\/2024\\\/04\\\/Lago_21-02_1300x867.webp\",\"contentUrl\":\"https:\\\/\\\/depagterinterieurs.nl\\\/wp-content\\\/uploads\\\/2024\\\/04\\\/Lago_21-02_1300x867.webp\",\"width\":1300,\"height\":867},{\"@type\":\"BreadcrumbList\",\"@id\":\"https:\\\/\\\/depagterinterieurs.nl\\\/fr\\\/collectie\\\/marques\\\/karpi\\\/tapis-lago\\\/#breadcrumb\",\"itemListElement\":[{\"@type\":\"ListItem\",\"position\":1,\"name\":\"Home\",\"item\":\"https:\\\/\\\/depagterinterieurs.nl\\\/fr\\\/domicile\\\/\"},{\"@type\":\"ListItem\",\"position\":2,\"name\":\"Collection\",\"item\":\"https:\\\/\\\/depagterinterieurs.nl\\\/fr\\\/collection\\\/\"},{\"@type\":\"ListItem\",\"position\":3,\"name\":\"Tapis Lago\"}]},{\"@type\":\"WebSite\",\"@id\":\"https:\\\/\\\/depagterinterieurs.nl\\\/fr\\\/#website\",\"url\":\"https:\\\/\\\/depagterinterieurs.nl\\\/fr\\\/\",\"name\":\"De Pagter Interieurs\",\"description\":\"Woonwinkels in Middelburg - Domburg - Veere\",\"potentialAction\":[{\"@type\":\"SearchAction\",\"target\":{\"@type\":\"EntryPoint\",\"urlTemplate\":\"https:\\\/\\\/depagterinterieurs.nl\\\/fr\\\/?s={search_term_string}\"},\"query-input\":{\"@type\":\"PropertyValueSpecification\",\"valueRequired\":true,\"valueName\":\"search_term_string\"}}],\"inLanguage\":\"fr-FR\"}]}<\/script>\n<!-- \/ Yoast SEO plugin. -->","yoast_head_json":{"title":"Tapis Lago - De Pagter Interieurs","robots":{"index":"index","follow":"follow","max-snippet":"max-snippet:-1","max-image-preview":"max-image-preview:large","max-video-preview":"max-video-preview:-1"},"canonical":"https:\/\/depagterinterieurs.nl\/fr\/collectie\/marques\/karpi\/tapis-lago\/","og_locale":"fr_FR","og_type":"article","og_title":"Tapis Lago - De Pagter Interieurs","og_description":"Rug Lago, de la marque Karpi, est le tapis le plus doux et le plus moelleux de la collection ! Ce tapis rectangulaire a un aspect chaleureux. Si vous recherchez un tapis qui \u00e9gayera votre int\u00e9rieur, ce tapis est fait pour vous. Ce tapis doux et \u00e0 poils longs a une forte teneur en c\u00e2lins et vous donne envie de vous asseoir sur ce tapis toute la journ\u00e9e, si doux ! Ce tapis est \u00e9galement disponible en taille, le prix est de 139 \u20ac par m\u00e8tre carr\u00e9.","og_url":"https:\/\/depagterinterieurs.nl\/fr\/collectie\/marques\/karpi\/tapis-lago\/","og_site_name":"De Pagter Interieurs","article_publisher":"https:\/\/www.facebook.com\/depagterinterieurs\/","og_image":[{"width":1300,"height":867,"url":"https:\/\/depagterinterieurs.nl\/wp-content\/uploads\/2024\/04\/Lago_21-02_1300x867.webp","type":"image\/webp"}],"twitter_card":"summary_large_image","schema":{"@context":"https:\/\/schema.org","@graph":[{"@type":"WebPage","@id":"https:\/\/depagterinterieurs.nl\/fr\/collectie\/marques\/karpi\/tapis-lago\/","url":"https:\/\/depagterinterieurs.nl\/fr\/collectie\/marques\/karpi\/tapis-lago\/","name":"Tapis Lago - De Pagter Interieurs","isPartOf":{"@id":"https:\/\/depagterinterieurs.nl\/fr\/#website"},"primaryImageOfPage":{"@id":"https:\/\/depagterinterieurs.nl\/fr\/collectie\/marques\/karpi\/tapis-lago\/#primaryimage"},"image":{"@id":"https:\/\/depagterinterieurs.nl\/fr\/collectie\/marques\/karpi\/tapis-lago\/#primaryimage"},"thumbnailUrl":"https:\/\/depagterinterieurs.nl\/wp-content\/uploads\/2024\/04\/Lago_21-02_1300x867.webp","datePublished":"2024-06-11T07:32:12+00:00","breadcrumb":{"@id":"https:\/\/depagterinterieurs.nl\/fr\/collectie\/marques\/karpi\/tapis-lago\/#breadcrumb"},"inLanguage":"fr-FR","potentialAction":[{"@type":"ReadAction","target":["https:\/\/depagterinterieurs.nl\/fr\/collectie\/marques\/karpi\/tapis-lago\/"]}]},{"@type":"ImageObject","inLanguage":"fr-FR","@id":"https:\/\/depagterinterieurs.nl\/fr\/collectie\/marques\/karpi\/tapis-lago\/#primaryimage","url":"https:\/\/depagterinterieurs.nl\/wp-content\/uploads\/2024\/04\/Lago_21-02_1300x867.webp","contentUrl":"https:\/\/depagterinterieurs.nl\/wp-content\/uploads\/2024\/04\/Lago_21-02_1300x867.webp","width":1300,"height":867},{"@type":"BreadcrumbList","@id":"https:\/\/depagterinterieurs.nl\/fr\/collectie\/marques\/karpi\/tapis-lago\/#breadcrumb","itemListElement":[{"@type":"ListItem","position":1,"name":"Home","item":"https:\/\/depagterinterieurs.nl\/fr\/domicile\/"},{"@type":"ListItem","position":2,"name":"Collection","item":"https:\/\/depagterinterieurs.nl\/fr\/collection\/"},{"@type":"ListItem","position":3,"name":"Tapis Lago"}]},{"@type":"WebSite","@id":"https:\/\/depagterinterieurs.nl\/fr\/#website","url":"https:\/\/depagterinterieurs.nl\/fr\/","name":"De Pagter Interieurs","description":"Woonwinkels in Middelburg - Domburg - Veere","potentialAction":[{"@type":"SearchAction","target":{"@type":"EntryPoint","urlTemplate":"https:\/\/depagterinterieurs.nl\/fr\/?s={search_term_string}"},"query-input":{"@type":"PropertyValueSpecification","valueRequired":true,"valueName":"search_term_string"}}],"inLanguage":"fr-FR"}]}},"_links":{"self":[{"href":"https:\/\/depagterinterieurs.nl\/fr\/wp-json\/wp\/v2\/product\/112927","targetHints":{"allow":["GET"]}}],"collection":[{"href":"https:\/\/depagterinterieurs.nl\/fr\/wp-json\/wp\/v2\/product"}],"about":[{"href":"https:\/\/depagterinterieurs.nl\/fr\/wp-json\/wp\/v2\/types\/product"}],"wp:featuredmedia":[{"embeddable":true,"href":"https:\/\/depagterinterieurs.nl\/fr\/wp-json\/wp\/v2\/media\/100516"}],"wp:attachment":[{"href":"https:\/\/depagterinterieurs.nl\/fr\/wp-json\/wp\/v2\/media?parent=112927"}],"wp:term":[{"taxonomy":"product_brand","embeddable":true,"href":"https:\/\/depagterinterieurs.nl\/fr\/wp-json\/wp\/v2\/product_brand?post=112927"},{"taxonomy":"product_cat","embeddable":true,"href":"https:\/\/depagterinterieurs.nl\/fr\/wp-json\/wp\/v2\/product_cat?post=112927"},{"taxonomy":"product_tag","embeddable":true,"href":"https:\/\/depagterinterieurs.nl\/fr\/wp-json\/wp\/v2\/product_tag?post=112927"}],"curies":[{"name":"wp","href":"https:\/\/api.w.org\/{rel}","templated":true}]}}