{"id":113126,"date":"2024-03-28T15:28:28","date_gmt":"2024-06-11T11:38:56","guid":{"rendered":"https:\/\/depagterinterieurs.nl\/collectie\/non class\u00e9\/collection-tapis-geometrique\/"},"modified":"2024-06-11T12:38:56","modified_gmt":"2024-06-11T11:38:56","slug":"collection-tapis-geometrique","status":"publish","type":"product","link":"https:\/\/depagterinterieurs.nl\/fr\/collectie\/marques\/karpi\/collection-tapis-geometrique\/","title":{"rendered":"Collection Tapis G\u00e9om\u00e9trique"},"content":{"rendered":"","protected":false},"excerpt":{"rendered":"<p>Les tapis de la &#8216;Geometric Collection&#8217;, de la marque Karpi, aux formes uniques, sont con\u00e7us pour faire une d\u00e9claration.<\/p>\n<p>Avec des motifs g\u00e9om\u00e9triques audacieux, des formes organiques et des couleurs vives, ce tapis apporte une sensation de mouvement et d\u2019\u00e9nergie \u00e0 n\u2019importe quelle pi\u00e8ce.<\/p>\n<p>Ce tapis <strong>n\u2019est pas<\/strong> disponible en taille.<\/p>\n","protected":false},"featured_media":98165,"template":"","meta":[],"product_brand":[],"product_cat":[1100,1042,1051],"product_tag":[],"class_list":{"0":"post-113126","1":"product","2":"type-product","3":"status-publish","4":"has-post-thumbnail","6":"product_cat-karpi","7":"product_cat-marques","8":"product_cat-tapis","10":"first","11":"instock","12":"shipping-taxable","13":"purchasable","14":"product-type-variable"},"yoast_head":"<!-- This site is optimized with the Yoast SEO plugin v27.3 - https:\/\/yoast.com\/product\/yoast-seo-wordpress\/ -->\n<title>Collection Tapis G\u00e9om\u00e9trique - De Pagter Interieurs<\/title>\n<meta name=\"description\" content=\"Les tapis de la &#039;Geometric Collection&#039;, de la marque Karpi, aux formes uniques, sont con\u00e7us pour faire une d\u00e9claration. Avec des motifs g\u00e9om\u00e9triques audacieux, des formes organiques et des couleurs vives, ce tapis apporte une sensation de mouvement et d\u2019\u00e9nergie \u00e0 n\u2019importe quelle pi\u00e8ce. Ce tapis n\u2019est pas disponible en taille.\" \/>\n<meta name=\"robots\" content=\"index, follow, max-snippet:-1, max-image-preview:large, max-video-preview:-1\" \/>\n<link rel=\"canonical\" href=\"https:\/\/depagterinterieurs.nl\/fr\/collectie\/marques\/karpi\/collection-tapis-geometrique\/\" \/>\n<meta property=\"og:locale\" content=\"fr_FR\" \/>\n<meta property=\"og:type\" content=\"article\" \/>\n<meta property=\"og:title\" content=\"Collection Tapis G\u00e9om\u00e9trique - De Pagter Interieurs\" \/>\n<meta property=\"og:description\" content=\"Les tapis de la &#039;Geometric Collection&#039;, de la marque Karpi, aux formes uniques, sont con\u00e7us pour faire une d\u00e9claration. Avec des motifs g\u00e9om\u00e9triques audacieux, des formes organiques et des couleurs vives, ce tapis apporte une sensation de mouvement et d\u2019\u00e9nergie \u00e0 n\u2019importe quelle pi\u00e8ce. Ce tapis n\u2019est pas disponible en taille.\" \/>\n<meta property=\"og:url\" content=\"https:\/\/depagterinterieurs.nl\/fr\/collectie\/marques\/karpi\/collection-tapis-geometrique\/\" \/>\n<meta property=\"og:site_name\" content=\"De Pagter Interieurs\" \/>\n<meta property=\"article:publisher\" content=\"https:\/\/www.facebook.com\/depagterinterieurs\/\" \/>\n<meta property=\"og:image\" content=\"https:\/\/depagterinterieurs.nl\/wp-content\/uploads\/2024\/03\/VkozWtIg_1000x.jpg\" \/>\n\t<meta property=\"og:image:width\" content=\"1000\" \/>\n\t<meta property=\"og:image:height\" content=\"705\" \/>\n\t<meta property=\"og:image:type\" content=\"image\/jpeg\" \/>\n<meta name=\"twitter:card\" content=\"summary_large_image\" \/>\n<script type=\"application\/ld+json\" class=\"yoast-schema-graph\">{\"@context\":\"https:\\\/\\\/schema.org\",\"@graph\":[{\"@type\":\"WebPage\",\"@id\":\"https:\\\/\\\/depagterinterieurs.nl\\\/fr\\\/collectie\\\/marques\\\/karpi\\\/collection-tapis-geometrique\\\/\",\"url\":\"https:\\\/\\\/depagterinterieurs.nl\\\/fr\\\/collectie\\\/marques\\\/karpi\\\/collection-tapis-geometrique\\\/\",\"name\":\"Collection Tapis G\u00e9om\u00e9trique - De Pagter Interieurs\",\"isPartOf\":{\"@id\":\"https:\\\/\\\/depagterinterieurs.nl\\\/fr\\\/#website\"},\"primaryImageOfPage\":{\"@id\":\"https:\\\/\\\/depagterinterieurs.nl\\\/fr\\\/collectie\\\/marques\\\/karpi\\\/collection-tapis-geometrique\\\/#primaryimage\"},\"image\":{\"@id\":\"https:\\\/\\\/depagterinterieurs.nl\\\/fr\\\/collectie\\\/marques\\\/karpi\\\/collection-tapis-geometrique\\\/#primaryimage\"},\"thumbnailUrl\":\"https:\\\/\\\/depagterinterieurs.nl\\\/wp-content\\\/uploads\\\/2024\\\/03\\\/VkozWtIg_1000x.jpg\",\"datePublished\":\"2024-06-11T11:38:56+00:00\",\"description\":\"Les tapis de la 'Geometric Collection', de la marque Karpi, aux formes uniques, sont con\u00e7us pour faire une d\u00e9claration. Avec des motifs g\u00e9om\u00e9triques audacieux, des formes organiques et des couleurs vives, ce tapis apporte une sensation de mouvement et d\u2019\u00e9nergie \u00e0 n\u2019importe quelle pi\u00e8ce. Ce tapis n\u2019est pas disponible en taille.\",\"breadcrumb\":{\"@id\":\"https:\\\/\\\/depagterinterieurs.nl\\\/fr\\\/collectie\\\/marques\\\/karpi\\\/collection-tapis-geometrique\\\/#breadcrumb\"},\"inLanguage\":\"fr-FR\",\"potentialAction\":[{\"@type\":\"ReadAction\",\"target\":[\"https:\\\/\\\/depagterinterieurs.nl\\\/fr\\\/collectie\\\/marques\\\/karpi\\\/collection-tapis-geometrique\\\/\"]}]},{\"@type\":\"ImageObject\",\"inLanguage\":\"fr-FR\",\"@id\":\"https:\\\/\\\/depagterinterieurs.nl\\\/fr\\\/collectie\\\/marques\\\/karpi\\\/collection-tapis-geometrique\\\/#primaryimage\",\"url\":\"https:\\\/\\\/depagterinterieurs.nl\\\/wp-content\\\/uploads\\\/2024\\\/03\\\/VkozWtIg_1000x.jpg\",\"contentUrl\":\"https:\\\/\\\/depagterinterieurs.nl\\\/wp-content\\\/uploads\\\/2024\\\/03\\\/VkozWtIg_1000x.jpg\",\"width\":1000,\"height\":705},{\"@type\":\"BreadcrumbList\",\"@id\":\"https:\\\/\\\/depagterinterieurs.nl\\\/fr\\\/collectie\\\/marques\\\/karpi\\\/collection-tapis-geometrique\\\/#breadcrumb\",\"itemListElement\":[{\"@type\":\"ListItem\",\"position\":1,\"name\":\"Home\",\"item\":\"https:\\\/\\\/depagterinterieurs.nl\\\/fr\\\/domicile\\\/\"},{\"@type\":\"ListItem\",\"position\":2,\"name\":\"Collection\",\"item\":\"https:\\\/\\\/depagterinterieurs.nl\\\/fr\\\/collection\\\/\"},{\"@type\":\"ListItem\",\"position\":3,\"name\":\"Collection Tapis G\u00e9om\u00e9trique\"}]},{\"@type\":\"WebSite\",\"@id\":\"https:\\\/\\\/depagterinterieurs.nl\\\/fr\\\/#website\",\"url\":\"https:\\\/\\\/depagterinterieurs.nl\\\/fr\\\/\",\"name\":\"De Pagter Interieurs\",\"description\":\"Woonwinkels in Middelburg - Domburg - Veere\",\"potentialAction\":[{\"@type\":\"SearchAction\",\"target\":{\"@type\":\"EntryPoint\",\"urlTemplate\":\"https:\\\/\\\/depagterinterieurs.nl\\\/fr\\\/?s={search_term_string}\"},\"query-input\":{\"@type\":\"PropertyValueSpecification\",\"valueRequired\":true,\"valueName\":\"search_term_string\"}}],\"inLanguage\":\"fr-FR\"}]}<\/script>\n<!-- \/ Yoast SEO plugin. -->","yoast_head_json":{"title":"Collection Tapis G\u00e9om\u00e9trique - De Pagter Interieurs","description":"Les tapis de la 'Geometric Collection', de la marque Karpi, aux formes uniques, sont con\u00e7us pour faire une d\u00e9claration. Avec des motifs g\u00e9om\u00e9triques audacieux, des formes organiques et des couleurs vives, ce tapis apporte une sensation de mouvement et d\u2019\u00e9nergie \u00e0 n\u2019importe quelle pi\u00e8ce. Ce tapis n\u2019est pas disponible en taille.","robots":{"index":"index","follow":"follow","max-snippet":"max-snippet:-1","max-image-preview":"max-image-preview:large","max-video-preview":"max-video-preview:-1"},"canonical":"https:\/\/depagterinterieurs.nl\/fr\/collectie\/marques\/karpi\/collection-tapis-geometrique\/","og_locale":"fr_FR","og_type":"article","og_title":"Collection Tapis G\u00e9om\u00e9trique - De Pagter Interieurs","og_description":"Les tapis de la 'Geometric Collection', de la marque Karpi, aux formes uniques, sont con\u00e7us pour faire une d\u00e9claration. Avec des motifs g\u00e9om\u00e9triques audacieux, des formes organiques et des couleurs vives, ce tapis apporte une sensation de mouvement et d\u2019\u00e9nergie \u00e0 n\u2019importe quelle pi\u00e8ce. Ce tapis n\u2019est pas disponible en taille.","og_url":"https:\/\/depagterinterieurs.nl\/fr\/collectie\/marques\/karpi\/collection-tapis-geometrique\/","og_site_name":"De Pagter Interieurs","article_publisher":"https:\/\/www.facebook.com\/depagterinterieurs\/","og_image":[{"width":1000,"height":705,"url":"https:\/\/depagterinterieurs.nl\/wp-content\/uploads\/2024\/03\/VkozWtIg_1000x.jpg","type":"image\/jpeg"}],"twitter_card":"summary_large_image","schema":{"@context":"https:\/\/schema.org","@graph":[{"@type":"WebPage","@id":"https:\/\/depagterinterieurs.nl\/fr\/collectie\/marques\/karpi\/collection-tapis-geometrique\/","url":"https:\/\/depagterinterieurs.nl\/fr\/collectie\/marques\/karpi\/collection-tapis-geometrique\/","name":"Collection Tapis G\u00e9om\u00e9trique - De Pagter Interieurs","isPartOf":{"@id":"https:\/\/depagterinterieurs.nl\/fr\/#website"},"primaryImageOfPage":{"@id":"https:\/\/depagterinterieurs.nl\/fr\/collectie\/marques\/karpi\/collection-tapis-geometrique\/#primaryimage"},"image":{"@id":"https:\/\/depagterinterieurs.nl\/fr\/collectie\/marques\/karpi\/collection-tapis-geometrique\/#primaryimage"},"thumbnailUrl":"https:\/\/depagterinterieurs.nl\/wp-content\/uploads\/2024\/03\/VkozWtIg_1000x.jpg","datePublished":"2024-06-11T11:38:56+00:00","description":"Les tapis de la 'Geometric Collection', de la marque Karpi, aux formes uniques, sont con\u00e7us pour faire une d\u00e9claration. Avec des motifs g\u00e9om\u00e9triques audacieux, des formes organiques et des couleurs vives, ce tapis apporte une sensation de mouvement et d\u2019\u00e9nergie \u00e0 n\u2019importe quelle pi\u00e8ce. Ce tapis n\u2019est pas disponible en taille.","breadcrumb":{"@id":"https:\/\/depagterinterieurs.nl\/fr\/collectie\/marques\/karpi\/collection-tapis-geometrique\/#breadcrumb"},"inLanguage":"fr-FR","potentialAction":[{"@type":"ReadAction","target":["https:\/\/depagterinterieurs.nl\/fr\/collectie\/marques\/karpi\/collection-tapis-geometrique\/"]}]},{"@type":"ImageObject","inLanguage":"fr-FR","@id":"https:\/\/depagterinterieurs.nl\/fr\/collectie\/marques\/karpi\/collection-tapis-geometrique\/#primaryimage","url":"https:\/\/depagterinterieurs.nl\/wp-content\/uploads\/2024\/03\/VkozWtIg_1000x.jpg","contentUrl":"https:\/\/depagterinterieurs.nl\/wp-content\/uploads\/2024\/03\/VkozWtIg_1000x.jpg","width":1000,"height":705},{"@type":"BreadcrumbList","@id":"https:\/\/depagterinterieurs.nl\/fr\/collectie\/marques\/karpi\/collection-tapis-geometrique\/#breadcrumb","itemListElement":[{"@type":"ListItem","position":1,"name":"Home","item":"https:\/\/depagterinterieurs.nl\/fr\/domicile\/"},{"@type":"ListItem","position":2,"name":"Collection","item":"https:\/\/depagterinterieurs.nl\/fr\/collection\/"},{"@type":"ListItem","position":3,"name":"Collection Tapis G\u00e9om\u00e9trique"}]},{"@type":"WebSite","@id":"https:\/\/depagterinterieurs.nl\/fr\/#website","url":"https:\/\/depagterinterieurs.nl\/fr\/","name":"De Pagter Interieurs","description":"Woonwinkels in Middelburg - Domburg - Veere","potentialAction":[{"@type":"SearchAction","target":{"@type":"EntryPoint","urlTemplate":"https:\/\/depagterinterieurs.nl\/fr\/?s={search_term_string}"},"query-input":{"@type":"PropertyValueSpecification","valueRequired":true,"valueName":"search_term_string"}}],"inLanguage":"fr-FR"}]}},"_links":{"self":[{"href":"https:\/\/depagterinterieurs.nl\/fr\/wp-json\/wp\/v2\/product\/113126","targetHints":{"allow":["GET"]}}],"collection":[{"href":"https:\/\/depagterinterieurs.nl\/fr\/wp-json\/wp\/v2\/product"}],"about":[{"href":"https:\/\/depagterinterieurs.nl\/fr\/wp-json\/wp\/v2\/types\/product"}],"wp:featuredmedia":[{"embeddable":true,"href":"https:\/\/depagterinterieurs.nl\/fr\/wp-json\/wp\/v2\/media\/98165"}],"wp:attachment":[{"href":"https:\/\/depagterinterieurs.nl\/fr\/wp-json\/wp\/v2\/media?parent=113126"}],"wp:term":[{"taxonomy":"product_brand","embeddable":true,"href":"https:\/\/depagterinterieurs.nl\/fr\/wp-json\/wp\/v2\/product_brand?post=113126"},{"taxonomy":"product_cat","embeddable":true,"href":"https:\/\/depagterinterieurs.nl\/fr\/wp-json\/wp\/v2\/product_cat?post=113126"},{"taxonomy":"product_tag","embeddable":true,"href":"https:\/\/depagterinterieurs.nl\/fr\/wp-json\/wp\/v2\/product_tag?post=113126"}],"curies":[{"name":"wp","href":"https:\/\/api.w.org\/{rel}","templated":true}]}}