{"id":113753,"date":"2024-02-21T15:12:52","date_gmt":"2024-06-11T14:43:11","guid":{"rendered":"https:\/\/depagterinterieurs.nl\/collectie\/non class\u00e9\/fauteuil-relax-indi\/"},"modified":"2024-06-11T15:43:11","modified_gmt":"2024-06-11T14:43:11","slug":"fauteuil-relax-indi","status":"publish","type":"product","link":"https:\/\/depagterinterieurs.nl\/fr\/collectie\/marques\/ds-meubel\/fauteuil-relax-indi\/","title":{"rendered":"Fauteuil Relax Indi"},"content":{"rendered":"","protected":false},"excerpt":{"rendered":"<p>Fauteuil de luxe Indi avec repose-pieds et dossier r\u00e9glables \u00e9lectriquement qui peuvent \u00eatre command\u00e9s avec des boutons tactiles.<\/p>\n<p>Fabriqu\u00e9 en cuir : B\u00e9ton \u2013 Denim.<\/p>\n<p>Comprend une batterie int\u00e9gr\u00e9e, un coussin lombaire, des coutures (3) (contraste) et une base de disque carr\u00e9e noire. Le prix est pour le mod\u00e8le illustr\u00e9.<\/p>\n<p>D\u00e9couvrez toutes les options <a href=\"https:\/\/depagterinterieurs.nl\/wp-content\/uploads\/2023\/05\/INDI-NL-BE-15-5-2023.pdf\"><strong>ici<\/strong><\/a> .<\/p>\n","protected":false},"featured_media":113754,"template":"","meta":[],"product_brand":[],"product_cat":[1040,1074,1046,1042],"product_tag":[],"class_list":{"0":"post-113753","1":"product","2":"type-product","3":"status-publish","4":"has-post-thumbnail","6":"product_cat-canapes-fauteuils","7":"product_cat-ds-meubel","8":"product_cat-fauteuils-relax","9":"product_cat-marques","11":"first","12":"instock","13":"shipping-taxable","14":"purchasable","15":"product-type-simple"},"yoast_head":"<!-- This site is optimized with the Yoast SEO plugin v27.3 - https:\/\/yoast.com\/product\/yoast-seo-wordpress\/ -->\n<title>Fauteuil Relax Indi - De Pagter Interieurs<\/title>\n<meta name=\"description\" content=\"Fauteuil de luxe Indi avec repose-pieds et dossier r\u00e9glables \u00e9lectriquement qui peuvent \u00eatre command\u00e9s avec des boutons tactiles. Fabriqu\u00e9 en cuir : B\u00e9ton \u2013 Denim. Comprend une batterie int\u00e9gr\u00e9e, un coussin lombaire, des coutures (3) (contraste) et une base de disque carr\u00e9e noire. Le prix est pour le mod\u00e8le illustr\u00e9. D\u00e9couvrez toutes les options ici .\" \/>\n<meta name=\"robots\" content=\"index, follow, max-snippet:-1, max-image-preview:large, max-video-preview:-1\" \/>\n<link rel=\"canonical\" href=\"https:\/\/depagterinterieurs.nl\/fr\/collectie\/marques\/ds-meubel\/fauteuil-relax-indi\/\" \/>\n<meta property=\"og:locale\" content=\"fr_FR\" \/>\n<meta property=\"og:type\" content=\"article\" \/>\n<meta property=\"og:title\" content=\"Fauteuil Relax Indi - De Pagter Interieurs\" \/>\n<meta property=\"og:description\" content=\"Fauteuil de luxe Indi avec repose-pieds et dossier r\u00e9glables \u00e9lectriquement qui peuvent \u00eatre command\u00e9s avec des boutons tactiles. Fabriqu\u00e9 en cuir : B\u00e9ton \u2013 Denim. Comprend une batterie int\u00e9gr\u00e9e, un coussin lombaire, des coutures (3) (contraste) et une base de disque carr\u00e9e noire. Le prix est pour le mod\u00e8le illustr\u00e9. D\u00e9couvrez toutes les options ici .\" \/>\n<meta property=\"og:url\" content=\"https:\/\/depagterinterieurs.nl\/fr\/collectie\/marques\/ds-meubel\/fauteuil-relax-indi\/\" \/>\n<meta property=\"og:site_name\" content=\"De Pagter Interieurs\" \/>\n<meta property=\"article:publisher\" content=\"https:\/\/www.facebook.com\/depagterinterieurs\/\" \/>\n<meta property=\"og:image\" content=\"https:\/\/depagterinterieurs.nl\/wp-content\/uploads\/2024\/02\/Relaxfauteuil-Indi8.jpeg\" \/>\n\t<meta property=\"og:image:width\" content=\"1024\" \/>\n\t<meta property=\"og:image:height\" content=\"768\" \/>\n\t<meta property=\"og:image:type\" content=\"image\/jpeg\" \/>\n<meta name=\"twitter:card\" content=\"summary_large_image\" \/>\n<script type=\"application\/ld+json\" class=\"yoast-schema-graph\">{\"@context\":\"https:\\\/\\\/schema.org\",\"@graph\":[{\"@type\":\"WebPage\",\"@id\":\"https:\\\/\\\/depagterinterieurs.nl\\\/fr\\\/collectie\\\/marques\\\/ds-meubel\\\/fauteuil-relax-indi\\\/\",\"url\":\"https:\\\/\\\/depagterinterieurs.nl\\\/fr\\\/collectie\\\/marques\\\/ds-meubel\\\/fauteuil-relax-indi\\\/\",\"name\":\"Fauteuil Relax Indi - De Pagter Interieurs\",\"isPartOf\":{\"@id\":\"https:\\\/\\\/depagterinterieurs.nl\\\/fr\\\/#website\"},\"primaryImageOfPage\":{\"@id\":\"https:\\\/\\\/depagterinterieurs.nl\\\/fr\\\/collectie\\\/marques\\\/ds-meubel\\\/fauteuil-relax-indi\\\/#primaryimage\"},\"image\":{\"@id\":\"https:\\\/\\\/depagterinterieurs.nl\\\/fr\\\/collectie\\\/marques\\\/ds-meubel\\\/fauteuil-relax-indi\\\/#primaryimage\"},\"thumbnailUrl\":\"https:\\\/\\\/depagterinterieurs.nl\\\/wp-content\\\/uploads\\\/2024\\\/02\\\/Relaxfauteuil-Indi8.jpeg\",\"datePublished\":\"2024-06-11T14:43:11+00:00\",\"description\":\"Fauteuil de luxe Indi avec repose-pieds et dossier r\u00e9glables \u00e9lectriquement qui peuvent \u00eatre command\u00e9s avec des boutons tactiles. Fabriqu\u00e9 en cuir : B\u00e9ton \u2013 Denim. Comprend une batterie int\u00e9gr\u00e9e, un coussin lombaire, des coutures (3) (contraste) et une base de disque carr\u00e9e noire. Le prix est pour le mod\u00e8le illustr\u00e9. D\u00e9couvrez toutes les options ici .\",\"breadcrumb\":{\"@id\":\"https:\\\/\\\/depagterinterieurs.nl\\\/fr\\\/collectie\\\/marques\\\/ds-meubel\\\/fauteuil-relax-indi\\\/#breadcrumb\"},\"inLanguage\":\"fr-FR\",\"potentialAction\":[{\"@type\":\"ReadAction\",\"target\":[\"https:\\\/\\\/depagterinterieurs.nl\\\/fr\\\/collectie\\\/marques\\\/ds-meubel\\\/fauteuil-relax-indi\\\/\"]}]},{\"@type\":\"ImageObject\",\"inLanguage\":\"fr-FR\",\"@id\":\"https:\\\/\\\/depagterinterieurs.nl\\\/fr\\\/collectie\\\/marques\\\/ds-meubel\\\/fauteuil-relax-indi\\\/#primaryimage\",\"url\":\"https:\\\/\\\/depagterinterieurs.nl\\\/wp-content\\\/uploads\\\/2024\\\/02\\\/Relaxfauteuil-Indi8.jpeg\",\"contentUrl\":\"https:\\\/\\\/depagterinterieurs.nl\\\/wp-content\\\/uploads\\\/2024\\\/02\\\/Relaxfauteuil-Indi8.jpeg\",\"width\":1024,\"height\":768},{\"@type\":\"BreadcrumbList\",\"@id\":\"https:\\\/\\\/depagterinterieurs.nl\\\/fr\\\/collectie\\\/marques\\\/ds-meubel\\\/fauteuil-relax-indi\\\/#breadcrumb\",\"itemListElement\":[{\"@type\":\"ListItem\",\"position\":1,\"name\":\"Home\",\"item\":\"https:\\\/\\\/depagterinterieurs.nl\\\/fr\\\/domicile\\\/\"},{\"@type\":\"ListItem\",\"position\":2,\"name\":\"Collection\",\"item\":\"https:\\\/\\\/depagterinterieurs.nl\\\/fr\\\/collection\\\/\"},{\"@type\":\"ListItem\",\"position\":3,\"name\":\"Fauteuil Relax Indi\"}]},{\"@type\":\"WebSite\",\"@id\":\"https:\\\/\\\/depagterinterieurs.nl\\\/fr\\\/#website\",\"url\":\"https:\\\/\\\/depagterinterieurs.nl\\\/fr\\\/\",\"name\":\"De Pagter Interieurs\",\"description\":\"Woonwinkels in Middelburg - Domburg - Veere\",\"potentialAction\":[{\"@type\":\"SearchAction\",\"target\":{\"@type\":\"EntryPoint\",\"urlTemplate\":\"https:\\\/\\\/depagterinterieurs.nl\\\/fr\\\/?s={search_term_string}\"},\"query-input\":{\"@type\":\"PropertyValueSpecification\",\"valueRequired\":true,\"valueName\":\"search_term_string\"}}],\"inLanguage\":\"fr-FR\"}]}<\/script>\n<!-- \/ Yoast SEO plugin. -->","yoast_head_json":{"title":"Fauteuil Relax Indi - De Pagter Interieurs","description":"Fauteuil de luxe Indi avec repose-pieds et dossier r\u00e9glables \u00e9lectriquement qui peuvent \u00eatre command\u00e9s avec des boutons tactiles. Fabriqu\u00e9 en cuir : B\u00e9ton \u2013 Denim. Comprend une batterie int\u00e9gr\u00e9e, un coussin lombaire, des coutures (3) (contraste) et une base de disque carr\u00e9e noire. Le prix est pour le mod\u00e8le illustr\u00e9. D\u00e9couvrez toutes les options ici .","robots":{"index":"index","follow":"follow","max-snippet":"max-snippet:-1","max-image-preview":"max-image-preview:large","max-video-preview":"max-video-preview:-1"},"canonical":"https:\/\/depagterinterieurs.nl\/fr\/collectie\/marques\/ds-meubel\/fauteuil-relax-indi\/","og_locale":"fr_FR","og_type":"article","og_title":"Fauteuil Relax Indi - De Pagter Interieurs","og_description":"Fauteuil de luxe Indi avec repose-pieds et dossier r\u00e9glables \u00e9lectriquement qui peuvent \u00eatre command\u00e9s avec des boutons tactiles. Fabriqu\u00e9 en cuir : B\u00e9ton \u2013 Denim. Comprend une batterie int\u00e9gr\u00e9e, un coussin lombaire, des coutures (3) (contraste) et une base de disque carr\u00e9e noire. Le prix est pour le mod\u00e8le illustr\u00e9. D\u00e9couvrez toutes les options ici .","og_url":"https:\/\/depagterinterieurs.nl\/fr\/collectie\/marques\/ds-meubel\/fauteuil-relax-indi\/","og_site_name":"De Pagter Interieurs","article_publisher":"https:\/\/www.facebook.com\/depagterinterieurs\/","og_image":[{"width":1024,"height":768,"url":"https:\/\/depagterinterieurs.nl\/wp-content\/uploads\/2024\/02\/Relaxfauteuil-Indi8.jpeg","type":"image\/jpeg"}],"twitter_card":"summary_large_image","schema":{"@context":"https:\/\/schema.org","@graph":[{"@type":"WebPage","@id":"https:\/\/depagterinterieurs.nl\/fr\/collectie\/marques\/ds-meubel\/fauteuil-relax-indi\/","url":"https:\/\/depagterinterieurs.nl\/fr\/collectie\/marques\/ds-meubel\/fauteuil-relax-indi\/","name":"Fauteuil Relax Indi - De Pagter Interieurs","isPartOf":{"@id":"https:\/\/depagterinterieurs.nl\/fr\/#website"},"primaryImageOfPage":{"@id":"https:\/\/depagterinterieurs.nl\/fr\/collectie\/marques\/ds-meubel\/fauteuil-relax-indi\/#primaryimage"},"image":{"@id":"https:\/\/depagterinterieurs.nl\/fr\/collectie\/marques\/ds-meubel\/fauteuil-relax-indi\/#primaryimage"},"thumbnailUrl":"https:\/\/depagterinterieurs.nl\/wp-content\/uploads\/2024\/02\/Relaxfauteuil-Indi8.jpeg","datePublished":"2024-06-11T14:43:11+00:00","description":"Fauteuil de luxe Indi avec repose-pieds et dossier r\u00e9glables \u00e9lectriquement qui peuvent \u00eatre command\u00e9s avec des boutons tactiles. Fabriqu\u00e9 en cuir : B\u00e9ton \u2013 Denim. Comprend une batterie int\u00e9gr\u00e9e, un coussin lombaire, des coutures (3) (contraste) et une base de disque carr\u00e9e noire. Le prix est pour le mod\u00e8le illustr\u00e9. D\u00e9couvrez toutes les options ici .","breadcrumb":{"@id":"https:\/\/depagterinterieurs.nl\/fr\/collectie\/marques\/ds-meubel\/fauteuil-relax-indi\/#breadcrumb"},"inLanguage":"fr-FR","potentialAction":[{"@type":"ReadAction","target":["https:\/\/depagterinterieurs.nl\/fr\/collectie\/marques\/ds-meubel\/fauteuil-relax-indi\/"]}]},{"@type":"ImageObject","inLanguage":"fr-FR","@id":"https:\/\/depagterinterieurs.nl\/fr\/collectie\/marques\/ds-meubel\/fauteuil-relax-indi\/#primaryimage","url":"https:\/\/depagterinterieurs.nl\/wp-content\/uploads\/2024\/02\/Relaxfauteuil-Indi8.jpeg","contentUrl":"https:\/\/depagterinterieurs.nl\/wp-content\/uploads\/2024\/02\/Relaxfauteuil-Indi8.jpeg","width":1024,"height":768},{"@type":"BreadcrumbList","@id":"https:\/\/depagterinterieurs.nl\/fr\/collectie\/marques\/ds-meubel\/fauteuil-relax-indi\/#breadcrumb","itemListElement":[{"@type":"ListItem","position":1,"name":"Home","item":"https:\/\/depagterinterieurs.nl\/fr\/domicile\/"},{"@type":"ListItem","position":2,"name":"Collection","item":"https:\/\/depagterinterieurs.nl\/fr\/collection\/"},{"@type":"ListItem","position":3,"name":"Fauteuil Relax Indi"}]},{"@type":"WebSite","@id":"https:\/\/depagterinterieurs.nl\/fr\/#website","url":"https:\/\/depagterinterieurs.nl\/fr\/","name":"De Pagter Interieurs","description":"Woonwinkels in Middelburg - Domburg - Veere","potentialAction":[{"@type":"SearchAction","target":{"@type":"EntryPoint","urlTemplate":"https:\/\/depagterinterieurs.nl\/fr\/?s={search_term_string}"},"query-input":{"@type":"PropertyValueSpecification","valueRequired":true,"valueName":"search_term_string"}}],"inLanguage":"fr-FR"}]}},"_links":{"self":[{"href":"https:\/\/depagterinterieurs.nl\/fr\/wp-json\/wp\/v2\/product\/113753","targetHints":{"allow":["GET"]}}],"collection":[{"href":"https:\/\/depagterinterieurs.nl\/fr\/wp-json\/wp\/v2\/product"}],"about":[{"href":"https:\/\/depagterinterieurs.nl\/fr\/wp-json\/wp\/v2\/types\/product"}],"wp:featuredmedia":[{"embeddable":true,"href":"https:\/\/depagterinterieurs.nl\/fr\/wp-json\/wp\/v2\/media\/113754"}],"wp:attachment":[{"href":"https:\/\/depagterinterieurs.nl\/fr\/wp-json\/wp\/v2\/media?parent=113753"}],"wp:term":[{"taxonomy":"product_brand","embeddable":true,"href":"https:\/\/depagterinterieurs.nl\/fr\/wp-json\/wp\/v2\/product_brand?post=113753"},{"taxonomy":"product_cat","embeddable":true,"href":"https:\/\/depagterinterieurs.nl\/fr\/wp-json\/wp\/v2\/product_cat?post=113753"},{"taxonomy":"product_tag","embeddable":true,"href":"https:\/\/depagterinterieurs.nl\/fr\/wp-json\/wp\/v2\/product_tag?post=113753"}],"curies":[{"name":"wp","href":"https:\/\/api.w.org\/{rel}","templated":true}]}}