{"id":115194,"date":"2023-12-29T10:18:26","date_gmt":"2024-06-17T07:52:53","guid":{"rendered":"https:\/\/depagterinterieurs.nl\/collectie\/non class\u00e9\/table-bouddha\/"},"modified":"2024-06-17T08:52:53","modified_gmt":"2024-06-17T07:52:53","slug":"table-bouddha","status":"publish","type":"product","link":"https:\/\/depagterinterieurs.nl\/fr\/collectie\/tables-fr\/tables-a-manger\/table-bouddha\/","title":{"rendered":"Table Bouddha"},"content":{"rendered":"","protected":false},"excerpt":{"rendered":"<p>Table basse moderne en ch\u00eane noir massif et bross\u00e9, soutenue par un pilier en m\u00e9tal noir sur une plaque de base en m\u00e9tal noir.<\/p>\n<p>Le prix est pour le mod\u00e8le illustr\u00e9.<\/p>\n<p>D\u00e9couvrez toutes les options pour le tableau <a href=\"https:\/\/depagterinterieurs.nl\/wp-content\/uploads\/2023\/09\/BUDDHA-DINING.pdf\"><strong>ici<\/strong><\/a> .<\/p>\n","protected":false},"featured_media":115195,"template":"","meta":[],"product_brand":[],"product_cat":[1063,1065],"product_tag":[],"class_list":{"0":"post-115194","1":"product","2":"type-product","3":"status-publish","4":"has-post-thumbnail","6":"product_cat-tables-fr","7":"product_cat-tables-a-manger","9":"first","10":"instock","11":"shipping-taxable","12":"purchasable","13":"product-type-simple"},"yoast_head":"<!-- This site is optimized with the Yoast SEO plugin v27.3 - https:\/\/yoast.com\/product\/yoast-seo-wordpress\/ -->\n<title>Table Bouddha - De Pagter Interieurs<\/title>\n<meta name=\"description\" content=\"Table basse moderne en ch\u00eane noir massif et bross\u00e9, soutenue par un pilier en m\u00e9tal noir sur une plaque de base en m\u00e9tal noir. Le prix est pour le mod\u00e8le illustr\u00e9. D\u00e9couvrez toutes les options pour le tableau ici.\" \/>\n<meta name=\"robots\" content=\"index, follow, max-snippet:-1, max-image-preview:large, max-video-preview:-1\" \/>\n<link rel=\"canonical\" href=\"https:\/\/depagterinterieurs.nl\/fr\/collectie\/tables-fr\/tables-a-manger\/table-bouddha\/\" \/>\n<meta property=\"og:locale\" content=\"fr_FR\" \/>\n<meta property=\"og:type\" content=\"article\" \/>\n<meta property=\"og:title\" content=\"Table Bouddha - De Pagter Interieurs\" \/>\n<meta property=\"og:description\" content=\"Table basse moderne en ch\u00eane noir massif et bross\u00e9, soutenue par un pilier en m\u00e9tal noir sur une plaque de base en m\u00e9tal noir. Le prix est pour le mod\u00e8le illustr\u00e9. D\u00e9couvrez toutes les options pour le tableau ici.\" \/>\n<meta property=\"og:url\" content=\"https:\/\/depagterinterieurs.nl\/fr\/collectie\/tables-fr\/tables-a-manger\/table-bouddha\/\" \/>\n<meta property=\"og:site_name\" content=\"De Pagter Interieurs\" \/>\n<meta property=\"article:publisher\" content=\"https:\/\/www.facebook.com\/depagterinterieurs\/\" \/>\n<meta property=\"og:image\" content=\"https:\/\/depagterinterieurs.nl\/wp-content\/uploads\/2023\/12\/IMG_1831.jpeg\" \/>\n\t<meta property=\"og:image:width\" content=\"1024\" \/>\n\t<meta property=\"og:image:height\" content=\"768\" \/>\n\t<meta property=\"og:image:type\" content=\"image\/jpeg\" \/>\n<meta name=\"twitter:card\" content=\"summary_large_image\" \/>\n<script type=\"application\/ld+json\" class=\"yoast-schema-graph\">{\"@context\":\"https:\\\/\\\/schema.org\",\"@graph\":[{\"@type\":\"WebPage\",\"@id\":\"https:\\\/\\\/depagterinterieurs.nl\\\/fr\\\/collectie\\\/tables-fr\\\/tables-a-manger\\\/table-bouddha\\\/\",\"url\":\"https:\\\/\\\/depagterinterieurs.nl\\\/fr\\\/collectie\\\/tables-fr\\\/tables-a-manger\\\/table-bouddha\\\/\",\"name\":\"Table Bouddha - De Pagter Interieurs\",\"isPartOf\":{\"@id\":\"https:\\\/\\\/depagterinterieurs.nl\\\/fr\\\/#website\"},\"primaryImageOfPage\":{\"@id\":\"https:\\\/\\\/depagterinterieurs.nl\\\/fr\\\/collectie\\\/tables-fr\\\/tables-a-manger\\\/table-bouddha\\\/#primaryimage\"},\"image\":{\"@id\":\"https:\\\/\\\/depagterinterieurs.nl\\\/fr\\\/collectie\\\/tables-fr\\\/tables-a-manger\\\/table-bouddha\\\/#primaryimage\"},\"thumbnailUrl\":\"https:\\\/\\\/depagterinterieurs.nl\\\/wp-content\\\/uploads\\\/2023\\\/12\\\/IMG_1831.jpeg\",\"datePublished\":\"2024-06-17T07:52:53+00:00\",\"description\":\"Table basse moderne en ch\u00eane noir massif et bross\u00e9, soutenue par un pilier en m\u00e9tal noir sur une plaque de base en m\u00e9tal noir. Le prix est pour le mod\u00e8le illustr\u00e9. D\u00e9couvrez toutes les options pour le tableau ici.\",\"breadcrumb\":{\"@id\":\"https:\\\/\\\/depagterinterieurs.nl\\\/fr\\\/collectie\\\/tables-fr\\\/tables-a-manger\\\/table-bouddha\\\/#breadcrumb\"},\"inLanguage\":\"fr-FR\",\"potentialAction\":[{\"@type\":\"ReadAction\",\"target\":[\"https:\\\/\\\/depagterinterieurs.nl\\\/fr\\\/collectie\\\/tables-fr\\\/tables-a-manger\\\/table-bouddha\\\/\"]}]},{\"@type\":\"ImageObject\",\"inLanguage\":\"fr-FR\",\"@id\":\"https:\\\/\\\/depagterinterieurs.nl\\\/fr\\\/collectie\\\/tables-fr\\\/tables-a-manger\\\/table-bouddha\\\/#primaryimage\",\"url\":\"https:\\\/\\\/depagterinterieurs.nl\\\/wp-content\\\/uploads\\\/2023\\\/12\\\/IMG_1831.jpeg\",\"contentUrl\":\"https:\\\/\\\/depagterinterieurs.nl\\\/wp-content\\\/uploads\\\/2023\\\/12\\\/IMG_1831.jpeg\",\"width\":1024,\"height\":768},{\"@type\":\"BreadcrumbList\",\"@id\":\"https:\\\/\\\/depagterinterieurs.nl\\\/fr\\\/collectie\\\/tables-fr\\\/tables-a-manger\\\/table-bouddha\\\/#breadcrumb\",\"itemListElement\":[{\"@type\":\"ListItem\",\"position\":1,\"name\":\"Home\",\"item\":\"https:\\\/\\\/depagterinterieurs.nl\\\/fr\\\/domicile\\\/\"},{\"@type\":\"ListItem\",\"position\":2,\"name\":\"Collection\",\"item\":\"https:\\\/\\\/depagterinterieurs.nl\\\/fr\\\/collection\\\/\"},{\"@type\":\"ListItem\",\"position\":3,\"name\":\"Table Bouddha\"}]},{\"@type\":\"WebSite\",\"@id\":\"https:\\\/\\\/depagterinterieurs.nl\\\/fr\\\/#website\",\"url\":\"https:\\\/\\\/depagterinterieurs.nl\\\/fr\\\/\",\"name\":\"De Pagter Interieurs\",\"description\":\"Woonwinkels in Middelburg - Domburg - Veere\",\"potentialAction\":[{\"@type\":\"SearchAction\",\"target\":{\"@type\":\"EntryPoint\",\"urlTemplate\":\"https:\\\/\\\/depagterinterieurs.nl\\\/fr\\\/?s={search_term_string}\"},\"query-input\":{\"@type\":\"PropertyValueSpecification\",\"valueRequired\":true,\"valueName\":\"search_term_string\"}}],\"inLanguage\":\"fr-FR\"}]}<\/script>\n<!-- \/ Yoast SEO plugin. -->","yoast_head_json":{"title":"Table Bouddha - De Pagter Interieurs","description":"Table basse moderne en ch\u00eane noir massif et bross\u00e9, soutenue par un pilier en m\u00e9tal noir sur une plaque de base en m\u00e9tal noir. Le prix est pour le mod\u00e8le illustr\u00e9. D\u00e9couvrez toutes les options pour le tableau ici.","robots":{"index":"index","follow":"follow","max-snippet":"max-snippet:-1","max-image-preview":"max-image-preview:large","max-video-preview":"max-video-preview:-1"},"canonical":"https:\/\/depagterinterieurs.nl\/fr\/collectie\/tables-fr\/tables-a-manger\/table-bouddha\/","og_locale":"fr_FR","og_type":"article","og_title":"Table Bouddha - De Pagter Interieurs","og_description":"Table basse moderne en ch\u00eane noir massif et bross\u00e9, soutenue par un pilier en m\u00e9tal noir sur une plaque de base en m\u00e9tal noir. Le prix est pour le mod\u00e8le illustr\u00e9. D\u00e9couvrez toutes les options pour le tableau ici.","og_url":"https:\/\/depagterinterieurs.nl\/fr\/collectie\/tables-fr\/tables-a-manger\/table-bouddha\/","og_site_name":"De Pagter Interieurs","article_publisher":"https:\/\/www.facebook.com\/depagterinterieurs\/","og_image":[{"width":1024,"height":768,"url":"https:\/\/depagterinterieurs.nl\/wp-content\/uploads\/2023\/12\/IMG_1831.jpeg","type":"image\/jpeg"}],"twitter_card":"summary_large_image","schema":{"@context":"https:\/\/schema.org","@graph":[{"@type":"WebPage","@id":"https:\/\/depagterinterieurs.nl\/fr\/collectie\/tables-fr\/tables-a-manger\/table-bouddha\/","url":"https:\/\/depagterinterieurs.nl\/fr\/collectie\/tables-fr\/tables-a-manger\/table-bouddha\/","name":"Table Bouddha - De Pagter Interieurs","isPartOf":{"@id":"https:\/\/depagterinterieurs.nl\/fr\/#website"},"primaryImageOfPage":{"@id":"https:\/\/depagterinterieurs.nl\/fr\/collectie\/tables-fr\/tables-a-manger\/table-bouddha\/#primaryimage"},"image":{"@id":"https:\/\/depagterinterieurs.nl\/fr\/collectie\/tables-fr\/tables-a-manger\/table-bouddha\/#primaryimage"},"thumbnailUrl":"https:\/\/depagterinterieurs.nl\/wp-content\/uploads\/2023\/12\/IMG_1831.jpeg","datePublished":"2024-06-17T07:52:53+00:00","description":"Table basse moderne en ch\u00eane noir massif et bross\u00e9, soutenue par un pilier en m\u00e9tal noir sur une plaque de base en m\u00e9tal noir. Le prix est pour le mod\u00e8le illustr\u00e9. D\u00e9couvrez toutes les options pour le tableau ici.","breadcrumb":{"@id":"https:\/\/depagterinterieurs.nl\/fr\/collectie\/tables-fr\/tables-a-manger\/table-bouddha\/#breadcrumb"},"inLanguage":"fr-FR","potentialAction":[{"@type":"ReadAction","target":["https:\/\/depagterinterieurs.nl\/fr\/collectie\/tables-fr\/tables-a-manger\/table-bouddha\/"]}]},{"@type":"ImageObject","inLanguage":"fr-FR","@id":"https:\/\/depagterinterieurs.nl\/fr\/collectie\/tables-fr\/tables-a-manger\/table-bouddha\/#primaryimage","url":"https:\/\/depagterinterieurs.nl\/wp-content\/uploads\/2023\/12\/IMG_1831.jpeg","contentUrl":"https:\/\/depagterinterieurs.nl\/wp-content\/uploads\/2023\/12\/IMG_1831.jpeg","width":1024,"height":768},{"@type":"BreadcrumbList","@id":"https:\/\/depagterinterieurs.nl\/fr\/collectie\/tables-fr\/tables-a-manger\/table-bouddha\/#breadcrumb","itemListElement":[{"@type":"ListItem","position":1,"name":"Home","item":"https:\/\/depagterinterieurs.nl\/fr\/domicile\/"},{"@type":"ListItem","position":2,"name":"Collection","item":"https:\/\/depagterinterieurs.nl\/fr\/collection\/"},{"@type":"ListItem","position":3,"name":"Table Bouddha"}]},{"@type":"WebSite","@id":"https:\/\/depagterinterieurs.nl\/fr\/#website","url":"https:\/\/depagterinterieurs.nl\/fr\/","name":"De Pagter Interieurs","description":"Woonwinkels in Middelburg - Domburg - Veere","potentialAction":[{"@type":"SearchAction","target":{"@type":"EntryPoint","urlTemplate":"https:\/\/depagterinterieurs.nl\/fr\/?s={search_term_string}"},"query-input":{"@type":"PropertyValueSpecification","valueRequired":true,"valueName":"search_term_string"}}],"inLanguage":"fr-FR"}]}},"_links":{"self":[{"href":"https:\/\/depagterinterieurs.nl\/fr\/wp-json\/wp\/v2\/product\/115194","targetHints":{"allow":["GET"]}}],"collection":[{"href":"https:\/\/depagterinterieurs.nl\/fr\/wp-json\/wp\/v2\/product"}],"about":[{"href":"https:\/\/depagterinterieurs.nl\/fr\/wp-json\/wp\/v2\/types\/product"}],"wp:featuredmedia":[{"embeddable":true,"href":"https:\/\/depagterinterieurs.nl\/fr\/wp-json\/wp\/v2\/media\/115195"}],"wp:attachment":[{"href":"https:\/\/depagterinterieurs.nl\/fr\/wp-json\/wp\/v2\/media?parent=115194"}],"wp:term":[{"taxonomy":"product_brand","embeddable":true,"href":"https:\/\/depagterinterieurs.nl\/fr\/wp-json\/wp\/v2\/product_brand?post=115194"},{"taxonomy":"product_cat","embeddable":true,"href":"https:\/\/depagterinterieurs.nl\/fr\/wp-json\/wp\/v2\/product_cat?post=115194"},{"taxonomy":"product_tag","embeddable":true,"href":"https:\/\/depagterinterieurs.nl\/fr\/wp-json\/wp\/v2\/product_tag?post=115194"}],"curies":[{"name":"wp","href":"https:\/\/api.w.org\/{rel}","templated":true}]}}