{"id":122416,"date":"2024-08-09T09:15:07","date_gmt":"2024-08-09T08:15:07","guid":{"rendered":"https:\/\/depagterinterieurs.nl\/collectie\/non class\u00e9\/set-de-table-basse-epoxy\/"},"modified":"2024-08-09T09:21:19","modified_gmt":"2024-08-09T08:21:19","slug":"set-de-table-basse-epoxy","status":"publish","type":"product","link":"https:\/\/depagterinterieurs.nl\/fr\/collectie\/consoles\/tables-basses\/set-de-table-basse-epoxy\/","title":{"rendered":"Set De Table Basse \u00c9poxy"},"content":{"rendered":"","protected":false},"excerpt":{"rendered":"<p>Ensemble de 2 tables basses avec un plateau rond en bois et \u00e9poxy et des pieds en m\u00e9tal.<\/p>\n","protected":false},"featured_media":122400,"template":"","meta":[],"product_brand":[],"product_cat":[1067,1072,1042,1060,1068],"product_tag":[],"class_list":{"0":"post-122416","1":"product","2":"type-product","3":"status-publish","4":"has-post-thumbnail","6":"product_cat-consoles","7":"product_cat-de-pagter-interieurs-fr","8":"product_cat-marques","9":"product_cat-promo","10":"product_cat-tables-basses","12":"first","13":"instock","14":"sale","15":"shipping-taxable","16":"purchasable","17":"product-type-simple"},"yoast_head":"<!-- This site is optimized with the Yoast SEO plugin v27.3 - https:\/\/yoast.com\/product\/yoast-seo-wordpress\/ -->\n<title>Set De Table Basse \u00c9poxy - De Pagter Interieurs<\/title>\n<meta name=\"description\" content=\"Ensemble de 2 tables basses avec un plateau rond en bois et \u00e9poxy et des pieds en m\u00e9tal.\" \/>\n<meta name=\"robots\" content=\"index, follow, max-snippet:-1, max-image-preview:large, max-video-preview:-1\" \/>\n<link rel=\"canonical\" href=\"https:\/\/depagterinterieurs.nl\/fr\/collectie\/consoles\/tables-basses\/set-de-table-basse-epoxy\/\" \/>\n<meta property=\"og:locale\" content=\"fr_FR\" \/>\n<meta property=\"og:type\" content=\"article\" \/>\n<meta property=\"og:title\" content=\"Set De Table Basse \u00c9poxy - De Pagter Interieurs\" \/>\n<meta property=\"og:description\" content=\"Ensemble de 2 tables basses avec un plateau rond en bois et \u00e9poxy et des pieds en m\u00e9tal.\" \/>\n<meta property=\"og:url\" content=\"https:\/\/depagterinterieurs.nl\/fr\/collectie\/consoles\/tables-basses\/set-de-table-basse-epoxy\/\" \/>\n<meta property=\"og:site_name\" content=\"De Pagter Interieurs\" \/>\n<meta property=\"article:publisher\" content=\"https:\/\/www.facebook.com\/depagterinterieurs\/\" \/>\n<meta property=\"article:modified_time\" content=\"2024-08-09T08:21:19+00:00\" \/>\n<meta property=\"og:image\" content=\"https:\/\/depagterinterieurs.nl\/wp-content\/uploads\/2024\/08\/IMG_8723.jpeg\" \/>\n\t<meta property=\"og:image:width\" content=\"1024\" \/>\n\t<meta property=\"og:image:height\" content=\"768\" \/>\n\t<meta property=\"og:image:type\" content=\"image\/jpeg\" \/>\n<meta name=\"twitter:card\" content=\"summary_large_image\" \/>\n<script type=\"application\/ld+json\" class=\"yoast-schema-graph\">{\"@context\":\"https:\\\/\\\/schema.org\",\"@graph\":[{\"@type\":\"WebPage\",\"@id\":\"https:\\\/\\\/depagterinterieurs.nl\\\/fr\\\/collectie\\\/consoles\\\/tables-basses\\\/set-de-table-basse-epoxy\\\/\",\"url\":\"https:\\\/\\\/depagterinterieurs.nl\\\/fr\\\/collectie\\\/consoles\\\/tables-basses\\\/set-de-table-basse-epoxy\\\/\",\"name\":\"Set De Table Basse \u00c9poxy - De Pagter Interieurs\",\"isPartOf\":{\"@id\":\"https:\\\/\\\/depagterinterieurs.nl\\\/fr\\\/#website\"},\"primaryImageOfPage\":{\"@id\":\"https:\\\/\\\/depagterinterieurs.nl\\\/fr\\\/collectie\\\/consoles\\\/tables-basses\\\/set-de-table-basse-epoxy\\\/#primaryimage\"},\"image\":{\"@id\":\"https:\\\/\\\/depagterinterieurs.nl\\\/fr\\\/collectie\\\/consoles\\\/tables-basses\\\/set-de-table-basse-epoxy\\\/#primaryimage\"},\"thumbnailUrl\":\"https:\\\/\\\/depagterinterieurs.nl\\\/wp-content\\\/uploads\\\/2024\\\/08\\\/IMG_8723.jpeg\",\"datePublished\":\"2024-08-09T08:15:07+00:00\",\"dateModified\":\"2024-08-09T08:21:19+00:00\",\"description\":\"Ensemble de 2 tables basses avec un plateau rond en bois et \u00e9poxy et des pieds en m\u00e9tal.\",\"breadcrumb\":{\"@id\":\"https:\\\/\\\/depagterinterieurs.nl\\\/fr\\\/collectie\\\/consoles\\\/tables-basses\\\/set-de-table-basse-epoxy\\\/#breadcrumb\"},\"inLanguage\":\"fr-FR\",\"potentialAction\":[{\"@type\":\"ReadAction\",\"target\":[\"https:\\\/\\\/depagterinterieurs.nl\\\/fr\\\/collectie\\\/consoles\\\/tables-basses\\\/set-de-table-basse-epoxy\\\/\"]}]},{\"@type\":\"ImageObject\",\"inLanguage\":\"fr-FR\",\"@id\":\"https:\\\/\\\/depagterinterieurs.nl\\\/fr\\\/collectie\\\/consoles\\\/tables-basses\\\/set-de-table-basse-epoxy\\\/#primaryimage\",\"url\":\"https:\\\/\\\/depagterinterieurs.nl\\\/wp-content\\\/uploads\\\/2024\\\/08\\\/IMG_8723.jpeg\",\"contentUrl\":\"https:\\\/\\\/depagterinterieurs.nl\\\/wp-content\\\/uploads\\\/2024\\\/08\\\/IMG_8723.jpeg\",\"width\":1024,\"height\":768},{\"@type\":\"BreadcrumbList\",\"@id\":\"https:\\\/\\\/depagterinterieurs.nl\\\/fr\\\/collectie\\\/consoles\\\/tables-basses\\\/set-de-table-basse-epoxy\\\/#breadcrumb\",\"itemListElement\":[{\"@type\":\"ListItem\",\"position\":1,\"name\":\"Home\",\"item\":\"https:\\\/\\\/depagterinterieurs.nl\\\/fr\\\/domicile\\\/\"},{\"@type\":\"ListItem\",\"position\":2,\"name\":\"Collection\",\"item\":\"https:\\\/\\\/depagterinterieurs.nl\\\/fr\\\/collection\\\/\"},{\"@type\":\"ListItem\",\"position\":3,\"name\":\"Set De Table Basse \u00c9poxy\"}]},{\"@type\":\"WebSite\",\"@id\":\"https:\\\/\\\/depagterinterieurs.nl\\\/fr\\\/#website\",\"url\":\"https:\\\/\\\/depagterinterieurs.nl\\\/fr\\\/\",\"name\":\"De Pagter Interieurs\",\"description\":\"Woonwinkels in Middelburg - Domburg - Veere\",\"potentialAction\":[{\"@type\":\"SearchAction\",\"target\":{\"@type\":\"EntryPoint\",\"urlTemplate\":\"https:\\\/\\\/depagterinterieurs.nl\\\/fr\\\/?s={search_term_string}\"},\"query-input\":{\"@type\":\"PropertyValueSpecification\",\"valueRequired\":true,\"valueName\":\"search_term_string\"}}],\"inLanguage\":\"fr-FR\"}]}<\/script>\n<!-- \/ Yoast SEO plugin. -->","yoast_head_json":{"title":"Set De Table Basse \u00c9poxy - De Pagter Interieurs","description":"Ensemble de 2 tables basses avec un plateau rond en bois et \u00e9poxy et des pieds en m\u00e9tal.","robots":{"index":"index","follow":"follow","max-snippet":"max-snippet:-1","max-image-preview":"max-image-preview:large","max-video-preview":"max-video-preview:-1"},"canonical":"https:\/\/depagterinterieurs.nl\/fr\/collectie\/consoles\/tables-basses\/set-de-table-basse-epoxy\/","og_locale":"fr_FR","og_type":"article","og_title":"Set De Table Basse \u00c9poxy - De Pagter Interieurs","og_description":"Ensemble de 2 tables basses avec un plateau rond en bois et \u00e9poxy et des pieds en m\u00e9tal.","og_url":"https:\/\/depagterinterieurs.nl\/fr\/collectie\/consoles\/tables-basses\/set-de-table-basse-epoxy\/","og_site_name":"De Pagter Interieurs","article_publisher":"https:\/\/www.facebook.com\/depagterinterieurs\/","article_modified_time":"2024-08-09T08:21:19+00:00","og_image":[{"width":1024,"height":768,"url":"https:\/\/depagterinterieurs.nl\/wp-content\/uploads\/2024\/08\/IMG_8723.jpeg","type":"image\/jpeg"}],"twitter_card":"summary_large_image","schema":{"@context":"https:\/\/schema.org","@graph":[{"@type":"WebPage","@id":"https:\/\/depagterinterieurs.nl\/fr\/collectie\/consoles\/tables-basses\/set-de-table-basse-epoxy\/","url":"https:\/\/depagterinterieurs.nl\/fr\/collectie\/consoles\/tables-basses\/set-de-table-basse-epoxy\/","name":"Set De Table Basse \u00c9poxy - De Pagter Interieurs","isPartOf":{"@id":"https:\/\/depagterinterieurs.nl\/fr\/#website"},"primaryImageOfPage":{"@id":"https:\/\/depagterinterieurs.nl\/fr\/collectie\/consoles\/tables-basses\/set-de-table-basse-epoxy\/#primaryimage"},"image":{"@id":"https:\/\/depagterinterieurs.nl\/fr\/collectie\/consoles\/tables-basses\/set-de-table-basse-epoxy\/#primaryimage"},"thumbnailUrl":"https:\/\/depagterinterieurs.nl\/wp-content\/uploads\/2024\/08\/IMG_8723.jpeg","datePublished":"2024-08-09T08:15:07+00:00","dateModified":"2024-08-09T08:21:19+00:00","description":"Ensemble de 2 tables basses avec un plateau rond en bois et \u00e9poxy et des pieds en m\u00e9tal.","breadcrumb":{"@id":"https:\/\/depagterinterieurs.nl\/fr\/collectie\/consoles\/tables-basses\/set-de-table-basse-epoxy\/#breadcrumb"},"inLanguage":"fr-FR","potentialAction":[{"@type":"ReadAction","target":["https:\/\/depagterinterieurs.nl\/fr\/collectie\/consoles\/tables-basses\/set-de-table-basse-epoxy\/"]}]},{"@type":"ImageObject","inLanguage":"fr-FR","@id":"https:\/\/depagterinterieurs.nl\/fr\/collectie\/consoles\/tables-basses\/set-de-table-basse-epoxy\/#primaryimage","url":"https:\/\/depagterinterieurs.nl\/wp-content\/uploads\/2024\/08\/IMG_8723.jpeg","contentUrl":"https:\/\/depagterinterieurs.nl\/wp-content\/uploads\/2024\/08\/IMG_8723.jpeg","width":1024,"height":768},{"@type":"BreadcrumbList","@id":"https:\/\/depagterinterieurs.nl\/fr\/collectie\/consoles\/tables-basses\/set-de-table-basse-epoxy\/#breadcrumb","itemListElement":[{"@type":"ListItem","position":1,"name":"Home","item":"https:\/\/depagterinterieurs.nl\/fr\/domicile\/"},{"@type":"ListItem","position":2,"name":"Collection","item":"https:\/\/depagterinterieurs.nl\/fr\/collection\/"},{"@type":"ListItem","position":3,"name":"Set De Table Basse \u00c9poxy"}]},{"@type":"WebSite","@id":"https:\/\/depagterinterieurs.nl\/fr\/#website","url":"https:\/\/depagterinterieurs.nl\/fr\/","name":"De Pagter Interieurs","description":"Woonwinkels in Middelburg - Domburg - Veere","potentialAction":[{"@type":"SearchAction","target":{"@type":"EntryPoint","urlTemplate":"https:\/\/depagterinterieurs.nl\/fr\/?s={search_term_string}"},"query-input":{"@type":"PropertyValueSpecification","valueRequired":true,"valueName":"search_term_string"}}],"inLanguage":"fr-FR"}]}},"_links":{"self":[{"href":"https:\/\/depagterinterieurs.nl\/fr\/wp-json\/wp\/v2\/product\/122416","targetHints":{"allow":["GET"]}}],"collection":[{"href":"https:\/\/depagterinterieurs.nl\/fr\/wp-json\/wp\/v2\/product"}],"about":[{"href":"https:\/\/depagterinterieurs.nl\/fr\/wp-json\/wp\/v2\/types\/product"}],"wp:featuredmedia":[{"embeddable":true,"href":"https:\/\/depagterinterieurs.nl\/fr\/wp-json\/wp\/v2\/media\/122400"}],"wp:attachment":[{"href":"https:\/\/depagterinterieurs.nl\/fr\/wp-json\/wp\/v2\/media?parent=122416"}],"wp:term":[{"taxonomy":"product_brand","embeddable":true,"href":"https:\/\/depagterinterieurs.nl\/fr\/wp-json\/wp\/v2\/product_brand?post=122416"},{"taxonomy":"product_cat","embeddable":true,"href":"https:\/\/depagterinterieurs.nl\/fr\/wp-json\/wp\/v2\/product_cat?post=122416"},{"taxonomy":"product_tag","embeddable":true,"href":"https:\/\/depagterinterieurs.nl\/fr\/wp-json\/wp\/v2\/product_tag?post=122416"}],"curies":[{"name":"wp","href":"https:\/\/api.w.org\/{rel}","templated":true}]}}