{"id":122474,"date":"2024-08-09T15:42:25","date_gmt":"2024-09-17T15:18:19","guid":{"rendered":"https:\/\/depagterinterieurs.nl\/?post_type=product&#038;p=122474"},"modified":"2024-09-17T16:18:19","modified_gmt":"2024-09-17T15:18:19","slug":"table-basse-falcon-view-kopie","status":"publish","type":"product","link":"https:\/\/depagterinterieurs.nl\/fr\/collectie\/consoles\/tables-basses\/table-basse-falcon-view-kopie\/","title":{"rendered":"TABLE BASSE FALCON VIEW&#x2122;"},"content":{"rendered":"","protected":false},"excerpt":{"rendered":"<p>Avec des \u00e9chos du style vintage italien des ann\u00e9es 70, la table basse Falcon View avec son plateau en verre biseaut\u00e9 d\u00e9coup\u00e9 dans du marbre noir est la table basse ultime pour vous. La silhouette hexagonale signature de Philipp Plein est embl\u00e9matique et compl\u00e8te vraiment la table.  &nbsp;<\/p>\n","protected":false},"featured_media":110478,"template":"","meta":[],"product_brand":[],"product_cat":[1067,1071,1042,1079,1060,1068],"product_tag":[],"class_list":{"0":"post-122474","1":"product","2":"type-product","3":"status-publish","4":"has-post-thumbnail","6":"product_cat-consoles","7":"product_cat-eichholtz","8":"product_cat-marques","9":"product_cat-philipp-plein-x-eichholtz-fr","10":"product_cat-promo","11":"product_cat-tables-basses","13":"first","14":"instock","15":"sale","16":"shipping-taxable","17":"purchasable","18":"product-type-simple"},"yoast_head":"<!-- This site is optimized with the Yoast SEO plugin v27.3 - https:\/\/yoast.com\/product\/yoast-seo-wordpress\/ -->\n<title>TABLE BASSE FALCON VIEW&#x2122; - De Pagter Interieurs<\/title>\n<meta name=\"description\" content=\"Avec des \u00e9chos du style vintage italien des ann\u00e9es 70, la table basse Falcon View avec son plateau en verre biseaut\u00e9 d\u00e9coup\u00e9 dans du marbre noir est la table basse ultime pour vous. La silhouette hexagonale signature de Philipp Plein est embl\u00e9matique et compl\u00e8te vraiment la table.\" \/>\n<meta name=\"robots\" content=\"index, follow, max-snippet:-1, max-image-preview:large, max-video-preview:-1\" \/>\n<link rel=\"canonical\" href=\"https:\/\/depagterinterieurs.nl\/fr\/collectie\/consoles\/tables-basses\/table-basse-falcon-view-kopie\/\" \/>\n<meta property=\"og:locale\" content=\"fr_FR\" \/>\n<meta property=\"og:type\" content=\"article\" \/>\n<meta property=\"og:title\" content=\"TABLE BASSE FALCON VIEW&#x2122; - De Pagter Interieurs\" \/>\n<meta property=\"og:description\" content=\"Avec des \u00e9chos du style vintage italien des ann\u00e9es 70, la table basse Falcon View avec son plateau en verre biseaut\u00e9 d\u00e9coup\u00e9 dans du marbre noir est la table basse ultime pour vous. La silhouette hexagonale signature de Philipp Plein est embl\u00e9matique et compl\u00e8te vraiment la table.\" \/>\n<meta property=\"og:url\" content=\"https:\/\/depagterinterieurs.nl\/fr\/collectie\/consoles\/tables-basses\/table-basse-falcon-view-kopie\/\" \/>\n<meta property=\"og:site_name\" content=\"De Pagter Interieurs\" \/>\n<meta property=\"article:publisher\" content=\"https:\/\/www.facebook.com\/depagterinterieurs\/\" \/>\n<meta property=\"og:image\" content=\"https:\/\/depagterinterieurs.nl\/wp-content\/uploads\/2023\/04\/Coffee-Table-PP-groot.jpg\" \/>\n\t<meta property=\"og:image:width\" content=\"1080\" \/>\n\t<meta property=\"og:image:height\" content=\"1080\" \/>\n\t<meta property=\"og:image:type\" content=\"image\/jpeg\" \/>\n<meta name=\"twitter:card\" content=\"summary_large_image\" \/>\n<script type=\"application\/ld+json\" class=\"yoast-schema-graph\">{\"@context\":\"https:\\\/\\\/schema.org\",\"@graph\":[{\"@type\":\"WebPage\",\"@id\":\"https:\\\/\\\/depagterinterieurs.nl\\\/fr\\\/collectie\\\/consoles\\\/tables-basses\\\/table-basse-falcon-view-kopie\\\/\",\"url\":\"https:\\\/\\\/depagterinterieurs.nl\\\/fr\\\/collectie\\\/consoles\\\/tables-basses\\\/table-basse-falcon-view-kopie\\\/\",\"name\":\"TABLE BASSE FALCON VIEW&#x2122; - De Pagter Interieurs\",\"isPartOf\":{\"@id\":\"https:\\\/\\\/depagterinterieurs.nl\\\/fr\\\/#website\"},\"primaryImageOfPage\":{\"@id\":\"https:\\\/\\\/depagterinterieurs.nl\\\/fr\\\/collectie\\\/consoles\\\/tables-basses\\\/table-basse-falcon-view-kopie\\\/#primaryimage\"},\"image\":{\"@id\":\"https:\\\/\\\/depagterinterieurs.nl\\\/fr\\\/collectie\\\/consoles\\\/tables-basses\\\/table-basse-falcon-view-kopie\\\/#primaryimage\"},\"thumbnailUrl\":\"https:\\\/\\\/depagterinterieurs.nl\\\/wp-content\\\/uploads\\\/2023\\\/04\\\/Coffee-Table-PP-groot.jpg\",\"datePublished\":\"2024-09-17T15:18:19+00:00\",\"description\":\"Avec des \u00e9chos du style vintage italien des ann\u00e9es 70, la table basse Falcon View avec son plateau en verre biseaut\u00e9 d\u00e9coup\u00e9 dans du marbre noir est la table basse ultime pour vous. La silhouette hexagonale signature de Philipp Plein est embl\u00e9matique et compl\u00e8te vraiment la table.\",\"breadcrumb\":{\"@id\":\"https:\\\/\\\/depagterinterieurs.nl\\\/fr\\\/collectie\\\/consoles\\\/tables-basses\\\/table-basse-falcon-view-kopie\\\/#breadcrumb\"},\"inLanguage\":\"fr-FR\",\"potentialAction\":[{\"@type\":\"ReadAction\",\"target\":[\"https:\\\/\\\/depagterinterieurs.nl\\\/fr\\\/collectie\\\/consoles\\\/tables-basses\\\/table-basse-falcon-view-kopie\\\/\"]}]},{\"@type\":\"ImageObject\",\"inLanguage\":\"fr-FR\",\"@id\":\"https:\\\/\\\/depagterinterieurs.nl\\\/fr\\\/collectie\\\/consoles\\\/tables-basses\\\/table-basse-falcon-view-kopie\\\/#primaryimage\",\"url\":\"https:\\\/\\\/depagterinterieurs.nl\\\/wp-content\\\/uploads\\\/2023\\\/04\\\/Coffee-Table-PP-groot.jpg\",\"contentUrl\":\"https:\\\/\\\/depagterinterieurs.nl\\\/wp-content\\\/uploads\\\/2023\\\/04\\\/Coffee-Table-PP-groot.jpg\",\"width\":1080,\"height\":1080},{\"@type\":\"BreadcrumbList\",\"@id\":\"https:\\\/\\\/depagterinterieurs.nl\\\/fr\\\/collectie\\\/consoles\\\/tables-basses\\\/table-basse-falcon-view-kopie\\\/#breadcrumb\",\"itemListElement\":[{\"@type\":\"ListItem\",\"position\":1,\"name\":\"Home\",\"item\":\"https:\\\/\\\/depagterinterieurs.nl\\\/fr\\\/domicile\\\/\"},{\"@type\":\"ListItem\",\"position\":2,\"name\":\"Collection\",\"item\":\"https:\\\/\\\/depagterinterieurs.nl\\\/fr\\\/collection\\\/\"},{\"@type\":\"ListItem\",\"position\":3,\"name\":\"TABLE BASSE FALCON VIEW&#x2122;\"}]},{\"@type\":\"WebSite\",\"@id\":\"https:\\\/\\\/depagterinterieurs.nl\\\/fr\\\/#website\",\"url\":\"https:\\\/\\\/depagterinterieurs.nl\\\/fr\\\/\",\"name\":\"De Pagter Interieurs\",\"description\":\"Woonwinkels in Middelburg - Domburg - Veere\",\"potentialAction\":[{\"@type\":\"SearchAction\",\"target\":{\"@type\":\"EntryPoint\",\"urlTemplate\":\"https:\\\/\\\/depagterinterieurs.nl\\\/fr\\\/?s={search_term_string}\"},\"query-input\":{\"@type\":\"PropertyValueSpecification\",\"valueRequired\":true,\"valueName\":\"search_term_string\"}}],\"inLanguage\":\"fr-FR\"}]}<\/script>\n<!-- \/ Yoast SEO plugin. -->","yoast_head_json":{"title":"TABLE BASSE FALCON VIEW&#x2122; - De Pagter Interieurs","description":"Avec des \u00e9chos du style vintage italien des ann\u00e9es 70, la table basse Falcon View avec son plateau en verre biseaut\u00e9 d\u00e9coup\u00e9 dans du marbre noir est la table basse ultime pour vous. La silhouette hexagonale signature de Philipp Plein est embl\u00e9matique et compl\u00e8te vraiment la table.","robots":{"index":"index","follow":"follow","max-snippet":"max-snippet:-1","max-image-preview":"max-image-preview:large","max-video-preview":"max-video-preview:-1"},"canonical":"https:\/\/depagterinterieurs.nl\/fr\/collectie\/consoles\/tables-basses\/table-basse-falcon-view-kopie\/","og_locale":"fr_FR","og_type":"article","og_title":"TABLE BASSE FALCON VIEW&#x2122; - De Pagter Interieurs","og_description":"Avec des \u00e9chos du style vintage italien des ann\u00e9es 70, la table basse Falcon View avec son plateau en verre biseaut\u00e9 d\u00e9coup\u00e9 dans du marbre noir est la table basse ultime pour vous. La silhouette hexagonale signature de Philipp Plein est embl\u00e9matique et compl\u00e8te vraiment la table.","og_url":"https:\/\/depagterinterieurs.nl\/fr\/collectie\/consoles\/tables-basses\/table-basse-falcon-view-kopie\/","og_site_name":"De Pagter Interieurs","article_publisher":"https:\/\/www.facebook.com\/depagterinterieurs\/","og_image":[{"width":1080,"height":1080,"url":"https:\/\/depagterinterieurs.nl\/wp-content\/uploads\/2023\/04\/Coffee-Table-PP-groot.jpg","type":"image\/jpeg"}],"twitter_card":"summary_large_image","schema":{"@context":"https:\/\/schema.org","@graph":[{"@type":"WebPage","@id":"https:\/\/depagterinterieurs.nl\/fr\/collectie\/consoles\/tables-basses\/table-basse-falcon-view-kopie\/","url":"https:\/\/depagterinterieurs.nl\/fr\/collectie\/consoles\/tables-basses\/table-basse-falcon-view-kopie\/","name":"TABLE BASSE FALCON VIEW&#x2122; - De Pagter Interieurs","isPartOf":{"@id":"https:\/\/depagterinterieurs.nl\/fr\/#website"},"primaryImageOfPage":{"@id":"https:\/\/depagterinterieurs.nl\/fr\/collectie\/consoles\/tables-basses\/table-basse-falcon-view-kopie\/#primaryimage"},"image":{"@id":"https:\/\/depagterinterieurs.nl\/fr\/collectie\/consoles\/tables-basses\/table-basse-falcon-view-kopie\/#primaryimage"},"thumbnailUrl":"https:\/\/depagterinterieurs.nl\/wp-content\/uploads\/2023\/04\/Coffee-Table-PP-groot.jpg","datePublished":"2024-09-17T15:18:19+00:00","description":"Avec des \u00e9chos du style vintage italien des ann\u00e9es 70, la table basse Falcon View avec son plateau en verre biseaut\u00e9 d\u00e9coup\u00e9 dans du marbre noir est la table basse ultime pour vous. La silhouette hexagonale signature de Philipp Plein est embl\u00e9matique et compl\u00e8te vraiment la table.","breadcrumb":{"@id":"https:\/\/depagterinterieurs.nl\/fr\/collectie\/consoles\/tables-basses\/table-basse-falcon-view-kopie\/#breadcrumb"},"inLanguage":"fr-FR","potentialAction":[{"@type":"ReadAction","target":["https:\/\/depagterinterieurs.nl\/fr\/collectie\/consoles\/tables-basses\/table-basse-falcon-view-kopie\/"]}]},{"@type":"ImageObject","inLanguage":"fr-FR","@id":"https:\/\/depagterinterieurs.nl\/fr\/collectie\/consoles\/tables-basses\/table-basse-falcon-view-kopie\/#primaryimage","url":"https:\/\/depagterinterieurs.nl\/wp-content\/uploads\/2023\/04\/Coffee-Table-PP-groot.jpg","contentUrl":"https:\/\/depagterinterieurs.nl\/wp-content\/uploads\/2023\/04\/Coffee-Table-PP-groot.jpg","width":1080,"height":1080},{"@type":"BreadcrumbList","@id":"https:\/\/depagterinterieurs.nl\/fr\/collectie\/consoles\/tables-basses\/table-basse-falcon-view-kopie\/#breadcrumb","itemListElement":[{"@type":"ListItem","position":1,"name":"Home","item":"https:\/\/depagterinterieurs.nl\/fr\/domicile\/"},{"@type":"ListItem","position":2,"name":"Collection","item":"https:\/\/depagterinterieurs.nl\/fr\/collection\/"},{"@type":"ListItem","position":3,"name":"TABLE BASSE FALCON VIEW&#x2122;"}]},{"@type":"WebSite","@id":"https:\/\/depagterinterieurs.nl\/fr\/#website","url":"https:\/\/depagterinterieurs.nl\/fr\/","name":"De Pagter Interieurs","description":"Woonwinkels in Middelburg - Domburg - Veere","potentialAction":[{"@type":"SearchAction","target":{"@type":"EntryPoint","urlTemplate":"https:\/\/depagterinterieurs.nl\/fr\/?s={search_term_string}"},"query-input":{"@type":"PropertyValueSpecification","valueRequired":true,"valueName":"search_term_string"}}],"inLanguage":"fr-FR"}]}},"_links":{"self":[{"href":"https:\/\/depagterinterieurs.nl\/fr\/wp-json\/wp\/v2\/product\/122474","targetHints":{"allow":["GET"]}}],"collection":[{"href":"https:\/\/depagterinterieurs.nl\/fr\/wp-json\/wp\/v2\/product"}],"about":[{"href":"https:\/\/depagterinterieurs.nl\/fr\/wp-json\/wp\/v2\/types\/product"}],"wp:featuredmedia":[{"embeddable":true,"href":"https:\/\/depagterinterieurs.nl\/fr\/wp-json\/wp\/v2\/media\/110478"}],"wp:attachment":[{"href":"https:\/\/depagterinterieurs.nl\/fr\/wp-json\/wp\/v2\/media?parent=122474"}],"wp:term":[{"taxonomy":"product_brand","embeddable":true,"href":"https:\/\/depagterinterieurs.nl\/fr\/wp-json\/wp\/v2\/product_brand?post=122474"},{"taxonomy":"product_cat","embeddable":true,"href":"https:\/\/depagterinterieurs.nl\/fr\/wp-json\/wp\/v2\/product_cat?post=122474"},{"taxonomy":"product_tag","embeddable":true,"href":"https:\/\/depagterinterieurs.nl\/fr\/wp-json\/wp\/v2\/product_tag?post=122474"}],"curies":[{"name":"wp","href":"https:\/\/api.w.org\/{rel}","templated":true}]}}