{"id":122478,"date":"2024-08-09T15:43:02","date_gmt":"2024-09-17T15:18:19","guid":{"rendered":"https:\/\/depagterinterieurs.nl\/?post_type=product&#038;p=122478"},"modified":"2024-09-17T16:18:19","modified_gmt":"2024-09-17T15:18:19","slug":"table-dappoint-falcon-view-kopie","status":"publish","type":"product","link":"https:\/\/depagterinterieurs.nl\/fr\/collectie\/consoles\/tables-basses\/table-dappoint-falcon-view-kopie\/","title":{"rendered":"TABLE D\u2019APPOINT FALCON VIEW&#x2122;"},"content":{"rendered":"","protected":false},"excerpt":{"rendered":"<p>La table basse hexagonale compacte \u00ab Falcon View \u00bb de 60 x 40 cm en faux marbre noir avec une bordure dor\u00e9e est la vitrine parfaite pour le logo PP. Le style italien d\u00e9cadent combin\u00e9 au plateau biseaut\u00e9 rend cette table basse pr\u00eate pour la f\u00eate.  &nbsp;<\/p>\n","protected":false},"featured_media":110452,"template":"","meta":[],"product_brand":[],"product_cat":[1067,1071,1042,1056,1079,1060,1068,1058],"product_tag":[],"class_list":{"0":"post-122478","1":"product","2":"type-product","3":"status-publish","4":"has-post-thumbnail","6":"product_cat-consoles","7":"product_cat-eichholtz","8":"product_cat-marques","9":"product_cat-petits-meubles","10":"product_cat-philipp-plein-x-eichholtz-fr","11":"product_cat-promo","12":"product_cat-tables-basses","13":"product_cat-tables-dappoint","15":"first","16":"instock","17":"sale","18":"shipping-taxable","19":"purchasable","20":"product-type-simple"},"yoast_head":"<!-- This site is optimized with the Yoast SEO plugin v27.3 - https:\/\/yoast.com\/product\/yoast-seo-wordpress\/ -->\n<title>TABLE D\u2019APPOINT FALCON VIEW&#x2122; - De Pagter Interieurs<\/title>\n<meta name=\"description\" content=\"La table basse hexagonale compacte \u00ab Falcon View \u00bb de 60 x 40 cm en faux marbre noir avec une bordure dor\u00e9e est la vitrine parfaite pour le logo PP. Le style italien d\u00e9cadent combin\u00e9 au plateau biseaut\u00e9 rend cette table basse pr\u00eate pour la f\u00eate.\" \/>\n<meta name=\"robots\" content=\"index, follow, max-snippet:-1, max-image-preview:large, max-video-preview:-1\" \/>\n<link rel=\"canonical\" href=\"https:\/\/depagterinterieurs.nl\/fr\/collectie\/consoles\/tables-basses\/table-dappoint-falcon-view-kopie\/\" \/>\n<meta property=\"og:locale\" content=\"fr_FR\" \/>\n<meta property=\"og:type\" content=\"article\" \/>\n<meta property=\"og:title\" content=\"TABLE D\u2019APPOINT FALCON VIEW&#x2122; - De Pagter Interieurs\" \/>\n<meta property=\"og:description\" content=\"La table basse hexagonale compacte \u00ab Falcon View \u00bb de 60 x 40 cm en faux marbre noir avec une bordure dor\u00e9e est la vitrine parfaite pour le logo PP. Le style italien d\u00e9cadent combin\u00e9 au plateau biseaut\u00e9 rend cette table basse pr\u00eate pour la f\u00eate.\" \/>\n<meta property=\"og:url\" content=\"https:\/\/depagterinterieurs.nl\/fr\/collectie\/consoles\/tables-basses\/table-dappoint-falcon-view-kopie\/\" \/>\n<meta property=\"og:site_name\" content=\"De Pagter Interieurs\" \/>\n<meta property=\"article:publisher\" content=\"https:\/\/www.facebook.com\/depagterinterieurs\/\" \/>\n<meta property=\"og:image\" content=\"https:\/\/depagterinterieurs.nl\/wp-content\/uploads\/2023\/04\/Coffee-Table-PP-klein.jpg\" \/>\n\t<meta property=\"og:image:width\" content=\"1080\" \/>\n\t<meta property=\"og:image:height\" content=\"1080\" \/>\n\t<meta property=\"og:image:type\" content=\"image\/jpeg\" \/>\n<meta name=\"twitter:card\" content=\"summary_large_image\" \/>\n<script type=\"application\/ld+json\" class=\"yoast-schema-graph\">{\"@context\":\"https:\\\/\\\/schema.org\",\"@graph\":[{\"@type\":\"WebPage\",\"@id\":\"https:\\\/\\\/depagterinterieurs.nl\\\/fr\\\/collectie\\\/consoles\\\/tables-basses\\\/table-dappoint-falcon-view-kopie\\\/\",\"url\":\"https:\\\/\\\/depagterinterieurs.nl\\\/fr\\\/collectie\\\/consoles\\\/tables-basses\\\/table-dappoint-falcon-view-kopie\\\/\",\"name\":\"TABLE D\u2019APPOINT FALCON VIEW&#x2122; - De Pagter Interieurs\",\"isPartOf\":{\"@id\":\"https:\\\/\\\/depagterinterieurs.nl\\\/fr\\\/#website\"},\"primaryImageOfPage\":{\"@id\":\"https:\\\/\\\/depagterinterieurs.nl\\\/fr\\\/collectie\\\/consoles\\\/tables-basses\\\/table-dappoint-falcon-view-kopie\\\/#primaryimage\"},\"image\":{\"@id\":\"https:\\\/\\\/depagterinterieurs.nl\\\/fr\\\/collectie\\\/consoles\\\/tables-basses\\\/table-dappoint-falcon-view-kopie\\\/#primaryimage\"},\"thumbnailUrl\":\"https:\\\/\\\/depagterinterieurs.nl\\\/wp-content\\\/uploads\\\/2023\\\/04\\\/Coffee-Table-PP-klein.jpg\",\"datePublished\":\"2024-09-17T15:18:19+00:00\",\"description\":\"La table basse hexagonale compacte \u00ab Falcon View \u00bb de 60 x 40 cm en faux marbre noir avec une bordure dor\u00e9e est la vitrine parfaite pour le logo PP. Le style italien d\u00e9cadent combin\u00e9 au plateau biseaut\u00e9 rend cette table basse pr\u00eate pour la f\u00eate.\",\"breadcrumb\":{\"@id\":\"https:\\\/\\\/depagterinterieurs.nl\\\/fr\\\/collectie\\\/consoles\\\/tables-basses\\\/table-dappoint-falcon-view-kopie\\\/#breadcrumb\"},\"inLanguage\":\"fr-FR\",\"potentialAction\":[{\"@type\":\"ReadAction\",\"target\":[\"https:\\\/\\\/depagterinterieurs.nl\\\/fr\\\/collectie\\\/consoles\\\/tables-basses\\\/table-dappoint-falcon-view-kopie\\\/\"]}]},{\"@type\":\"ImageObject\",\"inLanguage\":\"fr-FR\",\"@id\":\"https:\\\/\\\/depagterinterieurs.nl\\\/fr\\\/collectie\\\/consoles\\\/tables-basses\\\/table-dappoint-falcon-view-kopie\\\/#primaryimage\",\"url\":\"https:\\\/\\\/depagterinterieurs.nl\\\/wp-content\\\/uploads\\\/2023\\\/04\\\/Coffee-Table-PP-klein.jpg\",\"contentUrl\":\"https:\\\/\\\/depagterinterieurs.nl\\\/wp-content\\\/uploads\\\/2023\\\/04\\\/Coffee-Table-PP-klein.jpg\",\"width\":1080,\"height\":1080},{\"@type\":\"BreadcrumbList\",\"@id\":\"https:\\\/\\\/depagterinterieurs.nl\\\/fr\\\/collectie\\\/consoles\\\/tables-basses\\\/table-dappoint-falcon-view-kopie\\\/#breadcrumb\",\"itemListElement\":[{\"@type\":\"ListItem\",\"position\":1,\"name\":\"Home\",\"item\":\"https:\\\/\\\/depagterinterieurs.nl\\\/fr\\\/domicile\\\/\"},{\"@type\":\"ListItem\",\"position\":2,\"name\":\"Collection\",\"item\":\"https:\\\/\\\/depagterinterieurs.nl\\\/fr\\\/collection\\\/\"},{\"@type\":\"ListItem\",\"position\":3,\"name\":\"TABLE D\u2019APPOINT FALCON VIEW&#x2122;\"}]},{\"@type\":\"WebSite\",\"@id\":\"https:\\\/\\\/depagterinterieurs.nl\\\/fr\\\/#website\",\"url\":\"https:\\\/\\\/depagterinterieurs.nl\\\/fr\\\/\",\"name\":\"De Pagter Interieurs\",\"description\":\"Woonwinkels in Middelburg - Domburg - Veere\",\"potentialAction\":[{\"@type\":\"SearchAction\",\"target\":{\"@type\":\"EntryPoint\",\"urlTemplate\":\"https:\\\/\\\/depagterinterieurs.nl\\\/fr\\\/?s={search_term_string}\"},\"query-input\":{\"@type\":\"PropertyValueSpecification\",\"valueRequired\":true,\"valueName\":\"search_term_string\"}}],\"inLanguage\":\"fr-FR\"}]}<\/script>\n<!-- \/ Yoast SEO plugin. -->","yoast_head_json":{"title":"TABLE D\u2019APPOINT FALCON VIEW&#x2122; - De Pagter Interieurs","description":"La table basse hexagonale compacte \u00ab Falcon View \u00bb de 60 x 40 cm en faux marbre noir avec une bordure dor\u00e9e est la vitrine parfaite pour le logo PP. Le style italien d\u00e9cadent combin\u00e9 au plateau biseaut\u00e9 rend cette table basse pr\u00eate pour la f\u00eate.","robots":{"index":"index","follow":"follow","max-snippet":"max-snippet:-1","max-image-preview":"max-image-preview:large","max-video-preview":"max-video-preview:-1"},"canonical":"https:\/\/depagterinterieurs.nl\/fr\/collectie\/consoles\/tables-basses\/table-dappoint-falcon-view-kopie\/","og_locale":"fr_FR","og_type":"article","og_title":"TABLE D\u2019APPOINT FALCON VIEW&#x2122; - De Pagter Interieurs","og_description":"La table basse hexagonale compacte \u00ab Falcon View \u00bb de 60 x 40 cm en faux marbre noir avec une bordure dor\u00e9e est la vitrine parfaite pour le logo PP. Le style italien d\u00e9cadent combin\u00e9 au plateau biseaut\u00e9 rend cette table basse pr\u00eate pour la f\u00eate.","og_url":"https:\/\/depagterinterieurs.nl\/fr\/collectie\/consoles\/tables-basses\/table-dappoint-falcon-view-kopie\/","og_site_name":"De Pagter Interieurs","article_publisher":"https:\/\/www.facebook.com\/depagterinterieurs\/","og_image":[{"width":1080,"height":1080,"url":"https:\/\/depagterinterieurs.nl\/wp-content\/uploads\/2023\/04\/Coffee-Table-PP-klein.jpg","type":"image\/jpeg"}],"twitter_card":"summary_large_image","schema":{"@context":"https:\/\/schema.org","@graph":[{"@type":"WebPage","@id":"https:\/\/depagterinterieurs.nl\/fr\/collectie\/consoles\/tables-basses\/table-dappoint-falcon-view-kopie\/","url":"https:\/\/depagterinterieurs.nl\/fr\/collectie\/consoles\/tables-basses\/table-dappoint-falcon-view-kopie\/","name":"TABLE D\u2019APPOINT FALCON VIEW&#x2122; - De Pagter Interieurs","isPartOf":{"@id":"https:\/\/depagterinterieurs.nl\/fr\/#website"},"primaryImageOfPage":{"@id":"https:\/\/depagterinterieurs.nl\/fr\/collectie\/consoles\/tables-basses\/table-dappoint-falcon-view-kopie\/#primaryimage"},"image":{"@id":"https:\/\/depagterinterieurs.nl\/fr\/collectie\/consoles\/tables-basses\/table-dappoint-falcon-view-kopie\/#primaryimage"},"thumbnailUrl":"https:\/\/depagterinterieurs.nl\/wp-content\/uploads\/2023\/04\/Coffee-Table-PP-klein.jpg","datePublished":"2024-09-17T15:18:19+00:00","description":"La table basse hexagonale compacte \u00ab Falcon View \u00bb de 60 x 40 cm en faux marbre noir avec une bordure dor\u00e9e est la vitrine parfaite pour le logo PP. Le style italien d\u00e9cadent combin\u00e9 au plateau biseaut\u00e9 rend cette table basse pr\u00eate pour la f\u00eate.","breadcrumb":{"@id":"https:\/\/depagterinterieurs.nl\/fr\/collectie\/consoles\/tables-basses\/table-dappoint-falcon-view-kopie\/#breadcrumb"},"inLanguage":"fr-FR","potentialAction":[{"@type":"ReadAction","target":["https:\/\/depagterinterieurs.nl\/fr\/collectie\/consoles\/tables-basses\/table-dappoint-falcon-view-kopie\/"]}]},{"@type":"ImageObject","inLanguage":"fr-FR","@id":"https:\/\/depagterinterieurs.nl\/fr\/collectie\/consoles\/tables-basses\/table-dappoint-falcon-view-kopie\/#primaryimage","url":"https:\/\/depagterinterieurs.nl\/wp-content\/uploads\/2023\/04\/Coffee-Table-PP-klein.jpg","contentUrl":"https:\/\/depagterinterieurs.nl\/wp-content\/uploads\/2023\/04\/Coffee-Table-PP-klein.jpg","width":1080,"height":1080},{"@type":"BreadcrumbList","@id":"https:\/\/depagterinterieurs.nl\/fr\/collectie\/consoles\/tables-basses\/table-dappoint-falcon-view-kopie\/#breadcrumb","itemListElement":[{"@type":"ListItem","position":1,"name":"Home","item":"https:\/\/depagterinterieurs.nl\/fr\/domicile\/"},{"@type":"ListItem","position":2,"name":"Collection","item":"https:\/\/depagterinterieurs.nl\/fr\/collection\/"},{"@type":"ListItem","position":3,"name":"TABLE D\u2019APPOINT FALCON VIEW&#x2122;"}]},{"@type":"WebSite","@id":"https:\/\/depagterinterieurs.nl\/fr\/#website","url":"https:\/\/depagterinterieurs.nl\/fr\/","name":"De Pagter Interieurs","description":"Woonwinkels in Middelburg - Domburg - Veere","potentialAction":[{"@type":"SearchAction","target":{"@type":"EntryPoint","urlTemplate":"https:\/\/depagterinterieurs.nl\/fr\/?s={search_term_string}"},"query-input":{"@type":"PropertyValueSpecification","valueRequired":true,"valueName":"search_term_string"}}],"inLanguage":"fr-FR"}]}},"_links":{"self":[{"href":"https:\/\/depagterinterieurs.nl\/fr\/wp-json\/wp\/v2\/product\/122478","targetHints":{"allow":["GET"]}}],"collection":[{"href":"https:\/\/depagterinterieurs.nl\/fr\/wp-json\/wp\/v2\/product"}],"about":[{"href":"https:\/\/depagterinterieurs.nl\/fr\/wp-json\/wp\/v2\/types\/product"}],"wp:featuredmedia":[{"embeddable":true,"href":"https:\/\/depagterinterieurs.nl\/fr\/wp-json\/wp\/v2\/media\/110452"}],"wp:attachment":[{"href":"https:\/\/depagterinterieurs.nl\/fr\/wp-json\/wp\/v2\/media?parent=122478"}],"wp:term":[{"taxonomy":"product_brand","embeddable":true,"href":"https:\/\/depagterinterieurs.nl\/fr\/wp-json\/wp\/v2\/product_brand?post=122478"},{"taxonomy":"product_cat","embeddable":true,"href":"https:\/\/depagterinterieurs.nl\/fr\/wp-json\/wp\/v2\/product_cat?post=122478"},{"taxonomy":"product_tag","embeddable":true,"href":"https:\/\/depagterinterieurs.nl\/fr\/wp-json\/wp\/v2\/product_tag?post=122478"}],"curies":[{"name":"wp","href":"https:\/\/api.w.org\/{rel}","templated":true}]}}